{"id":12274,"date":"2020-05-25T10:28:38","date_gmt":"2020-05-25T08:28:38","guid":{"rendered":"https:\/\/www.gskos.unios.hr\/?page_id=12274"},"modified":"2023-11-29T10:28:44","modified_gmt":"2023-11-29T09:28:44","slug":"virtualna-referentna-zbirka","status":"publish","type":"page","link":"https:\/\/www.gskos.unios.hr\/index.php\/virtualna-referentna-zbirka\/","title":{"rendered":"VIRTUALNA REFERENTNA ZBIRKA"},"content":{"rendered":"<section class=\"wpb-content-wrapper\"><p>[vc_row full_width=&#8221;stretch_row&#8221; content_placement=&#8221;bottom&#8221; enable_first_overlay=&#8221;true&#8221; first_overlay_opacity=&#8221;25&#8243; first_background_type=&#8221;gradient&#8221; enable_parallax=&#8221;true&#8221; parallax_background=&#8221;12277&#8243; css=&#8221;.vc_custom_1590395407205{background-position: center !important;background-repeat: no-repeat !important;background-size: cover !important;}&#8221;][vc_column alignment=&#8221;center&#8221;]<div id=\"mpc_textblock-3169f6b82c9b483\" class=\"mpc-textblock mpc-init mpc-animation \" data-animation-in=\"transition.slideDownBigIn||3250||0||100\"><p style=\"text-align: center;\">Virtualna referentna zbirka<\/p>\n<\/div>[\/vc_column][\/vc_row][vc_section][vc_row][vc_column][vc_empty_space height=&#8221;90px&#8221;]<div data-id=\"mpc_divider-8069f6b82c9b562\" class=\"mpc-divider-wrap\"><div class=\"mpc-divider mpc-init mpc-align--center \" ><div class=\"mpc-divider__line mpc-side--left\"><span><\/span><\/div><div class=\"mpc-divider__separator\"><div class=\"mpc-divider__content fa fa-circle\"><\/div><\/div><div class=\"mpc-divider__line mpc-side--right\"><span><\/span><\/div><\/div><\/div>[vc_empty_space height=&#8221;50px&#8221;][\/vc_column][\/vc_row][vc_row][vc_column width=&#8221;1\/2&#8243;]<div id=\"mpc_textblock-3569f6b82c9b592\" class=\"mpc-textblock mpc-init mpc-typography--mpc_preset_103 \"><p style=\"text-align: justify;\">Referentna zbirka okuplja literaturu pomo\u0107u koje se na brz i jednostavan na\u010din dolazi do osnovnih, jasnih i kratkih obavijesti o svim strukama ili znanostima, odnosno o odre\u0111enoj struci, znanstvenoj disciplini i sli\u010dno. Referentna zbirka predstavlja polaznu to\u010dku svakog istra\u017eivanja i sa\u010dinjavaju je enciklopedije, leksikoni, bibliografije, rje\u010dnici, gramatike, pravopisi, adresari, imenici, atlasi, zemljovidi i sli\u010dna gra\u0111a.<\/p>\n<\/div>[\/vc_column][vc_column width=&#8221;1\/2&#8243;]<div id=\"mpc_textblock-5969f6b82c9b615\" class=\"mpc-textblock mpc-init mpc-typography--mpc_preset_103 \"><p style=\"text-align: justify;\">Ova se gra\u0111a ina\u010de ne posu\u0111uje izvan knji\u017enice, nego stoji na raspolaganju korisnicima i djelatnicima za brzu provjeru informacija. Ukoliko niste u mogu\u0107nosti do\u0107i u Knji\u017enicu i u \u010ditaoni\u010dkim prostorima koristiti referentnu zbirku u tiskanom obliku, pripremili smo vam zbirku provjerenih i korisnih mre\u017enih izvora informacija \u2013 VIRTUALNU REFERENTNU ZBIRKU.<\/p>\n<\/div>[\/vc_column][\/vc_row][\/vc_section][vc_row][vc_column width=&#8221;1\/2&#8243;][vc_empty_space height=&#8221;50px&#8221;]<div id=\"mpc_textblock-269f6b82c9b695\" class=\"mpc-textblock mpc-init mpc-typography--mpc_preset_103 \"><h3><strong>ENCIKLOPEDIJE<\/strong><\/h3>\n<ul>\n<li><a href=\"https:\/\/www.enciklopedija.hr\/\" target=\"_blank\" rel=\"noopener noreferrer\">Hrvatska enciklopedija<\/a><\/li>\n<li><a href=\"https:\/\/proleksis.lzmk.hr\/\" target=\"_blank\" rel=\"noopener noreferrer\">Proleksis enciklopedija<\/a><\/li>\n<li><a href=\"https:\/\/filmska.lzmk.hr\/\" target=\"_blank\" rel=\"noopener noreferrer\">Filmska enciklopedija<\/a><\/li>\n<li><a href=\"https:\/\/tehnika.lzmk.hr\/\" target=\"_blank\" rel=\"noopener noreferrer\">Tehni\u010dka enciklopedija<\/a><\/li>\n<li><a href=\"http:\/\/istra.lzmk.hr\/trazilica.aspx\" target=\"_blank\" rel=\"noopener noreferrer\">Istarska enciklopedija<\/a><\/li>\n<li><a href=\"http:\/\/krlezijana.lzmk.hr\/trazilica.aspx\" target=\"_blank\" rel=\"noopener noreferrer\">Krle\u017eijana &#8211; enciklopedija o Miroslavu Krle\u017ei<\/a><\/li>\n<li><a href=\"https:\/\/www.britannica.com\/\" target=\"_blank\" rel=\"noopener noreferrer\">Encyclopaedia Britannica<\/a><\/li>\n<li><a href=\"https:\/\/www.encyclopedia.com\/\" target=\"_blank\" rel=\"noopener noreferrer\">Encyclopaedia.com<\/a><\/li>\n<li><a href=\"https:\/\/www.si.edu\/\" target=\"_blank\" rel=\"noopener noreferrer\">Smithsonian<\/a><\/li>\n<li><a href=\"https:\/\/mathworld.wolfram.com\/\" target=\"_blank\" rel=\"noopener noreferrer\">Wolfram Mathworld<\/a><\/li>\n<\/ul>\n<h3><strong>LEKSIKONI<\/strong><\/h3>\n<ul>\n<li><a href=\"http:\/\/hbl.lzmk.hr\/trazilica.aspx\" target=\"_blank\" rel=\"noopener noreferrer\">Hrvatski bibliografski leksikon<\/a><\/li>\n<li><a href=\"http:\/\/hol.lzmk.hr\/trazilica.aspx\" target=\"_blank\" rel=\"noopener noreferrer\">Hrvatski obiteljski leksikon<\/a><\/li>\n<li><a href=\"https:\/\/medicinski.lzmk.hr\/trazilica.aspx\" target=\"_blank\" rel=\"noopener noreferrer\">Medicinski leksikon<\/a><\/li>\n<li><a href=\"http:\/\/nogomet.lzmk.hr\/trazilica.aspx\" target=\"_blank\" rel=\"noopener noreferrer\">Nogometni leksikon<\/a><\/li>\n<li><a href=\"http:\/\/film.lzmk.hr\/trazilica.aspx\" target=\"_blank\" rel=\"noopener noreferrer\">Filmski leksikon<\/a><\/li>\n<li><a href=\"http:\/\/pomorski.lzmk.hr\/trazilica.aspx\" target=\"_blank\" rel=\"noopener noreferrer\">Pomorski leksikon<\/a><\/li>\n<\/ul>\n<h3><strong>RJE\u010cNICI<\/strong><\/h3>\n<ul>\n<li><a href=\"http:\/\/hjp.znanje.hr\/\" target=\"_blank\" rel=\"noopener noreferrer\">Hrvatski jezi\u010dni portal<\/a><\/li>\n<li><a href=\"http:\/\/nazivlje.hr\/\" target=\"_blank\" rel=\"noopener noreferrer\">Hrvatski terminolo\u0161ki portal<\/a><\/li>\n<li><a href=\"http:\/\/rjecnik.hr\/\" target=\"_blank\" rel=\"noopener noreferrer\">\u0160kolski rje\u010dnik hrvatskog jezika<\/a><\/li>\n<li><a href=\"https:\/\/www.geografija.hr\/rjecnik\/\" target=\"_blank\" rel=\"noopener noreferrer\">Geografski rje\u010dnik<\/a><\/li>\n<li><a href=\"https:\/\/www.dictionary.com\/\" target=\"_blank\" rel=\"noopener noreferrer\">Dictionery.com<\/a><\/li>\n<li><a href=\"https:\/\/www.merriam-webster.com\/\" target=\"_blank\" rel=\"noopener noreferrer\">Merriam Webster<\/a><\/li>\n<li><a href=\"https:\/\/www.w3.org\/2003\/glossary\/\" target=\"_blank\" rel=\"noopener noreferrer\">W3C Glassary and Dictionary<\/a><\/li>\n<li><a href=\"https:\/\/products.abc-clio.com\/ODLIS\/odlis_about.aspx\" target=\"_blank\" rel=\"noopener noreferrer\">ODLIS \u2013 Online Dictionary for Library and Information Science<\/a><\/li>\n<li><a href=\"https:\/\/webhosting-wmd.hr\/rjecnik-pojmovi-a\/web\/\" target=\"_blank\" rel=\"noopener noreferrer\">Rje\u010dnik financijskih pojmova<\/a><\/li>\n<li><a href=\"http:\/\/pcelica.pondi.hr\/latizreke.htm\" target=\"_blank\" rel=\"noopener noreferrer\">Latinske izreke i fraze<\/a><\/li>\n<\/ul>\n<h3><strong>DVOJEZI\u010cNI RJE\u010cNICI<\/strong><\/h3>\n<ul>\n<li><a href=\"http:\/\/www.design-ers.net\/eh-rjecnik.asp\" target=\"_blank\" rel=\"noopener noreferrer\">Hrvatsko-engleski rje\u010dnik i englesko-hrvatski online rje\u010dnik<\/a><\/li>\n<li><a href=\"https:\/\/dict.leo.org\/englisch-deutsch\/\" target=\"_blank\" rel=\"noopener noreferrer\">Englesko-njema\u010dki rje\u010dnik LEO<\/a><\/li>\n<li><a href=\"http:\/\/www.design-ers.net\/dh-rjecnik.asp\" target=\"_blank\" rel=\"noopener noreferrer\">Hrvatsko-njema\u010dki rje\u010dnik i njema\u010dko-hrvatski online rje\u010dnik<\/a><\/li>\n<\/ul>\n<h3><strong>VI\u0160EJEZI\u010cNI RJE\u010cNICI<\/strong><\/h3>\n<ul>\n<li><a href=\"https:\/\/glosbe.com\/\" target=\"_blank\" rel=\"noopener noreferrer\">Glosbe<\/a><\/li>\n<li><a href=\"https:\/\/eudict.com\/\" target=\"_blank\" rel=\"noopener noreferrer\">EUdict.com<\/a><\/li>\n<li><a href=\"https:\/\/www.wordreference.com\/\" target=\"_blank\" rel=\"noopener noreferrer\">WordReference<\/a><\/li>\n<li><a href=\"https:\/\/en.bab.la\/\" target=\"_blank\" rel=\"noopener noreferrer\">Bab.la<\/a><\/li>\n<\/ul>\n<\/div>[vc_empty_space height=&#8221;50px&#8221;][\/vc_column][vc_column width=&#8221;1\/2&#8243;][vc_empty_space height=&#8221;50px&#8221;]<div id=\"mpc_textblock-8569f6b82c9b7f4\" class=\"mpc-textblock mpc-init mpc-typography--mpc_preset_103 \"><h3><strong>GRAMATIKE I PRAVOPISI<\/strong><\/h3>\n<ul>\n<li><a href=\"http:\/\/pravopis.hr\/rjecnik\/\" target=\"_blank\" rel=\"noopener noreferrer\">Hrvatski pravopis<\/a><\/li>\n<li><a href=\"http:\/\/gramatika.hr\/#\" target=\"_blank\" rel=\"noopener noreferrer\">Hrvatska \u0161kolska gramatika<\/a><\/li>\n<li><a href=\"http:\/\/jezicni-savjetnik.hr\/\" target=\"_blank\" rel=\"noopener noreferrer\">Jezi\u010dni savjetnik<\/a><\/li>\n<li><a href=\"https:\/\/www.prevoditelj-teksta.com\/popis-kratica\/\" target=\"_blank\" rel=\"noopener noreferrer\">Popis kratica<\/a><\/li>\n<li><a href=\"https:\/\/ispravi.me\/\" target=\"_blank\" rel=\"noopener noreferrer\">Ispravi.me<\/a><\/li>\n<li><a href=\"https:\/\/www.examenglish.com\/\" target=\"_blank\" rel=\"noopener noreferrer\">Exam English<\/a><\/li>\n<\/ul>\n<h3><strong>ATLASI I ZEMLJOVIDI<br \/>\n<\/strong><\/h3>\n<ul>\n<li><a href=\"https:\/\/www.google.com\/maps\" target=\"_blank\" rel=\"noopener noreferrer\">Google karte<\/a><\/li>\n<li><a href=\"https:\/\/www.google.com\/earth\/\" target=\"_blank\" rel=\"noopener noreferrer\">Google Earth<\/a><\/li>\n<li><a href=\"http:\/\/www.geo-gauss.hr\/id18.htm\" target=\"_blank\" rel=\"noopener noreferrer\">Geo Gaus <\/a><\/li>\n<li><a href=\"https:\/\/www.bing.com\/maps?FORM=LGCYVD\" target=\"_blank\" rel=\"noopener noreferrer\">Multimap\u00a0 <\/a><\/li>\n<li><a href=\"https:\/\/www.theodora.com\/maps\/\" target=\"_blank\" rel=\"noopener noreferrer\">Quick Maps <\/a><\/li>\n<li><a href=\"https:\/\/www.thoughtco.com\/political-geography-4133033\" target=\"_blank\" rel=\"noopener noreferrer\">World Atlas and World Maps <\/a><\/li>\n<li><a href=\"https:\/\/www.cia.gov\/the-world-factbook\/\" target=\"_blank\" rel=\"noopener noreferrer\">CIA &#8211; The World Factbook<\/a><\/li>\n<\/ul>\n<h3><strong>SLU\u017dBENI DOKUMENTI (REPUBLIKA HRVATSKA)<\/strong><\/h3>\n<ul>\n<li><a href=\"https:\/\/www.hr\/\" target=\"_blank\" rel=\"noopener noreferrer\">Po\u010detna stranica Republike Hrvatske<\/a><\/li>\n<li><a href=\"https:\/\/www.gov.hr\/\" target=\"_blank\" rel=\"noopener noreferrer\">Sredi\u0161nji dr\u017eavni portal<\/a><\/li>\n<li><a href=\"http:\/\/sredisnjikatalogrh.gov.hr\/\" target=\"_blank\" rel=\"noopener noreferrer\">Sredi\u0161nji katalog slu\u017ebenih dokumenata RH<\/a><\/li>\n<li><a href=\"https:\/\/gov.hr\/e-gradjani\/23\" target=\"_blank\" rel=\"noopener noreferrer\">e-Gra\u0111ani<\/a><\/li>\n<li><a href=\"https:\/\/rdd.gov.hr\/\" target=\"_blank\" rel=\"noopener noreferrer\">Sredi\u0161nji dr\u017eavni ured za razvoj digitalnog dru\u0161tva<\/a><\/li>\n<li><a href=\"https:\/\/narodne-novine.nn.hr\/\" target=\"_blank\" rel=\"noopener noreferrer\">Narodne novine<\/a><\/li>\n<li><a href=\"http:\/\/www.dziv.hr\/\" target=\"_blank\" rel=\"noopener noreferrer\">Dr\u017eavni zavod za intelektualno vlasni\u0161tvo<\/a><\/li>\n<\/ul>\n<h3><strong>KONVERTERI<\/strong><\/h3>\n<ul>\n<li><a href=\"http:\/\/www.konverter-jedinica.com\/\" target=\"_blank\" rel=\"noopener noreferrer\">Konverter mjernih jedinica<\/a><\/li>\n<li><a href=\"https:\/\/www.convertworld.com\/hr\/\" target=\"_blank\" rel=\"noopener noreferrer\">Convertworld<\/a><\/li>\n<\/ul>\n<h3><strong>RAZNO<\/strong><\/h3>\n<ul>\n<li><a href=\"https:\/\/www.periodni.com\/hr\/\" target=\"_blank\" rel=\"noopener noreferrer\">Periodni sustav elemenata<\/a><\/li>\n<li><a href=\"https:\/\/imenik.tportal.hr\/show?action=pretraga&amp;type=pretraziPoBroju\" target=\"_blank\" rel=\"noopener noreferrer\">Telefonski imenik tportal.hr<\/a><\/li>\n<li><a href=\"https:\/\/www.biografija.com\/\" target=\"_blank\" rel=\"noopener noreferrer\">Biografije javnih osoba u Hrvatskoj<\/a><\/li>\n<li><a href=\"http:\/\/www.croatia.eu\/\" target=\"_blank\" rel=\"noopener noreferrer\">Hrvatska zemlja i ljudi<\/a><\/li>\n<li><a href=\"http:\/\/tkojetko.irb.hr\/index.php\" target=\"_blank\" rel=\"noopener noreferrer\">Tko je tko u hrvatskoj znanosti<\/a><\/li>\n<li><a href=\"https:\/\/www.croris.hr\/\" target=\"_blank\" rel=\"noopener\">CroRIS &#8211; informacijski sustav znanosti RH<\/a><\/li>\n<li><a href=\"https:\/\/dizbi.hazu.hr\/a\/\" target=\"_blank\" rel=\"noopener noreferrer\">DiZbi.HAZU<\/a><\/li>\n<li><a href=\"https:\/\/classic.europeana.eu\/portal\/hr?utm_source=new-website&amp;utm_medium=button\" target=\"_blank\" rel=\"noopener noreferrer\">Europeana<\/a><\/li>\n<li><a href=\"https:\/\/www.wdl.org\/en\/\" target=\"_blank\" rel=\"noopener noreferrer\">World Digital Library<\/a><\/li>\n<li><a href=\"https:\/\/www.gutenberg.org\/\" target=\"_blank\" rel=\"noopener noreferrer\">Project Gutenberg<\/a><\/li>\n<\/ul>\n<\/div>[vc_empty_space height=&#8221;50px&#8221;][\/vc_column][\/vc_row]<\/p>\n<\/section>","protected":false},"excerpt":{"rendered":"<p>[vc_row full_width=&#8221;stretch_row&#8221; content_placement=&#8221;bottom&#8221; enable_first_overlay=&#8221;true&#8221; first_overlay_opacity=&#8221;25&#8243; first_background_type=&#8221;gradient&#8221; enable_parallax=&#8221;true&#8221; parallax_background=&#8221;12277&#8243; css=&#8221;.vc_custom_1590395407205{background-position: center !important;background-repeat: no-repeat !important;background-size: cover !important;}&#8221;][vc_column alignment=&#8221;center&#8221;][\/vc_column][\/vc_row][vc_section][vc_row][vc_column][vc_empty_space height=&#8221;90px&#8221;][vc_empty_space height=&#8221;50px&#8221;][\/vc_column][\/vc_row][vc_row][vc_column width=&#8221;1\/2&#8243;][\/vc_column][vc_column width=&#8221;1\/2&#8243;][\/vc_column][\/vc_row][\/vc_section][vc_row][vc_column width=&#8221;1\/2&#8243;][vc_empty_space height=&#8221;50px&#8221;][vc_empty_space height=&#8221;50px&#8221;][\/vc_column][vc_column width=&#8221;1\/2&#8243;][vc_empty_space height=&#8221;50px&#8221;][vc_empty_space height=&#8221;50px&#8221;][\/vc_column][\/vc_row]<\/p>\n","protected":false},"author":3,"featured_media":0,"parent":0,"menu_order":0,"comment_status":"closed","ping_status":"closed","template":"","meta":{"_mi_skip_tracking":false},"_links":{"self":[{"href":"https:\/\/www.gskos.unios.hr\/index.php\/wp-json\/wp\/v2\/pages\/12274"}],"collection":[{"href":"https:\/\/www.gskos.unios.hr\/index.php\/wp-json\/wp\/v2\/pages"}],"about":[{"href":"https:\/\/www.gskos.unios.hr\/index.php\/wp-json\/wp\/v2\/types\/page"}],"author":[{"embeddable":true,"href":"https:\/\/www.gskos.unios.hr\/index.php\/wp-json\/wp\/v2\/users\/3"}],"replies":[{"embeddable":true,"href":"https:\/\/www.gskos.unios.hr\/index.php\/wp-json\/wp\/v2\/comments?post=12274"}],"version-history":[{"count":27,"href":"https:\/\/www.gskos.unios.hr\/index.php\/wp-json\/wp\/v2\/pages\/12274\/revisions"}],"predecessor-version":[{"id":19572,"href":"https:\/\/www.gskos.unios.hr\/index.php\/wp-json\/wp\/v2\/pages\/12274\/revisions\/19572"}],"wp:attachment":[{"href":"https:\/\/www.gskos.unios.hr\/index.php\/wp-json\/wp\/v2\/media?parent=12274"}],"curies":[{"name":"wp","href":"https:\/\/api.w.org\/{rel}","templated":true}]}}