{"id":12413,"date":"2020-06-09T13:36:40","date_gmt":"2020-06-09T11:36:40","guid":{"rendered":"https:\/\/www.gskos.unios.hr\/?page_id=12413"},"modified":"2023-10-27T07:57:33","modified_gmt":"2023-10-27T05:57:33","slug":"12413-2","status":"publish","type":"page","link":"https:\/\/www.gskos.unios.hr\/index.php\/12413-2\/","title":{"rendered":""},"content":{"rendered":"<p>[vc_column]<a href=\"http:\/\/www.gskos.unios.hr\/index.php\/prijedlozi-za-nabavu\/\" title=\"\"  data-id=\"mpc_button-9469f2bca53d1be\" class=\"mpc-button mpc-init mpc-transition mpc-typography--mpc_preset_103 mpc-display--block \" ><div class=\"mpc-button__content mpc-effect-type--none mpc-effect-side--none\"><span class=\"mpc-button__title mpc-transition\">PRIJEDLOZI ZA NABAVU<\/span><\/div><div class=\"mpc-button__background mpc-transition mpc-effect-type--slide mpc-effect-side--left\"><\/div><\/a><div data-id=\"mpc_divider-6269f2bca53d226\" class=\"mpc-divider-wrap\"><div class=\"mpc-divider mpc-init mpc-align--center mpc-disable--left \" ><div class=\"mpc-divider__line mpc-side--left\"><span><\/span><\/div><div class=\"mpc-divider__line mpc-side--right\"><span><\/span><\/div><\/div><\/div><a href=\"http:\/\/www.gskos.unios.hr\/index.php\/korisnicki-racun\/\" title=\"\"  data-id=\"mpc_button-669f2bca53d282\" class=\"mpc-button mpc-init mpc-transition mpc-typography--mpc_preset_103 mpc-display--block \" ><div class=\"mpc-button__content mpc-effect-type--none mpc-effect-side--none\"><span class=\"mpc-button__title mpc-transition\">KORISNI\u010cKI RA\u010cUN<\/span><\/div><div class=\"mpc-button__background mpc-transition mpc-effect-type--slide mpc-effect-side--left\"><\/div><\/a><div data-id=\"mpc_divider-6369f2bca53d2d0\" class=\"mpc-divider-wrap\"><div class=\"mpc-divider mpc-init mpc-align--center mpc-disable--left \" ><div class=\"mpc-divider__line mpc-side--left\"><span><\/span><\/div><div class=\"mpc-divider__line mpc-side--right\"><span><\/span><\/div><\/div><\/div><a href=\"https:\/\/knjiga.gskos.hr\/referati\/\" target=\"_blank\" title=\"\"  data-id=\"mpc_button-1469f2bca53d329\" class=\"mpc-button mpc-init mpc-transition mpc-typography--mpc_preset_103 mpc-display--block \" ><div class=\"mpc-button__content mpc-effect-type--none mpc-effect-side--none\"><span class=\"mpc-button__title mpc-transition\">REFERATI, SEMINARI, DIPLOMSKI\u2026<\/span><\/div><div class=\"mpc-button__background mpc-transition mpc-effect-type--slide mpc-effect-side--left\"><\/div><\/a><div data-id=\"mpc_divider-9469f2bca53d373\" class=\"mpc-divider-wrap\"><div class=\"mpc-divider mpc-init mpc-align--center mpc-disable--left \" ><div class=\"mpc-divider__line mpc-side--left\"><span><\/span><\/div><div class=\"mpc-divider__line mpc-side--right\"><span><\/span><\/div><\/div><\/div><a href=\"http:\/\/www.knjiznica.hr\/pitajte-knjiznicare\/\" target=\"_blank\" title=\"\"  data-id=\"mpc_button-1269f2bca53d3c8\" class=\"mpc-button mpc-init mpc-transition mpc-typography--mpc_preset_103 mpc-display--block \" ><div class=\"mpc-button__content mpc-effect-type--none mpc-effect-side--none\"><span class=\"mpc-button__title mpc-transition\">PITAJTE KNJI\u017dNI\u010cARE<\/span><\/div><div class=\"mpc-button__background mpc-transition mpc-effect-type--slide mpc-effect-side--left\"><\/div><\/a><div data-id=\"mpc_divider-3069f2bca53d410\" class=\"mpc-divider-wrap\"><div class=\"mpc-divider mpc-init mpc-align--center mpc-disable--left \" ><div class=\"mpc-divider__line mpc-side--left\"><span><\/span><\/div><div class=\"mpc-divider__line mpc-side--right\"><span><\/span><\/div><\/div><\/div>[vc_empty_space height=&#8221;5px&#8221;]<a href=\"http:\/\/www.gskos.unios.hr\/index.php\/zahtjev-za-meduknjiznicnu-posudbu\/\" target=\"_blank\" title=\"\"  data-id=\"mpc_button-6069f2bca53d462\" class=\"mpc-button mpc-init mpc-transition mpc-typography--mpc_preset_103 mpc-display--block \" ><div class=\"mpc-button__content mpc-effect-type--none mpc-effect-side--none\"><span class=\"mpc-button__title mpc-transition\">ZAHTJEV ZA ME\u0110UKNJI\u017dNI\u010cNU POSUDBU<\/span><\/div><div class=\"mpc-button__background mpc-transition mpc-effect-type--slide mpc-effect-side--left\"><\/div><\/a><div data-id=\"mpc_divider-4469f2bca53d4a8\" class=\"mpc-divider-wrap\"><div class=\"mpc-divider mpc-init mpc-align--center mpc-disable--left \" ><div class=\"mpc-divider__line mpc-side--left\"><span><\/span><\/div><div class=\"mpc-divider__line mpc-side--right\"><span><\/span><\/div><\/div><\/div><a href=\"https:\/\/www.gskos.unios.hr\/wp-content\/uploads\/2020\/05\/OBRAZAC-ZA-REZERVACIJU-TERMINA-ZA-BORAVAK-U-STUDIJSKOJ-\u010cITAONICI-2.docx\" target=\"_blank\" title=\"\"  data-id=\"mpc_button-6569f2bca53d4f8\" class=\"mpc-button mpc-init mpc-transition mpc-typography--mpc_preset_103 mpc-display--block \" ><div class=\"mpc-button__content mpc-effect-type--none mpc-effect-side--none\"><span class=\"mpc-button__title mpc-transition\">REZERVACIJA TERMINA U STUDIJSKOJ \u010cITAONICI<\/span><\/div><div class=\"mpc-button__background mpc-transition mpc-effect-type--slide mpc-effect-side--left\"><\/div><\/a><div data-id=\"mpc_divider-2169f2bca53d53b\" class=\"mpc-divider-wrap\"><div class=\"mpc-divider mpc-init mpc-align--center mpc-disable--left \" ><div class=\"mpc-divider__line mpc-side--left\"><span><\/span><\/div><div class=\"mpc-divider__line mpc-side--right\"><span><\/span><\/div><\/div><\/div>[vc_empty_space height=&#8221;5px&#8221;][\/vc_column]<\/p>\n","protected":false},"excerpt":{"rendered":"<p>[vc_column][vc_empty_space height=&#8221;5px&#8221;][vc_empty_space height=&#8221;5px&#8221;][\/vc_column]<\/p>\n","protected":false},"author":3,"featured_media":0,"parent":0,"menu_order":0,"comment_status":"closed","ping_status":"closed","template":"","meta":{"_mi_skip_tracking":false},"_links":{"self":[{"href":"https:\/\/www.gskos.unios.hr\/index.php\/wp-json\/wp\/v2\/pages\/12413"}],"collection":[{"href":"https:\/\/www.gskos.unios.hr\/index.php\/wp-json\/wp\/v2\/pages"}],"about":[{"href":"https:\/\/www.gskos.unios.hr\/index.php\/wp-json\/wp\/v2\/types\/page"}],"author":[{"embeddable":true,"href":"https:\/\/www.gskos.unios.hr\/index.php\/wp-json\/wp\/v2\/users\/3"}],"replies":[{"embeddable":true,"href":"https:\/\/www.gskos.unios.hr\/index.php\/wp-json\/wp\/v2\/comments?post=12413"}],"version-history":[{"count":6,"href":"https:\/\/www.gskos.unios.hr\/index.php\/wp-json\/wp\/v2\/pages\/12413\/revisions"}],"predecessor-version":[{"id":19350,"href":"https:\/\/www.gskos.unios.hr\/index.php\/wp-json\/wp\/v2\/pages\/12413\/revisions\/19350"}],"wp:attachment":[{"href":"https:\/\/www.gskos.unios.hr\/index.php\/wp-json\/wp\/v2\/media?parent=12413"}],"curies":[{"name":"wp","href":"https:\/\/api.w.org\/{rel}","templated":true}]}}