{"id":12943,"date":"2020-10-15T09:01:00","date_gmt":"2020-10-15T07:01:00","guid":{"rendered":"https:\/\/www.gskos.unios.hr\/?page_id=12943"},"modified":"2020-10-15T09:01:00","modified_gmt":"2020-10-15T07:01:00","slug":"vrijeme-za-pricu-u-ograncima-gradske-i-sveucilisne-knjiznice-osijek","status":"publish","type":"page","link":"https:\/\/www.gskos.unios.hr\/index.php\/vrijeme-za-pricu-u-ograncima-gradske-i-sveucilisne-knjiznice-osijek\/","title":{"rendered":"Vrijeme za pri\u010du  u ograncima Gradske i sveu\u010dili\u0161ne knji\u017enice Osijek"},"content":{"rendered":"<p><strong>Tijekom Mjeseca hrvatske knjige,<\/strong> <strong>srijedom<\/strong> u vremenu od <strong>17.30 do 18.30 sat<\/strong>i u <strong>ograncima Gradske i sveu\u010dili\u0161ne knji\u017enice Osijek<\/strong>, odr\u017eavat \u0107e se <strong>Vrijeme za pri\u010du<\/strong>, pri\u010daonice za korisnike Knji\u017enice starije od tri godine. Detaljan raspored pri\u010daonica, koje \u0107e se odr\u017eavati u ograncima Gradske i sveu\u010dili\u0161ne knji\u017enice Osijek nalazi se u nastavku\u2026<\/p>\n<p><a href=\"https:\/\/www.gskos.unios.hr\/wp-content\/uploads\/2020\/10\/Vrijeme-za-pricu-u-Ograncima.png\"><img loading=\"lazy\" class=\"alignnone size-medium wp-image-12944\" src=\"https:\/\/www.gskos.unios.hr\/wp-content\/uploads\/2020\/10\/Vrijeme-za-pricu-u-Ograncima-232x300.png\" alt=\"\" width=\"232\" height=\"300\" srcset=\"https:\/\/www.gskos.unios.hr\/wp-content\/uploads\/2020\/10\/Vrijeme-za-pricu-u-Ograncima-232x300.png 232w, https:\/\/www.gskos.unios.hr\/wp-content\/uploads\/2020\/10\/Vrijeme-za-pricu-u-Ograncima-791x1024.png 791w, https:\/\/www.gskos.unios.hr\/wp-content\/uploads\/2020\/10\/Vrijeme-za-pricu-u-Ograncima-768x994.png 768w, https:\/\/www.gskos.unios.hr\/wp-content\/uploads\/2020\/10\/Vrijeme-za-pricu-u-Ograncima-1187x1536.png 1187w, https:\/\/www.gskos.unios.hr\/wp-content\/uploads\/2020\/10\/Vrijeme-za-pricu-u-Ograncima-696x901.png 696w, https:\/\/www.gskos.unios.hr\/wp-content\/uploads\/2020\/10\/Vrijeme-za-pricu-u-Ograncima-1068x1383.png 1068w, https:\/\/www.gskos.unios.hr\/wp-content\/uploads\/2020\/10\/Vrijeme-za-pricu-u-Ograncima-324x420.png 324w, https:\/\/www.gskos.unios.hr\/wp-content\/uploads\/2020\/10\/Vrijeme-za-pricu-u-Ograncima.png 1545w\" sizes=\"(max-width: 232px) 100vw, 232px\" \/><\/a><\/p>\n<p>Prijave su obavezne te se svi zainteresirani mole da svoj dolazak najave ogranku u kojem planiraju do\u0107i na pri\u010du.<\/p>\n<p>Raspored doga\u0111anja, koja \u0107e se tijekom mjeseca listopada i Mjeseca hrvatske knjige 2020. provoditi u Gradskoj i sveu\u010dili\u0161noj knji\u017enici Osijek, mo\u017ee se prona\u0107i na mre\u017enim i dru\u0161tvenim stranicama Knji\u017enice.<\/p>\n<p>Dodatne informacije mogu se dobiti:<\/p>\n<ul>\n<li>na <a href=\"https:\/\/www.gskos.unios.hr\/index.php\/odjel-za-rad-s-djecom-i-mladima\/\">Odjelu za rad s djecom i mladima GISKO<\/a>.<\/li>\n<\/ul>\n<p>&nbsp;<\/p>\n","protected":false},"excerpt":{"rendered":"<p>Tijekom Mjeseca hrvatske knjige, srijedom u vremenu od 17.30 do 18.30 sati u ograncima Gradske i sveu\u010dili\u0161ne knji\u017enice Osijek, odr\u017eavat \u0107e se Vrijeme za pri\u010du, pri\u010daonice za korisnike Knji\u017enice starije od tri godine. Detaljan raspored pri\u010daonica, koje \u0107e se odr\u017eavati u ograncima Gradske i sveu\u010dili\u0161ne knji\u017enice Osijek nalazi se u nastavku\u2026 Prijave su obavezne te<\/p>\n","protected":false},"author":7,"featured_media":12944,"parent":0,"menu_order":0,"comment_status":"closed","ping_status":"closed","template":"","meta":{"_mi_skip_tracking":false},"_links":{"self":[{"href":"https:\/\/www.gskos.unios.hr\/index.php\/wp-json\/wp\/v2\/pages\/12943"}],"collection":[{"href":"https:\/\/www.gskos.unios.hr\/index.php\/wp-json\/wp\/v2\/pages"}],"about":[{"href":"https:\/\/www.gskos.unios.hr\/index.php\/wp-json\/wp\/v2\/types\/page"}],"author":[{"embeddable":true,"href":"https:\/\/www.gskos.unios.hr\/index.php\/wp-json\/wp\/v2\/users\/7"}],"replies":[{"embeddable":true,"href":"https:\/\/www.gskos.unios.hr\/index.php\/wp-json\/wp\/v2\/comments?post=12943"}],"version-history":[{"count":1,"href":"https:\/\/www.gskos.unios.hr\/index.php\/wp-json\/wp\/v2\/pages\/12943\/revisions"}],"predecessor-version":[{"id":12945,"href":"https:\/\/www.gskos.unios.hr\/index.php\/wp-json\/wp\/v2\/pages\/12943\/revisions\/12945"}],"wp:featuredmedia":[{"embeddable":true,"href":"https:\/\/www.gskos.unios.hr\/index.php\/wp-json\/wp\/v2\/media\/12944"}],"wp:attachment":[{"href":"https:\/\/www.gskos.unios.hr\/index.php\/wp-json\/wp\/v2\/media?parent=12943"}],"curies":[{"name":"wp","href":"https:\/\/api.w.org\/{rel}","templated":true}]}}