{"id":13798,"date":"2021-03-06T11:29:05","date_gmt":"2021-03-06T10:29:05","guid":{"rendered":"https:\/\/www.gskos.unios.hr\/?page_id=13798"},"modified":"2021-03-12T12:22:28","modified_gmt":"2021-03-12T11:22:28","slug":"citaonice_i_rad_na_racunalima","status":"publish","type":"page","link":"https:\/\/www.gskos.unios.hr\/index.php\/citaonice_i_rad_na_racunalima\/","title":{"rendered":"\u010cITAONICE I RAD NA RA\u010cUNALIMA"},"content":{"rendered":"<section class=\"wpb-content-wrapper\"><p>[vc_row full_width=&#8221;stretch_row&#8221; content_placement=&#8221;bottom&#8221; enable_first_overlay=&#8221;true&#8221; first_overlay_opacity=&#8221;25&#8243; first_background_type=&#8221;gradient&#8221; enable_parallax=&#8221;true&#8221; parallax_background=&#8221;13799&#8243; parallax_style=&#8221;fixed&#8221; css=&#8221;.vc_custom_1615026346376{background-position: center !important;background-repeat: no-repeat !important;background-size: cover !important;}&#8221;][vc_column alignment=&#8221;center&#8221;]<div id=\"mpc_textblock-8269f39dfe26453\" class=\"mpc-textblock mpc-init mpc-typography--preset_0 mpc-animation \" data-animation-in=\"transition.slideDownBigIn||3250||0||100\"><p style=\"text-align: center;\">\u010cITAONICE I RAD NA RA\u010cUNALIMA<\/p>\n<\/div>[vc_empty_space][\/vc_column][\/vc_row][vc_row][vc_column][vc_empty_space height=&#8221;90px&#8221;]<div data-id=\"mpc_divider-4769f39dfe26538\" class=\"mpc-divider-wrap\"><div class=\"mpc-divider mpc-init mpc-align--center \" ><div class=\"mpc-divider__line mpc-side--left\"><span><\/span><\/div><div class=\"mpc-divider__separator\"><div class=\"mpc-divider__content mpc-typography--mpc_preset_103\">\u010citaonice i rad na ra\u010dunalima<\/div><\/div><div class=\"mpc-divider__line mpc-side--right\"><span><\/span><\/div><\/div><\/div>[vc_empty_space][\/vc_column][\/vc_row][vc_row][vc_column]<div id=\"mpc_textblock-769f39dfe2656e\" class=\"mpc-textblock mpc-init mpc-typography--mpc_preset_103 \"><p>U Sredi\u0161njoj zgradi Gradske i sveu\u010dili\u0161ne knji\u017enice Osijek nalaze se Studijska \u010ditaonica, Austrijska \u010ditaonica i \u010citaonica dnevnog tiska. \u010citaonice imaju i ogranci Retfala, Industrijska \u010detvrt, Donji grad i Jug 2.<\/p>\n<\/div>[vc_empty_space height=&#8221;50px&#8221;][\/vc_column][\/vc_row][vc_row][vc_column]<div data-id=\"mpc_divider-2169f39dfe265f6\" class=\"mpc-divider-wrap\"><div class=\"mpc-divider mpc-init mpc-align--center \" ><div class=\"mpc-divider__line mpc-side--left\"><span><\/span><\/div><div class=\"mpc-divider__separator\"><div class=\"mpc-divider__content mpc-typography--mpc_preset_103\">Pravila pona\u0161anja i rada u \u010ditaonici<\/div><\/div><div class=\"mpc-divider__line mpc-side--right\"><span><\/span><\/div><\/div><\/div>[vc_empty_space][\/vc_column][\/vc_row][vc_row][vc_column]<div id=\"mpc_textblock-769f39dfe26623\" class=\"mpc-textblock mpc-init mpc-typography--mpc_preset_103 \"><p style=\"text-align: justify;\">U \u010ditaonicama su osigurani uvjeti za ugodan i tihi rad. Prilikom dolaska, korisnik je du\u017ean javiti se stru\u010dnom djelatniku knji\u017enice i predo\u010diti \u010dlansku iskaznicu. U \u010ditaonicama korisnik mo\u017ee koristiti knji\u017eni\u010dnu gra\u0111u smje\u0161tenu u slobodnom pristupu na policama. Nakon kori\u0161tenja korisnik gra\u0111u treba vratiti djelatniku za pultom. Zatra\u017eenu gra\u0111u za rad u \u010ditaonici korisnik ne smije iznositi izvan \u010ditaonice. Gra\u0111u iz posebnih zbirki i spremi\u0161ta korisnik naru\u010duje putem propisanih obrazaca (zadu\u017enica). Naru\u010dena gra\u0111a isporu\u010duje se sljede\u0107i dan. Ukoliko korisnik treba istu gra\u0111u uzastopno vi\u0161e dana, prilikom vra\u0107anja gra\u0111e to naglasi knji\u017eni\u010daru, te ista ostaje rezervirana na njegovo ime. Detaljnije informacije mogu se prona\u0107i u <a href=\"https:\/\/www.gskos.unios.hr\/wp-content\/uploads\/2017\/02\/Pravilnik-koristenje-grade-i-usluga.pdf\" target=\"_blank\" rel=\"noopener\">Pravilniku o uvjetima i na\u010dinu kori\u0161tenja knji\u017eni\u010dne gra\u0111e i usluga<\/a>.<\/p>\n<\/div>[vc_empty_space height=&#8221;50px&#8221;][\/vc_column][\/vc_row][vc_row][vc_column]<div data-id=\"mpc_divider-9069f39dfe266b2\" class=\"mpc-divider-wrap\"><div class=\"mpc-divider mpc-init mpc-align--center \" ><div class=\"mpc-divider__line mpc-side--left\"><span><\/span><\/div><div class=\"mpc-divider__separator\"><div class=\"mpc-divider__content mpc-typography--mpc_preset_103\">Rad na ra\u010dunalu<\/div><\/div><div class=\"mpc-divider__line mpc-side--right\"><span><\/span><\/div><\/div><\/div>[vc_empty_space][\/vc_column][\/vc_row][vc_row][vc_column]<div id=\"mpc_textblock-8569f39dfe266de\" class=\"mpc-textblock mpc-init mpc-typography--mpc_preset_103 \"><p>Ra\u010dunalima u knji\u017enici mogu se koristiti samo \u010dlanovi Knji\u017enice uz predo\u010denje \u010dlanske iskaznice. Jednim ra\u010dunalom mo\u017ee se istodobno koristiti samo jedan korisnik. Grupni rad korisnika mo\u017ee odobriti knji\u017eni\u010dni djelatnik samo u iznimnim slu\u010dajevima. Uporaba ra\u010dunala besplatna je za sve \u010dlanove Knji\u017enice.<\/p>\n<p>Nije dopu\u0161teno instalirati ili deinstalirati programe, iznositi dijelove opreme, koristiti ra\u010dunala djelatnika Knji\u017enice, koristiti privatne CD-ove, rastavljati i o\u0161te\u0107ivati opremu, kao ni ometati tu\u0111i rad, sigurnost, privatnost, primati ni slati neprikladne sadr\u017eaje putem interneta ili u lokalnoj mre\u017ei. Za vrijeme rada na ra\u010dunalu korisnik je kazneno i matrerijalno odgovoran za svaku strojnu i programsku \u0161tetu. Detaljnije informacije mogu se prona\u0107i u <a href=\"https:\/\/www.gskos.unios.hr\/wp-content\/uploads\/2017\/02\/Pravilnik-koristenje-grade-i-usluga.pdf\" target=\"_blank\" rel=\"noopener\">Pravilima o uporabi osobnih ra\u010dunala za korisnike u Gradskoj i sveu\u010dili\u0161noj knji\u017enici Osijek<\/a>.<\/p>\n<\/div>[vc_empty_space height=&#8221;100px&#8221;][\/vc_column][\/vc_row]<\/p>\n<\/section>","protected":false},"excerpt":{"rendered":"<p>[vc_row full_width=&#8221;stretch_row&#8221; content_placement=&#8221;bottom&#8221; enable_first_overlay=&#8221;true&#8221; first_overlay_opacity=&#8221;25&#8243; first_background_type=&#8221;gradient&#8221; enable_parallax=&#8221;true&#8221; parallax_background=&#8221;13799&#8243; parallax_style=&#8221;fixed&#8221; css=&#8221;.vc_custom_1615026346376{background-position: center !important;background-repeat: no-repeat !important;background-size: cover !important;}&#8221;][vc_column alignment=&#8221;center&#8221;][vc_empty_space][\/vc_column][\/vc_row][vc_row][vc_column][vc_empty_space height=&#8221;90px&#8221;][vc_empty_space][\/vc_column][\/vc_row][vc_row][vc_column][vc_empty_space height=&#8221;50px&#8221;][\/vc_column][\/vc_row][vc_row][vc_column][vc_empty_space][\/vc_column][\/vc_row][vc_row][vc_column][vc_empty_space height=&#8221;50px&#8221;][\/vc_column][\/vc_row][vc_row][vc_column][vc_empty_space][\/vc_column][\/vc_row][vc_row][vc_column][vc_empty_space height=&#8221;100px&#8221;][\/vc_column][\/vc_row]<\/p>\n","protected":false},"author":13,"featured_media":13783,"parent":0,"menu_order":0,"comment_status":"closed","ping_status":"closed","template":"","meta":{"_mi_skip_tracking":false},"_links":{"self":[{"href":"https:\/\/www.gskos.unios.hr\/index.php\/wp-json\/wp\/v2\/pages\/13798"}],"collection":[{"href":"https:\/\/www.gskos.unios.hr\/index.php\/wp-json\/wp\/v2\/pages"}],"about":[{"href":"https:\/\/www.gskos.unios.hr\/index.php\/wp-json\/wp\/v2\/types\/page"}],"author":[{"embeddable":true,"href":"https:\/\/www.gskos.unios.hr\/index.php\/wp-json\/wp\/v2\/users\/13"}],"replies":[{"embeddable":true,"href":"https:\/\/www.gskos.unios.hr\/index.php\/wp-json\/wp\/v2\/comments?post=13798"}],"version-history":[{"count":10,"href":"https:\/\/www.gskos.unios.hr\/index.php\/wp-json\/wp\/v2\/pages\/13798\/revisions"}],"predecessor-version":[{"id":13936,"href":"https:\/\/www.gskos.unios.hr\/index.php\/wp-json\/wp\/v2\/pages\/13798\/revisions\/13936"}],"wp:featuredmedia":[{"embeddable":true,"href":"https:\/\/www.gskos.unios.hr\/index.php\/wp-json\/wp\/v2\/media\/13783"}],"wp:attachment":[{"href":"https:\/\/www.gskos.unios.hr\/index.php\/wp-json\/wp\/v2\/media?parent=13798"}],"curies":[{"name":"wp","href":"https:\/\/api.w.org\/{rel}","templated":true}]}}