{"id":13816,"date":"2021-03-06T12:13:13","date_gmt":"2021-03-06T11:13:13","guid":{"rendered":"https:\/\/www.gskos.unios.hr\/?page_id=13816"},"modified":"2024-12-16T10:09:11","modified_gmt":"2024-12-16T09:09:11","slug":"informacijsko-referalne_usluge","status":"publish","type":"page","link":"https:\/\/www.gskos.unios.hr\/index.php\/informacijsko-referalne_usluge\/","title":{"rendered":"INFORMACIJSKO REFERALNE USLUGE"},"content":{"rendered":"<section class=\"wpb-content-wrapper\"><p>[vc_row full_width=&#8221;stretch_row&#8221; content_placement=&#8221;bottom&#8221; enable_first_overlay=&#8221;true&#8221; first_overlay_opacity=&#8221;25&#8243; first_background_type=&#8221;gradient&#8221; enable_parallax=&#8221;true&#8221; parallax_background=&#8221;13817&#8243; css=&#8221;.vc_custom_1615029024324{background-position: center !important;background-repeat: no-repeat !important;background-size: cover !important;}&#8221;][vc_column alignment=&#8221;center&#8221;]<div id=\"mpc_textblock-5869ee6c065a729\" class=\"mpc-textblock mpc-init mpc-animation \" data-animation-in=\"transition.slideDownBigIn||3250||0||100\"><p style=\"text-align: center;\">INFORMACIJSKO-REFERALNE USLUGE<\/p>\n<\/div>[\/vc_column][\/vc_row][vc_section][vc_row][vc_column][vc_empty_space height=&#8221;90px&#8221;]<div data-id=\"mpc_divider-9469ee6c065a7f4\" class=\"mpc-divider-wrap\"><div class=\"mpc-divider mpc-init mpc-align--center \" ><div class=\"mpc-divider__line mpc-side--left\"><span><\/span><\/div><div class=\"mpc-divider__separator\"><div class=\"mpc-divider__content fa fa-circle\"><\/div><\/div><div class=\"mpc-divider__line mpc-side--right\"><span><\/span><\/div><\/div><\/div>[vc_empty_space height=&#8221;50px&#8221;]<div id=\"mpc_textblock-2969ee6c065a825\" class=\"mpc-textblock mpc-init mpc-typography--mpc_preset_103 \"><p style=\"text-align: justify;\">Za potrebe korisnika stru\u010dni djelatnici Knji\u017enice daju usmene i pisane informacije na osnovu kataloga i knji\u017eni\u010dnih zbirki Knji\u017enice, kataloga ostalih knji\u017enica, bibliografija, portala znanstvenih \u010dasopisa, mre\u017enih baza podataka i ostalih relevantnih mre\u017enih izvora.<\/p>\n<p style=\"text-align: justify;\">Koju gra\u0111u Knji\u017enica posjeduje, kao i lokaciju svakog pojedinog primjerka, korisnik mo\u017ee samostalno\u00a0 provjeriti putem <a href=\"http:\/\/161.53.208.100\/cgi-bin\/wero.cgi\" target=\"_blank\" rel=\"noopener\">mre\u017enog kataloga<\/a>. Za pomo\u0107 u snala\u017eenju kroz katalog, na mre\u017enim stranicama nalaze se upute za pretra\u017eivanje kataloga. Stru\u010dni djelatnici knji\u017enice nude i pomo\u0107 pri pretra\u017eivanju svih informacijskih izvora putem usluge obrazovanje korisnika.<\/p>\n<p style=\"text-align: justify;\">Tematska pretra\u017eivanja za potrebe seminarskih, diplomskih i drugih stru\u010dnih radova vr\u0161e se putem mre\u017ene informacijsko \u2013 referalne usluge Knji\u017enice <a href=\"http:\/\/referati.gskos.hr\/\">\u201eReferati, seminari, dipl. radovi, \u2026\u201c<\/a> Prije postavljanja samog upita, po\u017eeljno je pregledati Arhivu odgovorenih pitanja, u kojoj se nalaze obra\u0111eni informacijski upiti. Ukoliko nakon pretrage pomo\u0107u klju\u010dnih rije\u010di nije zadovoljen upit, potrebno je ispuniti Obrazac za pitanje i u roku dva radna dana na korisnikovu adresu e-po\u0161te sti\u0107i \u0107e popis relevantne literature za tra\u017eenu temu.<\/p>\n<p style=\"text-align: justify;\">Knji\u017enica je jedna od 20ak hrvatskih narodnih knji\u017enica koja sudjeluje u projektu <a href=\"https:\/\/www.knjiznica.hr\/pitajte-knjiznicare\/\" target=\"_blank\" rel=\"noopener\">Pitajte knji\u017eni\u010dare<\/a>. Odgovori na informacijske upite sadr\u017ee i jedinice knji\u017eni\u010dne gra\u0111e dostupne u drugim knji\u017enicama sudionicama projekta.<\/p>\n<\/div>[vc_empty_space height=&#8221;100px&#8221;][\/vc_column][\/vc_row][\/vc_section]<\/p>\n<\/section>","protected":false},"excerpt":{"rendered":"<p>[vc_row full_width=&#8221;stretch_row&#8221; content_placement=&#8221;bottom&#8221; enable_first_overlay=&#8221;true&#8221; first_overlay_opacity=&#8221;25&#8243; first_background_type=&#8221;gradient&#8221; enable_parallax=&#8221;true&#8221; parallax_background=&#8221;13817&#8243; css=&#8221;.vc_custom_1615029024324{background-position: center !important;background-repeat: no-repeat !important;background-size: cover !important;}&#8221;][vc_column alignment=&#8221;center&#8221;][\/vc_column][\/vc_row][vc_section][vc_row][vc_column][vc_empty_space height=&#8221;90px&#8221;][vc_empty_space height=&#8221;50px&#8221;][vc_empty_space height=&#8221;100px&#8221;][\/vc_column][\/vc_row][\/vc_section]<\/p>\n","protected":false},"author":13,"featured_media":0,"parent":0,"menu_order":0,"comment_status":"closed","ping_status":"closed","template":"","meta":{"_mi_skip_tracking":false},"_links":{"self":[{"href":"https:\/\/www.gskos.unios.hr\/index.php\/wp-json\/wp\/v2\/pages\/13816"}],"collection":[{"href":"https:\/\/www.gskos.unios.hr\/index.php\/wp-json\/wp\/v2\/pages"}],"about":[{"href":"https:\/\/www.gskos.unios.hr\/index.php\/wp-json\/wp\/v2\/types\/page"}],"author":[{"embeddable":true,"href":"https:\/\/www.gskos.unios.hr\/index.php\/wp-json\/wp\/v2\/users\/13"}],"replies":[{"embeddable":true,"href":"https:\/\/www.gskos.unios.hr\/index.php\/wp-json\/wp\/v2\/comments?post=13816"}],"version-history":[{"count":5,"href":"https:\/\/www.gskos.unios.hr\/index.php\/wp-json\/wp\/v2\/pages\/13816\/revisions"}],"predecessor-version":[{"id":21307,"href":"https:\/\/www.gskos.unios.hr\/index.php\/wp-json\/wp\/v2\/pages\/13816\/revisions\/21307"}],"wp:attachment":[{"href":"https:\/\/www.gskos.unios.hr\/index.php\/wp-json\/wp\/v2\/media?parent=13816"}],"curies":[{"name":"wp","href":"https:\/\/api.w.org\/{rel}","templated":true}]}}