{"id":13827,"date":"2021-03-08T13:30:02","date_gmt":"2021-03-08T12:30:02","guid":{"rendered":"https:\/\/www.gskos.unios.hr\/?page_id=13827"},"modified":"2021-03-12T12:24:00","modified_gmt":"2021-03-12T11:24:00","slug":"podrska_pri_znanstvenom_radu","status":"publish","type":"page","link":"https:\/\/www.gskos.unios.hr\/index.php\/podrska_pri_znanstvenom_radu\/","title":{"rendered":"PODR\u0160KA PRI ZNANSTVENOM RADU"},"content":{"rendered":"<section class=\"wpb-content-wrapper\"><p>[vc_row full_width=&#8221;stretch_row&#8221; content_placement=&#8221;bottom&#8221; enable_first_overlay=&#8221;true&#8221; first_overlay_opacity=&#8221;25&#8243; first_background_type=&#8221;gradient&#8221; enable_parallax=&#8221;true&#8221; parallax_background=&#8221;13880&#8243; css=&#8221;.vc_custom_1615380585678{background-position: center !important;background-repeat: no-repeat !important;background-size: cover !important;}&#8221;][vc_column alignment=&#8221;center&#8221;]<div id=\"mpc_textblock-3269d2a11a02dda\" class=\"mpc-textblock mpc-init mpc-animation \" data-animation-in=\"transition.slideDownBigIn||3250||0||100\"><p style=\"text-align: center;\">PODR\u0160KA PRI ZNANSTVENOM RADU<\/p>\n<\/div>[\/vc_column][\/vc_row][vc_section][vc_row][vc_column][vc_empty_space height=&#8221;90px&#8221;]<div data-id=\"mpc_divider-8369d2a11a02e8c\" class=\"mpc-divider-wrap\"><div class=\"mpc-divider mpc-init mpc-align--center \" ><div class=\"mpc-divider__line mpc-side--left\"><span><\/span><\/div><div class=\"mpc-divider__separator\"><div class=\"mpc-divider__content fa fa-circle\"><\/div><\/div><div class=\"mpc-divider__line mpc-side--right\"><span><\/span><\/div><\/div><\/div>[vc_empty_space height=&#8221;50px&#8221;][\/vc_column][\/vc_row][vc_row][vc_column]<div id=\"mpc_textblock-3669d2a11a02ebd\" class=\"mpc-textblock mpc-init mpc-typography--mpc_preset_103 \"><p>Stru\u010dni djelatnici Knji\u017enice pru\u017eaju podr\u0161ku pri znanstvenom i istra\u017eiva\u010dkom radu svim svojim korisnicima.<\/p>\n<p>Podr\u0161ka se odnosi na savjetovanje i pomo\u0107 prilikom:<\/p>\n<ul>\n<li>odabira klju\u010dnih rije\u010di; termina; predmetnica<\/li>\n<li>tematskih pretra\u017eivanja<\/li>\n<li>citiranja izvora<\/li>\n<li>izrade osobnih profila u bibliografijama, bazama podataka, znanstvenim portalima, platformama (<a href=\"https:\/\/www.bib.irb.hr\/\" target=\"_blank\" rel=\"noopener\">Crosbi<\/a>, <a href=\"https:\/\/scholar.google.hr\/schhp?hl=hr\" target=\"_blank\" rel=\"noopener\">Google Znalac<\/a>, <a href=\"https:\/\/www.researcherid.com\/#rid-for-researchers\" target=\"_blank\" rel=\"noopener\">ResearcherID<\/a>, <a href=\"https:\/\/orcid.org\/\" target=\"_blank\" rel=\"noopener\">ORCID<\/a>, <a href=\"https:\/\/www.academia.edu\/\" target=\"_blank\" rel=\"noopener\">Academia.edu<\/a>, <a href=\"https:\/\/sestar.irb.hr\/\" target=\"_blank\" rel=\"noopener\">\u0160estar<\/a>, <a href=\"https:\/\/www.researchgate.net\/\" target=\"_blank\" rel=\"noopener\">ResearchGate<\/a>)<\/li>\n<li>postupka upisa u <a href=\"https:\/\/mzo.gov.hr\/istaknute-teme\/znanost\/znanstvenici-i-znanstvene-organizacije\/upisnik-znanstvenika-673\/673\" target=\"_blank\" rel=\"noopener\">Upisnik znanstvenika<\/a> (<a href=\"http:\/\/mzos.hr\/znanstvenik\/znanstvenik.asp\" target=\"_blank\" rel=\"noopener\">Mati\u010dni broj znanstvenika<\/a>)<\/li>\n<li>izrade profila na dru\u0161tvenim mre\u017eama za znanstvenike (<a href=\"https:\/\/www.linkedin.com\/\" target=\"_blank\" rel=\"noopener\">Linked in<\/a>)<\/li>\n<li>pru\u017eanja tehni\u010dke podr\u0161ke pri izradi znanstvenog ili stru\u010dnog rada (oblikovanje tablice sadr\u017eaja, popisa literature, umetanje prijeloma sekcije, pomo\u0107 pri izradi google dokumenata, anketa i sli\u010dno)<\/li>\n<\/ul>\n<\/div>[vc_empty_space height=&#8221;100px&#8221;][\/vc_column][\/vc_row][\/vc_section]<\/p>\n<\/section>","protected":false},"excerpt":{"rendered":"<p>[vc_row full_width=&#8221;stretch_row&#8221; content_placement=&#8221;bottom&#8221; enable_first_overlay=&#8221;true&#8221; first_overlay_opacity=&#8221;25&#8243; first_background_type=&#8221;gradient&#8221; enable_parallax=&#8221;true&#8221; parallax_background=&#8221;13880&#8243; css=&#8221;.vc_custom_1615380585678{background-position: center !important;background-repeat: no-repeat !important;background-size: cover !important;}&#8221;][vc_column alignment=&#8221;center&#8221;][\/vc_column][\/vc_row][vc_section][vc_row][vc_column][vc_empty_space height=&#8221;90px&#8221;][vc_empty_space height=&#8221;50px&#8221;][\/vc_column][\/vc_row][vc_row][vc_column][vc_empty_space height=&#8221;100px&#8221;][\/vc_column][\/vc_row][\/vc_section]<\/p>\n","protected":false},"author":13,"featured_media":0,"parent":0,"menu_order":0,"comment_status":"closed","ping_status":"closed","template":"","meta":{"_mi_skip_tracking":false},"_links":{"self":[{"href":"https:\/\/www.gskos.unios.hr\/index.php\/wp-json\/wp\/v2\/pages\/13827"}],"collection":[{"href":"https:\/\/www.gskos.unios.hr\/index.php\/wp-json\/wp\/v2\/pages"}],"about":[{"href":"https:\/\/www.gskos.unios.hr\/index.php\/wp-json\/wp\/v2\/types\/page"}],"author":[{"embeddable":true,"href":"https:\/\/www.gskos.unios.hr\/index.php\/wp-json\/wp\/v2\/users\/13"}],"replies":[{"embeddable":true,"href":"https:\/\/www.gskos.unios.hr\/index.php\/wp-json\/wp\/v2\/comments?post=13827"}],"version-history":[{"count":13,"href":"https:\/\/www.gskos.unios.hr\/index.php\/wp-json\/wp\/v2\/pages\/13827\/revisions"}],"predecessor-version":[{"id":13942,"href":"https:\/\/www.gskos.unios.hr\/index.php\/wp-json\/wp\/v2\/pages\/13827\/revisions\/13942"}],"wp:attachment":[{"href":"https:\/\/www.gskos.unios.hr\/index.php\/wp-json\/wp\/v2\/media?parent=13827"}],"curies":[{"name":"wp","href":"https:\/\/api.w.org\/{rel}","templated":true}]}}