{"id":13837,"date":"2021-03-08T13:39:23","date_gmt":"2021-03-08T12:39:23","guid":{"rendered":"https:\/\/www.gskos.unios.hr\/?page_id=13837"},"modified":"2021-03-25T11:38:22","modified_gmt":"2021-03-25T10:38:22","slug":"obrazovanje_korisnika","status":"publish","type":"page","link":"https:\/\/www.gskos.unios.hr\/index.php\/obrazovanje_korisnika\/","title":{"rendered":"OBRAZOVANJE KORISNIKA"},"content":{"rendered":"<section class=\"wpb-content-wrapper\"><p>[vc_row full_width=&#8221;stretch_row&#8221; content_placement=&#8221;bottom&#8221; enable_first_overlay=&#8221;true&#8221; first_overlay_opacity=&#8221;25&#8243; first_background_type=&#8221;gradient&#8221; enable_parallax=&#8221;true&#8221; parallax_background=&#8221;13917&#8243; css=&#8221;.vc_custom_1615467498331{background-position: center !important;background-repeat: no-repeat !important;background-size: cover !important;}&#8221;][vc_column alignment=&#8221;center&#8221;]<div id=\"mpc_textblock-9369fc3fa80c281\" class=\"mpc-textblock mpc-init mpc-animation \" data-animation-in=\"transition.slideDownBigIn||3250||0||100\"><p style=\"text-align: center;\">OBRAZOVANJE KORISNIKA<\/p>\n<\/div>[\/vc_column][\/vc_row][vc_section][vc_row][vc_column][vc_empty_space height=&#8221;90px&#8221;]<div data-id=\"mpc_divider-469fc3fa80c355\" class=\"mpc-divider-wrap\"><div class=\"mpc-divider mpc-init mpc-align--center \" ><div class=\"mpc-divider__line mpc-side--left\"><span><\/span><\/div><div class=\"mpc-divider__separator\"><div class=\"mpc-divider__content mpc-typography--mpc_preset_103\">Individualna poduka<\/div><\/div><div class=\"mpc-divider__line mpc-side--right\"><span><\/span><\/div><\/div><\/div>[vc_empty_space][\/vc_column][\/vc_row][vc_row][vc_column]<div id=\"mpc_textblock-669fc3fa80c38e\" class=\"mpc-textblock mpc-init mpc-typography--mpc_preset_103 \"><p>Stru\u010dni djelatnici svojim korisnicima pri dolasku u knji\u017enicu nude pomo\u0107 pri oblikovanju jednostavnih informacijskih upita, te kori\u0161tenju gra\u0111e i usluga knji\u017enice. To uklju\u010duje: pretra\u017eivanja kataloga, bibliografija, baza podataka, te bilo kojih drugih informacijskih izvora, kao i pomo\u0107 oko tematskog pretra\u017eivanja, oblikovanja pismenih radova i navo\u0111enja literature.<\/p>\n<p>Po dogovoru, knji\u017eni\u010dar mo\u017ee korisniku dati individualnu detaljniju poduku o nekoj o navedenih tema, za \u0161to je potrebno prethodno dogovoriti termin putem e-po\u0161te: <a href=\"mailto:studijska.citaonica@gskos.hr\">studijska.citaonica@gskos.hr<\/a>, <a href=\"mailto:posudba@gskos.hr\">posudba@gskos.hr<\/a>, <a href=\"mailto:djecji.odjel@gskos.hr\">djecji.odjel@gskos.hr<\/a> ili telefona: 031 211 233, 031 211 472.<\/p>\n<\/div>[vc_empty_space height=&#8221;50px&#8221;][\/vc_column][\/vc_row][vc_row][vc_column]<div data-id=\"mpc_divider-9769fc3fa80c42c\" class=\"mpc-divider-wrap\"><div class=\"mpc-divider mpc-init mpc-align--center \" ><div class=\"mpc-divider__line mpc-side--left\"><span><\/span><\/div><div class=\"mpc-divider__separator\"><div class=\"mpc-divider__content mpc-typography--mpc_preset_103\">Grupna poduka<\/div><\/div><div class=\"mpc-divider__line mpc-side--right\"><span><\/span><\/div><\/div><\/div>[vc_empty_space][\/vc_column][\/vc_row][vc_row][vc_column]<div id=\"mpc_textblock-3069fc3fa80c45b\" class=\"mpc-textblock mpc-init mpc-typography--mpc_preset_103 \"><p>Obrazovanje korisnika mogu\u0107e je provoditi istovremeno s ve\u0107im brojem ljudi. Osim poduke koja uklju\u010duje informacijsku pismenost, upoznavanje s gra\u0111om i uslugama, knji\u017eni\u010dari svojim korisnicima nude stru\u010dna vodstva po Knji\u017enici.<\/p>\n<p><em><strong>Ciplcug po Knji\u017enici<\/strong><\/em> usluga je koja korisnike upoznaje s prostorom Knji\u017enice, povije\u0161\u0107u zgrade, zavi\u010dajnim i spomeni\u010dkim zbirkama, zbirkom legata i sli\u010dno. Vodstvo po Knji\u017enici organizira se za razli\u010dite skupine korisnika (istra\u017eiva\u010di, studenti, djeca\u2026) s prilago\u0111enim sadr\u017eajem.<\/p>\n<p>Za grupnu poduku, u\u017eivo ili putem Interneta u realnom vremenu (webinar), potrebno je javiti se putem e-po\u0161te: <a href=\"mailto:studijska.citaonica@gskos.hr\">studijska.citaonica@gskos.hr<\/a>, <a href=\"mailto:posudba@gskos.hr\">posudba@gskos.hr<\/a>, <a href=\"mailto:djecji.odjel@gskos.hr\">djecji.odjel@gskos.hr<\/a> ili telefona: 031 211 233, 031 211 472.<\/p>\n<\/div>[vc_empty_space height=&#8221;50px&#8221;][\/vc_column][\/vc_row][vc_row][vc_column]<div data-id=\"mpc_divider-8569fc3fa80c4fa\" class=\"mpc-divider-wrap\"><div class=\"mpc-divider mpc-init mpc-align--center \" ><div class=\"mpc-divider__line mpc-side--left\"><span><\/span><\/div><div class=\"mpc-divider__separator\"><div class=\"mpc-divider__content mpc-typography--mpc_preset_103\">E-poduka<\/div><\/div><div class=\"mpc-divider__line mpc-side--right\"><span><\/span><\/div><\/div><\/div>[vc_empty_space][\/vc_column][\/vc_row][vc_row][vc_column]<div id=\"mpc_textblock-4569fc3fa80c528\" class=\"mpc-textblock mpc-init mpc-typography--mpc_preset_103 \"><p>Dostupni su obrazovni materijali koje sastavljaju djelatnici GISKO-a, koji sadr\u017ee korisne i pou\u010dne video sadr\u017eaje, upute i prezentacije. Svrha izrade E-poduke je na pristupa\u010dan i jednostavan na\u010din pojasniti pitanja vezana uz informacijsku tehnologiju i olak\u0161ati snala\u017eenje korisnika u informacijskom svijetu.<\/p>\n<\/div>[vc_empty_space height=&#8221;50px&#8221;][\/vc_column][\/vc_row][vc_row][vc_column width=&#8221;1\/3&#8243;]<div id=\"mpc_textblock-5369fc3fa80c59b\" class=\"mpc-textblock mpc-init mpc-typography--mpc_preset_103 \"><p style=\"text-align: center;\"><strong>O KNJI\u017dNICI<\/strong><\/p>\n<p style=\"text-align: center;\"><a href=\"https:\/\/www.gskos.unios.hr\/wp-content\/uploads\/2018\/05\/GISKO-Vodic-za-studente.pptx\" target=\"_blank\" rel=\"noopener\">GISKO Vodi\u010d za studente<\/a><\/p>\n<\/div>[\/vc_column][vc_column width=&#8221;1\/3&#8243;]<div id=\"mpc_textblock-8969fc3fa80c61b\" class=\"mpc-textblock mpc-init mpc-typography--mpc_preset_103 \"><p style=\"text-align: center;\"><strong>UPUTE<\/strong><\/p>\n<p style=\"text-align: center;\"><a href=\"https:\/\/www.gskos.unios.hr\/wp-content\/uploads\/2018\/05\/Upute-Klasicno-pretrazivanje.pdf\" target=\"_blank\" rel=\"noopener\">Klasi\u010dno pretra\u017eivanje mre\u017enog kataloga<\/a><\/p>\n<p style=\"text-align: center;\"><a href=\"https:\/\/www.gskos.unios.hr\/wp-content\/uploads\/2018\/05\/Upute-Vero-sucelje.pdf\" target=\"_blank\" rel=\"noopener\">Pretra\u017eivanje mre\u017enog kataloga &#8211; Vero su\u010delje<\/a><\/p>\n<p style=\"text-align: center;\"><a href=\"https:\/\/www.gskos.unios.hr\/wp-content\/uploads\/2021\/03\/upute-za-iBiblos.pdf\" target=\"_blank\" rel=\"noopener\">Izrada korisni\u010dkog ra\u010duna za posudbu elektroni\u010dkih knjiga u GISKO &#8211; iBIBLOS<\/a><\/p>\n<p style=\"text-align: center;\"><a href=\"https:\/\/www.gskos.unios.hr\/wp-content\/uploads\/2018\/05\/EBSCO-u-GISKO.pdf\" target=\"_blank\" rel=\"noopener\">EBSCO u GISKO<\/a><\/p>\n<p style=\"text-align: center;\"><a href=\"https:\/\/www.gskos.unios.hr\/wp-content\/uploads\/2018\/05\/EBSCO-IZVAN-GISKO.pdf\" target=\"_blank\" rel=\"noopener\">EBSCO izvan GISKO<\/a><\/p>\n<p style=\"text-align: center;\"><a href=\"https:\/\/www.gskos.unios.hr\/wp-content\/uploads\/2018\/05\/WoS-u-GISKO.pdf\">WoS u GISKO<\/a><\/p>\n<p style=\"text-align: center;\"><a href=\"https:\/\/www.gskos.unios.hr\/wp-content\/uploads\/2018\/05\/WoS-izvan-GISKO.pdf\">WoS izvan GISKO<\/a><\/p>\n<\/div>[\/vc_column][vc_column width=&#8221;1\/3&#8243;]<div id=\"mpc_textblock-9869fc3fa80c6bf\" class=\"mpc-textblock mpc-init mpc-typography--mpc_preset_103 \"><p style=\"text-align: center;\"><strong>VIDEO MATERIJALI<\/strong><\/p>\n<p><iframe loading=\"lazy\" title=\"Autorsko djelo i autorsko pravo\" width=\"696\" height=\"392\" src=\"https:\/\/www.youtube.com\/embed\/0fnOYvl7mug?feature=oembed\" frameborder=\"0\" allow=\"accelerometer; autoplay; clipboard-write; encrypted-media; gyroscope; picture-in-picture\" allowfullscreen><\/iframe><\/p>\n<p><iframe loading=\"lazy\" title=\"Otvoreni pristup informacijama\" width=\"696\" height=\"392\" src=\"https:\/\/www.youtube.com\/embed\/hx2QXrM2ZxY?feature=oembed\" frameborder=\"0\" allow=\"accelerometer; autoplay; clipboard-write; encrypted-media; gyroscope; picture-in-picture\" allowfullscreen><\/iframe><\/p>\n<p><iframe loading=\"lazy\" title=\"Plagijarizam\" width=\"696\" height=\"392\" src=\"https:\/\/www.youtube.com\/embed\/0P1lRpQDLBM?feature=oembed\" frameborder=\"0\" allow=\"accelerometer; autoplay; clipboard-write; encrypted-media; gyroscope; picture-in-picture\" allowfullscreen><\/iframe><\/p>\n<\/div>[\/vc_column][\/vc_row][\/vc_section][vc_row][vc_column][vc_empty_space height=&#8221;50px&#8221;][\/vc_column][\/vc_row]<\/p>\n<\/section>","protected":false},"excerpt":{"rendered":"<p>[vc_row full_width=&#8221;stretch_row&#8221; content_placement=&#8221;bottom&#8221; enable_first_overlay=&#8221;true&#8221; first_overlay_opacity=&#8221;25&#8243; first_background_type=&#8221;gradient&#8221; enable_parallax=&#8221;true&#8221; parallax_background=&#8221;13917&#8243; css=&#8221;.vc_custom_1615467498331{background-position: center !important;background-repeat: no-repeat !important;background-size: cover !important;}&#8221;][vc_column alignment=&#8221;center&#8221;][\/vc_column][\/vc_row][vc_section][vc_row][vc_column][vc_empty_space height=&#8221;90px&#8221;][vc_empty_space][\/vc_column][\/vc_row][vc_row][vc_column][vc_empty_space height=&#8221;50px&#8221;][\/vc_column][\/vc_row][vc_row][vc_column][vc_empty_space][\/vc_column][\/vc_row][vc_row][vc_column][vc_empty_space height=&#8221;50px&#8221;][\/vc_column][\/vc_row][vc_row][vc_column][vc_empty_space][\/vc_column][\/vc_row][vc_row][vc_column][vc_empty_space height=&#8221;50px&#8221;][\/vc_column][\/vc_row][vc_row][vc_column width=&#8221;1\/3&#8243;][\/vc_column][vc_column width=&#8221;1\/3&#8243;][\/vc_column][vc_column width=&#8221;1\/3&#8243;][\/vc_column][\/vc_row][\/vc_section][vc_row][vc_column][vc_empty_space height=&#8221;50px&#8221;][\/vc_column][\/vc_row]<\/p>\n","protected":false},"author":13,"featured_media":0,"parent":0,"menu_order":0,"comment_status":"closed","ping_status":"closed","template":"","meta":{"_mi_skip_tracking":false},"_links":{"self":[{"href":"https:\/\/www.gskos.unios.hr\/index.php\/wp-json\/wp\/v2\/pages\/13837"}],"collection":[{"href":"https:\/\/www.gskos.unios.hr\/index.php\/wp-json\/wp\/v2\/pages"}],"about":[{"href":"https:\/\/www.gskos.unios.hr\/index.php\/wp-json\/wp\/v2\/types\/page"}],"author":[{"embeddable":true,"href":"https:\/\/www.gskos.unios.hr\/index.php\/wp-json\/wp\/v2\/users\/13"}],"replies":[{"embeddable":true,"href":"https:\/\/www.gskos.unios.hr\/index.php\/wp-json\/wp\/v2\/comments?post=13837"}],"version-history":[{"count":11,"href":"https:\/\/www.gskos.unios.hr\/index.php\/wp-json\/wp\/v2\/pages\/13837\/revisions"}],"predecessor-version":[{"id":13952,"href":"https:\/\/www.gskos.unios.hr\/index.php\/wp-json\/wp\/v2\/pages\/13837\/revisions\/13952"}],"wp:attachment":[{"href":"https:\/\/www.gskos.unios.hr\/index.php\/wp-json\/wp\/v2\/media?parent=13837"}],"curies":[{"name":"wp","href":"https:\/\/api.w.org\/{rel}","templated":true}]}}