{"id":13839,"date":"2021-03-08T13:41:34","date_gmt":"2021-03-08T12:41:34","guid":{"rendered":"https:\/\/www.gskos.unios.hr\/?page_id=13839"},"modified":"2021-03-12T12:29:54","modified_gmt":"2021-03-12T11:29:54","slug":"kulturno_promotivne_aktivnosti","status":"publish","type":"page","link":"https:\/\/www.gskos.unios.hr\/index.php\/kulturno_promotivne_aktivnosti\/","title":{"rendered":"KULTURNO-PROMOTIVNE AKTIVNOSTI"},"content":{"rendered":"<section class=\"wpb-content-wrapper\"><p>[vc_row full_width=&#8221;stretch_row&#8221; content_placement=&#8221;bottom&#8221; enable_first_overlay=&#8221;true&#8221; first_overlay_opacity=&#8221;25&#8243; first_background_type=&#8221;gradient&#8221; enable_parallax=&#8221;true&#8221; parallax_background=&#8221;11972&#8243; css=&#8221;.vc_custom_1615381505315{background-position: center !important;background-repeat: no-repeat !important;background-size: cover !important;}&#8221;][vc_column alignment=&#8221;center&#8221;]<div id=\"mpc_textblock-7869f58733f16ce\" class=\"mpc-textblock mpc-init mpc-animation \" data-animation-in=\"transition.slideDownBigIn||3250||0||100\"><p style=\"text-align: center;\">KULTURNO-PROMOTIVNE AKTIVNOSTI<\/p>\n<\/div>[\/vc_column][\/vc_row][vc_section][vc_row][vc_column][vc_empty_space height=&#8221;90px&#8221;]<div data-id=\"mpc_divider-7369f58733f17a0\" class=\"mpc-divider-wrap\"><div class=\"mpc-divider mpc-init mpc-align--center \" ><div class=\"mpc-divider__line mpc-side--left\"><span><\/span><\/div><div class=\"mpc-divider__separator\"><div class=\"mpc-divider__content fa fa-circle\"><\/div><\/div><div class=\"mpc-divider__line mpc-side--right\"><span><\/span><\/div><\/div><\/div>[vc_empty_space height=&#8221;50px&#8221;][\/vc_column][\/vc_row][vc_row][vc_column]<div id=\"mpc_textblock-169f58733f17d1\" class=\"mpc-textblock mpc-init mpc-typography--mpc_preset_103 \"><p>U okviru kulturno-promotivne djelatnosti Knji\u017enica svojim korisnicima osigurava pristup kulturi, predstavlja javnosti svoju gra\u0111u i djelovanje, te osigurava raznolikost sadr\u017eaja i bez cenzure nudi doga\u0111aje kao \u0161to su izlo\u017ebe, predavanja, knji\u017eevni susreti, tribine, promocije, edukacije, radionice, koncerti, \u010ditateljski klubovi, kvizovi, zabave&#8230;<\/p>\n<p>Izlo\u017ebene aktivnosti su jedan od oblika pedago\u0161ko-animatorskih aktivnosti pomo\u0107u kojih Knji\u017enica upu\u0107uje svoje korisnike na dijelove svojih zbirki, nudi korisnicima mogu\u0107nost upoznavanja s novom knji\u017eni\u010dnom gra\u0111om, promovira uporabu manje kori\u0161tene gra\u0111e, te skre\u0107e pozornost na usluge koje nudi. Izlo\u017ebe se odvijaju u prostorima sredi\u0161nje Knji\u017enice, ali i na ograncima.<\/p>\n<p>Knji\u017eevni susreti, \u00a0predavanja i razne radionice i edukacije za djecu i odrasle organiziraju se tijekom cijele godine. Na taj na\u010din korisnici mogu upoznati autore i ostvariti komunikaciju s njima, te se informirati o odre\u0111enoj temi ili nau\u010diti novu vje\u0161tinu.<\/p>\n<\/div>[vc_empty_space height=&#8221;100px&#8221;][\/vc_column][\/vc_row][\/vc_section]<\/p>\n<\/section>","protected":false},"excerpt":{"rendered":"<p>[vc_row full_width=&#8221;stretch_row&#8221; content_placement=&#8221;bottom&#8221; enable_first_overlay=&#8221;true&#8221; first_overlay_opacity=&#8221;25&#8243; first_background_type=&#8221;gradient&#8221; enable_parallax=&#8221;true&#8221; parallax_background=&#8221;11972&#8243; css=&#8221;.vc_custom_1615381505315{background-position: center !important;background-repeat: no-repeat !important;background-size: cover !important;}&#8221;][vc_column alignment=&#8221;center&#8221;][\/vc_column][\/vc_row][vc_section][vc_row][vc_column][vc_empty_space height=&#8221;90px&#8221;][vc_empty_space height=&#8221;50px&#8221;][\/vc_column][\/vc_row][vc_row][vc_column][vc_empty_space height=&#8221;100px&#8221;][\/vc_column][\/vc_row][\/vc_section]<\/p>\n","protected":false},"author":13,"featured_media":0,"parent":0,"menu_order":0,"comment_status":"closed","ping_status":"closed","template":"","meta":{"_mi_skip_tracking":false},"_links":{"self":[{"href":"https:\/\/www.gskos.unios.hr\/index.php\/wp-json\/wp\/v2\/pages\/13839"}],"collection":[{"href":"https:\/\/www.gskos.unios.hr\/index.php\/wp-json\/wp\/v2\/pages"}],"about":[{"href":"https:\/\/www.gskos.unios.hr\/index.php\/wp-json\/wp\/v2\/types\/page"}],"author":[{"embeddable":true,"href":"https:\/\/www.gskos.unios.hr\/index.php\/wp-json\/wp\/v2\/users\/13"}],"replies":[{"embeddable":true,"href":"https:\/\/www.gskos.unios.hr\/index.php\/wp-json\/wp\/v2\/comments?post=13839"}],"version-history":[{"count":7,"href":"https:\/\/www.gskos.unios.hr\/index.php\/wp-json\/wp\/v2\/pages\/13839\/revisions"}],"predecessor-version":[{"id":13948,"href":"https:\/\/www.gskos.unios.hr\/index.php\/wp-json\/wp\/v2\/pages\/13839\/revisions\/13948"}],"wp:attachment":[{"href":"https:\/\/www.gskos.unios.hr\/index.php\/wp-json\/wp\/v2\/media?parent=13839"}],"curies":[{"name":"wp","href":"https:\/\/api.w.org\/{rel}","templated":true}]}}