{"id":13841,"date":"2021-03-08T13:42:57","date_gmt":"2021-03-08T12:42:57","guid":{"rendered":"https:\/\/www.gskos.unios.hr\/?page_id=13841"},"modified":"2025-01-14T12:14:51","modified_gmt":"2025-01-14T11:14:51","slug":"najam_prostora","status":"publish","type":"page","link":"https:\/\/www.gskos.unios.hr\/index.php\/najam_prostora\/","title":{"rendered":"NAJAM PROSTORA"},"content":{"rendered":"<section class=\"wpb-content-wrapper\"><p>[vc_row full_width=&#8221;stretch_row&#8221; content_placement=&#8221;bottom&#8221; enable_first_overlay=&#8221;true&#8221; first_overlay_opacity=&#8221;25&#8243; first_background_type=&#8221;gradient&#8221; enable_parallax=&#8221;true&#8221; parallax_background=&#8221;13877&#8243; css=&#8221;.vc_custom_1615380089613{background-position: center !important;background-repeat: no-repeat !important;background-size: cover !important;}&#8221;][vc_column alignment=&#8221;center&#8221;]<div id=\"mpc_textblock-7869e8e5fa5e4ac\" class=\"mpc-textblock mpc-init mpc-animation \" data-animation-in=\"transition.slideDownBigIn||3250||0||100\"><p style=\"text-align: center;\">NAJAM PROSTORA<\/p>\n<\/div>[\/vc_column][\/vc_row][vc_section][vc_row][vc_column][vc_empty_space height=&#8221;90px&#8221;]<div data-id=\"mpc_divider-5769e8e5fa5e582\" class=\"mpc-divider-wrap\"><div class=\"mpc-divider mpc-init mpc-align--center \" ><div class=\"mpc-divider__line mpc-side--left\"><span><\/span><\/div><div class=\"mpc-divider__separator\"><div class=\"mpc-divider__content fa fa-circle\"><\/div><\/div><div class=\"mpc-divider__line mpc-side--right\"><span><\/span><\/div><\/div><\/div>[vc_empty_space height=&#8221;50px&#8221;][\/vc_column][\/vc_row][vc_row][vc_column]<div id=\"mpc_textblock-469e8e5fa5e5bb\" class=\"mpc-textblock mpc-init mpc-typography--mpc_preset_103 \"><p style=\"text-align: justify;\">Knji\u017enica nudi mogu\u0107nost najma prostora za privatne i javne doga\u0111aje kao \u0161to su: predavanja, radionice, edukacije, susreti, predstavljanja knjiga, dru\u017eenja i sli\u010dno.<\/p>\n<p style=\"text-align: justify;\">Prostori dostupni za najam su:<\/p>\n<ul>\n<li style=\"text-align: justify;\"><strong>glavna aula Sredi\u0161nje zgrade Knji\u017enice<\/strong><\/li>\n<li style=\"text-align: justify;\"><strong>Austrijska \u010ditaonica<\/strong><\/li>\n<li style=\"text-align: justify;\"><strong>Studijska \u010ditaonica<\/strong><\/li>\n<li style=\"text-align: justify;\"><strong>Igraonica Odjela za rad s djecom i mladima<\/strong><\/li>\n<li style=\"text-align: justify;\"><strong>American Corner Osijek<\/strong> (posudbeni dio)<\/li>\n<li><strong>American Corner Osijek<\/strong> (konferencijski dio)<\/li>\n<\/ul>\n<p style=\"text-align: justify;\">Informacije o cijeni najma prostora mo\u017eete prona\u0107i u <a href=\"https:\/\/www.gskos.unios.hr\/wp-content\/uploads\/2018\/05\/Odluka-o-ustupanju-prostora-GISKO-2024_2025.pdf\"><strong>Odluci o ustupanju prostora Gradske i sveu\u010dili\u0161ne knji\u017enice Osijek na kori\u0161tenje uz naknadu<\/strong><\/a>, a za sva ostala pitanja u vezi dostupnosti prostora, termina i kontaktirajte nas putem e-po\u0161te <strong><a href=\"gisko@gskos.hr\">gisko@gskos.hr.<\/a><\/strong><\/p>\n<p style=\"text-align: justify;\">Ukoliko se odlu\u010dite na najam prostora u Gradskoj i sveu\u010dili\u0161noj knji\u017enici Osijek potrebno je ispunjenu <strong><a href=\"https:\/\/www.gskos.unios.hr\/wp-content\/uploads\/2018\/05\/GISKO-zamolba-za-ustupanje-prostora-na-koristenje-2025.pdf\">Zamolbu za ustupanje prostora Gradske i sveu\u010dili\u0161ne knji\u017enice Osijek na kori\u0161tenje uz naknadu<\/a><\/strong>dostaviti na adresu e-po\u0161te <strong><a href=\"gisko@gskos.hr\">gisko@gskos.hr.<\/a><\/strong><\/p>\n<p>Naknada za kori\u0161tenje prostora obra\u010dunava se po satu i iznosi <strong>30,00 EUR<\/strong> po satu odnosno <strong>300,00 EUR <\/strong>za cjelodnevno kori\u0161tenje prostora (8 i vi\u0161e sati dnevno).<\/p>\n<p>Tehni\u010dka podr\u0161ka napla\u0107uje se dodatno u iznosu od <strong>50,00 EUR<\/strong>, a obuhva\u0107a uporabu opreme kao \u0161to je video-konferencijska veze, laptop, projektor, mikrofon i zvu\u010dnik uz prisusnost jednog zaposlenika Knji\u017enice.<\/p>\n<p>Naknade se upla\u0107uju na \u017eiro ra\u010dun Knji\u017enice na osnovi ra\u010duna.<\/p>\n<p>Fotografije prostora:<\/p>\n<p><strong>American Corner Osijek<\/strong> (posudbeni dio)<\/p>\n<p><strong><img loading=\"lazy\" class=\"alignnone wp-image-20821 size-medium\" src=\"https:\/\/www.gskos.unios.hr\/wp-content\/uploads\/2024\/10\/c21f8ad4-445e-4f20-a7e6-c2642a0f1488-225x300.jpg\" alt=\"\" width=\"225\" height=\"300\" srcset=\"https:\/\/www.gskos.unios.hr\/wp-content\/uploads\/2024\/10\/c21f8ad4-445e-4f20-a7e6-c2642a0f1488-225x300.jpg 225w, https:\/\/www.gskos.unios.hr\/wp-content\/uploads\/2024\/10\/c21f8ad4-445e-4f20-a7e6-c2642a0f1488-768x1024.jpg 768w, https:\/\/www.gskos.unios.hr\/wp-content\/uploads\/2024\/10\/c21f8ad4-445e-4f20-a7e6-c2642a0f1488-696x928.jpg 696w, https:\/\/www.gskos.unios.hr\/wp-content\/uploads\/2024\/10\/c21f8ad4-445e-4f20-a7e6-c2642a0f1488-315x420.jpg 315w, https:\/\/www.gskos.unios.hr\/wp-content\/uploads\/2024\/10\/c21f8ad4-445e-4f20-a7e6-c2642a0f1488.jpg 960w\" sizes=\"(max-width: 225px) 100vw, 225px\" \/> \u00a0<img loading=\"lazy\" class=\"alignnone wp-image-20822 size-medium\" src=\"https:\/\/www.gskos.unios.hr\/wp-content\/uploads\/2024\/10\/d312b181-1438-49ec-95b2-8cfbc8a8a522-225x300.jpg\" alt=\"\" width=\"225\" height=\"300\" srcset=\"https:\/\/www.gskos.unios.hr\/wp-content\/uploads\/2024\/10\/d312b181-1438-49ec-95b2-8cfbc8a8a522-225x300.jpg 225w, https:\/\/www.gskos.unios.hr\/wp-content\/uploads\/2024\/10\/d312b181-1438-49ec-95b2-8cfbc8a8a522-768x1024.jpg 768w, https:\/\/www.gskos.unios.hr\/wp-content\/uploads\/2024\/10\/d312b181-1438-49ec-95b2-8cfbc8a8a522-696x928.jpg 696w, https:\/\/www.gskos.unios.hr\/wp-content\/uploads\/2024\/10\/d312b181-1438-49ec-95b2-8cfbc8a8a522-315x420.jpg 315w, https:\/\/www.gskos.unios.hr\/wp-content\/uploads\/2024\/10\/d312b181-1438-49ec-95b2-8cfbc8a8a522.jpg 960w\" sizes=\"(max-width: 225px) 100vw, 225px\" \/><\/strong><\/p>\n<p><strong>American Corner Osijek<\/strong> (konferencijski dio)<\/p>\n<p><strong><img loading=\"lazy\" class=\"alignnone wp-image-20823 size-medium\" src=\"https:\/\/www.gskos.unios.hr\/wp-content\/uploads\/2024\/10\/1790586a-6a67-4445-9e04-becca7212f05-225x300.jpg\" alt=\"\" width=\"225\" height=\"300\" srcset=\"https:\/\/www.gskos.unios.hr\/wp-content\/uploads\/2024\/10\/1790586a-6a67-4445-9e04-becca7212f05-225x300.jpg 225w, https:\/\/www.gskos.unios.hr\/wp-content\/uploads\/2024\/10\/1790586a-6a67-4445-9e04-becca7212f05-768x1024.jpg 768w, https:\/\/www.gskos.unios.hr\/wp-content\/uploads\/2024\/10\/1790586a-6a67-4445-9e04-becca7212f05-696x928.jpg 696w, https:\/\/www.gskos.unios.hr\/wp-content\/uploads\/2024\/10\/1790586a-6a67-4445-9e04-becca7212f05-315x420.jpg 315w, https:\/\/www.gskos.unios.hr\/wp-content\/uploads\/2024\/10\/1790586a-6a67-4445-9e04-becca7212f05.jpg 960w\" sizes=\"(max-width: 225px) 100vw, 225px\" \/> \u00a0<img loading=\"lazy\" class=\"alignnone wp-image-20824 size-medium\" src=\"https:\/\/www.gskos.unios.hr\/wp-content\/uploads\/2024\/10\/2227986f-631e-4270-8d54-4fdc9670783e-225x300.jpg\" alt=\"\" width=\"225\" height=\"300\" srcset=\"https:\/\/www.gskos.unios.hr\/wp-content\/uploads\/2024\/10\/2227986f-631e-4270-8d54-4fdc9670783e-225x300.jpg 225w, https:\/\/www.gskos.unios.hr\/wp-content\/uploads\/2024\/10\/2227986f-631e-4270-8d54-4fdc9670783e-768x1024.jpg 768w, https:\/\/www.gskos.unios.hr\/wp-content\/uploads\/2024\/10\/2227986f-631e-4270-8d54-4fdc9670783e-696x928.jpg 696w, https:\/\/www.gskos.unios.hr\/wp-content\/uploads\/2024\/10\/2227986f-631e-4270-8d54-4fdc9670783e-315x420.jpg 315w, https:\/\/www.gskos.unios.hr\/wp-content\/uploads\/2024\/10\/2227986f-631e-4270-8d54-4fdc9670783e.jpg 960w\" sizes=\"(max-width: 225px) 100vw, 225px\" \/><\/strong><\/p>\n<p><strong>Austrijska \u010ditaonica<\/strong><\/p>\n<p><strong><img loading=\"lazy\" class=\"alignnone wp-image-20825 size-medium\" src=\"https:\/\/www.gskos.unios.hr\/wp-content\/uploads\/2024\/10\/8ad4e396-0be8-40cb-a14d-bf09578cb5bc-225x300.jpg\" alt=\"\" width=\"225\" height=\"300\" srcset=\"https:\/\/www.gskos.unios.hr\/wp-content\/uploads\/2024\/10\/8ad4e396-0be8-40cb-a14d-bf09578cb5bc-225x300.jpg 225w, https:\/\/www.gskos.unios.hr\/wp-content\/uploads\/2024\/10\/8ad4e396-0be8-40cb-a14d-bf09578cb5bc-768x1024.jpg 768w, https:\/\/www.gskos.unios.hr\/wp-content\/uploads\/2024\/10\/8ad4e396-0be8-40cb-a14d-bf09578cb5bc-696x928.jpg 696w, https:\/\/www.gskos.unios.hr\/wp-content\/uploads\/2024\/10\/8ad4e396-0be8-40cb-a14d-bf09578cb5bc-315x420.jpg 315w, https:\/\/www.gskos.unios.hr\/wp-content\/uploads\/2024\/10\/8ad4e396-0be8-40cb-a14d-bf09578cb5bc.jpg 960w\" sizes=\"(max-width: 225px) 100vw, 225px\" \/> \u00a0<img loading=\"lazy\" class=\"alignnone wp-image-20826 size-medium\" src=\"https:\/\/www.gskos.unios.hr\/wp-content\/uploads\/2024\/10\/56c44632-a8d7-419c-9850-504c4b67d2d5-225x300.jpg\" alt=\"\" width=\"225\" height=\"300\" srcset=\"https:\/\/www.gskos.unios.hr\/wp-content\/uploads\/2024\/10\/56c44632-a8d7-419c-9850-504c4b67d2d5-225x300.jpg 225w, https:\/\/www.gskos.unios.hr\/wp-content\/uploads\/2024\/10\/56c44632-a8d7-419c-9850-504c4b67d2d5-768x1024.jpg 768w, https:\/\/www.gskos.unios.hr\/wp-content\/uploads\/2024\/10\/56c44632-a8d7-419c-9850-504c4b67d2d5-696x928.jpg 696w, https:\/\/www.gskos.unios.hr\/wp-content\/uploads\/2024\/10\/56c44632-a8d7-419c-9850-504c4b67d2d5-315x420.jpg 315w, https:\/\/www.gskos.unios.hr\/wp-content\/uploads\/2024\/10\/56c44632-a8d7-419c-9850-504c4b67d2d5.jpg 960w\" sizes=\"(max-width: 225px) 100vw, 225px\" \/><\/strong><\/p>\n<p><strong>Studijska \u010ditaonica<\/strong><\/p>\n<p><strong><img loading=\"lazy\" class=\"alignnone wp-image-20827 size-medium\" src=\"https:\/\/www.gskos.unios.hr\/wp-content\/uploads\/2024\/10\/b8028ff0-7eea-40f3-a251-5cfd28793c5f-225x300.jpg\" alt=\"\" width=\"225\" height=\"300\" srcset=\"https:\/\/www.gskos.unios.hr\/wp-content\/uploads\/2024\/10\/b8028ff0-7eea-40f3-a251-5cfd28793c5f-225x300.jpg 225w, https:\/\/www.gskos.unios.hr\/wp-content\/uploads\/2024\/10\/b8028ff0-7eea-40f3-a251-5cfd28793c5f-768x1024.jpg 768w, https:\/\/www.gskos.unios.hr\/wp-content\/uploads\/2024\/10\/b8028ff0-7eea-40f3-a251-5cfd28793c5f-696x928.jpg 696w, https:\/\/www.gskos.unios.hr\/wp-content\/uploads\/2024\/10\/b8028ff0-7eea-40f3-a251-5cfd28793c5f-315x420.jpg 315w, https:\/\/www.gskos.unios.hr\/wp-content\/uploads\/2024\/10\/b8028ff0-7eea-40f3-a251-5cfd28793c5f.jpg 960w\" sizes=\"(max-width: 225px) 100vw, 225px\" \/> \u00a0<img loading=\"lazy\" class=\"alignnone wp-image-20828 size-medium\" src=\"https:\/\/www.gskos.unios.hr\/wp-content\/uploads\/2024\/10\/422038ac-a42a-4340-a02e-81fdb5170791-225x300.jpg\" alt=\"\" width=\"225\" height=\"300\" srcset=\"https:\/\/www.gskos.unios.hr\/wp-content\/uploads\/2024\/10\/422038ac-a42a-4340-a02e-81fdb5170791-225x300.jpg 225w, https:\/\/www.gskos.unios.hr\/wp-content\/uploads\/2024\/10\/422038ac-a42a-4340-a02e-81fdb5170791-768x1024.jpg 768w, https:\/\/www.gskos.unios.hr\/wp-content\/uploads\/2024\/10\/422038ac-a42a-4340-a02e-81fdb5170791-696x928.jpg 696w, https:\/\/www.gskos.unios.hr\/wp-content\/uploads\/2024\/10\/422038ac-a42a-4340-a02e-81fdb5170791-315x420.jpg 315w, https:\/\/www.gskos.unios.hr\/wp-content\/uploads\/2024\/10\/422038ac-a42a-4340-a02e-81fdb5170791.jpg 960w\" sizes=\"(max-width: 225px) 100vw, 225px\" \/><\/strong><\/p>\n<\/div>[vc_empty_space height=&#8221;100px&#8221;][\/vc_column][\/vc_row][\/vc_section]<\/p>\n<\/section>","protected":false},"excerpt":{"rendered":"<p>[vc_row full_width=&#8221;stretch_row&#8221; content_placement=&#8221;bottom&#8221; enable_first_overlay=&#8221;true&#8221; first_overlay_opacity=&#8221;25&#8243; first_background_type=&#8221;gradient&#8221; enable_parallax=&#8221;true&#8221; parallax_background=&#8221;13877&#8243; css=&#8221;.vc_custom_1615380089613{background-position: center !important;background-repeat: no-repeat !important;background-size: cover !important;}&#8221;][vc_column alignment=&#8221;center&#8221;][\/vc_column][\/vc_row][vc_section][vc_row][vc_column][vc_empty_space height=&#8221;90px&#8221;][vc_empty_space height=&#8221;50px&#8221;][\/vc_column][\/vc_row][vc_row][vc_column][vc_empty_space height=&#8221;100px&#8221;][\/vc_column][\/vc_row][\/vc_section]<\/p>\n","protected":false},"author":13,"featured_media":0,"parent":0,"menu_order":0,"comment_status":"closed","ping_status":"closed","template":"","meta":{"_mi_skip_tracking":false},"_links":{"self":[{"href":"https:\/\/www.gskos.unios.hr\/index.php\/wp-json\/wp\/v2\/pages\/13841"}],"collection":[{"href":"https:\/\/www.gskos.unios.hr\/index.php\/wp-json\/wp\/v2\/pages"}],"about":[{"href":"https:\/\/www.gskos.unios.hr\/index.php\/wp-json\/wp\/v2\/types\/page"}],"author":[{"embeddable":true,"href":"https:\/\/www.gskos.unios.hr\/index.php\/wp-json\/wp\/v2\/users\/13"}],"replies":[{"embeddable":true,"href":"https:\/\/www.gskos.unios.hr\/index.php\/wp-json\/wp\/v2\/comments?post=13841"}],"version-history":[{"count":20,"href":"https:\/\/www.gskos.unios.hr\/index.php\/wp-json\/wp\/v2\/pages\/13841\/revisions"}],"predecessor-version":[{"id":21507,"href":"https:\/\/www.gskos.unios.hr\/index.php\/wp-json\/wp\/v2\/pages\/13841\/revisions\/21507"}],"wp:attachment":[{"href":"https:\/\/www.gskos.unios.hr\/index.php\/wp-json\/wp\/v2\/media?parent=13841"}],"curies":[{"name":"wp","href":"https:\/\/api.w.org\/{rel}","templated":true}]}}