{"id":13994,"date":"2021-03-23T14:09:03","date_gmt":"2021-03-23T13:09:03","guid":{"rendered":"https:\/\/www.gskos.unios.hr\/?page_id=13994"},"modified":"2025-01-23T10:02:38","modified_gmt":"2025-01-23T09:02:38","slug":"ibiblos","status":"publish","type":"page","link":"https:\/\/www.gskos.unios.hr\/index.php\/ibiblos\/","title":{"rendered":"POSUDBA ELEKTRONI\u010cKIH KNJIGA"},"content":{"rendered":"<section class=\"wpb-content-wrapper\"><p>[vc_row full_width=&#8221;stretch_row&#8221; content_placement=&#8221;bottom&#8221; enable_first_overlay=&#8221;true&#8221; first_overlay_opacity=&#8221;25&#8243; first_background_type=&#8221;gradient&#8221; enable_parallax=&#8221;true&#8221; parallax_background=&#8221;14033&#8243; css=&#8221;.vc_custom_1616669293125{background-position: center !important;background-repeat: no-repeat !important;background-size: cover !important;}&#8221;][vc_column alignment=&#8221;center&#8221;]<div id=\"mpc_textblock-6469f15d141fb8c\" class=\"mpc-textblock mpc-init mpc-animation \" data-animation-in=\"transition.slideDownBigIn||3250||0||100\"><p style=\"text-align: center;\">POSUDBA ELEKTRONI\u010cKIH KNJIGA &#8211; iBIBLOS<\/p>\n<\/div>[\/vc_column][\/vc_row][vc_section][vc_row][vc_column][vc_empty_space height=&#8221;90px&#8221;]<div data-id=\"mpc_divider-5769f15d141fc41\" class=\"mpc-divider-wrap\"><div class=\"mpc-divider mpc-init mpc-align--center \" ><div class=\"mpc-divider__line mpc-side--left\"><span><\/span><\/div><div class=\"mpc-divider__separator\"><div class=\"mpc-divider__content fa fa-circle\"><\/div><\/div><div class=\"mpc-divider__line mpc-side--right\"><span><\/span><\/div><\/div><\/div>[vc_empty_space height=&#8221;50px&#8221;][vc_message]<\/p>\n<p style=\"text-align: justify;\">U tijeku je promjena digitalne platforme iBiblos za posudbu e-knjiga na hrvatskom jeziku na novu platformu Beletrina Digital.<br \/>\nNakon \u0161to dobijemo nove upute, postavit \u0107emo ih na mre\u017enu stranicu Knji\u017enice. Do tada usluga funkcionira, ali je zbog promjene u sustavu za\u0161tite knjiga, podr\u0161ka za neke \u010dita\u010de (Kobo) ukinuta.<br \/>\nDaljnja podr\u0161ka ovisi o proizvo\u0111a\u010du samog \u010dita\u010da. Prema na\u0161im neslu\u017ebenim informacijama bit \u0107e daljnje potpore, ali na\u017ealost nemamo to\u010dan vremenski okvir kada \u0107e se to dogoditi.<\/p>\n<p>[\/vc_message]<div id=\"mpc_textblock-5769f15d141fc71\" class=\"mpc-textblock mpc-init mpc-typography--mpc_preset_103 \"><p>Gradska i sveu\u010dili\u0161na knji\u017enica Osijek omogu\u0107uje <strong>posudbu elektroni\u010dkih knjiga<\/strong> putem platforme <a href=\"https:\/\/www.ibiblos.com\/\" target=\"_blank\" rel=\"noopener\">iBIBLOS<\/a>.<\/p>\n<p>Svaki \u010dlan ima pravo posuditi <strong>3 naslova <\/strong>odjednom. Rok je posudbe <strong>21 dan<\/strong>, bez mogu\u0107nosti rezervacija. Knjiga se ne mo\u017ee vratiti prije isteka roka od <strong>24 sata<\/strong>. Rok posudbe knjige nije mogu\u0107e produ\u017eiti, ali se isti naslov mo\u017ee posuditi jo\u0161 jednom.<\/p>\n<p>E-knjige mogu se posuditi i \u010ditati na svim ure\u0111ajima koji omogu\u0107avaju povezivanje ure\u0111aja s Adobe ID-om i podupiru za\u0161ti\u0107en knji\u017eni format EPUB DRM. iBiblos trenutno je primarno namijenjen mobilnim ure\u0111ajima iOS (iPad, iPhone), mobilnim ure\u0111ajima s operativnim sustavom Android (mobilnim telefonima, tablet ra\u010dunalima i \u010dita\u010dima s e-tintom) te Huawei mobilnim telefonima (Huawei AppGallery). Knjige je mogu\u0107e \u010ditati na najvi\u0161e pet razli\u010ditih ure\u0111aja, no svi moraju biti autorizirani istim korisni\u010dkim podacima.<\/p>\n<p><strong>Upute za izradu iBiblos ra\u010duna dostupne su <a href=\"https:\/\/www.gskos.unios.hr\/wp-content\/uploads\/2021\/03\/upute-za-iBiblos.pdf\" target=\"_blank\" rel=\"noopener\">ovdje<\/a><\/strong>.<\/p>\n<p>Zahtjev za aktivaciju korisni\u010dkog iBiblos ra\u010duna podnosi se putem <a href=\"https:\/\/www.ibiblos.com\/postani-uporabnik\" target=\"_blank\" rel=\"noopener\">mre\u017enog obrasca<\/a>, upisom <em>e-mail<\/em> adrese i proizvoljne lozinke. Nakon toga, potrebno je <strong>upisati korisni\u010dki broj s \u010dlanske iskaznice<\/strong> i JMBG ili<strong> jedinstveni PIN (prvih 7 znamenki)<\/strong> koji se dobije u Knji\u017enici. Korisni\u010dki broj i PIN upisuju se samo kod prve prijave kako bi bilo omogu\u0107eno povezivanje s knji\u017eni\u010dnim programom.<\/p>\n<p>Ukoliko vam je isteklo \u010dlanstvo u knji\u017enici, ne\u0107ete biti u mogu\u0107nosti posu\u0111ivati e-knjige dok ne obnovite \u010dlanstvo.<\/p>\n<p>Sve dodatne informacije mogu se dobiti na <em>e-mail<\/em>: ibiblos@gskos.hr, u Knji\u017enici ili na broj telefona:031\/211-272 ili 031\/211-233.<\/p>\n<p><img loading=\"lazy\" class=\"aligncenter wp-image-14028 size-large\" src=\"https:\/\/www.gskos.unios.hr\/wp-content\/uploads\/2021\/03\/Izrezak7-1024x673.png\" alt=\"\" width=\"696\" height=\"457\" srcset=\"https:\/\/www.gskos.unios.hr\/wp-content\/uploads\/2021\/03\/Izrezak7-1024x673.png 1024w, https:\/\/www.gskos.unios.hr\/wp-content\/uploads\/2021\/03\/Izrezak7-300x197.png 300w, https:\/\/www.gskos.unios.hr\/wp-content\/uploads\/2021\/03\/Izrezak7-768x505.png 768w, https:\/\/www.gskos.unios.hr\/wp-content\/uploads\/2021\/03\/Izrezak7-696x457.png 696w, https:\/\/www.gskos.unios.hr\/wp-content\/uploads\/2021\/03\/Izrezak7-741x486.png 741w, https:\/\/www.gskos.unios.hr\/wp-content\/uploads\/2021\/03\/Izrezak7-1068x702.png 1068w, https:\/\/www.gskos.unios.hr\/wp-content\/uploads\/2021\/03\/Izrezak7-639x420.png 639w, https:\/\/www.gskos.unios.hr\/wp-content\/uploads\/2021\/03\/Izrezak7.png 1155w\" sizes=\"(max-width: 696px) 100vw, 696px\" \/><\/p>\n<\/div>[vc_empty_space height=&#8221;100px&#8221;][\/vc_column][\/vc_row][\/vc_section][vc_row][vc_column][\/vc_column][\/vc_row]<\/p>\n<\/section>","protected":false},"excerpt":{"rendered":"<p>[vc_row full_width=&#8221;stretch_row&#8221; content_placement=&#8221;bottom&#8221; enable_first_overlay=&#8221;true&#8221; first_overlay_opacity=&#8221;25&#8243; first_background_type=&#8221;gradient&#8221; enable_parallax=&#8221;true&#8221; parallax_background=&#8221;14033&#8243; css=&#8221;.vc_custom_1616669293125{background-position: center !important;background-repeat: no-repeat !important;background-size: cover !important;}&#8221;][vc_column alignment=&#8221;center&#8221;][\/vc_column][\/vc_row][vc_section][vc_row][vc_column][vc_empty_space height=&#8221;90px&#8221;][vc_empty_space height=&#8221;50px&#8221;][vc_message] U tijeku je promjena digitalne platforme iBiblos za posudbu e-knjiga na hrvatskom jeziku na novu platformu Beletrina Digital. Nakon \u0161to dobijemo nove upute, postavit \u0107emo ih na mre\u017enu stranicu Knji\u017enice. Do tada usluga funkcionira, ali je zbog<\/p>\n","protected":false},"author":15,"featured_media":0,"parent":0,"menu_order":0,"comment_status":"closed","ping_status":"closed","template":"","meta":{"_mi_skip_tracking":false},"_links":{"self":[{"href":"https:\/\/www.gskos.unios.hr\/index.php\/wp-json\/wp\/v2\/pages\/13994"}],"collection":[{"href":"https:\/\/www.gskos.unios.hr\/index.php\/wp-json\/wp\/v2\/pages"}],"about":[{"href":"https:\/\/www.gskos.unios.hr\/index.php\/wp-json\/wp\/v2\/types\/page"}],"author":[{"embeddable":true,"href":"https:\/\/www.gskos.unios.hr\/index.php\/wp-json\/wp\/v2\/users\/15"}],"replies":[{"embeddable":true,"href":"https:\/\/www.gskos.unios.hr\/index.php\/wp-json\/wp\/v2\/comments?post=13994"}],"version-history":[{"count":22,"href":"https:\/\/www.gskos.unios.hr\/index.php\/wp-json\/wp\/v2\/pages\/13994\/revisions"}],"predecessor-version":[{"id":21506,"href":"https:\/\/www.gskos.unios.hr\/index.php\/wp-json\/wp\/v2\/pages\/13994\/revisions\/21506"}],"wp:attachment":[{"href":"https:\/\/www.gskos.unios.hr\/index.php\/wp-json\/wp\/v2\/media?parent=13994"}],"curies":[{"name":"wp","href":"https:\/\/api.w.org\/{rel}","templated":true}]}}