{"id":14007,"date":"2021-03-25T12:12:28","date_gmt":"2021-03-25T11:12:28","guid":{"rendered":"https:\/\/www.gskos.unios.hr\/?page_id=14007"},"modified":"2024-03-01T08:38:18","modified_gmt":"2024-03-01T07:38:18","slug":"mknjiznica","status":"publish","type":"page","link":"https:\/\/www.gskos.unios.hr\/index.php\/mknjiznica\/","title":{"rendered":"MOBILNA APLIKACIJA GISKO"},"content":{"rendered":"<section class=\"wpb-content-wrapper\"><p>[vc_row full_width=&#8221;stretch_row&#8221; content_placement=&#8221;bottom&#8221; enable_first_overlay=&#8221;true&#8221; first_overlay_opacity=&#8221;25&#8243; first_background_type=&#8221;gradient&#8221; enable_parallax=&#8221;true&#8221; parallax_background=&#8221;13207&#8243; parallax_style=&#8221;fixed&#8221; css=&#8221;.vc_custom_1616505371424{background-position: center !important;background-repeat: no-repeat !important;background-size: cover !important;}&#8221;][vc_column alignment=&#8221;center&#8221;]<div id=\"mpc_textblock-4069d7bcfe7a6e4\" class=\"mpc-textblock mpc-init mpc-typography--preset_0 mpc-animation \" data-animation-in=\"transition.slideDownBigIn||3250||0||100\"><p style=\"text-align: center;\">MOBILNA APLIKACIJA GISKO &#8211; mKNJI\u017dNICA<\/p>\n<\/div>[\/vc_column][\/vc_row][vc_row][vc_column][vc_empty_space height=&#8221;90px&#8221;]<div data-id=\"mpc_divider-9969d7bcfe7a80c\" class=\"mpc-divider-wrap\"><div class=\"mpc-divider mpc-init mpc-align--center \" ><div class=\"mpc-divider__line mpc-side--left\"><span><\/span><\/div><div class=\"mpc-divider__separator\"><div class=\"mpc-divider__content fa fa-circle\"><\/div><\/div><div class=\"mpc-divider__line mpc-side--right\"><span><\/span><\/div><\/div><\/div>[vc_empty_space height=&#8221;50px&#8221;][\/vc_column][\/vc_row][vc_row][vc_column]<div id=\"mpc_textblock-9469d7bcfe7a850\" class=\"mpc-textblock mpc-init mpc-typography--mpc_preset_103 \"><p>Gradska i sveu\u010dili\u0161na knji\u017enica Osijek nudi svojim korisnicima digitalnu uslugu \u2013 <strong>mKnji\u017enica<\/strong>. Rije\u010d je o aplikaciji <strong>GISKO knjiznica Osijek<\/strong> za mobilne telefone s Android i iOS operacijskim sustavima, koja olak\u0161ava i pojednostavljuje komunikaciju korisnika s Knji\u017enicom.<\/p>\n<p>Uz pomo\u0107 ove aplikacije korisnici mogu pretra\u017eivati mre\u017eni katalog Knji\u017enice, pregledati kalendar doga\u0111anja, produ\u017eiti rok posudbe ili zatra\u017eiti pripremu literature. Aplikacija sadr\u017ei i druge elemente koji su klju\u010dni za korisnike, kao \u0161to su radno vrijeme Knji\u017enice, \u010desta pitanja, kontakti, poveznice na <a href=\"https:\/\/www.facebook.com\/GiskoKnjiznic\/\" target=\"_blank\" rel=\"noopener\">Facebook<\/a>, <a href=\"https:\/\/twitter.com\/giskoknjiznica\" target=\"_blank\" rel=\"noopener\">Twitter<\/a>, <a href=\"https:\/\/www.instagram.com\/explore\/tags\/gisko\/\" target=\"_blank\" rel=\"noopener\">Instagram<\/a>, <a href=\"https:\/\/www.youtube.com\/channel\/UCAePT8y3y4ORSGSLb9GZjUA\" target=\"_blank\" rel=\"noopener\">Youtube kanal Knji\u017enice<\/a> i <a href=\"https:\/\/www.ibiblos.com\/\" target=\"_blank\" rel=\"noopener\">iBiblos<\/a>.<\/p>\n<p>Aplikacija omogu\u0107ava generiranje korisni\u010dkog broja u barkod koji se prikazuje na zaslonu pametnog telefona, te ga korisnici daju na skeniranje djelatnicima posudbenih odjela tako da vi\u0161e ne moraju nositi \u010dlansku iskaznicu prilikom posudbe gra\u0111e ili rada u \u010ditaonicama.<\/p>\n<p>Ovu su aplikaciju prvi razvili djelatnici koprivni\u010dke Knji\u017enice i \u010ditaonice \u201cFran Galovi\u0107\u201d, a u suradnji s njima aplikaciju smo prilagodili poslovanju na\u0161e knji\u017enice i potrebama na\u0161ih korisnika.<\/p>\n<p>Aplikacija <strong>GISKO knjiznica Osijek<\/strong> mo\u017ee se instalirati putem <a href=\"https:\/\/play.google.com\/store\/apps\/details?id=com.mknjiznica.osijek\" target=\"_blank\" rel=\"noopener\">Google Play-a<\/a>i , Huawei Store-a ili Apple Store-a.<\/p>\n<\/div>[vc_empty_space height=&#8221;60px&#8221;][\/vc_column][\/vc_row][vc_row][vc_column width=&#8221;1\/2&#8243;]<div id=\"mpc_textblock-6369d7bcfe7a93e\" class=\"mpc-textblock mpc-init mpc-typography--mpc_preset_103 \"><p><img loading=\"lazy\" class=\"size-medium wp-image-13207 aligncenter\" src=\"https:\/\/www.gskos.unios.hr\/wp-content\/uploads\/2020\/12\/mKnjiznica-002-211x300.png\" alt=\"\" width=\"211\" height=\"300\" srcset=\"https:\/\/www.gskos.unios.hr\/wp-content\/uploads\/2020\/12\/mKnjiznica-002-211x300.png 211w, https:\/\/www.gskos.unios.hr\/wp-content\/uploads\/2020\/12\/mKnjiznica-002-720x1024.png 720w, https:\/\/www.gskos.unios.hr\/wp-content\/uploads\/2020\/12\/mKnjiznica-002-768x1092.png 768w, https:\/\/www.gskos.unios.hr\/wp-content\/uploads\/2020\/12\/mKnjiznica-002-1080x1536.png 1080w, https:\/\/www.gskos.unios.hr\/wp-content\/uploads\/2020\/12\/mKnjiznica-002-1441x2048.png 1441w, https:\/\/www.gskos.unios.hr\/wp-content\/uploads\/2020\/12\/mKnjiznica-002-696x989.png 696w, https:\/\/www.gskos.unios.hr\/wp-content\/uploads\/2020\/12\/mKnjiznica-002-1068x1518.png 1068w, https:\/\/www.gskos.unios.hr\/wp-content\/uploads\/2020\/12\/mKnjiznica-002-295x420.png 295w\" sizes=\"(max-width: 211px) 100vw, 211px\" \/><\/p>\n<\/div>[vc_empty_space height=&#8221;100px&#8221;][\/vc_column][vc_column width=&#8221;1\/2&#8243;]<div id=\"mpc_textblock-7069d7bcfe7a9ee\" class=\"mpc-textblock mpc-init mpc-typography--mpc_preset_103 \"><p><img loading=\"lazy\" class=\"alignleft wp-image-14035\" src=\"https:\/\/www.gskos.unios.hr\/wp-content\/uploads\/2021\/03\/qr-code-mknjiznica-obicni-300x300.png\" alt=\"\" width=\"200\" height=\"200\" srcset=\"https:\/\/www.gskos.unios.hr\/wp-content\/uploads\/2021\/03\/qr-code-mknjiznica-obicni-300x300.png 300w, https:\/\/www.gskos.unios.hr\/wp-content\/uploads\/2021\/03\/qr-code-mknjiznica-obicni-1024x1024.png 1024w, https:\/\/www.gskos.unios.hr\/wp-content\/uploads\/2021\/03\/qr-code-mknjiznica-obicni-150x150.png 150w, https:\/\/www.gskos.unios.hr\/wp-content\/uploads\/2021\/03\/qr-code-mknjiznica-obicni-768x768.png 768w, https:\/\/www.gskos.unios.hr\/wp-content\/uploads\/2021\/03\/qr-code-mknjiznica-obicni-696x696.png 696w, https:\/\/www.gskos.unios.hr\/wp-content\/uploads\/2021\/03\/qr-code-mknjiznica-obicni-1068x1068.png 1068w, https:\/\/www.gskos.unios.hr\/wp-content\/uploads\/2021\/03\/qr-code-mknjiznica-obicni-420x420.png 420w, https:\/\/www.gskos.unios.hr\/wp-content\/uploads\/2021\/03\/qr-code-mknjiznica-obicni.png 1148w\" sizes=\"(max-width: 200px) 100vw, 200px\" \/><\/p>\n<\/div>[vc_empty_space height=&#8221;100px&#8221;][\/vc_column][\/vc_row]<\/p>\n<\/section>","protected":false},"excerpt":{"rendered":"<p>[vc_row full_width=&#8221;stretch_row&#8221; content_placement=&#8221;bottom&#8221; enable_first_overlay=&#8221;true&#8221; first_overlay_opacity=&#8221;25&#8243; first_background_type=&#8221;gradient&#8221; enable_parallax=&#8221;true&#8221; parallax_background=&#8221;13207&#8243; parallax_style=&#8221;fixed&#8221; css=&#8221;.vc_custom_1616505371424{background-position: center !important;background-repeat: no-repeat !important;background-size: cover !important;}&#8221;][vc_column alignment=&#8221;center&#8221;][\/vc_column][\/vc_row][vc_row][vc_column][vc_empty_space height=&#8221;90px&#8221;][vc_empty_space height=&#8221;50px&#8221;][\/vc_column][\/vc_row][vc_row][vc_column][vc_empty_space height=&#8221;60px&#8221;][\/vc_column][\/vc_row][vc_row][vc_column width=&#8221;1\/2&#8243;][vc_empty_space height=&#8221;100px&#8221;][\/vc_column][vc_column width=&#8221;1\/2&#8243;][vc_empty_space height=&#8221;100px&#8221;][\/vc_column][\/vc_row]<\/p>\n","protected":false},"author":15,"featured_media":13783,"parent":0,"menu_order":0,"comment_status":"closed","ping_status":"closed","template":"","meta":{"_mi_skip_tracking":false},"_links":{"self":[{"href":"https:\/\/www.gskos.unios.hr\/index.php\/wp-json\/wp\/v2\/pages\/14007"}],"collection":[{"href":"https:\/\/www.gskos.unios.hr\/index.php\/wp-json\/wp\/v2\/pages"}],"about":[{"href":"https:\/\/www.gskos.unios.hr\/index.php\/wp-json\/wp\/v2\/types\/page"}],"author":[{"embeddable":true,"href":"https:\/\/www.gskos.unios.hr\/index.php\/wp-json\/wp\/v2\/users\/15"}],"replies":[{"embeddable":true,"href":"https:\/\/www.gskos.unios.hr\/index.php\/wp-json\/wp\/v2\/comments?post=14007"}],"version-history":[{"count":10,"href":"https:\/\/www.gskos.unios.hr\/index.php\/wp-json\/wp\/v2\/pages\/14007\/revisions"}],"predecessor-version":[{"id":20007,"href":"https:\/\/www.gskos.unios.hr\/index.php\/wp-json\/wp\/v2\/pages\/14007\/revisions\/20007"}],"wp:featuredmedia":[{"embeddable":true,"href":"https:\/\/www.gskos.unios.hr\/index.php\/wp-json\/wp\/v2\/media\/13783"}],"wp:attachment":[{"href":"https:\/\/www.gskos.unios.hr\/index.php\/wp-json\/wp\/v2\/media?parent=14007"}],"curies":[{"name":"wp","href":"https:\/\/api.w.org\/{rel}","templated":true}]}}