{"id":14130,"date":"2021-04-06T12:50:55","date_gmt":"2021-04-06T10:50:55","guid":{"rendered":"https:\/\/www.gskos.unios.hr\/?page_id=14130"},"modified":"2021-04-28T07:54:17","modified_gmt":"2021-04-28T05:54:17","slug":"escape-room","status":"publish","type":"page","link":"https:\/\/www.gskos.unios.hr\/index.php\/escape-room\/","title":{"rendered":"ESCAPE ROOM"},"content":{"rendered":"<section class=\"wpb-content-wrapper\"><p>[vc_row full_width=&#8221;stretch_row&#8221; content_placement=&#8221;bottom&#8221; enable_first_overlay=&#8221;true&#8221; first_overlay_opacity=&#8221;25&#8243; first_background_type=&#8221;gradient&#8221; enable_parallax=&#8221;true&#8221; parallax_background=&#8221;14131&#8243; css=&#8221;.vc_custom_1617704661727{background-position: center !important;background-repeat: no-repeat !important;background-size: cover !important;}&#8221;][vc_column alignment=&#8221;center&#8221;]<div id=\"mpc_textblock-3869d7088baaf99\" class=\"mpc-textblock mpc-init mpc-animation \" data-animation-in=\"transition.slideDownBigIn||3250||0||100\"><p style=\"text-align: center;\">ESCAPE ROOM<\/p>\n<\/div>[\/vc_column][\/vc_row][vc_section][vc_row][vc_column][vc_empty_space height=&#8221;90px&#8221;]<div data-id=\"mpc_divider-6269d7088bab04b\" class=\"mpc-divider-wrap\"><div class=\"mpc-divider mpc-init mpc-align--center \" ><div class=\"mpc-divider__line mpc-side--left\"><span><\/span><\/div><div class=\"mpc-divider__separator\"><div class=\"mpc-divider__content fa fa-circle\"><\/div><\/div><div class=\"mpc-divider__line mpc-side--right\"><span><\/span><\/div><\/div><\/div>[vc_empty_space height=&#8221;50px&#8221;][\/vc_column][\/vc_row][\/vc_section][vc_row][vc_column]<div id=\"mpc_textblock-9269d7088bab075\" class=\"mpc-textblock mpc-init \"><p>Escape room (odnosno, Bijeg iz sobe) predstavlja igru u kojoj se jedna ili vi\u0161e osoba na\u0111e \u201ezato\u010denom\u201c na jednom mjestu iz kojega uz pomo\u0107 tragova mora prona\u0107i izlaz. Ova je igra prvenstveno namijenjena djeci osnovno\u0161kolske dobi, no uz pomo\u0107 roditelja, mogu ju igrati i mla\u0111i. Preporu\u010dujemo igranje na ra\u010dunalu, zbog vidljivosti pojedinih elemenata igre.<\/p>\n<\/div>[vc_empty_space height=&#8221;21px&#8221;]<div data-id=\"mpc_ihover-4169d7088bab128\" class=\"mpc-ihover-wrapper mpc-init \"><div class=\"mpc-ihover-item ih-item circle effect18  right_to_left\" data-effect=\"effect18\"><a  href=\"https:\/\/docs.google.com\/forms\/d\/e\/1FAIpQLSdeg2MJqYSpnHU-ZZ_SZ7twES5eiS6kRuF9-vzMDBu8Be5VBA\/viewform\" target=\"_blank\" title=\"Escape room s No\u0107i knjige 2020.\" ><div class=\"img\"><div class=\"mpc-image-box\" style=\"background-image: url(https:\/\/www.gskos.unios.hr\/wp-content\/uploads\/2021\/02\/escape-room-plakat-01.png);\"><\/div><\/div><div class=\"info\"><div class=\"info-wrap\"><div class=\"mpc-ihover-divider-wrap\"><div class=\"mpc-ihover-divider\"><\/div><\/div><div class=\"mpc-ihover-content mpc-typography--mpc_preset_103\"><p style=\"text-align: center;\">Escape room s no\u0107i knjige 2020.<\/p>\n<\/div><\/div><\/div><\/a><\/div><div class=\"mpc-ihover-item ih-item circle effect18  bottom_to_top\" data-effect=\"effect18\"><a  href=\"https:\/\/docs.google.com\/forms\/d\/e\/1FAIpQLSeGbqUEfS2aRAW6U0S3z7AIoZJRRrUHPOjoX7CMA8Jy2aDhZA\/viewform?usp=sf_link\" target=\"_blank\" title=\"Escape room s No\u0107i knjige 2020.\" ><div class=\"img\"><div class=\"mpc-image-box\" style=\"background-image: url(https:\/\/www.gskos.unios.hr\/wp-content\/uploads\/2021\/04\/gisko-zec11-e1619589167137.png);\"><\/div><\/div><div class=\"info\"><div class=\"info-wrap\"><div class=\"mpc-ihover-divider-wrap\"><div class=\"mpc-ihover-divider\"><\/div><\/div><div class=\"mpc-ihover-content mpc-typography--mpc_preset_103\"><p style=\"text-align: center;\">Escape room Potraga za bijelim zecom 2020.<\/p>\n<\/div><\/div><\/div><\/a><\/div><div class=\"mpc-ihover-item ih-item circle effect18  left_to_right\" data-effect=\"effect18\"><a  href=\"https:\/\/forms.gle\/Q43CeuLZcJebCqRR8\" target=\"_blank\" title=\"Escape room s No\u0107i knjige 2020.\" ><div class=\"img\"><div class=\"mpc-image-box\" style=\"background-image: url(https:\/\/www.gskos.unios.hr\/wp-content\/uploads\/2021\/04\/51841-scaled-e1619422249226.jpg);\"><\/div><\/div><div class=\"info\"><div class=\"info-wrap\"><div class=\"mpc-ihover-divider-wrap\"><div class=\"mpc-ihover-divider\"><\/div><\/div><div class=\"mpc-ihover-content mpc-typography--mpc_preset_103\"><p style=\"text-align: center;\">Escape room s no\u0107i knjige 2021.<\/p>\n<\/div><\/div><\/div><\/a><\/div><\/div>[vc_empty_space height=&#8221;50px&#8221;][\/vc_column][\/vc_row]<\/p>\n<\/section>","protected":false},"excerpt":{"rendered":"<p>[vc_row full_width=&#8221;stretch_row&#8221; content_placement=&#8221;bottom&#8221; enable_first_overlay=&#8221;true&#8221; first_overlay_opacity=&#8221;25&#8243; first_background_type=&#8221;gradient&#8221; enable_parallax=&#8221;true&#8221; parallax_background=&#8221;14131&#8243; css=&#8221;.vc_custom_1617704661727{background-position: center !important;background-repeat: no-repeat !important;background-size: cover !important;}&#8221;][vc_column alignment=&#8221;center&#8221;][\/vc_column][\/vc_row][vc_section][vc_row][vc_column][vc_empty_space height=&#8221;90px&#8221;][vc_empty_space height=&#8221;50px&#8221;][\/vc_column][\/vc_row][\/vc_section][vc_row][vc_column][vc_empty_space height=&#8221;21px&#8221;][vc_empty_space height=&#8221;50px&#8221;][\/vc_column][\/vc_row]<\/p>\n","protected":false},"author":14,"featured_media":0,"parent":0,"menu_order":0,"comment_status":"closed","ping_status":"closed","template":"","meta":{"_mi_skip_tracking":false},"_links":{"self":[{"href":"https:\/\/www.gskos.unios.hr\/index.php\/wp-json\/wp\/v2\/pages\/14130"}],"collection":[{"href":"https:\/\/www.gskos.unios.hr\/index.php\/wp-json\/wp\/v2\/pages"}],"about":[{"href":"https:\/\/www.gskos.unios.hr\/index.php\/wp-json\/wp\/v2\/types\/page"}],"author":[{"embeddable":true,"href":"https:\/\/www.gskos.unios.hr\/index.php\/wp-json\/wp\/v2\/users\/14"}],"replies":[{"embeddable":true,"href":"https:\/\/www.gskos.unios.hr\/index.php\/wp-json\/wp\/v2\/comments?post=14130"}],"version-history":[{"count":7,"href":"https:\/\/www.gskos.unios.hr\/index.php\/wp-json\/wp\/v2\/pages\/14130\/revisions"}],"predecessor-version":[{"id":14369,"href":"https:\/\/www.gskos.unios.hr\/index.php\/wp-json\/wp\/v2\/pages\/14130\/revisions\/14369"}],"wp:attachment":[{"href":"https:\/\/www.gskos.unios.hr\/index.php\/wp-json\/wp\/v2\/media?parent=14130"}],"curies":[{"name":"wp","href":"https:\/\/api.w.org\/{rel}","templated":true}]}}