{"id":14144,"date":"2021-04-06T13:40:32","date_gmt":"2021-04-06T11:40:32","guid":{"rendered":"https:\/\/www.gskos.unios.hr\/?page_id=14144"},"modified":"2021-04-06T13:40:32","modified_gmt":"2021-04-06T11:40:32","slug":"kvizovi-za-odrasle","status":"publish","type":"page","link":"https:\/\/www.gskos.unios.hr\/index.php\/kvizovi-za-odrasle\/","title":{"rendered":"KVIZOVI ZA ODRASLE"},"content":{"rendered":"<section class=\"wpb-content-wrapper\"><p>[vc_row full_width=&#8221;stretch_row&#8221; content_placement=&#8221;bottom&#8221; enable_first_overlay=&#8221;true&#8221; first_overlay_opacity=&#8221;25&#8243; first_background_type=&#8221;gradient&#8221; enable_parallax=&#8221;true&#8221; parallax_background=&#8221;14052&#8243; css=&#8221;.vc_custom_1617709081242{background-position: center !important;background-repeat: no-repeat !important;background-size: cover !important;}&#8221;][vc_column alignment=&#8221;center&#8221;]<div id=\"mpc_textblock-5769f73006290ee\" class=\"mpc-textblock mpc-init mpc-animation \" data-animation-in=\"transition.slideDownBigIn||3250||0||100\"><p style=\"text-align: center;\">KVIZOVI ZA ODRASLE<\/p>\n<\/div>[\/vc_column][\/vc_row][vc_section][vc_row][vc_column][vc_empty_space height=&#8221;90px&#8221;]<div data-id=\"mpc_divider-7969f730062919e\" class=\"mpc-divider-wrap\"><div class=\"mpc-divider mpc-init mpc-align--center \" ><div class=\"mpc-divider__line mpc-side--left\"><span><\/span><\/div><div class=\"mpc-divider__separator\"><div class=\"mpc-divider__content fa fa-circle\"><\/div><\/div><div class=\"mpc-divider__line mpc-side--right\"><span><\/span><\/div><\/div><\/div>[vc_empty_space height=&#8221;50px&#8221;][\/vc_column][\/vc_row][\/vc_section][vc_row][vc_column]<div id=\"mpc_textblock-1469f73006291c7\" class=\"mpc-textblock mpc-init \"><p>Osim GISKO knji\u017eevnog kviza, Gradska i sveu\u010dili\u0161na knji\u017enica Osijek povremeno odr\u017eava prigodne kvizove za odrasle. Dosad su odr\u017eani sljede\u0107i kvizovi:<\/p>\n<\/div>[vc_empty_space height=&#8221;50px&#8221;]<div data-id=\"mpc_ihover-7769f7300629275\" class=\"mpc-ihover-wrapper mpc-init \"><div class=\"mpc-ihover-item ih-item circle effect18  right_to_left\" data-effect=\"effect18\"><a  href=\"https:\/\/docs.google.com\/forms\/d\/e\/1FAIpQLSeGhn_rakdAk_iDBzwt9EEtin2tWPwZZzRfIzwHd2YpwTd86g\/viewform?usp=sf_link\" target=\"_blank\" title=\"GISKO ro\u0111endanski kviz\" ><div class=\"img\"><div class=\"mpc-image-box\" style=\"background-image: url(https:\/\/www.gskos.unios.hr\/wp-content\/uploads\/2021\/02\/high-angle-birthday-cake-with-copy-space-scaled-e1612876125831.jpg);\"><\/div><\/div><div class=\"info\"><div class=\"info-wrap\"><div class=\"mpc-ihover-divider-wrap\"><div class=\"mpc-ihover-divider\"><\/div><\/div><div class=\"mpc-ihover-content mpc-typography--mpc_preset_103\"><p style=\"text-align: center;\">GISKO ro\u0111endanski kviz<\/p>\n<\/div><\/div><\/div><\/a><\/div><div class=\"mpc-ihover-item ih-item circle effect18  left_to_right\" data-effect=\"effect18\"><a  href=\"https:\/\/docs.google.com\/forms\/d\/e\/1FAIpQLScmefAf6LQZUYqW9CM4Sk6VWjh0Us1DWSj3K7aWeAaUeNCErQ\/viewform?usp=sf_link\" target=\"_blank\" title=\"GISKO knji\u017eevni kviz: Poljska\" ><div class=\"img\"><div class=\"mpc-image-box\" style=\"background-image: url(https:\/\/www.gskos.unios.hr\/wp-content\/uploads\/2021\/01\/2666050.png);\"><\/div><\/div><div class=\"info\"><div class=\"info-wrap\"><div class=\"mpc-ihover-divider-wrap\"><div class=\"mpc-ihover-divider\"><\/div><\/div><div class=\"mpc-ihover-content mpc-typography--mpc_preset_103\"><p style=\"text-align: center;\">GISKO knji\u017eevni kviz: Poljska<\/p>\n<\/div><\/div><\/div><\/a><\/div><\/div>[\/vc_column][\/vc_row]<\/p>\n<\/section>","protected":false},"excerpt":{"rendered":"<p>[vc_row full_width=&#8221;stretch_row&#8221; content_placement=&#8221;bottom&#8221; enable_first_overlay=&#8221;true&#8221; first_overlay_opacity=&#8221;25&#8243; first_background_type=&#8221;gradient&#8221; enable_parallax=&#8221;true&#8221; parallax_background=&#8221;14052&#8243; css=&#8221;.vc_custom_1617709081242{background-position: center !important;background-repeat: no-repeat !important;background-size: cover !important;}&#8221;][vc_column alignment=&#8221;center&#8221;][\/vc_column][\/vc_row][vc_section][vc_row][vc_column][vc_empty_space height=&#8221;90px&#8221;][vc_empty_space height=&#8221;50px&#8221;][\/vc_column][\/vc_row][\/vc_section][vc_row][vc_column][vc_empty_space height=&#8221;50px&#8221;][\/vc_column][\/vc_row]<\/p>\n","protected":false},"author":14,"featured_media":0,"parent":0,"menu_order":0,"comment_status":"closed","ping_status":"closed","template":"","meta":{"_mi_skip_tracking":false},"_links":{"self":[{"href":"https:\/\/www.gskos.unios.hr\/index.php\/wp-json\/wp\/v2\/pages\/14144"}],"collection":[{"href":"https:\/\/www.gskos.unios.hr\/index.php\/wp-json\/wp\/v2\/pages"}],"about":[{"href":"https:\/\/www.gskos.unios.hr\/index.php\/wp-json\/wp\/v2\/types\/page"}],"author":[{"embeddable":true,"href":"https:\/\/www.gskos.unios.hr\/index.php\/wp-json\/wp\/v2\/users\/14"}],"replies":[{"embeddable":true,"href":"https:\/\/www.gskos.unios.hr\/index.php\/wp-json\/wp\/v2\/comments?post=14144"}],"version-history":[{"count":2,"href":"https:\/\/www.gskos.unios.hr\/index.php\/wp-json\/wp\/v2\/pages\/14144\/revisions"}],"predecessor-version":[{"id":14146,"href":"https:\/\/www.gskos.unios.hr\/index.php\/wp-json\/wp\/v2\/pages\/14144\/revisions\/14146"}],"wp:attachment":[{"href":"https:\/\/www.gskos.unios.hr\/index.php\/wp-json\/wp\/v2\/media?parent=14144"}],"curies":[{"name":"wp","href":"https:\/\/api.w.org\/{rel}","templated":true}]}}