{"id":15552,"date":"2021-11-15T11:16:26","date_gmt":"2021-11-15T10:16:26","guid":{"rendered":"https:\/\/www.gskos.unios.hr\/?page_id=15552"},"modified":"2021-11-22T09:25:57","modified_gmt":"2021-11-22T08:25:57","slug":"bojanka-shakespeare","status":"publish","type":"page","link":"https:\/\/www.gskos.unios.hr\/index.php\/bojanka-shakespeare\/","title":{"rendered":"BOJANKA"},"content":{"rendered":"<section class=\"wpb-content-wrapper\"><p>[vc_row full_width=&#8221;stretch_row&#8221; content_placement=&#8221;bottom&#8221; enable_first_overlay=&#8221;true&#8221; first_overlay_opacity=&#8221;16&#8243; first_background_type=&#8221;gradient&#8221; enable_parallax=&#8221;true&#8221; parallax_background=&#8221;15568&#8243; css=&#8221;.vc_custom_1636977544070{background-position: center !important;background-repeat: no-repeat !important;background-size: cover !important;}&#8221;][vc_column alignment=&#8221;center&#8221;]<div id=\"mpc_textblock-469f7300643134\" class=\"mpc-textblock mpc-init mpc-animation \" data-animation-in=\"transition.slideDownBigIn||3250||0||100\"><p style=\"text-align: center;\">BOJANKA<\/p>\n<\/div>[\/vc_column][\/vc_row][vc_row][vc_column][vc_separator][\/vc_column][\/vc_row][vc_row][vc_column][vc_separator][\/vc_column][\/vc_row][vc_row][vc_column]<div id=\"mpc_textblock-9769f73006431cb\" class=\"mpc-textblock mpc-init \"><p style=\"text-align: justify;\">Bojanje je tehnika koja mo\u017ee smanjiti stres i negativne emocije te pove\u0107ati opu\u0161tenost i pobolj\u0161ati pa\u017enju. Istovremeno je bojanje i vrlo ugodna aktivnost zato \u0161to je idealna za sve uzraste, od djece do osoba starije odrasle dobi.<br \/>\nU legatu Hengl me\u0111u mno\u0161tvom lijepo opremljenih knjiga prona\u0161li smo knjigu <strong>Moritza Retzscha \u201eOutlines to Shakespeare&#8217;s Dramatic Works\u201c <\/strong>(Leipzig, 1871.) koja sadr\u017ei skice za izradu scenografija za postavljanje na scenu Shakespearovih djela. Odlu\u010dili smo izdvojili nekoliko tih crte\u017ea i ponuditi ih vam kao bojanku.<br \/>\nBudite kreativni, a ako ste iznimno zadovoljni svojim uratkom, po\u0161aljite nam ga na mail adresu <a href=\"mailto:gisko@gskos.hr\">gisko@gskos.hr<\/a> ili u komentaru na\u0161e FB stranice, mi \u0107emo ih objaviti, a najbolje i nagraditi.<\/p>\n<\/div>[vc_empty_space height=&#8221;50px&#8221;][\/vc_column][\/vc_row][vc_row][vc_column][vc_separator][\/vc_column][\/vc_row][vc_row][vc_column]<div data-id=\"mpc_ihover-5869f7300643285\" class=\"mpc-ihover-wrapper mpc-init \"><div class=\"mpc-ihover-item ih-item square effect10  top_to_bottom\" data-effect=\"effect10\"><a  href=\"https:\/\/www.gskos.unios.hr\/wp-content\/uploads\/2018\/05\/Hamlet.pdf\" title=\"\" ><div class=\"img\"><div class=\"mpc-image-box\" style=\"background-image: url(https:\/\/www.gskos.unios.hr\/wp-content\/uploads\/2018\/05\/hamletIKONA.png);\"><\/div><\/div><div class=\"info\"><div class=\"info-wrap\"><h3 class=\"mpc-ihover-title\"><\/h3><div class=\"mpc-ihover-divider-wrap\"><div class=\"mpc-ihover-divider\"><\/div><\/div><div class=\"mpc-ihover-content\"><p style=\"text-align: center;\"><strong>HAMLET<\/strong><\/p>\n<p style=\"text-align: center;\">[download .pdf]<\/p>\n<\/div><\/div><\/div><\/a><\/div><div class=\"mpc-ihover-item ih-item square effect10  top_to_bottom\" data-effect=\"effect10\"><a  href=\"https:\/\/www.gskos.unios.hr\/wp-content\/uploads\/2018\/05\/MacbethM.pdf\" title=\"\" ><div class=\"img\"><div class=\"mpc-image-box\" style=\"background-image: url(https:\/\/www.gskos.unios.hr\/wp-content\/uploads\/2018\/05\/macbethIKONA.png);\"><\/div><\/div><div class=\"info\"><div class=\"info-wrap\"><h3 class=\"mpc-ihover-title\"><\/h3><div class=\"mpc-ihover-divider-wrap\"><div class=\"mpc-ihover-divider\"><\/div><\/div><div class=\"mpc-ihover-content\"><p style=\"text-align: center;\"><strong>MACBETH<\/strong><\/p>\n<p style=\"text-align: center;\">[download .pdf]<\/p>\n<\/div><\/div><\/div><\/a><\/div><div class=\"mpc-ihover-item ih-item square effect10  top_to_bottom\" data-effect=\"effect10\"><a  href=\"https:\/\/www.gskos.unios.hr\/wp-content\/uploads\/2018\/05\/RJM.pdf\" title=\"\" ><div class=\"img\"><div class=\"mpc-image-box\" style=\"background-image: url(https:\/\/www.gskos.unios.hr\/wp-content\/uploads\/2018\/05\/RJ.png);\"><\/div><\/div><div class=\"info\"><div class=\"info-wrap\"><h3 class=\"mpc-ihover-title\"><\/h3><div class=\"mpc-ihover-divider-wrap\"><div class=\"mpc-ihover-divider\"><\/div><\/div><div class=\"mpc-ihover-content\"><p style=\"text-align: center;\"><strong>ROMEO and JULIET<\/strong><\/p>\n<p style=\"text-align: center;\">[download .pdf]<\/p>\n<\/div><\/div><\/div><\/a><\/div><\/div>[vc_empty_space height=&#8221;50px&#8221;][\/vc_column][\/vc_row][vc_row][vc_column][vc_separator][\/vc_column][\/vc_row][vc_row][vc_column][vc_separator][\/vc_column][\/vc_row]<\/p>\n<\/section>","protected":false},"excerpt":{"rendered":"<p>[vc_row full_width=&#8221;stretch_row&#8221; content_placement=&#8221;bottom&#8221; enable_first_overlay=&#8221;true&#8221; first_overlay_opacity=&#8221;16&#8243; first_background_type=&#8221;gradient&#8221; enable_parallax=&#8221;true&#8221; parallax_background=&#8221;15568&#8243; css=&#8221;.vc_custom_1636977544070{background-position: center !important;background-repeat: no-repeat !important;background-size: cover !important;}&#8221;][vc_column alignment=&#8221;center&#8221;][\/vc_column][\/vc_row][vc_row][vc_column][vc_separator][\/vc_column][\/vc_row][vc_row][vc_column][vc_separator][\/vc_column][\/vc_row][vc_row][vc_column][vc_empty_space height=&#8221;50px&#8221;][\/vc_column][\/vc_row][vc_row][vc_column][vc_separator][\/vc_column][\/vc_row][vc_row][vc_column][vc_empty_space height=&#8221;50px&#8221;][\/vc_column][\/vc_row][vc_row][vc_column][vc_separator][\/vc_column][\/vc_row][vc_row][vc_column][vc_separator][\/vc_column][\/vc_row]<\/p>\n","protected":false},"author":12,"featured_media":0,"parent":0,"menu_order":0,"comment_status":"closed","ping_status":"closed","template":"","meta":{"_mi_skip_tracking":false},"_links":{"self":[{"href":"https:\/\/www.gskos.unios.hr\/index.php\/wp-json\/wp\/v2\/pages\/15552"}],"collection":[{"href":"https:\/\/www.gskos.unios.hr\/index.php\/wp-json\/wp\/v2\/pages"}],"about":[{"href":"https:\/\/www.gskos.unios.hr\/index.php\/wp-json\/wp\/v2\/types\/page"}],"author":[{"embeddable":true,"href":"https:\/\/www.gskos.unios.hr\/index.php\/wp-json\/wp\/v2\/users\/12"}],"replies":[{"embeddable":true,"href":"https:\/\/www.gskos.unios.hr\/index.php\/wp-json\/wp\/v2\/comments?post=15552"}],"version-history":[{"count":23,"href":"https:\/\/www.gskos.unios.hr\/index.php\/wp-json\/wp\/v2\/pages\/15552\/revisions"}],"predecessor-version":[{"id":15681,"href":"https:\/\/www.gskos.unios.hr\/index.php\/wp-json\/wp\/v2\/pages\/15552\/revisions\/15681"}],"wp:attachment":[{"href":"https:\/\/www.gskos.unios.hr\/index.php\/wp-json\/wp\/v2\/media?parent=15552"}],"curies":[{"name":"wp","href":"https:\/\/api.w.org\/{rel}","templated":true}]}}