{"id":15626,"date":"2021-11-17T13:21:32","date_gmt":"2021-11-17T12:21:32","guid":{"rendered":"https:\/\/www.gskos.unios.hr\/?page_id=15626"},"modified":"2022-08-24T13:36:16","modified_gmt":"2022-08-24T11:36:16","slug":"bibliokombi","status":"publish","type":"page","link":"https:\/\/www.gskos.unios.hr\/index.php\/bibliokombi\/","title":{"rendered":"KNJI\u017dNICA NA KU\u0106NOM PRAGU"},"content":{"rendered":"<section class=\"wpb-content-wrapper\"><p>[vc_row full_width=&#8221;stretch_row&#8221; content_placement=&#8221;bottom&#8221; enable_first_overlay=&#8221;true&#8221; first_overlay_opacity=&#8221;25&#8243; first_background_type=&#8221;gradient&#8221; enable_parallax=&#8221;true&#8221; parallax_background=&#8221;15637&#8243; css=&#8221;.vc_custom_1637152633431{background-position: center !important;background-repeat: no-repeat !important;background-size: cover !important;}&#8221;][vc_column alignment=&#8221;center&#8221;]<div id=\"mpc_textblock-6969f49c5a657f0\" class=\"mpc-textblock mpc-init mpc-typography--preset_0 mpc-animation \" data-animation-in=\"transition.slideDownBigIn||3250||0||100\"><p style=\"text-align: center;\">KNJI\u017dNICA NA KU\u0106NOM PRAGU<\/p>\n<\/div>[\/vc_column][\/vc_row][vc_row][vc_column][vc_empty_space height=&#8221;90px&#8221;]<div data-id=\"mpc_divider-9569f49c5a658a2\" class=\"mpc-divider-wrap\"><div class=\"mpc-divider mpc-init mpc-align--center \" ><div class=\"mpc-divider__line mpc-side--left\"><span><\/span><\/div><div class=\"mpc-divider__separator\"><div class=\"mpc-divider__content fa fa-circle\"><\/div><\/div><div class=\"mpc-divider__line mpc-side--right\"><span><\/span><\/div><\/div><\/div>[vc_empty_space height=&#8221;50px&#8221;][\/vc_column][\/vc_row][vc_row][vc_column]<div id=\"mpc_textblock-9069f49c5a658d3\" class=\"mpc-textblock mpc-init mpc-typography--mpc_preset_103 \"><p>Usluga <strong>Knji\u017enica na ku\u0107nom pragu <\/strong>Gradske i sveu\u010dili\u0161ne knji\u017enice Osijek obuhva\u0107a dostavu knjiga na ku\u0107nu adresu korisnika.<\/p>\n<p>Prije svega namijenjena je <strong>osobama tre\u0107e \u017eivotne dobi \u2013 trajno ili privremeno<\/strong> <strong>nepokretnim i te\u0161ko pokretnim osobama<\/strong>, <strong>osobama s invaliditetom te osobama koje su u samoizolaciji ili izolaciji uzrokovanom virusom <\/strong><strong>\u201cSARS \u2013 CoV-2\u201d<\/strong> s prebivali\u0161tem u<strong> gradu Osijeku i prigradskim naseljima u sastavu grada, <\/strong>koji zbog trajne ili privremene, ograni\u010dene ili onemogu\u0107ene pokretljivosti ne mogu samostalno dolaziti u Knji\u017enicu.<\/p>\n<p>Svi postoje\u0107i i novi \u010dlanovi Knji\u017enice mogu ovu uslugu koristiti <strong>besplatno<\/strong> uz ispunjavanje <strong>Izjave o nemogu\u0107nosti dolaska do knji\u017enice<\/strong>.<\/p>\n<p>Narud\u017ebe za dostavljanje knjiga zaprimaju se na <em>e-mail<\/em> adresu: <a href=\"mailto:bibliokombi@gskos.hr\">bibliokombi@gskos.hr<\/a> ili telefonski na broj <strong>031 211233<\/strong>.<\/p>\n<p>Dostavu knjiga na ku\u0107nu adresu obavljat \u0107e <strong>BiblioKombi <\/strong>\u010detvrtkom i petkom, a korisnici \u0107e o to\u010dnom terminu dostave biti obavije\u0161teni unaprijed.<\/p>\n<p>Uz pripremljene, naru\u010dene naslove, korisnici imaju priliku u samom BiblioKombiju posuditi i druge naslove.<\/p>\n<p>Dodatne informacije mogu se dobiti na broj telefona:<\/p>\n<ul>\n<li><a href=\"https:\/\/www.gskos.unios.hr\/index.php\/odsjek_za_odrasle\/\">Posudbeni odjel za odrasle GISKO<\/a><\/li>\n<li>BiblioKombi 031 211233<\/li>\n<li>Odgovorna osoba \u2013 Sini\u0161a Petkovi\u0107<\/li>\n<\/ul>\n<\/div>[vc_empty_space height=&#8221;60px&#8221;][\/vc_column][\/vc_row][vc_row][vc_column][vc_single_image image=&#8221;17421&#8243; img_size=&#8221;full&#8221; alignment=&#8221;center&#8221;][\/vc_column][\/vc_row]<\/p>\n<\/section>","protected":false},"excerpt":{"rendered":"<p>[vc_row full_width=&#8221;stretch_row&#8221; content_placement=&#8221;bottom&#8221; enable_first_overlay=&#8221;true&#8221; first_overlay_opacity=&#8221;25&#8243; first_background_type=&#8221;gradient&#8221; enable_parallax=&#8221;true&#8221; parallax_background=&#8221;15637&#8243; css=&#8221;.vc_custom_1637152633431{background-position: center !important;background-repeat: no-repeat !important;background-size: cover !important;}&#8221;][vc_column alignment=&#8221;center&#8221;][\/vc_column][\/vc_row][vc_row][vc_column][vc_empty_space height=&#8221;90px&#8221;][vc_empty_space height=&#8221;50px&#8221;][\/vc_column][\/vc_row][vc_row][vc_column][vc_empty_space height=&#8221;60px&#8221;][\/vc_column][\/vc_row][vc_row][vc_column][vc_single_image image=&#8221;17421&#8243; img_size=&#8221;full&#8221; alignment=&#8221;center&#8221;][\/vc_column][\/vc_row]<\/p>\n","protected":false},"author":13,"featured_media":13783,"parent":0,"menu_order":0,"comment_status":"closed","ping_status":"closed","template":"","meta":{"_mi_skip_tracking":false},"_links":{"self":[{"href":"https:\/\/www.gskos.unios.hr\/index.php\/wp-json\/wp\/v2\/pages\/15626"}],"collection":[{"href":"https:\/\/www.gskos.unios.hr\/index.php\/wp-json\/wp\/v2\/pages"}],"about":[{"href":"https:\/\/www.gskos.unios.hr\/index.php\/wp-json\/wp\/v2\/types\/page"}],"author":[{"embeddable":true,"href":"https:\/\/www.gskos.unios.hr\/index.php\/wp-json\/wp\/v2\/users\/13"}],"replies":[{"embeddable":true,"href":"https:\/\/www.gskos.unios.hr\/index.php\/wp-json\/wp\/v2\/comments?post=15626"}],"version-history":[{"count":13,"href":"https:\/\/www.gskos.unios.hr\/index.php\/wp-json\/wp\/v2\/pages\/15626\/revisions"}],"predecessor-version":[{"id":17422,"href":"https:\/\/www.gskos.unios.hr\/index.php\/wp-json\/wp\/v2\/pages\/15626\/revisions\/17422"}],"wp:featuredmedia":[{"embeddable":true,"href":"https:\/\/www.gskos.unios.hr\/index.php\/wp-json\/wp\/v2\/media\/13783"}],"wp:attachment":[{"href":"https:\/\/www.gskos.unios.hr\/index.php\/wp-json\/wp\/v2\/media?parent=15626"}],"curies":[{"name":"wp","href":"https:\/\/api.w.org\/{rel}","templated":true}]}}