{"id":16143,"date":"2022-03-09T08:55:29","date_gmt":"2022-03-09T07:55:29","guid":{"rendered":"https:\/\/www.gskos.unios.hr\/?page_id=16143"},"modified":"2024-06-06T13:31:59","modified_gmt":"2024-06-06T11:31:59","slug":"otvoreni_pristup","status":"publish","type":"page","link":"https:\/\/www.gskos.unios.hr\/index.php\/otvoreni_pristup\/","title":{"rendered":"OTVORENI PRISTUP"},"content":{"rendered":"<section class=\"wpb-content-wrapper\"><p>[vc_row full_width=&#8221;stretch_row&#8221; content_placement=&#8221;bottom&#8221; enable_first_overlay=&#8221;true&#8221; first_overlay_opacity=&#8221;25&#8243; first_background_type=&#8221;gradient&#8221; enable_parallax=&#8221;true&#8221; parallax_background=&#8221;14272&#8243; css=&#8221;.vc_custom_1619087372527{background-position: center !important;background-repeat: no-repeat !important;background-size: cover !important;}&#8221;][vc_column alignment=&#8221;center&#8221;]<div id=\"mpc_textblock-969f688be77215\" class=\"mpc-textblock mpc-init mpc-animation \" data-animation-in=\"transition.slideDownBigIn||3250||0||100\"><p style=\"text-align: center;\">DIGITALNA KNJI\u017dNICA<\/p>\n<\/div>[\/vc_column][\/vc_row][vc_section][vc_row][vc_column][vc_empty_space height=&#8221;30px&#8221;][vc_column_text]<\/p>\n<p style=\"font-weight: 400; text-align: justify;\">Digitalna knji\u017enica sadr\u017ei vrijednu i rijetku gra\u0111u na\u0161eg zavi\u010daja, pohranjenu u zbirkama i odjelima Knji\u017enice. Digitaliziraju se zna\u010dajni naslovi iz zavi\u010dajne periodike s po\u010detka 20. stolje\u0107a koje uglavnom \u010dine dio zavi\u010dajne i spomeni\u010dke zbirke, zna\u010dajne monografije (iz zavi\u010dajne zbirke, rare ili legata), osje\u010dke stare razglednice, grafi\u010dke zbirke s motivima Osijeka te katalozi izlo\u017ebi i zbornici radova sa skupova odr\u017eanih u Gradskoj i sveu\u010dili\u0161noj knji\u017enici Osijek. Poseban je projekt digitalizacija knji\u017eevne ba\u0161tine legata Magjer obuhvatio cjelokupni uvid u \u017eivot i djelo toga osje\u010dkoga knji\u017eevnika i pedagoga.<\/p>\n<p>[\/vc_column_text][vc_empty_space height=&#8221;30px&#8221;][\/vc_column][\/vc_row][\/vc_section][vc_row][vc_column]<div data-id=\"mpc_ihover-9169f688be77319\" class=\"mpc-ihover-wrapper mpc-init \"><div class=\"mpc-ihover-item ih-item square effect7  \" data-effect=\"effect7\"><a  href=\"https:\/\/www.gskos.unios.hr\/index.php\/zavicajna-periodika\/\" title=\"ZAVI\u010cAJNA PERIODIKA\" ><div class=\"img\"><div class=\"mpc-image-box\" style=\"background-image: url(https:\/\/www.gskos.unios.hr\/wp-content\/uploads\/2018\/05\/Z-periodika.png);\"><\/div><\/div><div class=\"info\"><div class=\"info-wrap\"><h3 class=\"mpc-ihover-title mpc-typography--mpc_preset_17\">ZAVI\u010cAJNA PERIODIKA<\/h3><div class=\"mpc-ihover-divider-wrap\"><div class=\"mpc-ihover-divider\"><\/div><\/div><div class=\"mpc-ihover-content mpc-typography--mpc_preset_47\"><\/div><\/div><\/div><\/a><\/div><div class=\"mpc-ihover-item ih-item square effect7  \" data-effect=\"effect7\"><a  href=\"https:\/\/www.gskos.unios.hr\/index.php\/zavicajne-monografije\/\" title=\"ZAVI\u010cAJNE MONOGRAFIJE\" ><div class=\"img\"><div class=\"mpc-image-box\" style=\"background-image: url(https:\/\/www.gskos.unios.hr\/wp-content\/uploads\/2018\/05\/Z-monografije.png);\"><\/div><\/div><div class=\"info\"><div class=\"info-wrap\"><h3 class=\"mpc-ihover-title mpc-typography--mpc_preset_17\">ZAVI\u010cAJNE MONOGRAFIJE<\/h3><div class=\"mpc-ihover-divider-wrap\"><div class=\"mpc-ihover-divider\"><\/div><\/div><div class=\"mpc-ihover-content mpc-typography--mpc_preset_47\"><\/div><\/div><\/div><\/a><\/div><div class=\"mpc-ihover-item ih-item square effect7  \" data-effect=\"effect7\"><a  href=\"https:\/\/www.gskos.unios.hr\/index.php\/razglednice_grada_osijeka\/\" title=\"RAZGLEDNICE GRADA OSIJEKA\" ><div class=\"img\"><div class=\"mpc-image-box\" style=\"background-image: url(https:\/\/www.gskos.unios.hr\/wp-content\/uploads\/2018\/05\/Z-razglednice.png);\"><\/div><\/div><div class=\"info\"><div class=\"info-wrap\"><h3 class=\"mpc-ihover-title mpc-typography--mpc_preset_17\">RAZGLEDNICE GRADA OSIJEKA<\/h3><div class=\"mpc-ihover-divider-wrap\"><div class=\"mpc-ihover-divider\"><\/div><\/div><div class=\"mpc-ihover-content mpc-typography--mpc_preset_47\"><\/div><\/div><\/div><\/a><\/div><div class=\"mpc-ihover-item ih-item square effect7  \" data-effect=\"effect7\"><a  href=\"https:\/\/www.gskos.unios.hr\/index.php\/katalozi\/\" title=\"KATALOZI\" ><div class=\"img\"><div class=\"mpc-image-box\" style=\"background-image: url(https:\/\/www.gskos.unios.hr\/wp-content\/uploads\/2018\/05\/Z-katalozi.png);\"><\/div><\/div><div class=\"info\"><div class=\"info-wrap\"><h3 class=\"mpc-ihover-title mpc-typography--mpc_preset_17\">KATALOZI<\/h3><div class=\"mpc-ihover-divider-wrap\"><div class=\"mpc-ihover-divider\"><\/div><\/div><div class=\"mpc-ihover-content mpc-typography--mpc_preset_47\"><\/div><\/div><\/div><\/a><\/div><div class=\"mpc-ihover-item ih-item square effect7  \" data-effect=\"effect7\"><a  href=\"https:\/\/www.gskos.unios.hr\/index.php\/grafike\/\" title=\"GRAFIKE\" ><div class=\"img\"><div class=\"mpc-image-box\" style=\"background-image: url(https:\/\/www.gskos.unios.hr\/wp-content\/uploads\/2018\/05\/Z-grafike.png);\"><\/div><\/div><div class=\"info\"><div class=\"info-wrap\"><h3 class=\"mpc-ihover-title mpc-typography--mpc_preset_17\">GRAFIKE<\/h3><div class=\"mpc-ihover-divider-wrap\"><div class=\"mpc-ihover-divider\"><\/div><\/div><div class=\"mpc-ihover-content mpc-typography--mpc_preset_47\"><\/div><\/div><\/div><\/a><\/div><div class=\"mpc-ihover-item ih-item square effect7  \" data-effect=\"effect7\"><a  href=\"https:\/\/www.gskos.unios.hr\/index.php\/fotografije\/\" title=\"FOTOGRAFIJE\" ><div class=\"img\"><div class=\"mpc-image-box\" style=\"background-image: url(https:\/\/www.gskos.unios.hr\/wp-content\/uploads\/2018\/05\/Z-fotografije.png);\"><\/div><\/div><div class=\"info\"><div class=\"info-wrap\"><h3 class=\"mpc-ihover-title mpc-typography--mpc_preset_17\">FOTOGRAFIJE<\/h3><div class=\"mpc-ihover-divider-wrap\"><div class=\"mpc-ihover-divider\"><\/div><\/div><div class=\"mpc-ihover-content mpc-typography--mpc_preset_47\"><\/div><\/div><\/div><\/a><\/div><div class=\"mpc-ihover-item ih-item square effect7  \" data-effect=\"effect7\"><a  href=\"https:\/\/www.gskos.unios.hr\/index.php\/zemljopisne-karte\/\" title=\"ZEMLJOPISNE KARTE\" ><div class=\"img\"><div class=\"mpc-image-box\" style=\"background-image: url(https:\/\/www.gskos.unios.hr\/wp-content\/uploads\/2018\/05\/Z-karte.png);\"><\/div><\/div><div class=\"info\"><div class=\"info-wrap\"><h3 class=\"mpc-ihover-title mpc-typography--mpc_preset_17\">ZEMLJOPISNE KARTE<\/h3><div class=\"mpc-ihover-divider-wrap\"><div class=\"mpc-ihover-divider\"><\/div><\/div><div class=\"mpc-ihover-content mpc-typography--mpc_preset_47\"><\/div><\/div><\/div><\/a><\/div><div class=\"mpc-ihover-item ih-item square effect7  \" data-effect=\"effect7\"><a  href=\"http:\/\/magjer.gskos.hr\/\" title=\"\" ><div class=\"img\"><div class=\"mpc-image-box\" style=\"background-image: url(https:\/\/www.gskos.unios.hr\/wp-content\/uploads\/2018\/05\/Z-magjer.png);\"><\/div><\/div><div class=\"info\"><div class=\"info-wrap\"><h3 class=\"mpc-ihover-title mpc-typography--mpc_preset_17\">KNJI\u017dEVNA BA\u0160TINA R. F. MAGJERA<\/h3><div class=\"mpc-ihover-divider-wrap\"><div class=\"mpc-ihover-divider\"><\/div><\/div><div class=\"mpc-ihover-content mpc-typography--mpc_preset_47\"><\/div><\/div><\/div><\/a><\/div><\/div>[\/vc_column][\/vc_row]<\/p>\n<\/section>","protected":false},"excerpt":{"rendered":"<p>[vc_row full_width=&#8221;stretch_row&#8221; content_placement=&#8221;bottom&#8221; enable_first_overlay=&#8221;true&#8221; first_overlay_opacity=&#8221;25&#8243; first_background_type=&#8221;gradient&#8221; enable_parallax=&#8221;true&#8221; parallax_background=&#8221;14272&#8243; css=&#8221;.vc_custom_1619087372527{background-position: center !important;background-repeat: no-repeat !important;background-size: cover !important;}&#8221;][vc_column alignment=&#8221;center&#8221;][\/vc_column][\/vc_row][vc_section][vc_row][vc_column][vc_empty_space height=&#8221;30px&#8221;][vc_column_text] Digitalna knji\u017enica sadr\u017ei vrijednu i rijetku gra\u0111u na\u0161eg zavi\u010daja, pohranjenu u zbirkama i odjelima Knji\u017enice. Digitaliziraju se zna\u010dajni naslovi iz zavi\u010dajne periodike s po\u010detka 20. stolje\u0107a koje uglavnom \u010dine dio zavi\u010dajne i spomeni\u010dke zbirke, zna\u010dajne monografije (iz zavi\u010dajne<\/p>\n","protected":false},"author":12,"featured_media":0,"parent":0,"menu_order":0,"comment_status":"closed","ping_status":"closed","template":"","meta":{"_mi_skip_tracking":false},"_links":{"self":[{"href":"https:\/\/www.gskos.unios.hr\/index.php\/wp-json\/wp\/v2\/pages\/16143"}],"collection":[{"href":"https:\/\/www.gskos.unios.hr\/index.php\/wp-json\/wp\/v2\/pages"}],"about":[{"href":"https:\/\/www.gskos.unios.hr\/index.php\/wp-json\/wp\/v2\/types\/page"}],"author":[{"embeddable":true,"href":"https:\/\/www.gskos.unios.hr\/index.php\/wp-json\/wp\/v2\/users\/12"}],"replies":[{"embeddable":true,"href":"https:\/\/www.gskos.unios.hr\/index.php\/wp-json\/wp\/v2\/comments?post=16143"}],"version-history":[{"count":18,"href":"https:\/\/www.gskos.unios.hr\/index.php\/wp-json\/wp\/v2\/pages\/16143\/revisions"}],"predecessor-version":[{"id":17650,"href":"https:\/\/www.gskos.unios.hr\/index.php\/wp-json\/wp\/v2\/pages\/16143\/revisions\/17650"}],"wp:attachment":[{"href":"https:\/\/www.gskos.unios.hr\/index.php\/wp-json\/wp\/v2\/media?parent=16143"}],"curies":[{"name":"wp","href":"https:\/\/api.w.org\/{rel}","templated":true}]}}