{"id":17645,"date":"2022-10-04T13:48:55","date_gmt":"2022-10-04T11:48:55","guid":{"rendered":"https:\/\/www.gskos.unios.hr\/?page_id=17645"},"modified":"2024-02-09T11:25:36","modified_gmt":"2024-02-09T10:25:36","slug":"institucijski-pristup","status":"publish","type":"page","link":"https:\/\/www.gskos.unios.hr\/index.php\/institucijski-pristup\/","title":{"rendered":"INSTITUCIJSKI PRISTUP"},"content":{"rendered":"<section class=\"wpb-content-wrapper\"><p>[vc_row full_width=&#8221;stretch_row&#8221; content_placement=&#8221;bottom&#8221; enable_first_overlay=&#8221;true&#8221; first_overlay_opacity=&#8221;25&#8243; first_background_type=&#8221;gradient&#8221; enable_parallax=&#8221;true&#8221; parallax_background=&#8221;5101&#8243; parallax_style=&#8221;fixed&#8221; css=&#8221;.vc_custom_1707474047409{background-position: center !important;background-repeat: no-repeat !important;background-size: cover !important;}&#8221;][vc_column alignment=&#8221;center&#8221;]<div data-id=\"mpc_image-9869d2ede5ab153\" onclick=\"\" class=\"mpc-image mpc-init mpc-animation mpc-effect--brightness mpc-effect--reverse \"  data-animation-in=\"transition.slideDownIn||1400||0||100\"><a href=\"http:\/\/www.gskos.unios.hr\/\" title=\"\"  class=\"mpc-item mpc-transition\"><img width=\"152\" height=\"89\" src=\"https:\/\/www.gskos.unios.hr\/wp-content\/uploads\/2017\/02\/gisko-web-152.png\" class=\"mpc-transition attachment-medium\" alt=\"\" loading=\"lazy\" title=\"gisko-web-152\" srcset=\"https:\/\/www.gskos.unios.hr\/wp-content\/uploads\/2017\/02\/gisko-web-152.png 152w, https:\/\/www.gskos.unios.hr\/wp-content\/uploads\/2017\/02\/gisko-web-152-150x89.png 150w\" sizes=\"(max-width: 152px) 100vw, 152px\" \/><\/a><\/div><div id=\"mpc_textblock-9269d2ede5ab212\" class=\"mpc-textblock mpc-init mpc-typography--preset_0 mpc-animation \" data-animation-in=\"transition.slideDownBigIn||3250||0||100\"><p style=\"text-align: center;\">INSTITUCIJSKI PRISTUP<\/p>\n<\/div>[\/vc_column][\/vc_row][vc_row][vc_column][vc_empty_space height=&#8221;30px&#8221;][\/vc_column][vc_column][vc_column_text]Uz ve\u0107 postoje\u0107u bogatu zbirku digitalizirane gra\u0111e dostupnu na na\u0161im internetskim stranicama i u repozitoriju Gradske i sveu\u010dili\u0161ne knji\u017enice Osijek od sada se u prostorima Studijske \u010ditaonice mo\u017ee koristiti i pregledavati sva digitalizirana gra\u0111a koja je za\u0161ti\u0107ena autorskim pravima.<\/p>\n<p>Kori\u0161tenje je omogu\u0107eno na posebnom ra\u010dunalu, na kojem na\u0161i korisnici mogu pregledavati pripremljenu gra\u0111u kao \u0161to su monografije, periodika i ostali dokumenti zna\u010dajni za ovo podru\u010dje.<\/p>\n<p>Neki od njih su: ratna izdanja Glasa Slavonije, Informativni list Osje\u010dkog narodnog kazali\u0161ta, \u010dasopis Saponia, monografija \u201eSecesijski duh u arhitekturi i \u017eivotu Osijeka\u201c autora Grgur Marka Ivankovi\u0107a\u2026.[\/vc_column_text][\/vc_column][\/vc_row][vc_row][vc_column]<div id=\"mpc_grid_images-3769d2ede5ab2d8\" class=\"mpc-grid-images mpc-init mpc-effect--none \"  data-grid-cols=\"4\"><div class=\"mpc-item\"><div onclick=\"\" class=\"mpc-grid__image mpc-transition\"><img width=\"214\" height=\"300\" src=\"https:\/\/www.gskos.unios.hr\/wp-content\/uploads\/2024\/02\/1-e1707470425543-214x300.png\" class=\"mpc-transition attachment-medium\" alt=\"\" loading=\"lazy\" title=\"1\" srcset=\"https:\/\/www.gskos.unios.hr\/wp-content\/uploads\/2024\/02\/1-e1707470425543-214x300.png 214w, https:\/\/www.gskos.unios.hr\/wp-content\/uploads\/2024\/02\/1-e1707470425543-299x420.png 299w, https:\/\/www.gskos.unios.hr\/wp-content\/uploads\/2024\/02\/1-e1707470425543.png 444w\" sizes=\"(max-width: 214px) 100vw, 214px\" \/><\/div><\/div><div class=\"mpc-item\"><div onclick=\"\" class=\"mpc-grid__image mpc-transition\"><img width=\"217\" height=\"300\" src=\"https:\/\/www.gskos.unios.hr\/wp-content\/uploads\/2024\/02\/3-e1707470535242-217x300.png\" class=\"mpc-transition attachment-medium\" alt=\"\" loading=\"lazy\" title=\"3\" srcset=\"https:\/\/www.gskos.unios.hr\/wp-content\/uploads\/2024\/02\/3-e1707470535242-217x300.png 217w, https:\/\/www.gskos.unios.hr\/wp-content\/uploads\/2024\/02\/3-e1707470535242-304x420.png 304w, https:\/\/www.gskos.unios.hr\/wp-content\/uploads\/2024\/02\/3-e1707470535242.png 451w\" sizes=\"(max-width: 217px) 100vw, 217px\" \/><\/div><\/div><div class=\"mpc-item\"><div onclick=\"\" class=\"mpc-grid__image mpc-transition\"><img width=\"209\" height=\"300\" src=\"https:\/\/www.gskos.unios.hr\/wp-content\/uploads\/2024\/02\/4-e1707470553449-209x300.png\" class=\"mpc-transition attachment-medium\" alt=\"\" loading=\"lazy\" title=\"4\" srcset=\"https:\/\/www.gskos.unios.hr\/wp-content\/uploads\/2024\/02\/4-e1707470553449-209x300.png 209w, https:\/\/www.gskos.unios.hr\/wp-content\/uploads\/2024\/02\/4-e1707470553449-292x420.png 292w, https:\/\/www.gskos.unios.hr\/wp-content\/uploads\/2024\/02\/4-e1707470553449.png 433w\" sizes=\"(max-width: 209px) 100vw, 209px\" \/><\/div><\/div><div class=\"mpc-item\"><div onclick=\"\" class=\"mpc-grid__image mpc-transition\"><img width=\"199\" height=\"300\" src=\"https:\/\/www.gskos.unios.hr\/wp-content\/uploads\/2024\/02\/2-e1707470513897-199x300.png\" class=\"mpc-transition attachment-medium\" alt=\"\" loading=\"lazy\" title=\"2\" srcset=\"https:\/\/www.gskos.unios.hr\/wp-content\/uploads\/2024\/02\/2-e1707470513897-199x300.png 199w, https:\/\/www.gskos.unios.hr\/wp-content\/uploads\/2024\/02\/2-e1707470513897-279x420.png 279w, https:\/\/www.gskos.unios.hr\/wp-content\/uploads\/2024\/02\/2-e1707470513897.png 414w\" sizes=\"(max-width: 199px) 100vw, 199px\" \/><\/div><\/div><\/div>[\/vc_column][\/vc_row]<\/p>\n<\/section>","protected":false},"excerpt":{"rendered":"<p>[vc_row full_width=&#8221;stretch_row&#8221; content_placement=&#8221;bottom&#8221; enable_first_overlay=&#8221;true&#8221; first_overlay_opacity=&#8221;25&#8243; first_background_type=&#8221;gradient&#8221; enable_parallax=&#8221;true&#8221; parallax_background=&#8221;5101&#8243; parallax_style=&#8221;fixed&#8221; css=&#8221;.vc_custom_1707474047409{background-position: center !important;background-repeat: no-repeat !important;background-size: cover !important;}&#8221;][vc_column alignment=&#8221;center&#8221;][\/vc_column][\/vc_row][vc_row][vc_column][vc_empty_space height=&#8221;30px&#8221;][\/vc_column][vc_column][vc_column_text]Uz ve\u0107 postoje\u0107u bogatu zbirku digitalizirane gra\u0111e dostupnu na na\u0161im internetskim stranicama i u repozitoriju Gradske i sveu\u010dili\u0161ne knji\u017enice Osijek od sada se u prostorima Studijske \u010ditaonice mo\u017ee koristiti i pregledavati sva digitalizirana gra\u0111a koja je za\u0161ti\u0107ena autorskim<\/p>\n","protected":false},"author":12,"featured_media":5101,"parent":0,"menu_order":0,"comment_status":"closed","ping_status":"closed","template":"","meta":{"_mi_skip_tracking":false},"_links":{"self":[{"href":"https:\/\/www.gskos.unios.hr\/index.php\/wp-json\/wp\/v2\/pages\/17645"}],"collection":[{"href":"https:\/\/www.gskos.unios.hr\/index.php\/wp-json\/wp\/v2\/pages"}],"about":[{"href":"https:\/\/www.gskos.unios.hr\/index.php\/wp-json\/wp\/v2\/types\/page"}],"author":[{"embeddable":true,"href":"https:\/\/www.gskos.unios.hr\/index.php\/wp-json\/wp\/v2\/users\/12"}],"replies":[{"embeddable":true,"href":"https:\/\/www.gskos.unios.hr\/index.php\/wp-json\/wp\/v2\/comments?post=17645"}],"version-history":[{"count":9,"href":"https:\/\/www.gskos.unios.hr\/index.php\/wp-json\/wp\/v2\/pages\/17645\/revisions"}],"predecessor-version":[{"id":19874,"href":"https:\/\/www.gskos.unios.hr\/index.php\/wp-json\/wp\/v2\/pages\/17645\/revisions\/19874"}],"wp:featuredmedia":[{"embeddable":true,"href":"https:\/\/www.gskos.unios.hr\/index.php\/wp-json\/wp\/v2\/media\/5101"}],"wp:attachment":[{"href":"https:\/\/www.gskos.unios.hr\/index.php\/wp-json\/wp\/v2\/media?parent=17645"}],"curies":[{"name":"wp","href":"https:\/\/api.w.org\/{rel}","templated":true}]}}