{"id":18185,"date":"2022-12-29T13:59:54","date_gmt":"2022-12-29T12:59:54","guid":{"rendered":"https:\/\/www.gskos.unios.hr\/?page_id=18185"},"modified":"2023-01-10T09:29:34","modified_gmt":"2023-01-10T08:29:34","slug":"online-upisi","status":"publish","type":"page","link":"https:\/\/www.gskos.unios.hr\/index.php\/online-upisi\/","title":{"rendered":"ONLINE UPISI"},"content":{"rendered":"<section class=\"wpb-content-wrapper\"><p>[vc_row full_width=&#8221;stretch_row&#8221; content_placement=&#8221;bottom&#8221; enable_first_overlay=&#8221;true&#8221; first_overlay_opacity=&#8221;25&#8243; first_background_type=&#8221;gradient&#8221; enable_parallax=&#8221;true&#8221; parallax_background=&#8221;18186&#8243; parallax_style=&#8221;fixed&#8221;][vc_column alignment=&#8221;center&#8221;]<div id=\"mpc_textblock-5869d30b0445ac9\" class=\"mpc-textblock mpc-init mpc-typography--preset_0 mpc-animation \" data-animation-in=\"transition.slideDownBigIn||3250||0||100\"><p style=\"text-align: center;\">ONLINE UPISI I OBNOVA \u010cLANSTVA<\/p>\n<\/div>[\/vc_column][\/vc_row][vc_row][vc_column][vc_empty_space height=&#8221;90px&#8221;][\/vc_column][\/vc_row][vc_row][vc_column]<div id=\"mpc_textblock-9069d30b0445b85\" class=\"mpc-textblock mpc-init \"><p>Gradska i sveu\u010dili\u0161na knji\u017enica pru\u017ea mogu\u0107nost <strong><em>online<\/em><\/strong><strong> u\u010dlanjenja <\/strong>kao i <strong><em>online<\/em><\/strong> obnovu \u010dlanstva, s ciljem lak\u0161eg kori\u0161tenja uslugama Knji\u017enice i \u017eivota uz dobru knjigu.\u00a0<em>Online<\/em> u\u010dlanjenje ili produljenje \u010dlanstva mogu\u0107e je za sve nove i postoje\u0107e \u010dlanove.\u00a0<span style=\"text-align: center;\">Nu\u017eno je da su korisnici upoznati s <\/span><strong style=\"text-align: center;\"><a href=\"https:\/\/www.gskos.unios.hr\/index.php\/uvjeti-upisa\/\">uvjetima upisa<\/a> <\/strong>te va\u017ee\u0107im<a href=\"https:\/\/www.gskos.unios.hr\/index.php\/cjenik-usluga\/\"><strong style=\"text-align: center;\"> cjenikom usluga <\/strong><\/a>Gradske i sveu\u010dili\u0161ne knji\u017enice Osijek<strong style=\"text-align: center;\">.\u00a0<\/strong><\/p>\n<p><strong>\u00a0<\/strong>Korisnici i \u010dlanovi trebaju napraviti tek tri jednostavna koraka:<\/p>\n<ol>\n<li><strong>Preuzeti i ispuniti <a href=\"https:\/\/www.gskos.unios.hr\/wp-content\/uploads\/2018\/05\/GISKO-online-upisi_OBRAZAC_EUR.pdf\">pristupnicu za upis<\/a>.<\/strong><\/li>\n<li>Ispunjenu pristupnicu potom <strong>poslati na adresu e-po\u0161te <\/strong><strong style=\"text-align: center;\"><a href=\"mailto:upisi@gskos.hr\">upisi@gskos.hr<\/a>.<\/strong><\/li>\n<li><strong>Izvr\u0161iti uplatu \u010dlanarine prema uputama <\/strong>koje \u0107ete zaprimiti putem e-po\u0161te.<\/li>\n<\/ol>\n<p>Nakon provjere podataka unesenih u elektroni\u010dki ispunjenoj pristupnici, s iste adrese dostavit \u0107emo vam podatke potrebne za uplatu \u010dlanarine. <strong><u>Po izvr\u0161enoj vidljivoj uplati<\/u><\/strong> kontaktirat \u0107emo Vas u najkra\u0107em mogu\u0107em roku te putem e-po\u0161te dostaviti potvrdu o \u010dlanstvu i sve potrebne informacije.<\/p>\n<p><img loading=\"lazy\" class=\"wp-image-18210 aligncenter\" src=\"https:\/\/www.gskos.unios.hr\/wp-content\/uploads\/2022\/12\/gu-300x216.png\" alt=\"\" width=\"593\" height=\"427\" srcset=\"https:\/\/www.gskos.unios.hr\/wp-content\/uploads\/2022\/12\/gu-300x216.png 300w, https:\/\/www.gskos.unios.hr\/wp-content\/uploads\/2022\/12\/gu-1024x738.png 1024w, https:\/\/www.gskos.unios.hr\/wp-content\/uploads\/2022\/12\/gu-768x553.png 768w, https:\/\/www.gskos.unios.hr\/wp-content\/uploads\/2022\/12\/gu-1536x1107.png 1536w, https:\/\/www.gskos.unios.hr\/wp-content\/uploads\/2022\/12\/gu-2048x1476.png 2048w, https:\/\/www.gskos.unios.hr\/wp-content\/uploads\/2022\/12\/gu-696x502.png 696w, https:\/\/www.gskos.unios.hr\/wp-content\/uploads\/2022\/12\/gu-1068x770.png 1068w, https:\/\/www.gskos.unios.hr\/wp-content\/uploads\/2022\/12\/gu-583x420.png 583w\" sizes=\"(max-width: 593px) 100vw, 593px\" \/><\/p>\n<\/div>[vc_empty_space height=&#8221;70px&#8221;][\/vc_column][\/vc_row]<\/p>\n<\/section>","protected":false},"excerpt":{"rendered":"<p>[vc_row full_width=&#8221;stretch_row&#8221; content_placement=&#8221;bottom&#8221; enable_first_overlay=&#8221;true&#8221; first_overlay_opacity=&#8221;25&#8243; first_background_type=&#8221;gradient&#8221; enable_parallax=&#8221;true&#8221; parallax_background=&#8221;18186&#8243; parallax_style=&#8221;fixed&#8221;][vc_column alignment=&#8221;center&#8221;][\/vc_column][\/vc_row][vc_row][vc_column][vc_empty_space height=&#8221;90px&#8221;][\/vc_column][\/vc_row][vc_row][vc_column][vc_empty_space height=&#8221;70px&#8221;][\/vc_column][\/vc_row]<\/p>\n","protected":false},"author":12,"featured_media":18186,"parent":0,"menu_order":0,"comment_status":"closed","ping_status":"closed","template":"","meta":{"_mi_skip_tracking":false},"_links":{"self":[{"href":"https:\/\/www.gskos.unios.hr\/index.php\/wp-json\/wp\/v2\/pages\/18185"}],"collection":[{"href":"https:\/\/www.gskos.unios.hr\/index.php\/wp-json\/wp\/v2\/pages"}],"about":[{"href":"https:\/\/www.gskos.unios.hr\/index.php\/wp-json\/wp\/v2\/types\/page"}],"author":[{"embeddable":true,"href":"https:\/\/www.gskos.unios.hr\/index.php\/wp-json\/wp\/v2\/users\/12"}],"replies":[{"embeddable":true,"href":"https:\/\/www.gskos.unios.hr\/index.php\/wp-json\/wp\/v2\/comments?post=18185"}],"version-history":[{"count":25,"href":"https:\/\/www.gskos.unios.hr\/index.php\/wp-json\/wp\/v2\/pages\/18185\/revisions"}],"predecessor-version":[{"id":18285,"href":"https:\/\/www.gskos.unios.hr\/index.php\/wp-json\/wp\/v2\/pages\/18185\/revisions\/18285"}],"wp:featuredmedia":[{"embeddable":true,"href":"https:\/\/www.gskos.unios.hr\/index.php\/wp-json\/wp\/v2\/media\/18186"}],"wp:attachment":[{"href":"https:\/\/www.gskos.unios.hr\/index.php\/wp-json\/wp\/v2\/media?parent=18185"}],"curies":[{"name":"wp","href":"https:\/\/api.w.org\/{rel}","templated":true}]}}