{"id":19563,"date":"2023-11-28T14:33:05","date_gmt":"2023-11-28T13:33:05","guid":{"rendered":"https:\/\/www.gskos.unios.hr\/?page_id=19563"},"modified":"2023-11-28T14:33:37","modified_gmt":"2023-11-28T13:33:37","slug":"ekultura","status":"publish","type":"page","link":"https:\/\/www.gskos.unios.hr\/index.php\/ekultura\/","title":{"rendered":"eKULTURA"},"content":{"rendered":"<section class=\"wpb-content-wrapper\"><p>[vc_row full_width=&#8221;stretch_row&#8221; content_placement=&#8221;bottom&#8221; enable_first_overlay=&#8221;true&#8221; first_overlay_opacity=&#8221;25&#8243; first_background_type=&#8221;gradient&#8221; enable_parallax=&#8221;true&#8221; parallax_background=&#8221;9141&#8243; css=&#8221;.vc_custom_1701176194410{background-position: center !important;background-repeat: no-repeat !important;background-size: cover !important;}&#8221;][vc_column alignment=&#8221;center&#8221;]<div id=\"mpc_textblock-696a06604015b8c\" class=\"mpc-textblock mpc-init mpc-animation \" data-animation-in=\"transition.slideDownBigIn||3250||0||100\"><p>eKULTURA<\/p>\n<\/div>[\/vc_column][\/vc_row][vc_section][vc_row][vc_column][vc_empty_space height=&#8221;90px&#8221;][\/vc_column][\/vc_row][\/vc_section][vc_row el_id=&#8221;02&#8243;][vc_column el_id=&#8221;02&#8243;][vc_column_text]<a href=\"https:\/\/ekultura.hr\/item-sets\/1999436\/\"><img loading=\"lazy\" class=\"wp-image-19565 size-large aligncenter\" src=\"https:\/\/www.gskos.unios.hr\/wp-content\/uploads\/2023\/11\/eKULTURA-1024x527.png\" alt=\"\" width=\"696\" height=\"358\" srcset=\"https:\/\/www.gskos.unios.hr\/wp-content\/uploads\/2023\/11\/eKULTURA-1024x527.png 1024w, https:\/\/www.gskos.unios.hr\/wp-content\/uploads\/2023\/11\/eKULTURA-300x154.png 300w, https:\/\/www.gskos.unios.hr\/wp-content\/uploads\/2023\/11\/eKULTURA-768x395.png 768w, https:\/\/www.gskos.unios.hr\/wp-content\/uploads\/2023\/11\/eKULTURA-696x358.png 696w, https:\/\/www.gskos.unios.hr\/wp-content\/uploads\/2023\/11\/eKULTURA-1068x550.png 1068w, https:\/\/www.gskos.unios.hr\/wp-content\/uploads\/2023\/11\/eKULTURA-816x420.png 816w, https:\/\/www.gskos.unios.hr\/wp-content\/uploads\/2023\/11\/eKULTURA.png 1403w\" sizes=\"(max-width: 696px) 100vw, 696px\" \/><\/a><\/p>\n<p style=\"text-align: justify;\">Portal eKultura razvijen je u sklopu projekta eKultura &#8220;Digitalizacija kulturne ba\u0161tine&#8221;, financiran sredstvima Europskog fonda za regionalni razvoj u okviru provedbe Operativnog programa &#8220;Konkurentnost i kohezija 2014. \u2013 2020.&#8221; Projekt provodi Ministarstvo kulture i medija u suradnji s partnerskim institucijama Hrvatskim dr\u017eavnim arhivom, Hrvatskom radiotelevizijom, Muzejom za umjetnost i obrt i Nacionalnom i sveu\u010dili\u0161nom knji\u017enicom u Zagrebu.<\/p>\n<p style=\"text-align: justify;\">Portal eKultura u sredi\u0161te stavlja izgradnju i odr\u017eavanje digitalnih usluga radi pobolj\u0161anja dostupnosti, pristupa\u010dnosti i dugoro\u010dnog o\u010duvanja kulturne ba\u0161tine. Ba\u0161tinske institucije neprestano razvijaju pristup digitalizacije gra\u0111e i usluga kako bi bogati izvori informacija koristili gra\u0111anima.<\/p>\n<div class=\"heading-description\" style=\"text-align: justify;\">Na portalu je kulturna ba\u0161tina dostupna svima, povezuje se sa svakodnevnim \u017eivotom, promi\u010de dru\u0161tveni pluralizam, interakciju i uklju\u010divost. Nizu\u00a0zbirki ba\u0161tinskih institucija pridru\u017eena je i zbirka Gradske i sveu\u010dili\u0161ne knji\u017enice Osijek.<\/div>\n<div><\/div>\n<p>[\/vc_column_text][\/vc_column][\/vc_row][vc_row][vc_column][vc_empty_space height=&#8221;90px&#8221;][\/vc_column][\/vc_row]<\/p>\n<\/section>","protected":false},"excerpt":{"rendered":"<p>[vc_row full_width=&#8221;stretch_row&#8221; content_placement=&#8221;bottom&#8221; enable_first_overlay=&#8221;true&#8221; first_overlay_opacity=&#8221;25&#8243; first_background_type=&#8221;gradient&#8221; enable_parallax=&#8221;true&#8221; parallax_background=&#8221;9141&#8243; css=&#8221;.vc_custom_1701176194410{background-position: center !important;background-repeat: no-repeat !important;background-size: cover !important;}&#8221;][vc_column alignment=&#8221;center&#8221;][\/vc_column][\/vc_row][vc_section][vc_row][vc_column][vc_empty_space height=&#8221;90px&#8221;][\/vc_column][\/vc_row][\/vc_section][vc_row el_id=&#8221;02&#8243;][vc_column el_id=&#8221;02&#8243;][vc_column_text] Portal eKultura razvijen je u sklopu projekta eKultura &#8220;Digitalizacija kulturne ba\u0161tine&#8221;, financiran sredstvima Europskog fonda za regionalni razvoj u okviru provedbe Operativnog programa &#8220;Konkurentnost i kohezija 2014. \u2013 2020.&#8221; Projekt provodi Ministarstvo kulture i medija u<\/p>\n","protected":false},"author":12,"featured_media":0,"parent":0,"menu_order":0,"comment_status":"closed","ping_status":"closed","template":"","meta":{"_mi_skip_tracking":false},"_links":{"self":[{"href":"https:\/\/www.gskos.unios.hr\/index.php\/wp-json\/wp\/v2\/pages\/19563"}],"collection":[{"href":"https:\/\/www.gskos.unios.hr\/index.php\/wp-json\/wp\/v2\/pages"}],"about":[{"href":"https:\/\/www.gskos.unios.hr\/index.php\/wp-json\/wp\/v2\/types\/page"}],"author":[{"embeddable":true,"href":"https:\/\/www.gskos.unios.hr\/index.php\/wp-json\/wp\/v2\/users\/12"}],"replies":[{"embeddable":true,"href":"https:\/\/www.gskos.unios.hr\/index.php\/wp-json\/wp\/v2\/comments?post=19563"}],"version-history":[{"count":5,"href":"https:\/\/www.gskos.unios.hr\/index.php\/wp-json\/wp\/v2\/pages\/19563\/revisions"}],"predecessor-version":[{"id":21425,"href":"https:\/\/www.gskos.unios.hr\/index.php\/wp-json\/wp\/v2\/pages\/19563\/revisions\/21425"}],"wp:attachment":[{"href":"https:\/\/www.gskos.unios.hr\/index.php\/wp-json\/wp\/v2\/media?parent=19563"}],"curies":[{"name":"wp","href":"https:\/\/api.w.org\/{rel}","templated":true}]}}