{"id":20004,"date":"2024-03-19T13:38:34","date_gmt":"2024-03-19T12:38:34","guid":{"rendered":"https:\/\/www.gskos.unios.hr\/?page_id=20004"},"modified":"2025-01-15T08:55:14","modified_gmt":"2025-01-15T07:55:14","slug":"energetska-obnova-zgrade-gradske-i-sveucilisne-knjiznice-osijek","status":"publish","type":"page","link":"https:\/\/www.gskos.unios.hr\/index.php\/projekti-i-programi\/energetska-obnova-zgrade-gradske-i-sveucilisne-knjiznice-osijek\/","title":{"rendered":"Energetska obnova zgrade Gradske i sveu\u010dili\u0161ne knji\u017enice Osijek"},"content":{"rendered":"<section class=\"wpb-content-wrapper\"><p>[vc_row full_width=&#8221;stretch_row&#8221; content_placement=&#8221;bottom&#8221; first_background_type=&#8221;gradient&#8221; enable_parallax=&#8221;true&#8221; parallax_background=&#8221;3462&#8243; css=&#8221;.vc_custom_1709291188898{background-position: center !important;background-repeat: no-repeat !important;background-size: cover !important;}&#8221;][vc_column alignment=&#8221;center&#8221;]<div id=\"mpc_textblock-2869f55117c6533\" class=\"mpc-textblock mpc-init mpc-typography--preset_0 mpc-animation \" data-animation-in=\"transition.slideDownBigIn||3250||0||100\"><p>Energetska obnova zgrade Gradske i sveu\u010dili\u0161ne knji\u017enice Osijek<\/p>\n<\/div>[\/vc_column][\/vc_row][vc_row][vc_column][vc_empty_space height=&#8221;50px&#8221;]<div data-id=\"mpc_divider-9669f55117c65da\" class=\"mpc-divider-wrap\"><div class=\"mpc-divider mpc-init mpc-align--center \" ><div class=\"mpc-divider__line mpc-side--left\"><span><\/span><\/div><div class=\"mpc-divider__separator\"><div class=\"mpc-divider__content fa fa-circle\"><\/div><\/div><div class=\"mpc-divider__line mpc-side--right\"><span><\/span><\/div><\/div><\/div>[vc_empty_space height=&#8221;50px&#8221;][vc_column_text]<\/p>\n<div class=\"et_pb_module et_pb_post_content et_pb_post_content_0_tb_body\">\n<p>Mehanizam za oporavak i otpornost EU-a, Nacionalni plan oporavka i otpornosti 2021.-2026.<br \/>\n<strong>Referentni broj projekta:<\/strong> NPOO.C6.1.R1-I3.01.0030<br \/>\n<strong>Izvor financiranja:<\/strong> &#8220;Next Generation EU&#8221; temeljem Nacionalnog plana oporavka i otpornosti 2021.-2026.,<br \/>\n<strong>Nositelj projekta: <\/strong>Sveu\u010dili\u0161te Josipa Jurja Strossmayera u Osijeku Gradska i sveu\u010dili\u0161na knji\u017enica Osijek<br \/>\n<strong>Trajanje projekta<\/strong>: 28. travnja 2023. \u2013 28. travnja 2026.<br \/>\n<strong>Vrijednost projekta<\/strong>: 1.650.125,55 eura<br \/>\n<strong>Prihvatljivi tro\u0161kovi<\/strong>: 1.238.075,89 eura sa stopom sufinanciranja od 100%<\/p>\n<p>Projekt &#8220;Energetska obnova zgrade Gradske i sveu\u010dili\u0161ne knji\u017enice Osijek&#8221;, financira Europska unija\u2013NextGenerationEU u 100%-tnom iznosu. Cilj projekta energetske obnove zgrade Gradske i sveu\u010dili\u0161ne knji\u017enice Osijek (ku\u0107a Gillming-Hengl) jest smanjenje potro\u0161nje energije, smanjenje emisije CO2, odnosno dekarbonizacija zgrade.<br \/>\nPredvi\u0111eno je prete\u017eno zagrijavanje i hla\u0111enje gra\u0111evine s pomo\u0107u dizalica topline zrak-voda, uz dogrijavanje toplinskom podstanicom u sustavu daljinskog grijanja u kriti\u010dnom razdoblju.<\/p>\n<p>O\u010dekivani\u00a0<strong>rezultati projekta<\/strong> jesu:<\/p>\n<ol>\n<li>Energetski obnovljena zgrada Gradske i sveu\u010dili\u0161ne knji\u017enice Osijek povr\u0161ine 2986.08 m2<\/li>\n<li>Ostvarene u\u0161tede u godi\u0161njoj potro\u0161nji primarne energije Gradske i sveu\u010dili\u0161ne knji\u017enice Osijek od -618.35 MWh godi\u0161nje u odnosu na po\u010detnu vrijednost<\/li>\n<\/ol>\n<\/div>\n<p>[\/vc_column_text][\/vc_column][\/vc_row][vc_row][vc_column][vc_empty_space height=&#8221;50px&#8221;]<div data-id=\"mpc_divider-4969f55117c6610\" class=\"mpc-divider-wrap\"><div class=\"mpc-divider mpc-init mpc-align--center \" ><div class=\"mpc-divider__line mpc-side--left\"><span><\/span><\/div><div class=\"mpc-divider__separator\"><div class=\"mpc-divider__content fa fa-circle\"><\/div><\/div><div class=\"mpc-divider__line mpc-side--right\"><span><\/span><\/div><\/div><\/div>[vc_empty_space height=&#8221;50px&#8221;][vc_column_text]Kratki opis projekta (mjere energetske u\u010dinkovitosti):<\/p>\n<p>\u2022 sanacija kapilarne vlage u zidovima suterena;<br \/>\n\u2022 dovr\u0161etak izvedbe podne konstrukcije u potkrovlju;<br \/>\n\u2022 izvedba spu\u0161tenog stropa u potkrovlju zgrade;<br \/>\n\u2022 ugradnja toplinske izolacije po zidovima, dijelu kosog krova i spu\u0161tenog stropa potkrovlja;<br \/>\n\u2022 ugradnja prozora s unutra\u0161nje strane postoje\u0107ih prozora u potkrovlju;<br \/>\n\u2022 zamjena postoje\u0107eg sustava grijanja s toplinskom podstanicom i VRV sustava hla\u0111enja pojedina\u010dnih prostorija;<br \/>\n\u2022 ugradnja sustava ventilokonvektora za temeljno grijanje\/hla\u0111enje s dizalicama topline zrak-voda u bivalentnom radu s kompaktnom toplinskom stanicom;<br \/>\n\u2022 ugradnja sustava ventilacije s rekuperacijom;<br \/>\n\u2022 rekonstrukcija elektroinstalacija;<br \/>\n\u2022 rekonstrukcija unutarnje op\u0107e rasvjete;<br \/>\n\u2022 rekonstrukcija izlo\u017ebene rasvjete;<br \/>\n\u2022 ugradnja pro\u010di\u0161\u0107iva\u010da zraka;<br \/>\n\u2022 ozelenjivanje postoje\u0107ih povr\u0161ina;<br \/>\n\u2022 izvedba parkirali\u0161ta za bicikle.<\/p>\n<p>&#8220;Financira Europska unija \u2013 NextGenerationEU. Izneseni stavovi i mi\u0161ljenja samo su autorova i ne odra\u017eavaju nu\u017eno slu\u017ebena stajali\u0161ta Europske unije ili Europske komisije. Ni Europska unija ni Europska komisija ne mogu se smatrati odgovornima za njih.&#8221;<\/p>\n<p><a href=\"https:\/\/next-generation-eu.europa.eu\/index_hr\" target=\"blank\" rel=\"noopener\"><img loading=\"lazy\" class=\"alignnone wp-image-247123 size-medium\" src=\"https:\/\/www.gskos.unios.hr\/wp-content\/uploads\/2018\/05\/HR-Financira-Europska-unija_600-300x72-1.webp\" alt=\"\" width=\"300\" height=\"72\" \/><\/a>[\/vc_column_text][vc_empty_space height=&#8221;50px&#8221;]<div data-id=\"mpc_divider-9069f55117c6638\" class=\"mpc-divider-wrap\"><div class=\"mpc-divider mpc-init mpc-align--center \" ><div class=\"mpc-divider__line mpc-side--left\"><span><\/span><\/div><div class=\"mpc-divider__separator\"><div class=\"mpc-divider__content fa fa-circle\"><\/div><\/div><div class=\"mpc-divider__line mpc-side--right\"><span><\/span><\/div><\/div><\/div><div class=\"td_block_wrap td_block_11 td_uid_1_69f55117c66ba_rand td-pb-border-top td_block_template_14 td-column-1\"  data-td-block-uid=\"td_uid_1_69f55117c66ba\" ><script>var block_td_uid_1_69f55117c66ba = new tdBlock();\nblock_td_uid_1_69f55117c66ba.id = \"td_uid_1_69f55117c66ba\";\nblock_td_uid_1_69f55117c66ba.atts = '{\"category_id\":\"105\",\"separator\":\"\",\"custom_title\":\"\",\"custom_url\":\"\",\"block_template_id\":\"\",\"m10_tl\":\"\",\"m10_el\":\"\",\"post_ids\":\"\",\"category_ids\":\"\",\"tag_slug\":\"\",\"autors_id\":\"\",\"installed_post_types\":\"\",\"sort\":\"\",\"limit\":\"5\",\"offset\":\"\",\"el_class\":\"\",\"td_ajax_filter_type\":\"\",\"td_ajax_filter_ids\":\"\",\"td_filter_default_txt\":\"All\",\"td_ajax_preloading\":\"\",\"f_header_font_header\":\"\",\"f_header_font_title\":\"Block header\",\"f_header_font_settings\":\"\",\"f_header_font_family\":\"\",\"f_header_font_size\":\"\",\"f_header_font_line_height\":\"\",\"f_header_font_style\":\"\",\"f_header_font_weight\":\"\",\"f_header_font_transform\":\"\",\"f_header_font_spacing\":\"\",\"f_header_\":\"\",\"f_ajax_font_title\":\"Ajax categories\",\"f_ajax_font_settings\":\"\",\"f_ajax_font_family\":\"\",\"f_ajax_font_size\":\"\",\"f_ajax_font_line_height\":\"\",\"f_ajax_font_style\":\"\",\"f_ajax_font_weight\":\"\",\"f_ajax_font_transform\":\"\",\"f_ajax_font_spacing\":\"\",\"f_ajax_\":\"\",\"f_more_font_title\":\"Load more button\",\"f_more_font_settings\":\"\",\"f_more_font_family\":\"\",\"f_more_font_size\":\"\",\"f_more_font_line_height\":\"\",\"f_more_font_style\":\"\",\"f_more_font_weight\":\"\",\"f_more_font_transform\":\"\",\"f_more_font_spacing\":\"\",\"f_more_\":\"\",\"m10f_title_font_header\":\"\",\"m10f_title_font_title\":\"Article title\",\"m10f_title_font_settings\":\"\",\"m10f_title_font_family\":\"\",\"m10f_title_font_size\":\"\",\"m10f_title_font_line_height\":\"\",\"m10f_title_font_style\":\"\",\"m10f_title_font_weight\":\"\",\"m10f_title_font_transform\":\"\",\"m10f_title_font_spacing\":\"\",\"m10f_title_\":\"\",\"m10f_cat_font_title\":\"Article category tag\",\"m10f_cat_font_settings\":\"\",\"m10f_cat_font_family\":\"\",\"m10f_cat_font_size\":\"\",\"m10f_cat_font_line_height\":\"\",\"m10f_cat_font_style\":\"\",\"m10f_cat_font_weight\":\"\",\"m10f_cat_font_transform\":\"\",\"m10f_cat_font_spacing\":\"\",\"m10f_cat_\":\"\",\"m10f_meta_font_title\":\"Article meta info\",\"m10f_meta_font_settings\":\"\",\"m10f_meta_font_family\":\"\",\"m10f_meta_font_size\":\"\",\"m10f_meta_font_line_height\":\"\",\"m10f_meta_font_style\":\"\",\"m10f_meta_font_weight\":\"\",\"m10f_meta_font_transform\":\"\",\"m10f_meta_font_spacing\":\"\",\"m10f_meta_\":\"\",\"m10f_ex_font_title\":\"Article excerpt\",\"m10f_ex_font_settings\":\"\",\"m10f_ex_font_family\":\"\",\"m10f_ex_font_size\":\"\",\"m10f_ex_font_line_height\":\"\",\"m10f_ex_font_style\":\"\",\"m10f_ex_font_weight\":\"\",\"m10f_ex_font_transform\":\"\",\"m10f_ex_font_spacing\":\"\",\"m10f_ex_\":\"\",\"ajax_pagination\":\"\",\"ajax_pagination_infinite_stop\":\"\",\"css\":\"\",\"tdc_css\":\"\",\"td_column_number\":1,\"header_color\":\"\",\"color_preset\":\"\",\"border_top\":\"\",\"class\":\"td_uid_1_69f55117c66ba_rand\",\"tdc_css_class\":\"td_uid_1_69f55117c66ba_rand\",\"tdc_css_class_style\":\"td_uid_1_69f55117c66ba_rand_style\"}';\nblock_td_uid_1_69f55117c66ba.td_column_number = \"1\";\nblock_td_uid_1_69f55117c66ba.block_type = \"td_block_11\";\nblock_td_uid_1_69f55117c66ba.post_count = \"3\";\nblock_td_uid_1_69f55117c66ba.found_posts = \"3\";\nblock_td_uid_1_69f55117c66ba.header_color = \"\";\nblock_td_uid_1_69f55117c66ba.ajax_pagination_infinite_stop = \"\";\nblock_td_uid_1_69f55117c66ba.max_num_pages = \"1\";\ntdBlocksArray.push(block_td_uid_1_69f55117c66ba);\n<\/script><div class=\"td-block-title-wrap\"><\/div><div id=td_uid_1_69f55117c66ba class=\"td_block_inner\">\n\n\t<div class=\"td-block-span12\">\n\r\n        <div class=\"td_module_10 td_module_wrap td-animation-stack\">\r\n            <div class=\"td-module-thumb\"><a href=\"https:\/\/www.gskos.unios.hr\/index.php\/uvodna-konferencija-povodom-pocetka-gradevinskih-radova\/\" rel=\"bookmark\" class=\"td-image-wrap\" title=\"Uvodna konferencija u povodu po\u010detka gra\u0111evinskih radova\"><img width=\"218\" height=\"150\" class=\"entry-thumb\" src=\"https:\/\/www.gskos.unios.hr\/wp-content\/uploads\/2024\/12\/en.obnova-copy-01-218x150.jpg\" srcset=\"https:\/\/www.gskos.unios.hr\/wp-content\/uploads\/2024\/12\/en.obnova-copy-01-218x150.jpg 218w, https:\/\/www.gskos.unios.hr\/wp-content\/uploads\/2024\/12\/en.obnova-copy-01-100x70.jpg 100w\" sizes=\"(max-width: 218px) 100vw, 218px\" alt=\"\" title=\"Uvodna konferencija u povodu po\u010detka gra\u0111evinskih radova\"\/><\/a><\/div>\r\n            <div class=\"item-details\">\r\n            <h3 class=\"entry-title td-module-title\"><a href=\"https:\/\/www.gskos.unios.hr\/index.php\/uvodna-konferencija-povodom-pocetka-gradevinskih-radova\/\" rel=\"bookmark\" title=\"Uvodna konferencija u povodu po\u010detka gra\u0111evinskih radova\">Uvodna konferencija u povodu po\u010detka gra\u0111evinskih radova<\/a><\/h3>\r\n                <div class=\"td-module-meta-info\">\r\n                    <a href=\"https:\/\/www.gskos.unios.hr\/index.php\/category\/aktivnosti\/\" class=\"td-post-category\">AKTIVNOSTI<\/a>                                                <span class=\"td-post-date\"><time class=\"entry-date updated td-module-date\" datetime=\"2024-12-12T11:08:35+00:00\" >12. prosinca 2024.<\/time><\/span>                                        <\/div>\r\n\r\n                <div class=\"td-excerpt\">\r\n                    Gradska i sveu\u010dili\u0161na knji\u017enica Osijek organizira uvodnu konferenciju u povodu po\u010detka gra\u0111evinskih radova u sklopu projekta \u201cEnergetska obnova zgrade Gradske i sveu\u010dili\u0161ne knji\u017enice Osijek\u201d, \u00a0financiranog iz sredstava Europske unije \u2013 NextGenerationEU...                <\/div>\r\n            <\/div>\r\n\r\n        <\/div>\r\n\r\n        \n\t<\/div> <!-- .\/td-block-span12 -->\n\n\t<div class=\"td-block-span12\">\n\r\n        <div class=\"td_module_10 td_module_wrap td-animation-stack\">\r\n            <div class=\"td-module-thumb\"><a href=\"https:\/\/www.gskos.unios.hr\/index.php\/nabava-usluge-strucnog-nadzora-gradenja-projektantski-nadzor-i-koordinator-zastite-na-radu-u-sklopu-projekta-energetske-obnove-zgrade-gradske-i-sveucilisne-knjiznice-osijek\/\" rel=\"bookmark\" class=\"td-image-wrap\" title=\"Nabava usluge stru\u010dnog nadzora gra\u0111enja, projektantski nadzor i koordinator za\u0161tite na radu u sklopu projekta energetske obnove zgrade Gradske i sveu\u010dili\u0161ne knji\u017enice Osijek\"><img width=\"218\" height=\"89\" class=\"entry-thumb\" src=\"https:\/\/www.gskos.unios.hr\/wp-content\/uploads\/2016\/08\/gisko05.jpg\" srcset=\"https:\/\/www.gskos.unios.hr\/wp-content\/uploads\/2016\/08\/gisko05.jpg 1800w, https:\/\/www.gskos.unios.hr\/wp-content\/uploads\/2016\/08\/gisko05-300x123.jpg 300w, https:\/\/www.gskos.unios.hr\/wp-content\/uploads\/2016\/08\/gisko05-768x315.jpg 768w, https:\/\/www.gskos.unios.hr\/wp-content\/uploads\/2016\/08\/gisko05-1024x420.jpg 1024w, https:\/\/www.gskos.unios.hr\/wp-content\/uploads\/2016\/08\/gisko05-669x272.jpg 669w, https:\/\/www.gskos.unios.hr\/wp-content\/uploads\/2016\/08\/gisko05-200x82.jpg 200w, https:\/\/www.gskos.unios.hr\/wp-content\/uploads\/2016\/08\/gisko05-400x164.jpg 400w, https:\/\/www.gskos.unios.hr\/wp-content\/uploads\/2016\/08\/gisko05-600x246.jpg 600w, https:\/\/www.gskos.unios.hr\/wp-content\/uploads\/2016\/08\/gisko05-800x328.jpg 800w, https:\/\/www.gskos.unios.hr\/wp-content\/uploads\/2016\/08\/gisko05-1200x492.jpg 1200w\" sizes=\"(max-width: 218px) 100vw, 218px\" alt=\"\" title=\"Nabava usluge stru\u010dnog nadzora gra\u0111enja, projektantski nadzor i koordinator za\u0161tite na radu u sklopu projekta energetske obnove zgrade Gradske i sveu\u010dili\u0161ne knji\u017enice Osijek\"\/><\/a><\/div>\r\n            <div class=\"item-details\">\r\n            <h3 class=\"entry-title td-module-title\"><a href=\"https:\/\/www.gskos.unios.hr\/index.php\/nabava-usluge-strucnog-nadzora-gradenja-projektantski-nadzor-i-koordinator-zastite-na-radu-u-sklopu-projekta-energetske-obnove-zgrade-gradske-i-sveucilisne-knjiznice-osijek\/\" rel=\"bookmark\" title=\"Nabava usluge stru\u010dnog nadzora gra\u0111enja, projektantski nadzor i koordinator za\u0161tite na radu u sklopu projekta energetske obnove zgrade Gradske i sveu\u010dili\u0161ne knji\u017enice Osijek\">Nabava usluge stru\u010dnog nadzora gra\u0111enja, projektantski nadzor i koordinator za\u0161tite na radu u sklopu...<\/a><\/h3>\r\n                <div class=\"td-module-meta-info\">\r\n                    <a href=\"https:\/\/www.gskos.unios.hr\/index.php\/category\/projekti-i-programi\/energetska_obnova\/\" class=\"td-post-category\">ENERGETSKA OBNOVA<\/a>                                                <span class=\"td-post-date\"><time class=\"entry-date updated td-module-date\" datetime=\"2024-07-04T09:40:11+00:00\" >4. srpnja 2024.<\/time><\/span>                                        <\/div>\r\n\r\n                <div class=\"td-excerpt\">\r\n                    \r\n\r\nU sklopu Projekta \u201cEnergetska obnova zgrade Gradske i sveu\u010dili\u0161ne knji\u017enice Osijek\u201d Sveu\u010dili\u0161te Josipa Jurja Strossmayera u Osijeku Gradska i sveu\u010dili\u0161na knji\u017enica Osijek pokre\u0107e proces javne nabave usluge stru\u010dnog nadzora gra\u0111enja, projektantskog...                <\/div>\r\n            <\/div>\r\n\r\n        <\/div>\r\n\r\n        \n\t<\/div> <!-- .\/td-block-span12 -->\n\n\t<div class=\"td-block-span12\">\n\r\n        <div class=\"td_module_10 td_module_wrap td-animation-stack\">\r\n            <div class=\"td-module-thumb\"><a href=\"https:\/\/www.gskos.unios.hr\/index.php\/20494\/\" rel=\"bookmark\" class=\"td-image-wrap\" title=\"Javna nabava radova u sklopu projekta energetske obnove zgrade Gradske i sveu\u010dili\u0161ne knji\u017enice Osijek\"><img width=\"218\" height=\"89\" class=\"entry-thumb\" src=\"https:\/\/www.gskos.unios.hr\/wp-content\/uploads\/2016\/08\/gisko05.jpg\" srcset=\"https:\/\/www.gskos.unios.hr\/wp-content\/uploads\/2016\/08\/gisko05.jpg 1800w, https:\/\/www.gskos.unios.hr\/wp-content\/uploads\/2016\/08\/gisko05-300x123.jpg 300w, https:\/\/www.gskos.unios.hr\/wp-content\/uploads\/2016\/08\/gisko05-768x315.jpg 768w, https:\/\/www.gskos.unios.hr\/wp-content\/uploads\/2016\/08\/gisko05-1024x420.jpg 1024w, https:\/\/www.gskos.unios.hr\/wp-content\/uploads\/2016\/08\/gisko05-669x272.jpg 669w, https:\/\/www.gskos.unios.hr\/wp-content\/uploads\/2016\/08\/gisko05-200x82.jpg 200w, https:\/\/www.gskos.unios.hr\/wp-content\/uploads\/2016\/08\/gisko05-400x164.jpg 400w, https:\/\/www.gskos.unios.hr\/wp-content\/uploads\/2016\/08\/gisko05-600x246.jpg 600w, https:\/\/www.gskos.unios.hr\/wp-content\/uploads\/2016\/08\/gisko05-800x328.jpg 800w, https:\/\/www.gskos.unios.hr\/wp-content\/uploads\/2016\/08\/gisko05-1200x492.jpg 1200w\" sizes=\"(max-width: 218px) 100vw, 218px\" alt=\"\" title=\"Javna nabava radova u sklopu projekta energetske obnove zgrade Gradske i sveu\u010dili\u0161ne knji\u017enice Osijek\"\/><\/a><\/div>\r\n            <div class=\"item-details\">\r\n            <h3 class=\"entry-title td-module-title\"><a href=\"https:\/\/www.gskos.unios.hr\/index.php\/20494\/\" rel=\"bookmark\" title=\"Javna nabava radova u sklopu projekta energetske obnove zgrade Gradske i sveu\u010dili\u0161ne knji\u017enice Osijek\">Javna nabava radova u sklopu projekta energetske obnove zgrade Gradske i sveu\u010dili\u0161ne knji\u017enice Osijek<\/a><\/h3>\r\n                <div class=\"td-module-meta-info\">\r\n                    <a href=\"https:\/\/www.gskos.unios.hr\/index.php\/category\/projekti-i-programi\/energetska_obnova\/\" class=\"td-post-category\">ENERGETSKA OBNOVA<\/a>                                                <span class=\"td-post-date\"><time class=\"entry-date updated td-module-date\" datetime=\"2024-06-28T08:29:19+00:00\" >28. lipnja 2024.<\/time><\/span>                                        <\/div>\r\n\r\n                <div class=\"td-excerpt\">\r\n                    \r\n\r\nU sklopu Projekta \u201cEnergetska obnova zgrade Gradske i sveu\u010dili\u0161ne knji\u017enice Osijek\u201d Sveu\u010dili\u0161te Josipa Jurja Strossmayera u Osijeku Gradska i sveu\u010dili\u0161na knji\u017enica Osijek pokre\u0107e proces javne nabave radova energetske obnove. Dokumentaciju o...                <\/div>\r\n            <\/div>\r\n\r\n        <\/div>\r\n\r\n        \n\t<\/div> <!-- .\/td-block-span12 --><\/div><\/div> <!-- .\/block -->[vc_empty_space height=&#8221;50px&#8221;][\/vc_column][\/vc_row]<\/p>\n<\/section>","protected":false},"excerpt":{"rendered":"<p>[vc_row full_width=&#8221;stretch_row&#8221; content_placement=&#8221;bottom&#8221; first_background_type=&#8221;gradient&#8221; enable_parallax=&#8221;true&#8221; parallax_background=&#8221;3462&#8243; css=&#8221;.vc_custom_1709291188898{background-position: center !important;background-repeat: no-repeat !important;background-size: cover !important;}&#8221;][vc_column alignment=&#8221;center&#8221;][\/vc_column][\/vc_row][vc_row][vc_column][vc_empty_space height=&#8221;50px&#8221;][vc_empty_space height=&#8221;50px&#8221;][vc_column_text] Mehanizam za oporavak i otpornost EU-a, Nacionalni plan oporavka i otpornosti 2021.-2026. Referentni broj projekta: NPOO.C6.1.R1-I3.01.0030 Izvor financiranja: &#8220;Next Generation EU&#8221; temeljem Nacionalnog plana oporavka i otpornosti 2021.-2026., Nositelj projekta: Sveu\u010dili\u0161te Josipa Jurja Strossmayera u Osijeku Gradska i sveu\u010dili\u0161na<\/p>\n","protected":false},"author":17,"featured_media":0,"parent":2071,"menu_order":0,"comment_status":"closed","ping_status":"closed","template":"","meta":{"_mi_skip_tracking":false},"_links":{"self":[{"href":"https:\/\/www.gskos.unios.hr\/index.php\/wp-json\/wp\/v2\/pages\/20004"}],"collection":[{"href":"https:\/\/www.gskos.unios.hr\/index.php\/wp-json\/wp\/v2\/pages"}],"about":[{"href":"https:\/\/www.gskos.unios.hr\/index.php\/wp-json\/wp\/v2\/types\/page"}],"author":[{"embeddable":true,"href":"https:\/\/www.gskos.unios.hr\/index.php\/wp-json\/wp\/v2\/users\/17"}],"replies":[{"embeddable":true,"href":"https:\/\/www.gskos.unios.hr\/index.php\/wp-json\/wp\/v2\/comments?post=20004"}],"version-history":[{"count":15,"href":"https:\/\/www.gskos.unios.hr\/index.php\/wp-json\/wp\/v2\/pages\/20004\/revisions"}],"predecessor-version":[{"id":21484,"href":"https:\/\/www.gskos.unios.hr\/index.php\/wp-json\/wp\/v2\/pages\/20004\/revisions\/21484"}],"up":[{"embeddable":true,"href":"https:\/\/www.gskos.unios.hr\/index.php\/wp-json\/wp\/v2\/pages\/2071"}],"wp:attachment":[{"href":"https:\/\/www.gskos.unios.hr\/index.php\/wp-json\/wp\/v2\/media?parent=20004"}],"curies":[{"name":"wp","href":"https:\/\/api.w.org\/{rel}","templated":true}]}}