{"id":2011,"date":"2017-01-24T20:37:20","date_gmt":"2017-01-24T19:37:20","guid":{"rendered":"http:\/\/www.gskos.unios.hr\/?page_id=2011"},"modified":"2026-01-15T18:20:26","modified_gmt":"2026-01-15T17:20:26","slug":"nasa-izdanja","status":"publish","type":"page","link":"https:\/\/www.gskos.unios.hr\/index.php\/nasa-izdanja\/","title":{"rendered":"NA\u0160A IZDANJA"},"content":{"rendered":"<section class=\"wpb-content-wrapper\"><p>[vc_row][vc_column alignment=&#8221;center&#8221;]<div data-id=\"mpc_image-4169d5180682e3f\" onclick=\"\" class=\"mpc-image mpc-init mpc-animation mpc-effect--brightness mpc-effect--reverse \"  data-animation-in=\"transition.slideDownIn||1400||0||100\"><a href=\"http:\/\/www.gskos.unios.hr\/\" title=\"\"  class=\"mpc-item mpc-transition\"><img width=\"152\" height=\"89\" src=\"https:\/\/www.gskos.unios.hr\/wp-content\/uploads\/2017\/02\/gisko-web-152.png\" class=\"mpc-transition attachment-medium\" alt=\"\" loading=\"lazy\" title=\"gisko-web-152\" srcset=\"https:\/\/www.gskos.unios.hr\/wp-content\/uploads\/2017\/02\/gisko-web-152.png 152w, https:\/\/www.gskos.unios.hr\/wp-content\/uploads\/2017\/02\/gisko-web-152-150x89.png 150w\" sizes=\"(max-width: 152px) 100vw, 152px\" \/><\/a><\/div>[vc_empty_space height=&#8221;60px&#8221;]\n\t\t<div id=\"rfbwp_69d5180682ecf\" class=\"rfbwp-shelf rfbwp-shelf-style-classic\">\n\t\t<div class=\"rfbwp-shelf-books\">\n\t\t\t<a href=\"#knjige_16._stolje\u0107a_franjeva\u010dkog_samostana_u_osijeku\" data-fb-id=\"knjige_16._stolje\u0107a_franjeva\u010dkog_samostana_u_osijeku\" data-fb-w=\"1000\" data-fb-h=\"951\" data-fb-r=\"1.0515247108307\" data-fb-p=\"0\" data-fb-n=\"72\" data-fb-fs=\"#ededed|95|true\" class=\"rfbwp-shelf-book\" style=\"\"><img class=\"rfbwp-image\" src=\"http:\/\/www.gskos.unios.hr\/wp-content\/uploads\/2017\/02\/Knjige-16.-stolje\u0107a-Franjeva\u010dkog-samostana-u-Osijeku-0.jpg\"><\/a><a href=\"#ex_libris_kezele\" data-fb-id=\"ex_libris_kezele\" data-fb-w=\"1000\" data-fb-h=\"951\" data-fb-r=\"1.0515247108307\" data-fb-p=\"0\" data-fb-n=\"72\" data-fb-fs=\"#ededed|95|true\" class=\"rfbwp-shelf-book\" style=\"\"><img class=\"rfbwp-image\" src=\"http:\/\/www.gskos.unios.hr\/wp-content\/uploads\/2017\/02\/Ex-libris-KEZELE-0.jpg\"><\/a><a href=\"#osje\u010dko_izdava\u0161tvo\" data-fb-id=\"osje\u010dko_izdava\u0161tvo\" data-fb-w=\"1000\" data-fb-h=\"951\" data-fb-r=\"1.0515247108307\" data-fb-p=\"0\" data-fb-n=\"86\" data-fb-fs=\"#ededed|95|true\" class=\"rfbwp-shelf-book rfbwp-hard-cover\" style=\"\"><img class=\"rfbwp-image\" src=\"http:\/\/www.gskos.unios.hr\/wp-content\/uploads\/2017\/11\/0.jpg\"><\/a><a href=\"#blago_knji\u017enice_franjeva\u010dkog_samostana_u_osijeku_-_2002.\" data-fb-id=\"blago_knji\u017enice_franjeva\u010dkog_samostana_u_osijeku_-_2002.\" data-fb-w=\"1000\" data-fb-h=\"951\" data-fb-r=\"1.0515247108307\" data-fb-p=\"0\" data-fb-n=\"86\" data-fb-fs=\"#ededed|95|true\" class=\"rfbwp-shelf-book rfbwp-hard-cover\" style=\"\"><img class=\"rfbwp-image\" src=\"http:\/\/www.gskos.unios.hr\/wp-content\/uploads\/2017\/11\/1-6-e1510575181269.jpg\"><\/a><a href=\"#blago_knji\u017enice_kapucinskog_samostana_u_osijeku\" data-fb-id=\"blago_knji\u017enice_kapucinskog_samostana_u_osijeku\" data-fb-w=\"1000\" data-fb-h=\"951\" data-fb-r=\"1.0515247108307\" data-fb-p=\"1px \" data-fb-n=\"76\" data-fb-fs=\"#ededed|1|true\" class=\"rfbwp-shelf-book\" style=\"padding:1px 1px 1px  0;background:;\"><img class=\"rfbwp-image\" src=\"http:\/\/www.gskos.unios.hr\/wp-content\/uploads\/2017\/11\/1-35-2.jpg\"><\/a>\t\t<\/div>\n\t\t<div class=\"rfbwp-shelf-box\"><a href=\"#\" class=\"rfbwp-close\"><\/a><div class=\"rfbwp-shelf-wrap\"><\/div><\/div>\n\t\t<div class=\"rfbwp-shelf-cache\"><\/div>\t\t<div class=\"rfbwp-shelf-display\">\n\t\t\t<div class=\"rfbwp-shelf-front\"><\/div>\n\t\t\t<div class=\"rfbwp-shelf-front-gradient\"><\/div>\n\t\t\t<div class=\"rfbwp-shelf-top\"><\/div>\n\t\t\t<div class=\"rfbwp-shelf-top-gradient\"><\/div>\n\t\t\t<div class=\"rfbwp-shelf-shadow\"><\/div>\n\t\t<\/div>\n\t<\/div>\n\n\t\n\t\t<div id=\"rfbwp_69d5180682fdc\" class=\"rfbwp-shelf rfbwp-shelf-style-classic\">\n\t\t<div class=\"rfbwp-shelf-books\">\n\t\t\t<a href=\"#permakultura_u_gradovima\" data-fb-id=\"permakultura_u_gradovima\" data-fb-w=\"704\" data-fb-h=\"1000\" data-fb-r=\"0.704\" data-fb-p=\"1px \" data-fb-n=\"86\" data-fb-fs=\"#ffffff|1|true\" class=\"rfbwp-shelf-book rfbwp-hard-cover\" style=\"\"><img class=\"rfbwp-image\" src=\"http:\/\/www.gskos.unios.hr\/wp-content\/uploads\/2017\/02\/permakultura2015-1.jpg\"><span class=\"rfbwp-shelf-title\" data-style=\"light\" data-position=\"bottom\" data-display=\"fade\">Permakultura u gradovima<\/span><\/a><a href=\"#permakultura_u_gradovima_2014.\" data-fb-id=\"permakultura_u_gradovima_2014.\" data-fb-w=\"704\" data-fb-h=\"1000\" data-fb-r=\"0.704\" data-fb-p=\"0\" data-fb-n=\"72\" data-fb-fs=\"#ededed|95|true\" class=\"rfbwp-shelf-book\" style=\"\"><img class=\"rfbwp-image\" src=\"http:\/\/www.gskos.unios.hr\/wp-content\/uploads\/2017\/02\/Permakultura-u-gradovima-2014.-0.jpg\"><span class=\"rfbwp-shelf-title\" data-style=\"light\" data-position=\"bottom\" data-display=\"fade\">Permakultura u gradovima 2014.<\/span><\/a><a href=\"#u_prirodi_nalazim_sve_\u0161to_mi_treba\" data-fb-id=\"u_prirodi_nalazim_sve_\u0161to_mi_treba\" data-fb-w=\"704\" data-fb-h=\"1000\" data-fb-r=\"0.704\" data-fb-p=\"1px \" data-fb-n=\"76\" data-fb-fs=\"#ededed|1|true\" class=\"rfbwp-shelf-book\" style=\"padding:1px 1px 1px  0;background:;\"><img class=\"rfbwp-image\" src=\"http:\/\/www.gskos.unios.hr\/wp-content\/uploads\/2017\/10\/publikacija-a5-prepress-0001.jpg\"><span class=\"rfbwp-shelf-title\" data-style=\"light\" data-position=\"bottom\" data-display=\"fade\">U prirodi nalazim sve \u0161to mi treba<\/span><\/a>\t\t<\/div>\n\t\t<div class=\"rfbwp-shelf-box\"><a href=\"#\" class=\"rfbwp-close\"><\/a><div class=\"rfbwp-shelf-wrap\"><\/div><\/div>\n\t\t<div class=\"rfbwp-shelf-cache\"><\/div>\t\t<div class=\"rfbwp-shelf-display\">\n\t\t\t<div class=\"rfbwp-shelf-front\"><\/div>\n\t\t\t<div class=\"rfbwp-shelf-front-gradient\"><\/div>\n\t\t\t<div class=\"rfbwp-shelf-top\"><\/div>\n\t\t\t<div class=\"rfbwp-shelf-top-gradient\"><\/div>\n\t\t\t<div class=\"rfbwp-shelf-shadow\"><\/div>\n\t\t<\/div>\n\t<\/div>\n\n\t\n\t\t<div id=\"rfbwp_69d518068307c\" class=\"rfbwp-shelf rfbwp-shelf-style-classic\">\n\t\t<div class=\"rfbwp-shelf-books\">\n\t\t\t<a href=\"#suvremeni_trenutak\" data-fb-id=\"suvremeni_trenutak\" data-fb-w=\"640\" data-fb-h=\"855\" data-fb-r=\"0.74853801169591\" data-fb-p=\"0\" data-fb-n=\"72\" data-fb-fs=\"#ededed|95|true\" class=\"rfbwp-shelf-book\" style=\"\"><img class=\"rfbwp-image\" src=\"http:\/\/www.gskos.unios.hr\/wp-content\/uploads\/2018\/11\/Suvremeni-trenutak_001-1.jpg\"><span class=\"rfbwp-shelf-title\" data-style=\"light\" data-position=\"bottom\" data-display=\"fade\">Suvremeni trenutak<\/span><\/a><a href=\"#iliri_iz_slavonije\" data-fb-id=\"iliri_iz_slavonije\" data-fb-w=\"613\" data-fb-h=\"895\" data-fb-r=\"0.68491620111732\" data-fb-p=\"0\" data-fb-n=\"72\" data-fb-fs=\"#ededed|95|true\" class=\"rfbwp-shelf-book\" style=\"\"><img class=\"rfbwp-image\" src=\"http:\/\/www.gskos.unios.hr\/wp-content\/uploads\/2018\/11\/Iliri-iz-Slavonije_001.jpg\"><span class=\"rfbwp-shelf-title\" data-style=\"light\" data-position=\"bottom\" data-display=\"fade\">Iliri iz Slavonije<\/span><\/a><a href=\"#sve\u0107enici\" data-fb-id=\"sve\u0107enici\" data-fb-w=\"704\" data-fb-h=\"1000\" data-fb-r=\"0.704\" data-fb-p=\"1px \" data-fb-n=\"86\" data-fb-fs=\"#ffffff|1|true\" class=\"rfbwp-shelf-book rfbwp-hard-cover\" style=\"\"><img class=\"rfbwp-image\" src=\"http:\/\/www.gskos.unios.hr\/wp-content\/uploads\/2018\/03\/1-0001-2.jpg\"><span class=\"rfbwp-shelf-title\" data-style=\"light\" data-position=\"bottom\" data-display=\"fade\">Sve\u0107enici<\/span><\/a><a href=\"#knji\u017eevni_iskoni_-_2008\" data-fb-id=\"knji\u017eevni_iskoni_-_2008\" data-fb-w=\"704\" data-fb-h=\"1000\" data-fb-r=\"0.704\" data-fb-p=\"1px \" data-fb-n=\"86\" data-fb-fs=\"#ededed|1|true\" class=\"rfbwp-shelf-book rfbwp-hard-cover\" style=\"\"><img class=\"rfbwp-image\" src=\"http:\/\/www.gskos.unios.hr\/wp-content\/uploads\/2017\/11\/1-0001.jpg\"><span class=\"rfbwp-shelf-title\" data-style=\"light\" data-position=\"bottom\" data-display=\"fade\">Knji\u017eevni iskoni - 2008<\/span><\/a><a href=\"#izme\u0111u_3_rata\" data-fb-id=\"izme\u0111u_3_rata\" data-fb-w=\"600\" data-fb-h=\"841\" data-fb-r=\"0.71343638525565\" data-fb-p=\"0\" data-fb-n=\"72\" data-fb-fs=\"#ededed|95|true\" class=\"rfbwp-shelf-book\" style=\"\"><img class=\"rfbwp-image\" src=\"http:\/\/www.gskos.unios.hr\/wp-content\/uploads\/2018\/11\/Izme\u0111u-3-rata_001.jpg\"><span class=\"rfbwp-shelf-title\" data-style=\"light\" data-position=\"bottom\" data-display=\"fade\">Izme\u0111u 3 rata<\/span><\/a><a href=\"#otvorenost_a_ne_posebnost\" data-fb-id=\"otvorenost_a_ne_posebnost\" data-fb-w=\"596\" data-fb-h=\"826\" data-fb-r=\"0.72154963680387\" data-fb-p=\"0\" data-fb-n=\"72\" data-fb-fs=\"#ededed|95|true\" class=\"rfbwp-shelf-book\" style=\"\"><img class=\"rfbwp-image\" src=\"http:\/\/www.gskos.unios.hr\/wp-content\/uploads\/2018\/11\/Otvorenost-a-ne-posebnost_001-3.jpg\"><span class=\"rfbwp-shelf-title\" data-style=\"light\" data-position=\"bottom\" data-display=\"fade\">Otvorenost a ne posebnost<\/span><\/a>\t\t<\/div>\n\t\t<div class=\"rfbwp-shelf-box\"><a href=\"#\" class=\"rfbwp-close\"><\/a><div class=\"rfbwp-shelf-wrap\"><\/div><\/div>\n\t\t<div class=\"rfbwp-shelf-cache\"><\/div>\t\t<div class=\"rfbwp-shelf-display\">\n\t\t\t<div class=\"rfbwp-shelf-front\"><\/div>\n\t\t\t<div class=\"rfbwp-shelf-front-gradient\"><\/div>\n\t\t\t<div class=\"rfbwp-shelf-top\"><\/div>\n\t\t\t<div class=\"rfbwp-shelf-top-gradient\"><\/div>\n\t\t\t<div class=\"rfbwp-shelf-shadow\"><\/div>\n\t\t<\/div>\n\t<\/div>\n\n\t\n\t\t<div id=\"rfbwp_69d5180683161\" class=\"rfbwp-shelf rfbwp-shelf-style-classic\">\n\t\t<div class=\"rfbwp-shelf-books\">\n\t\t\t<a href=\"#narodne_knji\u017enice_i_problemi_dru\u0161tvene_isklju\u010denosti\" data-fb-id=\"narodne_knji\u017enice_i_problemi_dru\u0161tvene_isklju\u010denosti\" data-fb-w=\"706\" data-fb-h=\"1000\" data-fb-r=\"0.706\" data-fb-p=\"0\" data-fb-n=\"72\" data-fb-fs=\"#ededed|95|true\" class=\"rfbwp-shelf-book\" style=\"\"><img class=\"rfbwp-image\" src=\"http:\/\/www.gskos.unios.hr\/wp-content\/uploads\/2018\/11\/1.jpg\"><span class=\"rfbwp-shelf-title\" data-style=\"light\" data-position=\"bottom\" data-display=\"fade\">Narodne knji\u017enice i problemi dru\u0161tvene isklju\u010denosti<\/span><\/a><a href=\"#osijek_u_slici_i_rije\u010di\" data-fb-id=\"osijek_u_slici_i_rije\u010di\" data-fb-w=\"592\" data-fb-h=\"838\" data-fb-r=\"0.70644391408115\" data-fb-p=\"0\" data-fb-n=\"72\" data-fb-fs=\"#ededed|95|true\" class=\"rfbwp-shelf-book\" style=\"\"><img class=\"rfbwp-image\" src=\"http:\/\/www.gskos.unios.hr\/wp-content\/uploads\/2018\/11\/Osijek-u-slici-i-rije\u010di_001-1.jpg\"><span class=\"rfbwp-shelf-title\" data-style=\"light\" data-position=\"bottom\" data-display=\"fade\">Osijek u slici i rije\u010di<\/span><\/a><a href=\"#franjo_kre\u017ema:_osje\u010danin_pod_\u010dijim_je_prstima_violina_pjevala_i_plakala\" data-fb-id=\"franjo_kre\u017ema:_osje\u010danin_pod_\u010dijim_je_prstima_violina_pjevala_i_plakala\" data-fb-w=\"616\" data-fb-h=\"855\" data-fb-r=\"0.72046783625731\" data-fb-p=\"0\" data-fb-n=\"72\" data-fb-fs=\"#ededed|95|true\" class=\"rfbwp-shelf-book\" style=\"\"><img class=\"rfbwp-image\" src=\"http:\/\/www.gskos.unios.hr\/wp-content\/uploads\/2018\/11\/Franjo-Kre\u017ema-Osje\u010danin-pod-\u010dijim-je-prstima-violina-pjevala-i-plakala_001.jpg\"><span class=\"rfbwp-shelf-title\" data-style=\"light\" data-position=\"bottom\" data-display=\"fade\">Franjo Kre\u017ema: Osje\u010danin pod \u010dijim je prstima violina pjevala i plakala<\/span><\/a><a href=\"#slavonske_knji\u017eevnice\" data-fb-id=\"slavonske_knji\u017eevnice\" data-fb-w=\"622\" data-fb-h=\"895\" data-fb-r=\"0.69497206703911\" data-fb-p=\"0\" data-fb-n=\"72\" data-fb-fs=\"#ededed|95|true\" class=\"rfbwp-shelf-book\" style=\"\"><img class=\"rfbwp-image\" src=\"http:\/\/www.gskos.unios.hr\/wp-content\/uploads\/2018\/11\/Slavonske-knji\u017eevnice_001.jpg\"><span class=\"rfbwp-shelf-title\" data-style=\"light\" data-position=\"bottom\" data-display=\"fade\">Slavonske knji\u017eevnice<\/span><\/a><a href=\"#nove_tehnologije...\" data-fb-id=\"nove_tehnologije...\" data-fb-w=\"894\" data-fb-h=\"1240\" data-fb-r=\"0.72096774193548\" data-fb-p=\"0\" data-fb-n=\"72\" data-fb-fs=\"#ededed|95|true\" class=\"rfbwp-shelf-book\" style=\"\"><img class=\"rfbwp-image\" src=\"http:\/\/www.gskos.unios.hr\/wp-content\/uploads\/2019\/02\/Nove-tehnologije-i-usluge-u-pokretnim-knji\u017enicama_001-1.jpg\"><span class=\"rfbwp-shelf-title\" data-style=\"light\" data-position=\"bottom\" data-display=\"fade\">Nove tehnologije...<\/span><\/a><a href=\"#katalog_izdanja_publikacija_i_doktorskih_disertacija_sveu\u010cili\u0160ta_u_osijeku_(1975_-_1985)\" data-fb-id=\"katalog_izdanja_publikacija_i_doktorskih_disertacija_sveu\u010cili\u0160ta_u_osijeku_(1975_-_1985)\" data-fb-w=\"537\" data-fb-h=\"822\" data-fb-r=\"0.65328467153285\" data-fb-p=\"0\" data-fb-n=\"72\" data-fb-fs=\"#ededed|95|true\" class=\"rfbwp-shelf-book\" style=\"\"><img class=\"rfbwp-image\" src=\"http:\/\/www.gskos.unios.hr\/wp-content\/uploads\/2019\/03\/KATALOG-IZDANJA-PUBLIKACIJA-I-DOKTORSKIH-DISERTACIJA-SVEU\u010cILI\u0160TA-U-OSIJEKU-1975-1985_001.jpg\"><span class=\"rfbwp-shelf-title\" data-style=\"light\" data-position=\"bottom\" data-display=\"fade\">KATALOG IZDANJA PUBLIKACIJA I DOKTORSKIH DISERTACIJA SVEU\u010cILI\u0160TA U OSIJEKU (1975 - 1985)<\/span><\/a>\t\t<\/div>\n\t\t<div class=\"rfbwp-shelf-box\"><a href=\"#\" class=\"rfbwp-close\"><\/a><div class=\"rfbwp-shelf-wrap\"><\/div><\/div>\n\t\t<div class=\"rfbwp-shelf-cache\"><\/div>\t\t<div class=\"rfbwp-shelf-display\">\n\t\t\t<div class=\"rfbwp-shelf-front\"><\/div>\n\t\t\t<div class=\"rfbwp-shelf-front-gradient\"><\/div>\n\t\t\t<div class=\"rfbwp-shelf-top\"><\/div>\n\t\t\t<div class=\"rfbwp-shelf-top-gradient\"><\/div>\n\t\t\t<div class=\"rfbwp-shelf-shadow\"><\/div>\n\t\t<\/div>\n\t<\/div>\n\n\t\n\t\t<div id=\"rfbwp_69d518068323d\" class=\"rfbwp-shelf rfbwp-shelf-style-classic\">\n\t\t<div class=\"rfbwp-shelf-books\">\n\t\t\t<a href=\"#festival_jezika_gisko\" data-fb-id=\"festival_jezika_gisko\" data-fb-w=\"704\" data-fb-h=\"1000\" data-fb-r=\"0.704\" data-fb-p=\"0\" data-fb-n=\"72\" data-fb-fs=\"#ededed|95|true\" class=\"rfbwp-shelf-book\" style=\"\"><img class=\"rfbwp-image\" src=\"http:\/\/www.gskos.unios.hr\/wp-content\/uploads\/2017\/02\/Festival-jezika-GISKO-0.jpg\"><span class=\"rfbwp-shelf-title\" data-style=\"light\" data-position=\"bottom\" data-display=\"fade\">Festival jezika GISKO<\/span><\/a><a href=\"#festival_jezika_gisko_-_2._pro\u0161ireno_izdanje\" data-fb-id=\"festival_jezika_gisko_-_2._pro\u0161ireno_izdanje\" data-fb-w=\"703\" data-fb-h=\"1000\" data-fb-r=\"0.703\" data-fb-p=\"0\" data-fb-n=\"72\" data-fb-fs=\"#ededed|95|true\" class=\"rfbwp-shelf-book\" style=\"\"><img class=\"rfbwp-image\" src=\"http:\/\/www.gskos.unios.hr\/wp-content\/uploads\/2017\/02\/Festival-jezika-GISKO-2.-pro\u0161ireno-izdanje-0.jpg\"><span class=\"rfbwp-shelf-title\" data-style=\"light\" data-position=\"bottom\" data-display=\"fade\">Festival jezika GISKO - 2. pro\u0161ireno izdanje<\/span><\/a><a href=\"#60_godina_odjela_za_rad_s_djecom_i_mladima\" data-fb-id=\"60_godina_odjela_za_rad_s_djecom_i_mladima\" data-fb-w=\"704\" data-fb-h=\"1000\" data-fb-r=\"0.704\" data-fb-p=\"0\" data-fb-n=\"72\" data-fb-fs=\"#ededed|95|true\" class=\"rfbwp-shelf-book\" style=\"\"><img class=\"rfbwp-image\" src=\"http:\/\/www.gskos.unios.hr\/wp-content\/uploads\/2017\/02\/60-godina-Odjela-za-rad-s-djecom-i-mladima-0.jpg\"><span class=\"rfbwp-shelf-title\" data-style=\"light\" data-position=\"bottom\" data-display=\"fade\">60 godina Odjela za rad s djecom i mladima<\/span><\/a><a href=\"#vizija_knji\u017enice:\" data-fb-id=\"vizija_knji\u017enice:\" data-fb-w=\"611\" data-fb-h=\"888\" data-fb-r=\"0.68806306306306\" data-fb-p=\"0\" data-fb-n=\"72\" data-fb-fs=\"#ededed|95|true\" class=\"rfbwp-shelf-book\" style=\"\"><img class=\"rfbwp-image\" src=\"http:\/\/www.gskos.unios.hr\/wp-content\/uploads\/2019\/02\/Vizija-knji\u017enice-Arhitektura-novih-knji\u017enica-iz-Njema\u010dke-Europe-i-cijelog-svijeta_001.jpg\"><span class=\"rfbwp-shelf-title\" data-style=\"light\" data-position=\"bottom\" data-display=\"fade\">Vizija knji\u017enice:<\/span><\/a><a href=\"#svjetska_mapa_za_haranje\" data-fb-id=\"svjetska_mapa_za_haranje\" data-fb-w=\"656\" data-fb-h=\"919\" data-fb-r=\"0.71381936887922\" data-fb-p=\"0\" data-fb-n=\"72\" data-fb-fs=\"#ededed|95|true\" class=\"rfbwp-shelf-book\" style=\"\"><img class=\"rfbwp-image\" src=\"https:\/\/www.gskos.unios.hr\/wp-content\/uploads\/2022\/03\/Svjetska-mapa-za-haranje_001.jpg\"><span class=\"rfbwp-shelf-title\" data-style=\"light\" data-position=\"bottom\" data-display=\"fade\">Svjetska mapa za haranje<\/span><\/a><a href=\"#25_godina_knji\u017eni\u010darstva\" data-fb-id=\"25_godina_knji\u017eni\u010darstva\" data-fb-w=\"919\" data-fb-h=\"1289\" data-fb-r=\"0.71295577967417\" data-fb-p=\"0\" data-fb-n=\"72\" data-fb-fs=\"#ededed|95|true\" class=\"rfbwp-shelf-book\" style=\"\"><img class=\"rfbwp-image\" src=\"https:\/\/www.gskos.unios.hr\/wp-content\/uploads\/2022\/05\/25-godina-Knjiznicarstva_001.jpg\"><span class=\"rfbwp-shelf-title\" data-style=\"light\" data-position=\"bottom\" data-display=\"fade\">25 godina Knji\u017eni\u010darstva<\/span><\/a>\t\t<\/div>\n\t\t<div class=\"rfbwp-shelf-box\"><a href=\"#\" class=\"rfbwp-close\"><\/a><div class=\"rfbwp-shelf-wrap\"><\/div><\/div>\n\t\t<div class=\"rfbwp-shelf-cache\"><\/div>\t\t<div class=\"rfbwp-shelf-display\">\n\t\t\t<div class=\"rfbwp-shelf-front\"><\/div>\n\t\t\t<div class=\"rfbwp-shelf-front-gradient\"><\/div>\n\t\t\t<div class=\"rfbwp-shelf-top\"><\/div>\n\t\t\t<div class=\"rfbwp-shelf-top-gradient\"><\/div>\n\t\t\t<div class=\"rfbwp-shelf-shadow\"><\/div>\n\t\t<\/div>\n\t<\/div>\n\n\t\n\t\t<div id=\"rfbwp_69d5180683324\" class=\"rfbwp-shelf rfbwp-shelf-style-classic\">\n\t\t<div class=\"rfbwp-shelf-books\">\n\t\t\t<a href=\"#ich_habe_keine_angst\" data-fb-id=\"ich_habe_keine_angst\" data-fb-w=\"1134\" data-fb-h=\"1378\" data-fb-r=\"0.82293178519594\" data-fb-p=\"0\" data-fb-n=\"72\" data-fb-fs=\"#ededed|95|true\" class=\"rfbwp-shelf-book\" style=\"\"><img class=\"rfbwp-image\" src=\"https:\/\/www.gskos.unios.hr\/wp-content\/uploads\/2024\/02\/Ich-habe-keine-Angst_001.jpg\"><span class=\"rfbwp-shelf-title\" data-style=\"light\" data-position=\"bottom\" data-display=\"fade\">Ich habe keine Angst<\/span><\/a><a href=\"#nem_f\u00e9lek\" data-fb-id=\"nem_f\u00e9lek\" data-fb-w=\"2098\" data-fb-h=\"2560\" data-fb-r=\"0.81953125\" data-fb-p=\"0\" data-fb-n=\"72\" data-fb-fs=\"#ededed|95|true\" class=\"rfbwp-shelf-book\" style=\"\"><img class=\"rfbwp-image\" src=\"https:\/\/www.gskos.unios.hr\/wp-content\/uploads\/2024\/02\/Nem-felek_001-2.jpg\"><span class=\"rfbwp-shelf-title\" data-style=\"light\" data-position=\"bottom\" data-display=\"fade\">Nem f\u00e9lek<\/span><\/a><a href=\"#na_dobrom_glasu_2\" data-fb-id=\"na_dobrom_glasu_2\" data-fb-w=\"892\" data-fb-h=\"1262\" data-fb-r=\"0.7068145800317\" data-fb-p=\"0\" data-fb-n=\"72\" data-fb-fs=\"#ededed|95|true\" class=\"rfbwp-shelf-book\" style=\"\"><img class=\"rfbwp-image\" src=\"https:\/\/www.gskos.unios.hr\/wp-content\/uploads\/2024\/11\/Na-dobrom-glasu-2_001.jpg\"><span class=\"rfbwp-shelf-title\" data-style=\"light\" data-position=\"bottom\" data-display=\"fade\">Na dobrom glasu 2<\/span><\/a><a href=\"#spomenica_dksbs_2025\" data-fb-id=\"spomenica_dksbs_2025\" data-fb-w=\"892\" data-fb-h=\"1262\" data-fb-r=\"0.7068145800317\" data-fb-p=\"0\" data-fb-n=\"72\" data-fb-fs=\"#ededed|95|true\" class=\"rfbwp-shelf-book\" style=\"\"><img class=\"rfbwp-image\" src=\"https:\/\/www.gskos.unios.hr\/wp-content\/uploads\/2026\/01\/Spomenica-DKSBS-2025_001-1.jpg\"><span class=\"rfbwp-shelf-title\" data-style=\"light\" data-position=\"bottom\" data-display=\"fade\">Spomenica DKSBS 2025<\/span><\/a><a href=\"#gisko_vodi\u010d_za_studente_ob\u017d\" data-fb-id=\"gisko_vodi\u010d_za_studente_ob\u017d\" data-fb-w=\"629\" data-fb-h=\"892\" data-fb-r=\"0.70515695067265\" data-fb-p=\"0\" data-fb-n=\"72\" data-fb-fs=\"#ededed|95|true\" class=\"rfbwp-shelf-book\" style=\"\"><img class=\"rfbwp-image\" src=\"https:\/\/www.gskos.unios.hr\/wp-content\/uploads\/2025\/12\/GISKO-vodic-za-studente-OBZ_001.jpg\"><span class=\"rfbwp-shelf-title\" data-style=\"light\" data-position=\"bottom\" data-display=\"fade\">GISKO vodi\u010d za studente OB\u017d<\/span><\/a>\t\t<\/div>\n\t\t<div class=\"rfbwp-shelf-box\"><a href=\"#\" class=\"rfbwp-close\"><\/a><div class=\"rfbwp-shelf-wrap\"><\/div><\/div>\n\t\t<div class=\"rfbwp-shelf-cache\"><\/div>\t\t<div class=\"rfbwp-shelf-display\">\n\t\t\t<div class=\"rfbwp-shelf-front\"><\/div>\n\t\t\t<div class=\"rfbwp-shelf-front-gradient\"><\/div>\n\t\t\t<div class=\"rfbwp-shelf-top\"><\/div>\n\t\t\t<div class=\"rfbwp-shelf-top-gradient\"><\/div>\n\t\t\t<div class=\"rfbwp-shelf-shadow\"><\/div>\n\t\t<\/div>\n\t<\/div>\n\n\t[\/vc_column][\/vc_row]<\/p>\n<\/section>","protected":false},"excerpt":{"rendered":"<p>[vc_row][vc_column alignment=&#8221;center&#8221;][vc_empty_space height=&#8221;60px&#8221;][\/vc_column][\/vc_row]<\/p>\n","protected":false},"author":3,"featured_media":5274,"parent":0,"menu_order":0,"comment_status":"closed","ping_status":"closed","template":"","meta":{"_mi_skip_tracking":false},"_links":{"self":[{"href":"https:\/\/www.gskos.unios.hr\/index.php\/wp-json\/wp\/v2\/pages\/2011"}],"collection":[{"href":"https:\/\/www.gskos.unios.hr\/index.php\/wp-json\/wp\/v2\/pages"}],"about":[{"href":"https:\/\/www.gskos.unios.hr\/index.php\/wp-json\/wp\/v2\/types\/page"}],"author":[{"embeddable":true,"href":"https:\/\/www.gskos.unios.hr\/index.php\/wp-json\/wp\/v2\/users\/3"}],"replies":[{"embeddable":true,"href":"https:\/\/www.gskos.unios.hr\/index.php\/wp-json\/wp\/v2\/comments?post=2011"}],"version-history":[{"count":61,"href":"https:\/\/www.gskos.unios.hr\/index.php\/wp-json\/wp\/v2\/pages\/2011\/revisions"}],"predecessor-version":[{"id":23013,"href":"https:\/\/www.gskos.unios.hr\/index.php\/wp-json\/wp\/v2\/pages\/2011\/revisions\/23013"}],"wp:featuredmedia":[{"embeddable":true,"href":"https:\/\/www.gskos.unios.hr\/index.php\/wp-json\/wp\/v2\/media\/5274"}],"wp:attachment":[{"href":"https:\/\/www.gskos.unios.hr\/index.php\/wp-json\/wp\/v2\/media?parent=2011"}],"curies":[{"name":"wp","href":"https:\/\/api.w.org\/{rel}","templated":true}]}}