{"id":21013,"date":"2024-11-06T09:14:09","date_gmt":"2024-11-06T08:14:09","guid":{"rendered":"https:\/\/www.gskos.unios.hr\/?page_id=21013"},"modified":"2024-11-06T13:27:00","modified_gmt":"2024-11-06T12:27:00","slug":"erasmus-projekti","status":"publish","type":"page","link":"https:\/\/www.gskos.unios.hr\/index.php\/erasmus-projekti\/","title":{"rendered":"ERASMUS PROJEKTI"},"content":{"rendered":"<section class=\"wpb-content-wrapper\"><p>[vc_row full_width=&#8221;stretch_row&#8221; enable_parallax=&#8221;true&#8221; parallax_background=&#8221;20994&#8243;][vc_column]<div id=\"mpc_textblock-1269f8bf3cd70bf\" class=\"mpc-textblock mpc-init mpc-typography--preset_0 \"><p style=\"text-align: center;\">ERASMUS PROJEKTI<\/p>\n<\/div>[\/vc_column][\/vc_row][vc_row][vc_column][vc_empty_space height=&#8221;50px&#8221;]<div data-id=\"mpc_divider-1469f8bf3cd716f\" class=\"mpc-divider-wrap\"><div class=\"mpc-divider mpc-init mpc-align--center \" ><div class=\"mpc-divider__line mpc-side--left\"><span><\/span><\/div><div class=\"mpc-divider__separator\"><div class=\"mpc-divider__content mpc-typography--mpc_preset_103\">Klima za \u010ditanje \/ Climate for reading<\/div><\/div><div class=\"mpc-divider__line mpc-side--right\"><span><\/span><\/div><\/div><\/div>[vc_empty_space height=&#8221;50px&#8221;][\/vc_column][\/vc_row][vc_row][vc_column width=&#8221;1\/2&#8243;][vc_column_text]<strong>TRAJANJE<\/strong><br \/>\n2024\u20132025<\/p>\n<p style=\"text-align: justify;\"><strong>CILJEVI<\/strong><br \/>\nCiljevi projekta jesu pove\u0107anje interesa za \u010ditanje kod odraslih i omogu\u0107avanje razmjene najboljih praksi me\u0111u knji\u017enicama za razvoj \u010ditala\u010dke pismenosti. Osim toga, projekt ima za cilj promicanje \u010ditanja kori\u0161tenjem suvremenih tehnologija, ja\u010danje vje\u0161tina knji\u017eni\u010dara i edukatora odraslih te poticanje razvoja kreativnih i anga\u017eiranih gra\u0111ana kroz pobolj\u0161anu \u010ditala\u010dku pismenost.<\/p>\n<p><strong>CILJNA SKUPINA<\/strong><br \/>\nOdrasli koji \u010ditaju malo ili nikako<\/p>\n<p style=\"text-align: justify;\"><strong>OPIS PROJEKTA<\/strong><br \/>\nGradska i sveu\u010dili\u0161na knji\u017enica Osijek uklju\u010dila se kao jedan od partnera u me\u0111unarodni projekt CLIMATE FOR READING, sufinanciran iz programa Erasmus+, KA210-ADU \u2013 Small-Scale Partnerships in Adult Education. Primarni ciljevi projekta jesu razmjena najboljih praksi i ja\u010danje kompetencija sudionika, koje \u0107e se primjenjivati u knji\u017enicama za promicanje \u010ditanja odraslih i uklju\u010divanje odraslih koji \u010ditaju vrlo malo ili uop\u0107e ne \u010ditaju. Gradska javna knji\u017enica u \u017boryju (Poljska) koordinator je projekta, a partneri na projektu institucije su iz tri europske dr\u017eave:<br \/>\n&#8211; Okru\u017ena knji\u017enica Innlandet (Norve\u0161ka)<br \/>\n&#8211; Gradska i sveu\u010dili\u0161na knji\u017enica Osijek (Hrvatska)<br \/>\n&#8211; Gradska knji\u017enica Ljubljana (Slovenija)<\/p>\n<p><strong>PROJEKTNE AKTIVNOSTI UKLJU\u010cUJU<\/strong>:<br \/>\n&#8211; \u010detiri me\u0111unarodna sastanka u zemljama sudionicama na kojima \u0107e knji\u017enice razmjenjivati iskustva i osmi\u0161ljavati inovativne metode za promicanje \u010ditanja.<br \/>\n&#8211; organizaciju \u010detiri radionice za ja\u010danje kompetencij\u00e2 odgajatelja,<br \/>\n&#8211; izradU vizualnih i zvu\u010dnih materijala koji isti\u010du dobrobiti \u010ditanja.<\/p>\n<p style=\"text-align: justify;\"><strong>O\u010cEKIVANI REZULTATI<\/strong><br \/>\nSuradnja izme\u0111u knji\u017eni\u010dara i edukatora odraslih, koja vodi do pobolj\u0161ane \u010ditala\u010dke pismenosti. Razvoj novih na\u010dina poticanja \u010ditanja uz pomo\u0107 suvremenih tehnologija. Pove\u0107ana uloga knji\u017enica u dru\u0161tvu i pobolj\u0161ane vje\u0161tine ciljnih skupina.<\/p>\n<p>&nbsp;<\/p>\n<p><strong>POVEZNICE<\/strong><br \/>\n<a href=\"https:\/\/www.mklj.si\/en\/projects-and-cooperations\/climate-for-reading\/\">https:\/\/www.mklj.si\/en\/projects-and-cooperations\/climate-for-reading\/<\/a><\/p>\n<p><a href=\"https:\/\/www.tiktok.com\/@mestnaknjiznicaljubljana\/video\/7430091741266758945?_r=1&amp;_t=8qwd0Fieq4v\">https:\/\/www.tiktok.com\/@mestnaknjiznicaljubljana\/video\/7430091741266758945?_r=1&amp;_t=8qwd0Fieq4v<\/a><\/p>\n<p><strong>USTUPLJENE FOTOGRAFIJE:<\/strong><br \/>\n<a href=\"https:\/\/www.facebook.com\/media\/set\/?vanity=mbpzory&amp;set=a.970349861785959\">https:\/\/www.facebook.com\/mbpzory<\/a><\/p>\n<p><a href=\"https:\/\/www.facebook.com\/media\/set\/?vanity=mbpzory&amp;set=a.970349861785959\">https:\/\/www.facebook.com\/media\/set\/?vanity=mbpzory&amp;set=a.970349861785959<\/a>[\/vc_column_text][\/vc_column][vc_column width=&#8221;1\/2&#8243;][vc_single_image image=&#8221;21041&#8243; img_size=&#8221;large&#8221; alignment=&#8221;center&#8221;][vc_single_image image=&#8221;21042&#8243; img_size=&#8221;large&#8221; alignment=&#8221;center&#8221;][vc_single_image image=&#8221;21043&#8243; img_size=&#8221;large&#8221; alignment=&#8221;center&#8221;][vc_single_image image=&#8221;21077&#8243; img_size=&#8221;large&#8221; alignment=&#8221;center&#8221;][\/vc_column][\/vc_row][vc_row][vc_column][vc_empty_space height=&#8221;50px&#8221;][\/vc_column][\/vc_row]<\/p>\n<\/section>","protected":false},"excerpt":{"rendered":"<p>[vc_row full_width=&#8221;stretch_row&#8221; enable_parallax=&#8221;true&#8221; parallax_background=&#8221;20994&#8243;][vc_column][\/vc_column][\/vc_row][vc_row][vc_column][vc_empty_space height=&#8221;50px&#8221;][vc_empty_space height=&#8221;50px&#8221;][\/vc_column][\/vc_row][vc_row][vc_column width=&#8221;1\/2&#8243;][vc_column_text]TRAJANJE 2024\u20132025 CILJEVI Ciljevi projekta jesu pove\u0107anje interesa za \u010ditanje kod odraslih i omogu\u0107avanje razmjene najboljih praksi me\u0111u knji\u017enicama za razvoj \u010ditala\u010dke pismenosti. Osim toga, projekt ima za cilj promicanje \u010ditanja kori\u0161tenjem suvremenih tehnologija, ja\u010danje vje\u0161tina knji\u017eni\u010dara i edukatora odraslih te poticanje razvoja kreativnih i anga\u017eiranih gra\u0111ana kroz pobolj\u0161anu<\/p>\n","protected":false},"author":12,"featured_media":0,"parent":0,"menu_order":0,"comment_status":"closed","ping_status":"closed","template":"","meta":{"_mi_skip_tracking":false},"_links":{"self":[{"href":"https:\/\/www.gskos.unios.hr\/index.php\/wp-json\/wp\/v2\/pages\/21013"}],"collection":[{"href":"https:\/\/www.gskos.unios.hr\/index.php\/wp-json\/wp\/v2\/pages"}],"about":[{"href":"https:\/\/www.gskos.unios.hr\/index.php\/wp-json\/wp\/v2\/types\/page"}],"author":[{"embeddable":true,"href":"https:\/\/www.gskos.unios.hr\/index.php\/wp-json\/wp\/v2\/users\/12"}],"replies":[{"embeddable":true,"href":"https:\/\/www.gskos.unios.hr\/index.php\/wp-json\/wp\/v2\/comments?post=21013"}],"version-history":[{"count":17,"href":"https:\/\/www.gskos.unios.hr\/index.php\/wp-json\/wp\/v2\/pages\/21013\/revisions"}],"predecessor-version":[{"id":21078,"href":"https:\/\/www.gskos.unios.hr\/index.php\/wp-json\/wp\/v2\/pages\/21013\/revisions\/21078"}],"wp:attachment":[{"href":"https:\/\/www.gskos.unios.hr\/index.php\/wp-json\/wp\/v2\/media?parent=21013"}],"curies":[{"name":"wp","href":"https:\/\/api.w.org\/{rel}","templated":true}]}}