{"id":21055,"date":"2024-11-06T12:27:38","date_gmt":"2024-11-06T11:27:38","guid":{"rendered":"https:\/\/www.gskos.unios.hr\/?page_id=21055"},"modified":"2024-11-06T13:37:45","modified_gmt":"2024-11-06T12:37:45","slug":"u-zemlji-cudesa","status":"publish","type":"page","link":"https:\/\/www.gskos.unios.hr\/index.php\/u-zemlji-cudesa\/","title":{"rendered":"\u010cITATELJSKI KLUB ZA DJECU I MLADE &#8220;U ZEMLJI \u010cUDESA&#8221;"},"content":{"rendered":"<section class=\"wpb-content-wrapper\"><p>[vc_row full_width=&#8221;stretch_row&#8221; enable_parallax=&#8221;true&#8221; parallax_background=&#8221;21073&#8243;][vc_column]<div id=\"mpc_textblock-869f730064eb09\" class=\"mpc-textblock mpc-init mpc-typography--preset_0 \"><p style=\"text-align: center;\">\u010cITATELJSKI KLUBOVI GISKO<\/p>\n<\/div>[\/vc_column][\/vc_row][vc_row][vc_column][vc_empty_space height=&#8221;50px&#8221;]<div data-id=\"mpc_divider-5869f730064ec01\" class=\"mpc-divider-wrap\"><div class=\"mpc-divider mpc-init mpc-align--center \" ><div class=\"mpc-divider__line mpc-side--left\"><span><\/span><\/div><div class=\"mpc-divider__separator\"><div class=\"mpc-divider__content mpc-typography--mpc_preset_103\">\u010citateljski klub za djecu i mlade ''U Zemlji \u010cudesa''<\/div><\/div><div class=\"mpc-divider__line mpc-side--right\"><span><\/span><\/div><\/div><\/div>[vc_empty_space height=&#8221;50px&#8221;][\/vc_column][\/vc_row][vc_row][vc_column width=&#8221;1\/2&#8243;]<div id=\"mpc_textblock-8269f730064ec4f\" class=\"mpc-textblock mpc-init \"><p style=\"text-align: justify;\">U sije\u010dnju 2021. godine Odjel za rad s djecom i mladima Gradske i sveu\u010dili\u0161ne knji\u017enice Osijek osnovao je \u010citateljski klub za djecu i mlade &#8220;U Zemlji \u010cudesa&#8221;. Klub je namijenjen osobama od 11 do 18 godina koje \u017eele pro\u0161iriti svoje \u010ditateljske interese i ste\u0107i nova znanja, a cilj je Knji\u017enice ovim klubom zainteresirati djecu i mlade za \u010ditanje te ih potaknuti na kriti\u010dko razmi\u0161ljanje, prihva\u0107anje tu\u0111eg mi\u0161ljenja i uva\u017eavanje razli\u010ditosti. Konceptom sastanaka \u010ditateljskog kluba planirano je povezivanje knji\u017eevnih tema i motiva raspravljenima na sastancima s drugim oblicima umjetnosti \u2013 filmskom, glazbenom i kazali\u0161nom te popularnom kulturom. To u praksi zna\u010di da su \u010dlanovi kluba na sastancima povezivali romane sa filmskim adaptacijama, kazali\u0161nim uprizorenjima, soundtrackovima, sli\u010dnim djelima te primjerima iz stvarnoga \u017eivota.<\/p>\n<\/div>[\/vc_column][vc_column width=&#8221;1\/2&#8243;][vc_single_image image=&#8221;21079&#8243; img_size=&#8221;medium&#8221; alignment=&#8221;center&#8221;][\/vc_column][\/vc_row][vc_row][vc_column][vc_empty_space height=&#8221;50px&#8221;][\/vc_column][\/vc_row]<\/p>\n<\/section>","protected":false},"excerpt":{"rendered":"<p>[vc_row full_width=&#8221;stretch_row&#8221; enable_parallax=&#8221;true&#8221; parallax_background=&#8221;21073&#8243;][vc_column][\/vc_column][\/vc_row][vc_row][vc_column][vc_empty_space height=&#8221;50px&#8221;][vc_empty_space height=&#8221;50px&#8221;][\/vc_column][\/vc_row][vc_row][vc_column width=&#8221;1\/2&#8243;][\/vc_column][vc_column width=&#8221;1\/2&#8243;][vc_single_image image=&#8221;21079&#8243; img_size=&#8221;medium&#8221; alignment=&#8221;center&#8221;][\/vc_column][\/vc_row][vc_row][vc_column][vc_empty_space height=&#8221;50px&#8221;][\/vc_column][\/vc_row]<\/p>\n","protected":false},"author":12,"featured_media":0,"parent":0,"menu_order":0,"comment_status":"closed","ping_status":"closed","template":"","meta":{"_mi_skip_tracking":false},"_links":{"self":[{"href":"https:\/\/www.gskos.unios.hr\/index.php\/wp-json\/wp\/v2\/pages\/21055"}],"collection":[{"href":"https:\/\/www.gskos.unios.hr\/index.php\/wp-json\/wp\/v2\/pages"}],"about":[{"href":"https:\/\/www.gskos.unios.hr\/index.php\/wp-json\/wp\/v2\/types\/page"}],"author":[{"embeddable":true,"href":"https:\/\/www.gskos.unios.hr\/index.php\/wp-json\/wp\/v2\/users\/12"}],"replies":[{"embeddable":true,"href":"https:\/\/www.gskos.unios.hr\/index.php\/wp-json\/wp\/v2\/comments?post=21055"}],"version-history":[{"count":6,"href":"https:\/\/www.gskos.unios.hr\/index.php\/wp-json\/wp\/v2\/pages\/21055\/revisions"}],"predecessor-version":[{"id":21080,"href":"https:\/\/www.gskos.unios.hr\/index.php\/wp-json\/wp\/v2\/pages\/21055\/revisions\/21080"}],"wp:attachment":[{"href":"https:\/\/www.gskos.unios.hr\/index.php\/wp-json\/wp\/v2\/media?parent=21055"}],"curies":[{"name":"wp","href":"https:\/\/api.w.org\/{rel}","templated":true}]}}