{"id":3115,"date":"2017-10-14T12:00:13","date_gmt":"2017-10-14T10:00:13","guid":{"rendered":"http:\/\/www.gskos.unios.hr\/?page_id=3115"},"modified":"2026-03-11T10:24:49","modified_gmt":"2026-03-11T09:24:49","slug":"natjecaji","status":"publish","type":"page","link":"https:\/\/www.gskos.unios.hr\/index.php\/natjecaji\/","title":{"rendered":"NATJE\u010cAJI"},"content":{"rendered":"<section class=\"wpb-content-wrapper\"><p>[vc_row full_width=&#8221;stretch_row&#8221; content_placement=&#8221;bottom&#8221; enable_first_overlay=&#8221;true&#8221; first_overlay_opacity=&#8221;25&#8243; first_background_type=&#8221;gradient&#8221; enable_parallax=&#8221;true&#8221; parallax_background=&#8221;4623&#8243; parallax_style=&#8221;fixed&#8221;][vc_column alignment=&#8221;center&#8221;]<div id=\"mpc_textblock-1169de48f1af7b2\" class=\"mpc-textblock mpc-init mpc-typography--preset_0 mpc-animation \" data-animation-in=\"transition.slideDownBigIn||3250||0||100\"><p style=\"text-align: center;\">NATJE\u010cAJI<\/p>\n<\/div>[\/vc_column][\/vc_row][vc_row][vc_column][vc_empty_space][\/vc_column][\/vc_row][vc_row][vc_column width=&#8221;1\/2&#8243;][vc_column_text]<\/p>\n<p style=\"text-align: justify;\"><span lang=\"HR\"><a href=\"https:\/\/www.gskos.unios.hr\/wp-content\/uploads\/2026\/02\/NATJECAJ.pdf\"><strong>NATJE\u010cAJ<\/strong><\/a> za izbor jednog zaposlenika\/zaposlenice na radno mjesto \u2013 knji\u017eni\u010dar u Gradskoj i sveu\u010dili\u0161noj knji\u017enici Osijek, na odre\u0111eno vrijeme s punim radnim vremenom, (zamjena za privremeno nenazo\u010dnog zaposlenika).<\/span><\/p>\n<p style=\"text-align: center;\"><a href=\"https:\/\/www.gskos.unios.hr\/wp-content\/uploads\/2026\/02\/Opis-poslova-002.docx\">OPIS POSLOVA<\/a><br \/>\n<a href=\"https:\/\/www.gskos.unios.hr\/wp-content\/uploads\/2026\/02\/Obrazac-privole-1.docx\">OBRAZAC PRIVOLE<\/a><br \/>\n<a href=\"https:\/\/www.gskos.unios.hr\/wp-content\/uploads\/2026\/03\/POZIV-NA-RAZGOVOR-INTERVJU.pdf\">POZIV NA RAZGOVOR (INTERVJU)<\/a><br \/>\n<a href=\"https:\/\/www.gskos.unios.hr\/wp-content\/uploads\/2026\/03\/obavijest-kandidatima.pdf\">OBAVIJEST O REZULTATIMA I. i II. RAZINE TESTIRANJA KANDIDATA<\/a><br \/>\n<a href=\"https:\/\/www.gskos.unios.hr\/wp-content\/uploads\/2026\/03\/odluka.pdf\">ODLUKA O IZBORU KANDIDATA<\/a><\/p>\n<p>[\/vc_column_text][\/vc_column][vc_column width=&#8221;1\/2&#8243;][vc_column_text]<\/p>\n<p style=\"text-align: justify;\"><span lang=\"HR\"><a href=\"https:\/\/www.gskos.unios.hr\/wp-content\/uploads\/2025\/08\/Natjecaj-Knjiznicarski-tehnicar.pdf\"><strong>NATJE\u010cAJ<\/strong><\/a> za izbor i prijam u radni odnos jednog zaposlenika\/zaposlenice na radno mjesto III. vrste \u2013 knji\u017eni\u010darski tehni\u010dar u Gradskoj i sveu\u010dili\u0161noj knji\u017enici Osijek, na neodre\u0111eno vrijeme s punim radnim vremenom, uz uvjet probnog rada od dva mjeseca.<\/span><\/p>\n<p style=\"text-align: center;\"><a href=\"https:\/\/www.gskos.unios.hr\/wp-content\/uploads\/2025\/08\/Opis-poslova-knjiznicarski-tehnicar.docx\">OPIS POSLOVA<\/a><br \/>\n<a href=\"https:\/\/www.gskos.unios.hr\/wp-content\/uploads\/2025\/08\/Obrazac-privole-knjiznicarski-tehnicar.docx\">OBRAZAC PRIVOLE<\/a><br \/>\n<a href=\"https:\/\/www.gskos.unios.hr\/wp-content\/uploads\/2025\/08\/POZIV-NA-TESTIRANJE-NA-PISANU-PROVJERU-ZNANJA.pdf\">OBAVIJEST I POZIV NA PISANU PROVJERU ZNANJA<\/a><\/p>\n<p style=\"text-align: center;\"><a href=\"https:\/\/www.gskos.unios.hr\/wp-content\/uploads\/2025\/09\/OBAVIJEST-KANDIDATIMA-REZULTATI-PISMENE-PROVJERE-ZNANJA.pdf\">OBAVIJEST KANDIDATIMA-REZULTATI PISANE PROVJERE\u00a0 ZNANJA<\/a><\/p>\n<p style=\"text-align: center;\"><a href=\"https:\/\/www.gskos.unios.hr\/wp-content\/uploads\/2025\/09\/OBAVIJEST-REZULTATI-I.-I-II.-RAZINE-ODABIRA-KANDIDATA-KNJIZNICARSKI-TEHNICAR.pdf\">OBAVIJEST- REZULTATI I. I II. RAZINE ODABIRA KANDIDATA-KNJI\u017dNI\u010cARSKI TEHNI\u010cAR<\/a><\/p>\n<p style=\"text-align: center;\"><a href=\"https:\/\/www.gskos.unios.hr\/wp-content\/uploads\/2025\/09\/ODLUKA-O-IZBORU-KNJIZNICARSKI-TEHNICAR.pdf\">ODLUKA O IZBORU-KNJI\u017dNI\u010cARSKI TEHNI\u010cAR<\/a><\/p>\n<p>[\/vc_column_text][\/vc_column][\/vc_row][vc_row][vc_column width=&#8221;1\/2&#8243;][vc_column_text]<\/p>\n<p style=\"text-align: justify;\"><span lang=\"HR\"><a href=\"https:\/\/www.gskos.unios.hr\/wp-content\/uploads\/2018\/05\/NATJECAJ-KNJIZNICAR.pdf\"><strong>NATJE\u010cAJ<\/strong><\/a> za izbor i prijam u radni odnos jednog zaposlenika\/zaposlenice na radno mjesto I. vrste \u2013 knji\u017eni\u010dar u Gradskoj i sveu\u010dili\u0161noj knji\u017enici Osijek, na odre\u0111eno vrijeme s punim radnim vremenom, (zamjena za privremeno nenazo\u010dnog zaposlenika).<\/span><\/p>\n<p style=\"text-align: center;\"><a href=\"https:\/\/www.gskos.unios.hr\/wp-content\/uploads\/2018\/05\/Opis-poslova-002.docx\">OPIS POSLOVA<\/a><br \/>\n<a href=\"https:\/\/www.gskos.unios.hr\/wp-content\/uploads\/2018\/05\/Obrazac-privole-1-2.docx\">OBRAZAC PRIVOLE<\/a><br \/>\n<a href=\"https:\/\/www.gskos.unios.hr\/wp-content\/uploads\/2025\/03\/OBAVIJEST-I-POZIV-NA-PISANU-PROVJERU-ZNANJA-TESTIRANJE-KNJIZNICAR-1.pdf\">OBAVIJEST I POZIV NA PISANU PROVJERU ZNANJA<\/a><br \/>\n<a href=\"https:\/\/www.gskos.unios.hr\/wp-content\/uploads\/2025\/03\/OBAVIJEST-KANDIDATIMA-REZULTATI-I.-I-II.-RAZINE-ODABIRA-KANDIDATA.pdf\">OBAVIJEST KANDIDATIMA-REZULTATI I. I II. RAZINE ODABIRA KANDIDATA<\/a><br \/>\n<a href=\"https:\/\/www.gskos.unios.hr\/wp-content\/uploads\/2025\/03\/ODLUKA-O-IZBORU.pdf\">ODLUKA O IZBORU<\/a><\/p>\n<p>[\/vc_column_text][\/vc_column][vc_column width=&#8221;1\/2&#8243;][vc_column_text]<\/p>\n<p style=\"text-align: justify;\"><span lang=\"HR\"><a href=\"https:\/\/www.gskos.unios.hr\/wp-content\/uploads\/2018\/05\/NATJECAJ-CISTAC-SPREMAC-I-KNJIZNICARSKI-SURADNIK.pdf\"><strong>NATJE\u010cAJ<\/strong><\/a>\u00a0za izbor i prijam u radni odnos<br \/>\n1. jednog zaposlenika\/zaposlenice na radno mjesto IV. vrste \u2013 \u010dista\u010d\/sprema\u010d u Tajni\u0161tvu Gradske i sveu\u010dili\u0161ne knji\u017enice Osijek na neodre\u0111eno vrijeme u punom radnom vremenu<\/span><\/p>\n<p style=\"text-align: center;\"><a href=\"https:\/\/www.gskos.unios.hr\/wp-content\/uploads\/2018\/05\/Opis-poslova-cistac-spremac.docx\">OPIS POSLOVA \u010cISTA\u010c\/SPREMA\u010c<\/a><br \/>\n<a href=\"https:\/\/www.gskos.unios.hr\/wp-content\/uploads\/2018\/05\/Obrazac-privole-cistac-spremac.docx\">OBRAZAC PRIVOLE \u010cISTA\u010c\/SPREMA\u010c<\/a><br \/>\n<a href=\"https:\/\/www.gskos.unios.hr\/wp-content\/uploads\/2018\/05\/OBAVIJEST-I-POZIV-NA-PISANU-PROVJERU-ZNANJA-TESTIRANJE-CISTAC-SPREMAC.pdf\">OBAVIJEST I POZIV NA PISANU PROVJERU ZNANJA<\/a><br \/>\n<a href=\"https:\/\/www.gskos.unios.hr\/wp-content\/uploads\/2018\/05\/OBAVIJEST-rezultati-spremacica.pdf\">OBAVIJEST O REZULTATIMA I. i II. RAZINE TESTIRANJA KANDIDATA<\/a><br \/>\n<a href=\"https:\/\/www.gskos.unios.hr\/wp-content\/uploads\/2018\/05\/ODLUKA-o-izboru-cistac-spremac.pdf\">ODLUKA O IZBORU<\/a><\/p>\n<p>[\/vc_column_text][\/vc_column][\/vc_row][vc_row][vc_column width=&#8221;1\/2&#8243;][vc_column_text]<\/p>\n<p style=\"text-align: justify;\"><span lang=\"HR\"><a href=\"https:\/\/www.gskos.unios.hr\/wp-content\/uploads\/2018\/05\/NATJECAJ-CISTAC-SPREMAC-I-KNJIZNICARSKI-SURADNIK.pdf\"><strong>NATJE\u010cAJ<\/strong><\/a>\u00a0za izbor i prijam u radni odnos<\/span><\/p>\n<p>2. jednog zaposlenika\/zaposlenice na radno mjesto II. vrste \u2013 knji\u017eni\u010darski suradnik u Gradskoj i sveu\u010dili\u0161noj knji\u017enici Osijek, na odre\u0111eno vrijeme s punim radnim vremenom, (zamjena za privremeno nenazo\u010dnog zaposlenika)<\/p>\n<p style=\"text-align: center;\"><a href=\"https:\/\/www.gskos.unios.hr\/wp-content\/uploads\/2018\/05\/Opis-poslova-knjiznicarski-suradnik.docx\">OPIS POSLOVA KNJI\u017dNI\u010cARSKI SURADNIK<\/a><br \/>\n<a href=\"https:\/\/www.gskos.unios.hr\/wp-content\/uploads\/2018\/05\/Obrazac-privole-knjiznicarski-suradnik.docx\">OBRAZAC PRIVOLE KNJI\u017dNI\u010cARSKI SURADNIK<\/a><br \/>\n<a href=\"https:\/\/www.gskos.unios.hr\/wp-content\/uploads\/2018\/05\/POZIV-NA-PISANU-PROVJERU-ZNANJA-TESTIRANJE-KNJIZNICARSKI-SURADNIK.pdf\">OBAVIJEST I POZIV NA PISANU PROVJERU ZNANJA<\/a><br \/>\n<a href=\"https:\/\/www.gskos.unios.hr\/wp-content\/uploads\/2018\/05\/OBAVIJEST-rezultati-knjiz-suradnik.pdf\">OBAVIJEST O REZULTATIMA I. i II. RAZINE TESTIRANJA KANDIDATA<\/a><br \/>\n<a href=\"https:\/\/www.gskos.unios.hr\/wp-content\/uploads\/2018\/05\/ODLUKA-o-izboru-knjiznicarski-suradnik.pdf\">ODLUKA O IZBORU<\/a><\/p>\n<p>[\/vc_column_text][\/vc_column][vc_column width=&#8221;1\/2&#8243;][vc_column_text]<\/p>\n<p style=\"text-align: justify;\"><span lang=\"HR\"><a href=\"https:\/\/www.gskos.unios.hr\/wp-content\/uploads\/2023\/11\/Natjecaj.docx\"><strong>NATJE\u010cAJ<\/strong><\/a> za izbor i prijam u radni odnos jednog zaposlenika\/zaposlenice na radno mjesto II. vrste \u2013 knji\u017eni\u010dar (knji\u017eni\u010darski suradnik) u Gradskoj i sveu\u010dili\u0161noj knji\u017enici Osijek, na neodre\u0111eno vrijeme s punim radnim vremenom, uz uvjet probnog rada od tri mjeseca.<br \/>\n<\/span><\/p>\n<p style=\"text-align: center;\"><a href=\"https:\/\/www.gskos.unios.hr\/wp-content\/uploads\/2023\/11\/Opis-poslova.docx\">OPIS POSLOVA<\/a><br \/>\n<a href=\"https:\/\/www.gskos.unios.hr\/wp-content\/uploads\/2023\/11\/Obrazac-privole-1.docx\">OBRAZAC PRIVOLE<\/a><a href=\"https:\/\/www.gskos.unios.hr\/wp-content\/uploads\/2018\/05\/Obrazac-privole-1-1.docx\"><br \/>\n<\/a><a href=\"https:\/\/www.gskos.unios.hr\/wp-content\/uploads\/2023\/11\/OBAVIJEST-I-POZIV-NA-PISANU-PROVJERU-ZNANJA-TESTIRANJE-KNJIZNICAR.pdf\">OBAVIJEST I POZIV NA PISANU PROVJERU ZNANJA<\/a><br \/>\n<a href=\"https:\/\/www.gskos.unios.hr\/wp-content\/uploads\/2023\/12\/OBAVIJEST-KANDIDATIMA-REZULTATI-PISANE-PROVJERE-ZNANJA-TESTIRANJA.pdf\">OBAVIJEST O REZULTATIMA PISANE PROVJERE ZNANJA<\/a><br \/>\n<a href=\"https:\/\/www.gskos.unios.hr\/wp-content\/uploads\/2023\/12\/OBAVIJEST-KANDIDATIMA-REZULTATI-I.-I-II.-RAZINE-ODABIRA-KANDIDATA.pdf\">OBAVIJEST O REZULTATIMA I. i II. RAZINE ODABIRA KANDIDATA<\/a><a href=\"https:\/\/www.gskos.unios.hr\/wp-content\/uploads\/2023\/12\/OBAVIJEST-KANDIDATIMA-REZULTATI-I.-I-II.-RAZINE-ODABIRA-KANDIDATA.pdf\"><br \/>\n<\/a><a href=\"https:\/\/www.gskos.unios.hr\/wp-content\/uploads\/2018\/05\/Odluku-o-izboru-zaposlenika-na-radno-mjesto-knjiznicar-knjiznicarski-suradnik.pdf\">ODLUKA O IZBORU<\/a><\/p>\n<p>[\/vc_column_text][\/vc_column][\/vc_row][vc_row][vc_column width=&#8221;1\/2&#8243;][vc_column_text]<\/p>\n<p style=\"text-align: justify;\"><span lang=\"HR\"><a href=\"https:\/\/www.gskos.unios.hr\/wp-content\/uploads\/2018\/05\/Natjecaj-1.docx\"><strong>NATJE\u010cAJ<\/strong><\/a> za izbor i prijam u radni odnos jednog zaposlenika\/zaposlenice na radno mjesto I. vrste \u2013diplomirani knji\u017eni\u010dar u Posudbenom odjelu u Gradskoj i sveu\u010dili\u0161noj knji\u017enici Osijek, na neodre\u0111eno vrijeme s punim radnim vremenom.<\/span><\/p>\n<p style=\"text-align: center;\"><a href=\"https:\/\/www.gskos.unios.hr\/wp-content\/uploads\/2018\/05\/Opis-poslova-1.docx\">OPIS POSLOVA<\/a><br \/>\n<a href=\"https:\/\/www.gskos.unios.hr\/wp-content\/uploads\/2018\/05\/Obrazac-privole-1.docx\">OBRAZAC PRIVOLE<\/a><a href=\"https:\/\/www.gskos.unios.hr\/wp-content\/uploads\/2018\/05\/Obrazac-privole-1-1.docx\"><br \/>\n<\/a><a href=\"https:\/\/www.gskos.unios.hr\/wp-content\/uploads\/2018\/05\/OBAVIJEST-I-POZIV-NA-PISANU-PROVJERU-ZNANJA-TESTIRANJE-1.pdf\">OBAVIJEST I POZIV NA PISANU PROVJERU ZNANJA<\/a><a href=\"https:\/\/www.gskos.unios.hr\/wp-content\/uploads\/2018\/05\/OBAVIJEST-I-POZIV-NA-PISANU-PROVJERU-ZNANJA-TESTIRANJE.pdf\"><br \/>\n<\/a><a href=\"https:\/\/www.gskos.unios.hr\/wp-content\/uploads\/2018\/05\/OBAVIJEST-KANDIDATIMA-REZULTATI-PISANE-PROVJERE-ZNANJA-TESTIRANJA-I.-RAZINE.pdf\">OBAVIJEST O REZULTATIMA PISANE PROVJERE ZNANJA<\/a><a href=\"https:\/\/www.gskos.unios.hr\/wp-content\/uploads\/2018\/05\/OBAVIJEST-KANDIDATIMA-REZULTATI-PISANE-PROVJERE-ZNANJA-TESTIRANJA-I.-RAZINE.pdf\"><br \/>\n<\/a><a href=\"https:\/\/www.gskos.unios.hr\/wp-content\/uploads\/2018\/05\/OBAVIJEST-KANDIDATIMA-REZULTATI-I.-I-II.-RAZINE-ODABIRA-KANDIDATA.pdf\">OBAVIJEST O REZULTATIMA I. i II. RAZINE ODABIRA KANDIDATA<\/a><br \/>\n<a href=\"https:\/\/www.gskos.unios.hr\/wp-content\/uploads\/2018\/05\/Odluka-o-izboru-Diplomirani-knjiznicar.pdf\">ODLUKA O IZBORU<\/a><\/p>\n<p>[\/vc_column_text][\/vc_column][vc_column width=&#8221;1\/2&#8243;][vc_column_text]<\/p>\n<p style=\"text-align: justify;\"><span lang=\"HR\"><a href=\"https:\/\/www.gskos.unios.hr\/wp-content\/uploads\/2018\/05\/Natjecaj.docx\"><strong>NATJE\u010cAJ<\/strong><\/a> za izbor i prijam u radni odnos jednog zaposlenika\/zaposlenice na radno mjesto I. vrste \u2013 stru\u010dni suradnik odre\u0111ene struke ili za odre\u0111ene poslove\/ stru\u010dni suradnik za ra\u010dunovodstvene poslove, u Ra\u010dunovodstveno &#8211; financijskoj slu\u017ebi u Gradskoj i sveu\u010dili\u0161noj knji\u017enici Osijek na odre\u0111eno vrijeme u punom radnom vremenu (zamjena za privremeno nenazo\u010dnog zaposlenika).<\/span><\/p>\n<p style=\"text-align: center;\"><a href=\"https:\/\/www.gskos.unios.hr\/wp-content\/uploads\/2018\/05\/Opis-poslova.docx\">OPIS POSLOVA<\/a><br \/>\n<a href=\"https:\/\/www.gskos.unios.hr\/wp-content\/uploads\/2018\/05\/Obrazac-privole-1.docx\">OBRAZAC PRIVOLE<\/a><br \/>\n<a href=\"https:\/\/www.gskos.unios.hr\/wp-content\/uploads\/2018\/05\/POZIV-NA-TESTIRANJE-03.04..pdf\">OBAVIJEST I POZIV NA PISANU PROVJERU ZNANJA<\/a><br \/>\n<a href=\"https:\/\/www.gskos.unios.hr\/wp-content\/uploads\/2018\/05\/Obavijest-kandidatima-rezultati-pismene-provjere-znanja.pdf\">OBAVIJEST O REZULTATIMA PISANE PROVJERE ZNANJA<\/a><br \/>\n<a href=\"https:\/\/www.gskos.unios.hr\/wp-content\/uploads\/2018\/05\/OBAVIJEST-rezultati-I.-i-II.-razine-strucni-suradnik-za-racunovodstvene-poslove.pdf\">OBAVIJEST O REZULTATIMA I. i II. RAZINE ODABIRA KANDIDATA<\/a><br \/>\n<a href=\"https:\/\/www.gskos.unios.hr\/wp-content\/uploads\/2018\/05\/ODLUKA-O-IZBORU.pdf\">ODLUKA O IZBORU<\/a><\/p>\n<p>[\/vc_column_text][vc_column_text][\/vc_column_text][\/vc_column][\/vc_row][vc_row][vc_column width=&#8221;1\/2&#8243;][vc_column_text]<\/p>\n<p style=\"text-align: justify;\"><a href=\"https:\/\/www.gskos.unios.hr\/wp-content\/uploads\/2022\/05\/Natjecaj-voditelj-sef-odsjeka-voditelj-odsjeka-za-poslove-pokretne-knjiznice-tehnicke-posl.docx\"><strong>NATJE\u010cAJ <\/strong><\/a>za izbor i prijam u radni odnos jednog zaposlenika\/zaposlenice na polo\u017eaj II. vrste \u2013 voditelj (\u0161ef) odsjeka\/voditelj odsjeka za poslove pokretne knji\u017enice, tehni\u010dke poslove i poslove za\u0161tite na radu, na neodre\u0111eno vrijeme s punim radnim vremenom, uz uvjet probnog rada od tri mjeseca<\/p>\n<p style=\"text-align: center;\"><a href=\"https:\/\/www.gskos.unios.hr\/wp-content\/uploads\/2022\/05\/Opis-poslova.docx\">OPIS POSLOVA<\/a><br \/>\n<a href=\"https:\/\/www.gskos.unios.hr\/wp-content\/uploads\/2022\/05\/Obrazac-privole-1.docx\">OBRAZAC PRIVOLE<\/a><br \/>\n<a href=\"https:\/\/www.gskos.unios.hr\/wp-content\/uploads\/2022\/05\/POZIV-NA-PISANU-PROVJERU-ZNANJA.pdf\">OBAVIJEST I POZIV NA PISANU PROVJERU ZNANJA<\/a><br \/>\n<a href=\"https:\/\/www.gskos.unios.hr\/wp-content\/uploads\/2022\/06\/Obavijest-o-rezultatima-I.-i-II.-razine-odabira-kandidata.pdf\">OBAVIJEST O REZULTATIMA I. i II. RAZINE ODABIRA KANDIDATA<\/a><br \/>\n<a href=\"https:\/\/www.gskos.unios.hr\/wp-content\/uploads\/2022\/06\/ODLUKA.pdf\">ODLUKA<\/a><\/p>\n<p>[\/vc_column_text][\/vc_column][vc_column width=&#8221;1\/2&#8243;][vc_column_text]<\/p>\n<p style=\"text-align: justify;\"><strong><a href=\"https:\/\/www.gskos.unios.hr\/wp-content\/uploads\/2018\/05\/Natjecaj-za-izbor-i-imenovanje-ravnatelja.pdf\">NATJE\u010cAJ<\/a><\/strong> za izbor i imenovanje ravnatelja Gradske i sveu\u010dili\u0161ne knji\u017enice Osijek u sastavu Sveu\u010dili\u0161ta Josipa Jurja Strossmayera u Osijeku.<\/p>\n<p>[\/vc_column_text][\/vc_column][\/vc_row][vc_column width=&#8221;1\/2&#8243;][\/vc_column]<\/p>\n<\/section>","protected":false},"excerpt":{"rendered":"<p>[vc_row full_width=&#8221;stretch_row&#8221; content_placement=&#8221;bottom&#8221; enable_first_overlay=&#8221;true&#8221; first_overlay_opacity=&#8221;25&#8243; first_background_type=&#8221;gradient&#8221; enable_parallax=&#8221;true&#8221; parallax_background=&#8221;4623&#8243; parallax_style=&#8221;fixed&#8221;][vc_column alignment=&#8221;center&#8221;][\/vc_column][\/vc_row][vc_row][vc_column][vc_empty_space][\/vc_column][\/vc_row][vc_row][vc_column width=&#8221;1\/2&#8243;][vc_column_text] NATJE\u010cAJ za izbor jednog zaposlenika\/zaposlenice na radno mjesto \u2013 knji\u017eni\u010dar u Gradskoj i sveu\u010dili\u0161noj knji\u017enici Osijek, na odre\u0111eno vrijeme s punim radnim vremenom, (zamjena za privremeno nenazo\u010dnog zaposlenika). OPIS POSLOVA OBRAZAC PRIVOLE POZIV NA RAZGOVOR (INTERVJU) OBAVIJEST O REZULTATIMA I. i II. RAZINE TESTIRANJA<\/p>\n","protected":false},"author":3,"featured_media":4623,"parent":0,"menu_order":0,"comment_status":"closed","ping_status":"closed","template":"","meta":{"_mi_skip_tracking":false},"_links":{"self":[{"href":"https:\/\/www.gskos.unios.hr\/index.php\/wp-json\/wp\/v2\/pages\/3115"}],"collection":[{"href":"https:\/\/www.gskos.unios.hr\/index.php\/wp-json\/wp\/v2\/pages"}],"about":[{"href":"https:\/\/www.gskos.unios.hr\/index.php\/wp-json\/wp\/v2\/types\/page"}],"author":[{"embeddable":true,"href":"https:\/\/www.gskos.unios.hr\/index.php\/wp-json\/wp\/v2\/users\/3"}],"replies":[{"embeddable":true,"href":"https:\/\/www.gskos.unios.hr\/index.php\/wp-json\/wp\/v2\/comments?post=3115"}],"version-history":[{"count":192,"href":"https:\/\/www.gskos.unios.hr\/index.php\/wp-json\/wp\/v2\/pages\/3115\/revisions"}],"predecessor-version":[{"id":23108,"href":"https:\/\/www.gskos.unios.hr\/index.php\/wp-json\/wp\/v2\/pages\/3115\/revisions\/23108"}],"wp:featuredmedia":[{"embeddable":true,"href":"https:\/\/www.gskos.unios.hr\/index.php\/wp-json\/wp\/v2\/media\/4623"}],"wp:attachment":[{"href":"https:\/\/www.gskos.unios.hr\/index.php\/wp-json\/wp\/v2\/media?parent=3115"}],"curies":[{"name":"wp","href":"https:\/\/api.w.org\/{rel}","templated":true}]}}