{"id":3498,"date":"2017-03-09T09:16:19","date_gmt":"2017-03-09T08:16:19","guid":{"rendered":"http:\/\/www.gskos.unios.hr\/?page_id=3498"},"modified":"2020-05-18T14:14:12","modified_gmt":"2020-05-18T12:14:12","slug":"katalozi-i-ostali-izvori-informacija-u-hrvatskoj","status":"publish","type":"page","link":"https:\/\/www.gskos.unios.hr\/index.php\/katalozi-i-ostali-izvori-informacija-u-hrvatskoj\/","title":{"rendered":"KATALOZI U HRVATSKOJ"},"content":{"rendered":"<section class=\"wpb-content-wrapper\"><p>[vc_row full_width=&#8221;stretch_row&#8221; content_placement=&#8221;bottom&#8221; enable_first_overlay=&#8221;true&#8221; first_overlay_opacity=&#8221;25&#8243; first_background_type=&#8221;gradient&#8221; enable_parallax=&#8221;true&#8221; parallax_background=&#8221;3499&#8243; parallax_style=&#8221;fixed&#8221; css=&#8221;.vc_custom_1509305113116{background-position: center !important;background-repeat: no-repeat !important;background-size: cover !important;}&#8221;][vc_column alignment=&#8221;center&#8221;]<div id=\"mpc_textblock-8369e5c3a24fd35\" class=\"mpc-textblock mpc-init mpc-typography--preset_0 mpc-animation \" data-animation-in=\"transition.slideDownBigIn||3250||0||100\"><p style=\"text-align: center;\">KATALOZI I OSTALI IZVORI INFORMACIJA U HRVATSKOJ<\/p>\n<\/div>[\/vc_column][\/vc_row][vc_section][vc_row][vc_column][vc_empty_space height=&#8221;50px&#8221;]<div data-id=\"mpc_divider-6169e5c3a24fe15\" class=\"mpc-divider-wrap\"><div class=\"mpc-divider mpc-init mpc-align--center \" ><div class=\"mpc-divider__line mpc-side--left\"><span><\/span><\/div><div class=\"mpc-divider__separator\"><div class=\"mpc-divider__content mpc-typography--mpc_preset_103\">Knji\u017eni\u010dni katalozi<\/div><\/div><div class=\"mpc-divider__line mpc-side--right\"><span><\/span><\/div><\/div><\/div>[vc_empty_space height=&#8221;50px&#8221;]<div id=\"mpc_grid_anything-8469e5c3a24fe56\" class=\"mpc-grid-anything mpc-init \"  data-grid-cols=\"3\">[vc_column_text]<\/p>\n<p style=\"text-align: center;\"><strong>Online pretra\u017eivanja sustava umre\u017eenih knji\u017enica Crolist<\/strong><\/p>\n<p>[\/vc_column_text][vc_column_text]<\/p>\n<p style=\"text-align: center;\"><strong>Online baza podataka knji\u017enica u sustavu Metelwin<\/strong><\/p>\n<p>[\/vc_column_text][vc_column_text]<\/p>\n<p style=\"text-align: center;\"><strong>Online katalog Nacionalne i sveu\u010dili\u0161ne knji\u017enice u Zagrebu<\/strong><\/p>\n<p>[\/vc_column_text]<div data-id=\"mpc_ihover-1469e5c3a24ff7e\" class=\"mpc-ihover-wrapper mpc-init \"><div class=\"mpc-ihover-item ih-item circle effect18  right_to_left\" data-effect=\"effect18\"><a  href=\"http:\/\/opak.crolib.hr\/\" target=\"_blank\" title=\"\" ><div class=\"img\"><div class=\"mpc-image-box\" style=\"background-image: url(https:\/\/www.gskos.unios.hr\/wp-content\/uploads\/2017\/03\/crolist.jpg);\"><\/div><\/div><div class=\"info\"><div class=\"info-wrap\"><div class=\"mpc-ihover-content mpc-typography--mpc_preset_103\"><p style=\"text-align: center;\">Online pretra\u017eivanja sustava umre\u017eenih knji\u017enica Crolist<\/p>\n<\/div><\/div><\/div><\/a><\/div><\/div><div data-id=\"mpc_ihover-5169e5c3a2503c3\" class=\"mpc-ihover-wrapper mpc-init \"><div class=\"mpc-ihover-item ih-item circle effect18  right_to_left\" data-effect=\"effect18\"><a  href=\"http:\/\/library.foi.hr\/metelgrad\/\" target=\"_blank\" title=\"\" ><div class=\"img\"><div class=\"mpc-image-box\" style=\"background-image: url(https:\/\/www.gskos.unios.hr\/wp-content\/uploads\/2017\/03\/metelwin.jpg);\"><\/div><\/div><div class=\"info\"><div class=\"info-wrap\"><div class=\"mpc-ihover-content mpc-typography--mpc_preset_103\"><p style=\"text-align: center;\">Online baza podataka knji\u017enica u sustavu Metelwin<\/p>\n<\/div><\/div><\/div><\/a><\/div><\/div><div data-id=\"mpc_ihover-6869e5c3a250770\" class=\"mpc-ihover-wrapper mpc-init \"><div class=\"mpc-ihover-item ih-item circle effect18  right_to_left\" data-effect=\"effect18\"><a  href=\"http:\/\/katalog.nsk.hr\/F?RN=540252622\" target=\"_blank\" title=\"\" ><div class=\"img\"><div class=\"mpc-image-box\" style=\"background-image: url(https:\/\/www.gskos.unios.hr\/wp-content\/uploads\/2017\/03\/nsk.jpg);\"><\/div><\/div><div class=\"info\"><div class=\"info-wrap\"><div class=\"mpc-ihover-content mpc-typography--mpc_preset_103\"><p style=\"text-align: center;\">Online katalog Nacionalne i sveu\u010dili\u0161ne knji\u017enice u Zagrebu<\/p>\n<\/div><\/div><\/div><\/a><\/div><\/div><\/div>[vc_empty_space height=&#8221;70px&#8221;]<div id=\"mpc_grid_anything-8869e5c3a250abe\" class=\"mpc-grid-anything mpc-init \"  data-grid-cols=\"3\">[vc_column_text]<\/p>\n<p style=\"text-align: center;\"><strong>Skupni katalog sustava<br \/>\nZaki<\/strong><\/p>\n<p>[\/vc_column_text][vc_column_text]<\/p>\n<p style=\"text-align: center;\"><strong>Skupni katalog knji\u017enice IRB-a i knji\u017enica SZI prirodoslovlje<\/strong><\/p>\n<p>[\/vc_column_text][vc_column_text]<\/p>\n<p style=\"text-align: center;\"><strong>Skupni katalog knji\u017enica dru\u0161tvenih znanosti<\/strong><\/p>\n<p>[\/vc_column_text]<div data-id=\"mpc_ihover-369e5c3a250b6c\" class=\"mpc-ihover-wrapper mpc-init \"><div class=\"mpc-ihover-item ih-item circle effect18  right_to_left\" data-effect=\"effect18\"><a  href=\"http:\/\/www.kgz.hr\/hr\" target=\"_blank\" title=\"\" ><div class=\"img\"><div class=\"mpc-image-box\" style=\"background-image: url(https:\/\/www.gskos.unios.hr\/wp-content\/uploads\/2017\/03\/kgz.jpg);\"><\/div><\/div><div class=\"info\"><div class=\"info-wrap\"><div class=\"mpc-ihover-content mpc-typography--mpc_preset_103\"><p style=\"text-align: center;\">Skupni katalog sustava Zaki<\/p>\n<\/div><\/div><\/div><\/a><\/div><\/div><div data-id=\"mpc_ihover-7469e5c3a250f10\" class=\"mpc-ihover-wrapper mpc-init \"><div class=\"mpc-ihover-item ih-item circle effect18  right_to_left\" data-effect=\"effect18\"><a  href=\"http:\/\/www.irb.hr\/\" target=\"_blank\" title=\"\" ><div class=\"img\"><div class=\"mpc-image-box\" style=\"background-image: url(https:\/\/www.gskos.unios.hr\/wp-content\/uploads\/2017\/03\/irb.jpeg);\"><\/div><\/div><div class=\"info\"><div class=\"info-wrap\"><div class=\"mpc-ihover-content mpc-typography--mpc_preset_103\"><p style=\"text-align: center;\">Skupni katalog knji\u017enice IRB-a i knji\u017enica SZI prirodoslovlje<\/p>\n<\/div><\/div><\/div><\/a><\/div><\/div><div data-id=\"mpc_ihover-3169e5c3a2512a8\" class=\"mpc-ihover-wrapper mpc-init \"><div class=\"mpc-ihover-item ih-item circle effect18  right_to_left\" data-effect=\"effect18\"><a  href=\"http:\/\/mjesec.ffzg.hr\/webpac-drustvene\/\" target=\"_blank\" title=\"\" ><div class=\"img\"><div class=\"mpc-image-box\" style=\"background-image: url(https:\/\/www.gskos.unios.hr\/wp-content\/uploads\/2017\/03\/kdz.jpg);\"><\/div><\/div><div class=\"info\"><div class=\"info-wrap\"><div class=\"mpc-ihover-content mpc-typography--mpc_preset_103\"><p style=\"text-align: center;\">Skupni katalog knji\u017enica dru\u0161tvenih znanosti<\/p>\n<\/div><\/div><\/div><\/a><\/div><\/div><\/div>[vc_empty_space height=&#8221;70px&#8221;]<div id=\"mpc_grid_anything-4069e5c3a251618\" class=\"mpc-grid-anything mpc-init \"  data-grid-cols=\"3\">[vc_column_text]<\/p>\n<p style=\"text-align: center;\"><strong>Pretra\u017eiva\u010d knji\u017eni\u010dnih online kataloga Hrvatske<\/strong><\/p>\n<p>[\/vc_column_text][vc_column_text]<\/p>\n<p style=\"text-align: center;\"><strong>Katalog knji\u017enica Filozofskog fakulteta u Zagrebu<\/strong><\/p>\n<p>[\/vc_column_text][vc_column_text]<\/p>\n<p style=\"text-align: center;\"><strong>Katalog knji\u017enice<br \/>\nHAZU<\/strong><\/p>\n<p>[\/vc_column_text]<div data-id=\"mpc_ihover-9869e5c3a2516c2\" class=\"mpc-ihover-wrapper mpc-init \"><div class=\"mpc-ihover-item ih-item circle effect18  right_to_left\" data-effect=\"effect18\"><a  href=\"http:\/\/lib.irb.hr\/preskok\/\" target=\"_blank\" title=\"\" ><div class=\"img\"><div class=\"mpc-image-box\" style=\"background-image: url(https:\/\/www.gskos.unios.hr\/wp-content\/uploads\/2017\/03\/cro.jpg);\"><\/div><\/div><div class=\"info\"><div class=\"info-wrap\"><div class=\"mpc-ihover-content mpc-typography--mpc_preset_103\"><p style=\"text-align: center;\">Pretra\u017eiva\u010d knji\u017eni\u010dnih online kataloga Hrvatske<\/p>\n<\/div><\/div><\/div><\/a><\/div><\/div><div data-id=\"mpc_ihover-4369e5c3a251a33\" class=\"mpc-ihover-wrapper mpc-init \"><div class=\"mpc-ihover-item ih-item circle effect18  right_to_left\" data-effect=\"effect18\"><a  href=\"http:\/\/knjiznica.ffzg.unizg.hr\/katalozi\" target=\"_blank\" title=\"\" ><div class=\"img\"><div class=\"mpc-image-box\" style=\"background-image: url(https:\/\/www.gskos.unios.hr\/wp-content\/uploads\/2017\/03\/ffzg.jpg);\"><\/div><\/div><div class=\"info\"><div class=\"info-wrap\"><div class=\"mpc-ihover-content mpc-typography--mpc_preset_103\"><p style=\"text-align: center;\">Katalog knji\u017enica Filozofskog fakulteta u Zagrebu<\/p>\n<\/div><\/div><\/div><\/a><\/div><\/div><div data-id=\"mpc_ihover-4869e5c3a251dcb\" class=\"mpc-ihover-wrapper mpc-init \"><div class=\"mpc-ihover-item ih-item circle effect18  right_to_left\" data-effect=\"effect18\"><a  href=\"http:\/\/katalog.hazu.hr\/web\/start01.htm\" target=\"_blank\" title=\"\" ><div class=\"img\"><div class=\"mpc-image-box\" style=\"background-image: url(https:\/\/www.gskos.unios.hr\/wp-content\/uploads\/2017\/03\/hazu.jpg);\"><\/div><\/div><div class=\"info\"><div class=\"info-wrap\"><div class=\"mpc-ihover-content mpc-typography--mpc_preset_103\"><p style=\"text-align: center;\">Katalog knji\u017enice HAZU<\/p>\n<\/div><\/div><\/div><\/a><\/div><\/div><\/div>[vc_empty_space height=&#8221;50px&#8221;][\/vc_column][\/vc_row][\/vc_section][vc_section][vc_row][vc_column][vc_empty_space height=&#8221;50px&#8221;]<div data-id=\"mpc_divider-6969e5c3a252149\" class=\"mpc-divider-wrap\"><div class=\"mpc-divider mpc-init mpc-align--center \" ><div class=\"mpc-divider__line mpc-side--left\"><span><\/span><\/div><div class=\"mpc-divider__separator\"><div class=\"mpc-divider__content mpc-typography--mpc_preset_103\">Ostali izvori informacija<\/div><\/div><div class=\"mpc-divider__line mpc-side--right\"><span><\/span><\/div><\/div><\/div>[vc_empty_space height=&#8221;50px&#8221;]<div id=\"mpc_grid_anything-6569e5c3a25217d\" class=\"mpc-grid-anything mpc-init \"  data-grid-cols=\"3\">[vc_column_text]<\/p>\n<p style=\"text-align: center;\"><strong>Virtualna referentna zbirka Knji\u017enice IRB-a<\/strong><\/p>\n<p>[\/vc_column_text][vc_column_text]<\/p>\n<p style=\"text-align: center;\"><strong>Digitalni akademski repozitorij<br \/>\nDAR<\/strong><\/p>\n<p>[\/vc_column_text][vc_column_text]<\/p>\n<p style=\"text-align: center;\"><strong>Digitalna zbirka<br \/>\nKnji\u017enice HAZU<\/strong><\/p>\n<p>[\/vc_column_text]<div data-id=\"mpc_ihover-6769e5c3a252224\" class=\"mpc-ihover-wrapper mpc-init \"><div class=\"mpc-ihover-item ih-item circle effect18  right_to_left\" data-effect=\"effect18\"><a  href=\"http:\/\/lib.irb.hr\/web\/hr\/zbirke\/virtualna-referenta-zbirka.html\" target=\"_blank\" title=\"\" ><div class=\"img\"><div class=\"mpc-image-box\" style=\"background-image: url(https:\/\/www.gskos.unios.hr\/wp-content\/uploads\/2017\/03\/irb.jpeg);\"><\/div><\/div><div class=\"info\"><div class=\"info-wrap\"><div class=\"mpc-ihover-content mpc-typography--mpc_preset_103\"><p style=\"text-align: center;\">Virtualna referentna zbirka Knji\u017enice IRB-a<\/p>\n<\/div><\/div><\/div><\/a><\/div><\/div><div data-id=\"mpc_ihover-7369e5c3a25236a\" class=\"mpc-ihover-wrapper mpc-init \"><div class=\"mpc-ihover-item ih-item circle effect18  right_to_left\" data-effect=\"effect18\"><a  href=\"http:\/\/dar.nsk.hr\/\" target=\"_blank\" title=\"\" ><div class=\"img\"><div class=\"mpc-image-box\" style=\"background-image: url(https:\/\/www.gskos.unios.hr\/wp-content\/uploads\/2017\/03\/dar.jpg);\"><\/div><\/div><div class=\"info\"><div class=\"info-wrap\"><div class=\"mpc-ihover-content mpc-typography--mpc_preset_103\"><p style=\"text-align: center;\">Digitalni akademski repozitorij &#8211; DAR<\/p>\n<\/div><\/div><\/div><\/a><\/div><\/div><div data-id=\"mpc_ihover-9969e5c3a2526bc\" class=\"mpc-ihover-wrapper mpc-init \"><div class=\"mpc-ihover-item ih-item circle effect18  right_to_left\" data-effect=\"effect18\"><a  href=\"http:\/\/dizbi.hazu.hr\/\" target=\"_blank\" title=\"\" ><div class=\"img\"><div class=\"mpc-image-box\" style=\"background-image: url(https:\/\/www.gskos.unios.hr\/wp-content\/uploads\/2017\/03\/digihazu.jpg);\"><\/div><\/div><div class=\"info\"><div class=\"info-wrap\"><div class=\"mpc-ihover-content mpc-typography--mpc_preset_103\"><p style=\"text-align: center;\">Digitalna zbirka Knji\u017enice HAZU<\/p>\n<\/div><\/div><\/div><\/a><\/div><\/div><\/div>[vc_empty_space height=&#8221;70px&#8221;]<div id=\"mpc_grid_anything-1469e5c3a2529f7\" class=\"mpc-grid-anything mpc-init \"  data-grid-cols=\"3\">[vc_column_text]<\/p>\n<p style=\"text-align: center;\"><strong>Istrapedia<\/strong><\/p>\n<p>[\/vc_column_text][vc_column_text]<\/p>\n<p style=\"text-align: center;\"><strong>Hrvatska znanstvena bibliografija<\/strong><\/p>\n<p>[\/vc_column_text][vc_column_text]<\/p>\n<p style=\"text-align: center;\"><strong>Repozitorij cjelovitih tekstova IRB-a<\/strong><\/p>\n<p>[\/vc_column_text]<div data-id=\"mpc_ihover-7269e5c3a252a9e\" class=\"mpc-ihover-wrapper mpc-init \"><div class=\"mpc-ihover-item ih-item circle effect18  right_to_left\" data-effect=\"effect18\"><a  href=\"http:\/\/www.istrapedia.hr\/\" target=\"_blank\" title=\"\" ><div class=\"img\"><div class=\"mpc-image-box\" style=\"background-image: url(https:\/\/www.gskos.unios.hr\/wp-content\/uploads\/2017\/03\/istrapedia.jpg);\"><\/div><\/div><div class=\"info\"><div class=\"info-wrap\"><div class=\"mpc-ihover-content mpc-typography--mpc_preset_103\"><p style=\"text-align: center;\">Istrapedia<\/p>\n<\/div><\/div><\/div><\/a><\/div><\/div><div data-id=\"mpc_ihover-2369e5c3a252e25\" class=\"mpc-ihover-wrapper mpc-init \"><div class=\"mpc-ihover-item ih-item circle effect18  right_to_left\" data-effect=\"effect18\"><a  href=\"http:\/\/bib.irb.hr\/\" target=\"_blank\" title=\"\" ><div class=\"img\"><div class=\"mpc-image-box\" style=\"background-image: url(https:\/\/www.gskos.unios.hr\/wp-content\/uploads\/2017\/03\/hzb.jpg);\"><\/div><\/div><div class=\"info\"><div class=\"info-wrap\"><div class=\"mpc-ihover-content mpc-typography--mpc_preset_103\"><p style=\"text-align: center;\">Hrvatska znanstvena<br \/>\nbibliografija<\/p>\n<\/div><\/div><\/div><\/a><\/div><\/div><div data-id=\"mpc_ihover-6169e5c3a253238\" class=\"mpc-ihover-wrapper mpc-init \"><div class=\"mpc-ihover-item ih-item circle effect18  right_to_left\" data-effect=\"effect18\"><a  href=\"http:\/\/fulir.irb.hr\/\" target=\"_blank\" title=\"\" ><div class=\"img\"><div class=\"mpc-image-box\" style=\"background-image: url(https:\/\/www.gskos.unios.hr\/wp-content\/uploads\/2017\/03\/fulir.jpg);\"><\/div><\/div><div class=\"info\"><div class=\"info-wrap\"><div class=\"mpc-ihover-content mpc-typography--mpc_preset_103\"><p style=\"text-align: center;\">Repozitorij cjelovitih tekstova IRB-a<\/p>\n<\/div><\/div><\/div><\/a><\/div><\/div><\/div>[vc_empty_space height=&#8221;70px&#8221;][vc_column_text]<\/p>\n<p style=\"text-align: center;\"><strong>Agregator hrvatskih repozitorija i arhiva<\/strong><\/p>\n<p>[\/vc_column_text]<div data-id=\"mpc_ihover-1569e5c3a253626\" class=\"mpc-ihover-wrapper mpc-init \"><div class=\"mpc-ihover-item ih-item circle effect18  right_to_left\" data-effect=\"effect18\"><a  href=\"http:\/\/ara.srce.hr\/index.php\/browse\" target=\"_blank\" title=\"\" ><div class=\"img\"><div class=\"mpc-image-box\" style=\"background-image: url(https:\/\/www.gskos.unios.hr\/wp-content\/uploads\/2017\/03\/ara.jpg);\"><\/div><\/div><div class=\"info\"><div class=\"info-wrap\"><div class=\"mpc-ihover-content mpc-typography--mpc_preset_103\"><p style=\"text-align: center;\">Agregator hrvatskih repozitorija i arhiva<\/p>\n<\/div><\/div><\/div><\/a><\/div><\/div>[vc_empty_space height=&#8221;70px&#8221;][\/vc_column][\/vc_row][\/vc_section]<\/p>\n<\/section>","protected":false},"excerpt":{"rendered":"<p>[vc_row full_width=&#8221;stretch_row&#8221; content_placement=&#8221;bottom&#8221; enable_first_overlay=&#8221;true&#8221; first_overlay_opacity=&#8221;25&#8243; first_background_type=&#8221;gradient&#8221; enable_parallax=&#8221;true&#8221; parallax_background=&#8221;3499&#8243; parallax_style=&#8221;fixed&#8221; css=&#8221;.vc_custom_1509305113116{background-position: center !important;background-repeat: no-repeat !important;background-size: cover !important;}&#8221;][vc_column alignment=&#8221;center&#8221;][\/vc_column][\/vc_row][vc_section][vc_row][vc_column][vc_empty_space height=&#8221;50px&#8221;][vc_empty_space height=&#8221;50px&#8221;][vc_empty_space height=&#8221;70px&#8221;][vc_empty_space height=&#8221;70px&#8221;][vc_empty_space height=&#8221;50px&#8221;][\/vc_column][\/vc_row][\/vc_section][vc_section][vc_row][vc_column][vc_empty_space height=&#8221;50px&#8221;][vc_empty_space height=&#8221;50px&#8221;][vc_empty_space height=&#8221;70px&#8221;][vc_empty_space height=&#8221;70px&#8221;][vc_column_text] Agregator hrvatskih repozitorija i arhiva [\/vc_column_text][vc_empty_space height=&#8221;70px&#8221;][\/vc_column][\/vc_row][\/vc_section]<\/p>\n","protected":false},"author":3,"featured_media":3499,"parent":0,"menu_order":0,"comment_status":"closed","ping_status":"closed","template":"","meta":{"_mi_skip_tracking":false},"_links":{"self":[{"href":"https:\/\/www.gskos.unios.hr\/index.php\/wp-json\/wp\/v2\/pages\/3498"}],"collection":[{"href":"https:\/\/www.gskos.unios.hr\/index.php\/wp-json\/wp\/v2\/pages"}],"about":[{"href":"https:\/\/www.gskos.unios.hr\/index.php\/wp-json\/wp\/v2\/types\/page"}],"author":[{"embeddable":true,"href":"https:\/\/www.gskos.unios.hr\/index.php\/wp-json\/wp\/v2\/users\/3"}],"replies":[{"embeddable":true,"href":"https:\/\/www.gskos.unios.hr\/index.php\/wp-json\/wp\/v2\/comments?post=3498"}],"version-history":[{"count":32,"href":"https:\/\/www.gskos.unios.hr\/index.php\/wp-json\/wp\/v2\/pages\/3498\/revisions"}],"predecessor-version":[{"id":12206,"href":"https:\/\/www.gskos.unios.hr\/index.php\/wp-json\/wp\/v2\/pages\/3498\/revisions\/12206"}],"wp:featuredmedia":[{"embeddable":true,"href":"https:\/\/www.gskos.unios.hr\/index.php\/wp-json\/wp\/v2\/media\/3499"}],"wp:attachment":[{"href":"https:\/\/www.gskos.unios.hr\/index.php\/wp-json\/wp\/v2\/media?parent=3498"}],"curies":[{"name":"wp","href":"https:\/\/api.w.org\/{rel}","templated":true}]}}