{"id":3585,"date":"2017-03-11T11:08:43","date_gmt":"2017-03-11T10:08:43","guid":{"rendered":"http:\/\/www.gskos.unios.hr\/?page_id=3585"},"modified":"2024-09-02T07:34:54","modified_gmt":"2024-09-02T05:34:54","slug":"odsjek_za_odrasle","status":"publish","type":"page","link":"https:\/\/www.gskos.unios.hr\/index.php\/odsjek_za_odrasle\/","title":{"rendered":"POSUDBENI ODJEL ZA ODRASLE"},"content":{"rendered":"<section class=\"wpb-content-wrapper\"><p>[vc_row full_width=&#8221;stretch_row&#8221; content_placement=&#8221;bottom&#8221; enable_first_overlay=&#8221;true&#8221; first_overlay_opacity=&#8221;25&#8243; first_background_type=&#8221;gradient&#8221; enable_parallax=&#8221;true&#8221; parallax_background=&#8221;7363&#8243; css=&#8221;.vc_custom_1519645397811{background-position: center !important;background-repeat: no-repeat !important;background-size: cover !important;}&#8221;][vc_column alignment=&#8221;center&#8221;]<div id=\"mpc_textblock-8169f39b665ead1\" class=\"mpc-textblock mpc-init mpc-animation \" data-animation-in=\"transition.slideDownBigIn||3250||0||100\"><p style=\"text-align: center;\">POSUDBENI ODJEL ZA ODRASLE<\/p>\n<\/div>[\/vc_column][\/vc_row][vc_row][vc_column][vc_empty_space height=&#8221;50px&#8221;]<div data-id=\"mpc_divider-5669f39b665ebb7\" class=\"mpc-divider-wrap\"><div class=\"mpc-divider mpc-init mpc-align--center \" ><div class=\"mpc-divider__line mpc-side--left\"><span><\/span><\/div><div class=\"mpc-divider__separator\"><div class=\"mpc-divider__content fa fa-circle\"><\/div><\/div><div class=\"mpc-divider__line mpc-side--right\"><span><\/span><\/div><\/div><\/div>[vc_empty_space height=&#8221;30px&#8221;]<div id=\"mpc_grid_anything-9569f39b665ec00\" class=\"mpc-grid-anything mpc-init \"  data-grid-cols=\"3\"><div data-id=\"mpc_icon_column-1569f39b665ed91\" class=\"mpc-icon-column mpc-init mpc-parent-hover mpc-transition mpc-icon-column--style_1 mpc-align--center \" ><div data-id=\"mpc_icon-7969f39b665edf7\" class=\"mpc-icon mpc-init mpc-transition mpc-effect-slide-up mpc-icon-hover \"><div class=\"mpc-icon-wrap\"><i class=\"mpc-icon-part mpc-regular mpc-transition  etl etl-map\"><\/i><i class=\"mpc-icon-part mpc-hover mpc-transition  etl etl-map\"><\/i><\/div><\/div><div class=\"mpc-icon-column__content-wrap\"><div class=\"mpc-icon-column__content\"><h3 class=\"mpc-icon-column__heading mpc-typography--mpc_preset_103 mpc-transition\">ADRESA<\/h3><div class=\"mpc-icon-column__description mpc-typography--mpc_preset_103 mpc-transition\"><p style=\"text-align: center;\">Europska avenija 24<br \/>\n31000 Osijek<\/p>\n<\/div><\/div><\/div><\/div><div data-id=\"mpc_icon_column-5369f39b665ef0e\" class=\"mpc-icon-column mpc-init mpc-parent-hover mpc-transition mpc-icon-column--style_1 mpc-align--center \" ><div data-id=\"mpc_icon-5769f39b665ef64\" class=\"mpc-icon mpc-init mpc-transition mpc-effect-slide-up mpc-icon-hover \"><div class=\"mpc-icon-wrap\"><i class=\"mpc-icon-part mpc-regular mpc-transition  fa fa-phone\"><\/i><i class=\"mpc-icon-part mpc-hover mpc-transition  fa fa-phone\"><\/i><\/div><\/div><div class=\"mpc-icon-column__content-wrap\"><div class=\"mpc-icon-column__content\"><h3 class=\"mpc-icon-column__heading mpc-typography--mpc_preset_103 mpc-transition\">TELEFON<\/h3><div class=\"mpc-icon-column__description mpc-typography--mpc_preset_103 mpc-transition\"><p style=\"text-align: center;\">+385 (0)31 211 233<\/p>\n<\/div><\/div><\/div><\/div><div data-id=\"mpc_icon_column-3369f39b665f058\" class=\"mpc-icon-column mpc-init mpc-parent-hover mpc-transition mpc-icon-column--style_1 mpc-align--center \" ><div data-id=\"mpc_icon-5769f39b665f0a6\" class=\"mpc-icon mpc-init mpc-transition mpc-effect-slide-up mpc-icon-hover \"><div class=\"mpc-icon-wrap\"><i class=\"mpc-icon-part mpc-regular mpc-transition  fa fa-fax\"><\/i><i class=\"mpc-icon-part mpc-hover mpc-transition  fa fa-fax\"><\/i><\/div><\/div><div class=\"mpc-icon-column__content-wrap\"><div class=\"mpc-icon-column__content\"><h3 class=\"mpc-icon-column__heading mpc-typography--mpc_preset_103 mpc-transition\">FAX<\/h3><div class=\"mpc-icon-column__description mpc-typography--mpc_preset_103 mpc-transition\"><p style=\"text-align: center;\">+385 (0)31 211 218 (lokal 201)<\/p>\n<\/div><\/div><\/div><\/div><div data-id=\"mpc_icon_column-7869f39b665f195\" class=\"mpc-icon-column mpc-init mpc-parent-hover mpc-transition mpc-icon-column--style_1 mpc-align--center \" ><div data-id=\"mpc_icon-7069f39b665f1e2\" class=\"mpc-icon mpc-init mpc-transition mpc-effect-slide-up mpc-icon-hover \"><div class=\"mpc-icon-wrap\"><i class=\"mpc-icon-part mpc-regular mpc-transition  fa fa-envelope-o\"><\/i><i class=\"mpc-icon-part mpc-hover mpc-transition  fa fa-envelope-o\"><\/i><\/div><\/div><div class=\"mpc-icon-column__content-wrap\"><div class=\"mpc-icon-column__content\"><h3 class=\"mpc-icon-column__heading mpc-typography--mpc_preset_103 mpc-transition\">E-MAIL<\/h3><div class=\"mpc-icon-column__description mpc-typography--mpc_preset_103 mpc-transition\"><p style=\"text-align: center;\">posudba@gskos.hr<\/p>\n<\/div><\/div><\/div><\/div><div data-id=\"mpc_icon_column-6669f39b665f2d2\" class=\"mpc-icon-column mpc-init mpc-parent-hover mpc-transition mpc-icon-column--style_1 mpc-align--center \" ><div data-id=\"mpc_icon-7469f39b665f31d\" class=\"mpc-icon mpc-init mpc-transition mpc-effect-slide-up mpc-icon-hover \"><div class=\"mpc-icon-wrap\"><i class=\"mpc-icon-part mpc-regular mpc-transition  etl etl-profile-male\"><\/i><i class=\"mpc-icon-part mpc-hover mpc-transition  etl etl-profile-male\"><\/i><\/div><\/div><div class=\"mpc-icon-column__content-wrap\"><div class=\"mpc-icon-column__content\"><h3 class=\"mpc-icon-column__heading mpc-typography--mpc_preset_103 mpc-transition\">OSOBA ZA KONTAKT<\/h3><div class=\"mpc-icon-column__description mpc-typography--mpc_preset_103 mpc-transition\"><p style=\"text-align: center;\">Voditelj Posudbenog odjela:<br \/>\nSini\u0161a Petkovi\u0107, vi\u0161i knji\u017eni\u010dar<\/p>\n<\/div><\/div><\/div><\/div><div data-id=\"mpc_icon_column-2869f39b665f40e\" class=\"mpc-icon-column mpc-init mpc-parent-hover mpc-transition mpc-icon-column--style_1 mpc-align--center \" ><div data-id=\"mpc_icon-5069f39b665f459\" class=\"mpc-icon mpc-init mpc-transition mpc-effect-slide-up mpc-icon-hover \"><div class=\"mpc-icon-wrap\"><i class=\"mpc-icon-part mpc-regular mpc-transition  etl etl-happy\"><\/i><i class=\"mpc-icon-part mpc-hover mpc-transition  etl etl-happy\"><\/i><\/div><\/div><div class=\"mpc-icon-column__content-wrap\"><div class=\"mpc-icon-column__content\"><h3 class=\"mpc-icon-column__heading mpc-typography--mpc_preset_103 mpc-transition\">RAD S KORISNICIMA<\/h3><div class=\"mpc-icon-column__description mpc-typography--mpc_preset_103 mpc-transition\"><p style=\"text-align: center;\"><strong><a href=\"https:\/\/www.gskos.unios.hr\/index.php\/radno-vrijeme-2\/\" target=\"_blank\" rel=\"noopener noreferrer\">Radno vrijeme<\/a><\/strong><\/p>\n<\/div><\/div><\/div><\/div><\/div>[vc_empty_space height=&#8221;30px&#8221;]<div data-id=\"mpc_divider-7869f39b665f525\" class=\"mpc-divider-wrap\"><div class=\"mpc-divider mpc-init mpc-align--center \" ><div class=\"mpc-divider__line mpc-side--left\"><span><\/span><\/div><div class=\"mpc-divider__separator\"><div class=\"mpc-divider__content fa fa-circle\"><\/div><\/div><div class=\"mpc-divider__line mpc-side--right\"><span><\/span><\/div><\/div><\/div>[\/vc_column][\/vc_row][vc_row full_width=&#8221;stretch_row&#8221; disable_element=&#8221;yes&#8221; css=&#8221;.vc_custom_1519644277241{background-color: #2c518c !important;}&#8221;][vc_column]<div id=\"mpc_textblock-9969f39b665f558\" class=\"mpc-textblock mpc-init mpc-typography--mpc_preset_103 \"><h2>Odsjek za odrasle Gradske i sveu\u010dili\u0161ne knji\u017enice Osijek sredi\u0161nji je posudbeni odsjek putem kojeg korisnici mogu posuditi knjige izvan Knji\u017enice te koristiti ostale usluge odsjeka, odnosno Knji\u017enice.<\/h2>\n<\/div>[\/vc_column][\/vc_row][vc_row][vc_column][vc_empty_space height=&#8221;50px&#8221;][\/vc_column][\/vc_row][vc_row][vc_column width=&#8221;1\/2&#8243;]<div id=\"mpc_textblock-8069f39b665f5f5\" class=\"mpc-textblock mpc-init mpc-typography--mpc_preset_38 \"><p>USLUGE<\/p>\n<\/div>[vc_empty_space height=&#8221;30px&#8221;]<div id=\"mpc_connected_icons-5869f39b665f687\" class=\"mpc-connected-icons mpc-init mpc-transition \"  data-ci-cols=\"4\" data-target=\"icon\" data-layout=\"vertical\"><div class=\"mpc-connected-icons__line\"><span><\/span><\/div><div data-id=\"mpc_icon_column-5869f39b665f774\" class=\"mpc-icon-column mpc-init mpc-parent-hover mpc-transition mpc-icon-column--style_3 mpc-align--left \" ><div data-id=\"mpc_icon-5969f39b665f7c3\" class=\"mpc-icon mpc-init mpc-transition mpc-effect-none mpc-icon-hover \"><div class=\"mpc-icon-wrap\"><i class=\"mpc-icon-part mpc-regular mpc-transition  eti eti_arrow_triangle-right_alt\"><\/i><i class=\"mpc-icon-part mpc-hover mpc-transition  eti eti_arrow_triangle-right_alt\"><\/i><\/div><\/div><div class=\"mpc-icon-column__content-wrap\"><div class=\"mpc-icon-column__content\"><h3 class=\"mpc-icon-column__heading mpc-typography--mpc_preset_38 mpc-transition\">Posudba knji\u017eni\u010dne gra\u0111e izvan Knji\u017enice<\/h3><div data-id=\"mpc_divider-3169f39b665f7fa\" class=\"mpc-divider-wrap\"><div class=\"mpc-divider mpc-init mpc-align--center mpc-disable--left \" ><div class=\"mpc-divider__line mpc-side--left\"><span><\/span><\/div><div class=\"mpc-divider__line mpc-side--right\"><span><\/span><\/div><\/div><\/div><\/div><\/div><\/div><div data-id=\"mpc_icon_column-3869f39b665f87b\" class=\"mpc-icon-column mpc-init mpc-parent-hover mpc-transition mpc-icon-column--style_3 mpc-align--left \" ><div data-id=\"mpc_icon-3769f39b665f8c1\" class=\"mpc-icon mpc-init mpc-transition mpc-effect-none mpc-icon-hover \"><div class=\"mpc-icon-wrap\"><i class=\"mpc-icon-part mpc-regular mpc-transition  eti eti_arrow_triangle-right_alt\"><\/i><i class=\"mpc-icon-part mpc-hover mpc-transition  eti eti_arrow_triangle-right_alt\"><\/i><\/div><\/div><div class=\"mpc-icon-column__content-wrap\"><div class=\"mpc-icon-column__content\"><h3 class=\"mpc-icon-column__heading mpc-typography--mpc_preset_38 mpc-transition\">Informacijske usluge<\/h3><div data-id=\"mpc_divider-8269f39b665f8f6\" class=\"mpc-divider-wrap\"><div class=\"mpc-divider mpc-init mpc-align--center mpc-disable--left \" ><div class=\"mpc-divider__line mpc-side--left\"><span><\/span><\/div><div class=\"mpc-divider__line mpc-side--right\"><span><\/span><\/div><\/div><\/div><div class=\"mpc-icon-column__description mpc-transition\"><ul>\n<li>pretra\u017eivanje kataloga GISKO<\/li>\n<li>pretra\u017eivanje Interneta<\/li>\n<li>odgovori na jednostavne informacijske zahtjeve (odmah)<\/li>\n<li>odgovori na slo\u017eenije informacijske zahtjeve (u dogovorenom roku)<\/li>\n<\/ul>\n<\/div><\/div><\/div><\/div><div data-id=\"mpc_icon_column-8769f39b665f9e1\" class=\"mpc-icon-column mpc-init mpc-parent-hover mpc-transition mpc-icon-column--style_3 mpc-align--left \" ><div data-id=\"mpc_icon-8569f39b665fa2a\" class=\"mpc-icon mpc-init mpc-transition mpc-effect-none mpc-icon-hover \"><div class=\"mpc-icon-wrap\"><i class=\"mpc-icon-part mpc-regular mpc-transition  eti eti_arrow_triangle-right_alt\"><\/i><i class=\"mpc-icon-part mpc-hover mpc-transition  eti eti_arrow_triangle-right_alt\"><\/i><\/div><\/div><div class=\"mpc-icon-column__content-wrap\"><div class=\"mpc-icon-column__content\"><h3 class=\"mpc-icon-column__heading mpc-typography--mpc_preset_38 mpc-transition\">Kulturno-animacijski, edukacijski i drugi programi<\/h3><div data-id=\"mpc_divider-9169f39b665fa5f\" class=\"mpc-divider-wrap\"><div class=\"mpc-divider mpc-init mpc-align--center mpc-disable--left \" ><div class=\"mpc-divider__line mpc-side--left\"><span><\/span><\/div><div class=\"mpc-divider__line mpc-side--right\"><span><\/span><\/div><\/div><\/div><\/div><\/div><\/div><\/div>[\/vc_column][vc_column width=&#8221;1\/2&#8243;]<div id=\"mpc_textblock-5069f39b665faa0\" class=\"mpc-textblock mpc-init mpc-typography--mpc_preset_38 \"><p>ZBIRKE<\/p>\n<\/div>[vc_empty_space height=&#8221;30px&#8221;]<div id=\"mpc_connected_icons-7969f39b665fb2f\" class=\"mpc-connected-icons mpc-init mpc-transition \"  data-ci-cols=\"4\" data-target=\"icon\" data-layout=\"vertical\"><div class=\"mpc-connected-icons__line\"><span><\/span><\/div><div data-id=\"mpc_icon_column-9269f39b665fc10\" class=\"mpc-icon-column mpc-init mpc-parent-hover mpc-transition mpc-icon-column--style_3 mpc-align--left \" ><div data-id=\"mpc_icon-9369f39b665fc5a\" class=\"mpc-icon mpc-init mpc-transition mpc-effect-none mpc-icon-hover \"><div class=\"mpc-icon-wrap\"><i class=\"mpc-icon-part mpc-regular mpc-transition  eti eti_arrow_triangle-right_alt\"><\/i><i class=\"mpc-icon-part mpc-hover mpc-transition  eti eti_arrow_triangle-right_alt\"><\/i><\/div><\/div><div class=\"mpc-icon-column__content-wrap\"><div class=\"mpc-icon-column__content\"><h3 class=\"mpc-icon-column__heading mpc-typography--mpc_preset_38 mpc-transition\">U slobodnom pristupu<\/h3><div data-id=\"mpc_divider-9669f39b665fc8f\" class=\"mpc-divider-wrap\"><div class=\"mpc-divider mpc-init mpc-align--center mpc-disable--left \" ><div class=\"mpc-divider__line mpc-side--left\"><span><\/span><\/div><div class=\"mpc-divider__line mpc-side--right\"><span><\/span><\/div><\/div><\/div><div class=\"mpc-icon-column__description mpc-transition\"><ul>\n<li>zbirka knjiga op\u0107eg karaktera sa svih podru\u010dja znanosti, umjetnosti i ljudskog djelovanja<\/li>\n<li>beletristika doma\u0107ih i stranih autora<\/li>\n<li>srednjo\u0161kolska lektira<\/li>\n<li>knjige na stranim jezicima<\/li>\n<li>AV gra\u0111a referentnog, obrazovnog i sli\u010dnog sadr\u017eaja te govorne izvedbe<\/li>\n<\/ul>\n<\/div><\/div><\/div><\/div><\/div>[vc_empty_space height=&#8221;30px&#8221;]<div id=\"mpc_textblock-8869f39b665fd3a\" class=\"mpc-textblock mpc-init mpc-typography--mpc_preset_38 \"><p>KORISNICI<\/p>\n<\/div>[vc_empty_space height=&#8221;30px&#8221;]<div data-id=\"mpc_icon_column-2469f39b665fe1b\" class=\"mpc-icon-column mpc-init mpc-parent-hover mpc-transition mpc-icon-column--style_3 mpc-align--left \" ><div data-id=\"mpc_icon-5369f39b665fe64\" class=\"mpc-icon mpc-init mpc-transition mpc-effect-none mpc-icon-hover \"><div class=\"mpc-icon-wrap\"><i class=\"mpc-icon-part mpc-regular mpc-transition  eti eti_arrow_triangle-right_alt\"><\/i><i class=\"mpc-icon-part mpc-hover mpc-transition  eti eti_arrow_triangle-right_alt\"><\/i><\/div><\/div><div class=\"mpc-icon-column__content-wrap\"><div class=\"mpc-icon-column__content\"><div data-id=\"mpc_divider-8869f39b665fea8\" class=\"mpc-divider-wrap\"><div class=\"mpc-divider mpc-init mpc-align--center mpc-disable--left \" ><div class=\"mpc-divider__line mpc-side--left\"><span><\/span><\/div><div class=\"mpc-divider__line mpc-side--right\"><span><\/span><\/div><\/div><\/div><div class=\"mpc-icon-column__description mpc-transition\"><p>Usluge Odjela dostupne su svim \u010dlanovima Gradske i sveu\u010dili\u0161ne knji\u017enice Osijek uz predo\u010denje \u010dlanske iskaznice.<\/p>\n<\/div><\/div><\/div><\/div>[vc_empty_space height=&#8221;30px&#8221;][vc_empty_space height=&#8221;50px&#8221;][\/vc_column][\/vc_row][vc_row][vc_column][\/vc_column][\/vc_row]<\/p>\n<\/section>","protected":false},"excerpt":{"rendered":"<p>[vc_row full_width=&#8221;stretch_row&#8221; content_placement=&#8221;bottom&#8221; enable_first_overlay=&#8221;true&#8221; first_overlay_opacity=&#8221;25&#8243; first_background_type=&#8221;gradient&#8221; enable_parallax=&#8221;true&#8221; parallax_background=&#8221;7363&#8243; css=&#8221;.vc_custom_1519645397811{background-position: center !important;background-repeat: no-repeat !important;background-size: cover !important;}&#8221;][vc_column alignment=&#8221;center&#8221;][\/vc_column][\/vc_row][vc_row][vc_column][vc_empty_space height=&#8221;50px&#8221;][vc_empty_space height=&#8221;30px&#8221;][vc_empty_space height=&#8221;30px&#8221;][\/vc_column][\/vc_row][vc_row full_width=&#8221;stretch_row&#8221; disable_element=&#8221;yes&#8221; css=&#8221;.vc_custom_1519644277241{background-color: #2c518c !important;}&#8221;][vc_column][\/vc_column][\/vc_row][vc_row][vc_column][vc_empty_space height=&#8221;50px&#8221;][\/vc_column][\/vc_row][vc_row][vc_column width=&#8221;1\/2&#8243;][vc_empty_space height=&#8221;30px&#8221;][\/vc_column][vc_column width=&#8221;1\/2&#8243;][vc_empty_space height=&#8221;30px&#8221;][vc_empty_space height=&#8221;30px&#8221;][vc_empty_space height=&#8221;30px&#8221;][vc_empty_space height=&#8221;30px&#8221;][vc_empty_space height=&#8221;50px&#8221;][\/vc_column][\/vc_row][vc_row][vc_column][\/vc_column][\/vc_row]<\/p>\n","protected":false},"author":3,"featured_media":3586,"parent":0,"menu_order":0,"comment_status":"closed","ping_status":"closed","template":"","meta":{"_mi_skip_tracking":false},"_links":{"self":[{"href":"https:\/\/www.gskos.unios.hr\/index.php\/wp-json\/wp\/v2\/pages\/3585"}],"collection":[{"href":"https:\/\/www.gskos.unios.hr\/index.php\/wp-json\/wp\/v2\/pages"}],"about":[{"href":"https:\/\/www.gskos.unios.hr\/index.php\/wp-json\/wp\/v2\/types\/page"}],"author":[{"embeddable":true,"href":"https:\/\/www.gskos.unios.hr\/index.php\/wp-json\/wp\/v2\/users\/3"}],"replies":[{"embeddable":true,"href":"https:\/\/www.gskos.unios.hr\/index.php\/wp-json\/wp\/v2\/comments?post=3585"}],"version-history":[{"count":86,"href":"https:\/\/www.gskos.unios.hr\/index.php\/wp-json\/wp\/v2\/pages\/3585\/revisions"}],"predecessor-version":[{"id":20616,"href":"https:\/\/www.gskos.unios.hr\/index.php\/wp-json\/wp\/v2\/pages\/3585\/revisions\/20616"}],"wp:featuredmedia":[{"embeddable":true,"href":"https:\/\/www.gskos.unios.hr\/index.php\/wp-json\/wp\/v2\/media\/3586"}],"wp:attachment":[{"href":"https:\/\/www.gskos.unios.hr\/index.php\/wp-json\/wp\/v2\/media?parent=3585"}],"curies":[{"name":"wp","href":"https:\/\/api.w.org\/{rel}","templated":true}]}}