{"id":3601,"date":"2017-03-11T11:34:19","date_gmt":"2017-03-11T10:34:19","guid":{"rendered":"http:\/\/www.gskos.unios.hr\/?page_id=3601"},"modified":"2018-01-29T10:47:25","modified_gmt":"2018-01-29T09:47:25","slug":"igraonica-i-igroteka","status":"publish","type":"page","link":"https:\/\/www.gskos.unios.hr\/index.php\/igraonica-i-igroteka\/","title":{"rendered":"IGRAONICA I IGROTEKA"},"content":{"rendered":"<section class=\"wpb-content-wrapper\"><p>[vc_row full_width=&#8221;stretch_row&#8221; content_placement=&#8221;bottom&#8221; enable_first_overlay=&#8221;true&#8221; first_overlay_opacity=&#8221;25&#8243; first_background_type=&#8221;gradient&#8221; enable_parallax=&#8221;true&#8221; parallax_background=&#8221;3602&#8243; parallax_style=&#8221;fixed&#8221; css=&#8221;.vc_custom_1509302947775{background-position: center !important;background-repeat: no-repeat !important;background-size: cover !important;}&#8221;][vc_column alignment=&#8221;center&#8221;]<div id=\"mpc_textblock-9169d256fd006d4\" class=\"mpc-textblock mpc-init mpc-typography--preset_0 mpc-animation \" data-animation-in=\"transition.slideDownBigIn||3250||0||100\"><p style=\"text-align: center;\">IGRAONICA I IGROTEKA<\/p>\n<\/div>[\/vc_column][\/vc_row][vc_row][vc_column][vc_empty_space height=&#8221;50px&#8221;]<div data-id=\"mpc_divider-8269d256fd007bc\" class=\"mpc-divider-wrap\"><div class=\"mpc-divider mpc-init mpc-align--center \" ><div class=\"mpc-divider__line mpc-side--left\"><span><\/span><\/div><div class=\"mpc-divider__separator\"><div class=\"mpc-divider__content fa fa-circle\"><\/div><\/div><div class=\"mpc-divider__line mpc-side--right\"><span><\/span><\/div><\/div><\/div>[vc_empty_space height=&#8221;30px&#8221;]<div id=\"mpc_grid_anything-669d256fd007f9\" class=\"mpc-grid-anything mpc-init \"  data-grid-cols=\"3\"><div data-id=\"mpc_icon_column-4769d256fd00933\" class=\"mpc-icon-column mpc-init mpc-parent-hover mpc-transition mpc-icon-column--style_1 mpc-align--center \" ><div data-id=\"mpc_icon-4669d256fd00984\" class=\"mpc-icon mpc-init mpc-transition mpc-effect-slide-up mpc-icon-hover \"><div class=\"mpc-icon-wrap\"><i class=\"mpc-icon-part mpc-regular mpc-transition  etl etl-map\"><\/i><i class=\"mpc-icon-part mpc-hover mpc-transition  etl etl-map\"><\/i><\/div><\/div><div class=\"mpc-icon-column__content-wrap\"><div class=\"mpc-icon-column__content\"><h3 class=\"mpc-icon-column__heading mpc-typography--mpc_preset_103 mpc-transition\">ADRESA<\/h3><div class=\"mpc-icon-column__description mpc-typography--mpc_preset_103 mpc-transition\"><p style=\"text-align: center;\">Europska avenija 24<br \/>\n31000 Osijek<\/p>\n<\/div><\/div><\/div><\/div><div data-id=\"mpc_icon_column-5469d256fd00a5b\" class=\"mpc-icon-column mpc-init mpc-parent-hover mpc-transition mpc-icon-column--style_1 mpc-align--center \" ><div data-id=\"mpc_icon-569d256fd00a9b\" class=\"mpc-icon mpc-init mpc-transition mpc-effect-slide-up mpc-icon-hover \"><div class=\"mpc-icon-wrap\"><i class=\"mpc-icon-part mpc-regular mpc-transition  fa fa-phone\"><\/i><i class=\"mpc-icon-part mpc-hover mpc-transition  fa fa-phone\"><\/i><\/div><\/div><div class=\"mpc-icon-column__content-wrap\"><div class=\"mpc-icon-column__content\"><h3 class=\"mpc-icon-column__heading mpc-typography--mpc_preset_103 mpc-transition\">TELEFON<\/h3><div class=\"mpc-icon-column__description mpc-typography--mpc_preset_103 mpc-transition\"><p style=\"text-align: center;\">+385 (0)31 211 472<\/p>\n<\/div><\/div><\/div><\/div><div data-id=\"mpc_icon_column-7369d256fd00b60\" class=\"mpc-icon-column mpc-init mpc-parent-hover mpc-transition mpc-icon-column--style_1 mpc-align--center \" ><div data-id=\"mpc_icon-8269d256fd00ba0\" class=\"mpc-icon mpc-init mpc-transition mpc-effect-slide-up mpc-icon-hover \"><div class=\"mpc-icon-wrap\"><i class=\"mpc-icon-part mpc-regular mpc-transition  fa fa-fax\"><\/i><i class=\"mpc-icon-part mpc-hover mpc-transition  fa fa-fax\"><\/i><\/div><\/div><div class=\"mpc-icon-column__content-wrap\"><div class=\"mpc-icon-column__content\"><h3 class=\"mpc-icon-column__heading mpc-typography--mpc_preset_103 mpc-transition\">FAX<\/h3><div class=\"mpc-icon-column__description mpc-typography--mpc_preset_103 mpc-transition\"><p style=\"text-align: center;\">+385 (0)31 211 218 (lokal 201)<\/p>\n<\/div><\/div><\/div><\/div><div data-id=\"mpc_icon_column-769d256fd00c61\" class=\"mpc-icon-column mpc-init mpc-parent-hover mpc-transition mpc-icon-column--style_1 mpc-align--center \" ><div data-id=\"mpc_icon-6569d256fd00c9e\" class=\"mpc-icon mpc-init mpc-transition mpc-effect-slide-up mpc-icon-hover \"><div class=\"mpc-icon-wrap\"><i class=\"mpc-icon-part mpc-regular mpc-transition  fa fa-envelope-o\"><\/i><i class=\"mpc-icon-part mpc-hover mpc-transition  fa fa-envelope-o\"><\/i><\/div><\/div><div class=\"mpc-icon-column__content-wrap\"><div class=\"mpc-icon-column__content\"><h3 class=\"mpc-icon-column__heading mpc-typography--mpc_preset_103 mpc-transition\">E-MAIL<\/h3><div class=\"mpc-icon-column__description mpc-typography--mpc_preset_103 mpc-transition\"><p style=\"text-align: center;\">djecji.odjel@gskos.hr<\/p>\n<\/div><\/div><\/div><\/div><div data-id=\"mpc_icon_column-4269d256fd00d5d\" class=\"mpc-icon-column mpc-init mpc-parent-hover mpc-transition mpc-icon-column--style_1 mpc-align--center \" ><div data-id=\"mpc_icon-8969d256fd00d9a\" class=\"mpc-icon mpc-init mpc-transition mpc-effect-slide-up mpc-icon-hover \"><div class=\"mpc-icon-wrap\"><i class=\"mpc-icon-part mpc-regular mpc-transition  etl etl-profile-male\"><\/i><i class=\"mpc-icon-part mpc-hover mpc-transition  etl etl-profile-male\"><\/i><\/div><\/div><div class=\"mpc-icon-column__content-wrap\"><div class=\"mpc-icon-column__content\"><h3 class=\"mpc-icon-column__heading mpc-typography--mpc_preset_103 mpc-transition\">OSOBA ZA KONTAKT<\/h3><div class=\"mpc-icon-column__description mpc-typography--mpc_preset_103 mpc-transition\"><p style=\"text-align: center;\">Suzana Biglbauer, dipl. knji\u017e.<\/p>\n<\/div><\/div><\/div><\/div><div data-id=\"mpc_icon_column-469d256fd00e57\" class=\"mpc-icon-column mpc-init mpc-parent-hover mpc-transition mpc-icon-column--style_1 mpc-align--center \" ><div data-id=\"mpc_icon-7169d256fd00e92\" class=\"mpc-icon mpc-init mpc-transition mpc-effect-slide-up mpc-icon-hover \"><div class=\"mpc-icon-wrap\"><i class=\"mpc-icon-part mpc-regular mpc-transition  etl etl-happy\"><\/i><i class=\"mpc-icon-part mpc-hover mpc-transition  etl etl-happy\"><\/i><\/div><\/div><div class=\"mpc-icon-column__content-wrap\"><div class=\"mpc-icon-column__content\"><h3 class=\"mpc-icon-column__heading mpc-typography--mpc_preset_103 mpc-transition\">RAD S KORISNICIMA<\/h3><div class=\"mpc-icon-column__description mpc-typography--mpc_preset_103 mpc-transition\"><p style=\"text-align: center;\">ponedjeljak &#8211; petak: 08.00 &#8211; 19.30<br \/>\nsubota: 08.00 &#8211; 12.30<\/p>\n<\/div><\/div><\/div><\/div><\/div>[vc_empty_space height=&#8221;50px&#8221;][\/vc_column][\/vc_row][vc_row full_width=&#8221;stretch_row&#8221; css=&#8221;.vc_custom_1489331021587{background-color: #2c518c !important;}&#8221;][vc_column]<div id=\"mpc_textblock-6369d256fd00f24\" class=\"mpc-textblock mpc-init mpc-typography--mpc_preset_103 \"><h2>Odsjek Igraonice i igroteke prire\u0111uje razli\u010dite aktivnosti kao \u0161to su video projekcije, pri\u010daonice, slu\u0161aonice glazbe, izmi\u0161ljaonice, kreativne radionice (likovna, gluma\u010dka, lutkarska), izlo\u017ebe, susreti s knji\u017eevnicima, predstavljanje knjiga, predavanja za djecu.<\/h2>\n<\/div>[\/vc_column][\/vc_row][vc_row full_width=&#8221;stretch_row&#8221;][vc_column][vc_empty_space height=&#8221;50px&#8221;][\/vc_column][\/vc_row][vc_row][vc_column width=&#8221;1\/2&#8243;]<div id=\"mpc_textblock-1469d256fd00fa3\" class=\"mpc-textblock mpc-init mpc-typography--mpc_preset_38 \"><p>VESELIMO SE, IGRAJMO SE, U\u010cIMO!<\/p>\n<\/div>[vc_empty_space height=&#8221;30px&#8221;]<div data-id=\"mpc_icon_column-4869d256fd01057\" class=\"mpc-icon-column mpc-init mpc-parent-hover mpc-transition mpc-icon-column--style_3 mpc-align--left \" ><div data-id=\"mpc_icon-5469d256fd01093\" class=\"mpc-icon mpc-init mpc-transition mpc-effect-none mpc-icon-hover \"><div class=\"mpc-icon-wrap\"><i class=\"mpc-icon-part mpc-regular mpc-transition  eti eti_arrow_triangle-right_alt\"><\/i><i class=\"mpc-icon-part mpc-hover mpc-transition  eti eti_arrow_triangle-right_alt\"><\/i><\/div><\/div><div class=\"mpc-icon-column__content-wrap\"><div class=\"mpc-icon-column__content\"><div data-id=\"mpc_divider-469d256fd010bf\" class=\"mpc-divider-wrap\"><div class=\"mpc-divider mpc-init mpc-align--center mpc-disable--left \" ><div class=\"mpc-divider__line mpc-side--left\"><span><\/span><\/div><div class=\"mpc-divider__line mpc-side--right\"><span><\/span><\/div><\/div><\/div><div class=\"mpc-icon-column__description mpc-transition\"><p style=\"text-align: justify;\"><strong>PRI\u010cA + IGRA = ZABAVA<\/strong>\u00a0\u00a0\u00a0 u Igraonici Gradske i sveu\u010dili\u0161ne knji\u017enice Osijek, Igraonica Odjela za rad s djecom i mladima poziva vas da do\u0111ete u svoju knji\u017enicu i u\u017eivate u sadr\u017eajima i programima koje smo pripremili.<\/p>\n<p style=\"text-align: justify;\"><strong>Kada?<\/strong> Ponedjeljak, utorak, srijeda, \u010detvrtak, petak:\u00a0 17.30 \u2013 19.00 sati<br \/>\nSubota:\u00a0 11.00 \u2013 12.00 sati<\/p>\n<p style=\"text-align: justify;\"><strong>Gdje?<\/strong>\u00a0 Igraonica Odjela za rad s djecom i mladima<\/p>\n<p style=\"text-align: justify;\"><strong>Op\u0161irnije:<\/strong> Igraonica Odjela za rad s djecom i mladima poziva vas da u\u017eivate\u00a0 u novim slikovnicama i knjigama koje smo za vas nabavili!\u00a0 Do\u0111ite na dru\u017eenje i upoznajte nove prijatelje. Poslu\u0161ajte najljep\u0161e bajke i najstra\u0161nije pri\u010de. Na kreativnim\u00a0 radionicama mo\u017eete ma\u0161tati,\u00a0 glumiti,\u00a0 likovno se izraziti i ugodno provesti slobodno vrijeme.<\/p>\n<\/div><\/div><\/div><\/div>[vc_empty_space height=&#8221;40px&#8221;]<div id=\"mpc_textblock-9969d256fd0114a\" class=\"mpc-textblock mpc-init mpc-typography--mpc_preset_38 \"><p>TJEDNI RASPORED AKTIVNOSTI<\/p>\n<\/div><div id=\"mpc_connected_icons-969d256fd011c0\" class=\"mpc-connected-icons mpc-init mpc-transition \"  data-ci-cols=\"4\" data-target=\"icon\" data-layout=\"vertical\"><div class=\"mpc-connected-icons__line\"><span><\/span><\/div><div data-id=\"mpc_icon_column-9869d256fd0127f\" class=\"mpc-icon-column mpc-init mpc-parent-hover mpc-transition mpc-icon-column--style_3 mpc-align--left \" ><div data-id=\"mpc_icon-7769d256fd012ba\" class=\"mpc-icon mpc-init mpc-transition mpc-effect-none mpc-icon-hover \"><div class=\"mpc-icon-wrap\"><i class=\"mpc-icon-part mpc-regular mpc-transition  eti eti_arrow_triangle-right_alt\"><\/i><i class=\"mpc-icon-part mpc-hover mpc-transition  eti eti_arrow_triangle-right_alt\"><\/i><\/div><\/div><div class=\"mpc-icon-column__content-wrap\"><div class=\"mpc-icon-column__content\"><div data-id=\"mpc_divider-6169d256fd012e5\" class=\"mpc-divider-wrap\"><div class=\"mpc-divider mpc-init mpc-align--center mpc-disable--left \" ><div class=\"mpc-divider__line mpc-side--left\"><span><\/span><\/div><div class=\"mpc-divider__line mpc-side--right\"><span><\/span><\/div><\/div><\/div><div class=\"mpc-icon-column__description mpc-transition\"><p style=\"text-align: justify;\"><strong>PONEDJELJAK:<\/strong>\u00a0 igrodan (dru\u0161tvene igre, lego kuti\u0107, kuhinja i trgovina)<\/p>\n<p style=\"text-align: justify;\"><strong>UTORAK:\u00a0<\/strong> kreativni kuti\u0107 (crtamo, bojamo, oblikujemo)<\/p>\n<p style=\"text-align: justify;\"><strong>SRIJEDA:<\/strong>\u00a0 pri\u010daonica (za male i velike)<\/p>\n<p style=\"text-align: justify;\"><strong>SUBOTA:\u00a0<\/strong>\u010citateljski izazov! (lijepo \u010ditanje naglas)<\/p>\n<\/div><\/div><\/div><\/div><\/div>[vc_empty_space height=&#8221;40px&#8221;]<div id=\"mpc_textblock-8169d256fd0136d\" class=\"mpc-textblock mpc-init mpc-typography--mpc_preset_38 \"><p>KORISNICI<\/p>\n<\/div>[vc_empty_space height=&#8221;30px&#8221;]<div data-id=\"mpc_icon_column-6369d256fd0141f\" class=\"mpc-icon-column mpc-init mpc-parent-hover mpc-transition mpc-icon-column--style_3 mpc-align--left \" ><div data-id=\"mpc_icon-4869d256fd0145a\" class=\"mpc-icon mpc-init mpc-transition mpc-effect-none mpc-icon-hover \"><div class=\"mpc-icon-wrap\"><i class=\"mpc-icon-part mpc-regular mpc-transition  eti eti_arrow_triangle-right_alt\"><\/i><i class=\"mpc-icon-part mpc-hover mpc-transition  eti eti_arrow_triangle-right_alt\"><\/i><\/div><\/div><div class=\"mpc-icon-column__content-wrap\"><div class=\"mpc-icon-column__content\"><div data-id=\"mpc_divider-3669d256fd01484\" class=\"mpc-divider-wrap\"><div class=\"mpc-divider mpc-init mpc-align--center mpc-disable--left \" ><div class=\"mpc-divider__line mpc-side--left\"><span><\/span><\/div><div class=\"mpc-divider__line mpc-side--right\"><span><\/span><\/div><\/div><\/div><div class=\"mpc-icon-column__description mpc-transition\"><p>Odjel za rad s djecom i mladima namijenjen je pred\u0161kolskoj i \u0161kolskoj djeci, ali i svim ostalim \u010dlanovima Gradske i sveu\u010dil\u0161ne knji\u017enice Osijek kojima se na\u0161i sadr\u017eaji \u010dine zanimljivima.<\/p>\n<\/div><\/div><\/div><\/div>[\/vc_column][vc_column width=&#8221;1\/2&#8243;][vc_gallery type=&#8221;image_grid&#8221; images=&#8221;7248,7249&#8243; title=&#8221;Aktivnosti Odjela za rad s djecom i mladima&#8221;][vc_gallery type=&#8221;image_grid&#8221; images=&#8221;6261,6258&#8243; title=&#8221;Odjel za rad s djecom i mladima (bukosh)&#8221;][vc_gallery type=&#8221;image_grid&#8221; images=&#8221;6257,6260&#8243; title=&#8221;Knji\u017enice su \u010duvari pri\u010da&#8221;][vc_gallery type=&#8221;image_grid&#8221; images=&#8221;6256,6259&#8243; title=&#8221;Za\u0161to je dobro biti \u010dlan knji\u017enice&#8221;][vc_empty_space height=&#8221;30px&#8221;]<div id=\"mpc-modal-3601-0\" class=\"mpc-modal-overlay\" data-id=\"mpc_modal-9469d256fd0150b\" data-position=\"middle-center\" data-frequency=\"onclick\" data-target-id=\"prstici\"><div class=\"mpc-modal mpc-animation mpc-init \" data-animation-in=\"transition.fadeIn||400||1200||100\"><div class=\"mpc-modal__close\"><div data-id=\"mpc_icon-269d256fd018a0\" class=\"mpc-icon mpc-init mpc-transition mpc-effect-fade mpc-icon-hover mpc-icon--character \"><div class=\"mpc-icon-wrap\"><i class=\"mpc-icon-part mpc-regular mpc-transition  mpc-typography--mpc_preset_103\">X<\/i><i class=\"mpc-icon-part mpc-hover mpc-transition  mpc-typography--mpc_preset_103\">X<\/i><\/div><\/div><\/div><div class=\"mpc-modal__content\">[vc_column_text]<\/p>\n<h2>Pri\u010danje pri\u010da za bebe i djecu najranije dobi &#8220;Prsti\u0107i pri\u010daju!&#8221;<\/h2>\n<p>Odjel za rad s djecom i mladima Gradske i sveu\u010dili\u0161ne knji\u017enice Osijek organizira novu aktivnost pri\u010danja pri\u010da za bebe i djecu najranije dobi (0-3 godina) pod nazivom <b>&#8220;Prsti\u0107i pri\u010daju!&#8221;.<\/b> Aktivnost \u0107e se odvijati <b>utorkom prijepodne<\/b> u vremenu <b>od 11.00 do 12.00 sati<\/b> i <b>srijedom poslijepodne<\/b> u vremenu <b>od 18.00 do 18.30 sati <\/b>u prostoru igraonice i igroteke Odjela za rad s djecom i mladima Gradske i sveu\u010dili\u0161ne knji\u017enice Osijek.<\/p>\n<p>Aktivnost &#8220;Prsti\u0107i pri\u010daju!&#8221; dio programa nacionalne kampanje &#8220;\u010citaj mi!&#8221; posve\u0107ena poticanju \u010ditanju naglas djeci od ro\u0111enja. Susreti za roditelje i bebe zami\u0161ljeni su kao zajedni\u010dka igra, slu\u0161anje pri\u010de, \u010ditanje slikovnica, dramatiziranje s pomo\u0107u lutkica i prsti\u0107a. Poticaj je to na zajedni\u010dko \u010ditanje djetetu od najranije dobi, na posudbu kvalitetnih slikovnica, na razvoj ljubavi prema \u010ditanju&#8230;[\/vc_column_text]<\/div><\/div><\/div><div class=\"mpc-modal-waypoint mpc-waypoint\" data-id=\"mpc-modal-3601-0\"><\/div>[\/vc_column][vc_column][\/vc_column][\/vc_row]<\/p>\n<\/section>","protected":false},"excerpt":{"rendered":"<p>[vc_row full_width=&#8221;stretch_row&#8221; content_placement=&#8221;bottom&#8221; enable_first_overlay=&#8221;true&#8221; first_overlay_opacity=&#8221;25&#8243; first_background_type=&#8221;gradient&#8221; enable_parallax=&#8221;true&#8221; parallax_background=&#8221;3602&#8243; parallax_style=&#8221;fixed&#8221; css=&#8221;.vc_custom_1509302947775{background-position: center !important;background-repeat: no-repeat !important;background-size: cover !important;}&#8221;][vc_column alignment=&#8221;center&#8221;][\/vc_column][\/vc_row][vc_row][vc_column][vc_empty_space height=&#8221;50px&#8221;][vc_empty_space height=&#8221;30px&#8221;][vc_empty_space height=&#8221;50px&#8221;][\/vc_column][\/vc_row][vc_row full_width=&#8221;stretch_row&#8221; css=&#8221;.vc_custom_1489331021587{background-color: #2c518c !important;}&#8221;][vc_column][\/vc_column][\/vc_row][vc_row full_width=&#8221;stretch_row&#8221;][vc_column][vc_empty_space height=&#8221;50px&#8221;][\/vc_column][\/vc_row][vc_row][vc_column width=&#8221;1\/2&#8243;][vc_empty_space height=&#8221;30px&#8221;][vc_empty_space height=&#8221;40px&#8221;][vc_empty_space height=&#8221;40px&#8221;][vc_empty_space height=&#8221;30px&#8221;][\/vc_column][vc_column width=&#8221;1\/2&#8243;][vc_gallery type=&#8221;image_grid&#8221; images=&#8221;7248,7249&#8243; title=&#8221;Aktivnosti Odjela za rad s djecom i mladima&#8221;][vc_gallery type=&#8221;image_grid&#8221; images=&#8221;6261,6258&#8243; title=&#8221;Odjel za rad s djecom i mladima (bukosh)&#8221;][vc_gallery type=&#8221;image_grid&#8221; images=&#8221;6257,6260&#8243; title=&#8221;Knji\u017enice<\/p>\n","protected":false},"author":3,"featured_media":3602,"parent":0,"menu_order":0,"comment_status":"closed","ping_status":"closed","template":"","meta":{"_mi_skip_tracking":false},"_links":{"self":[{"href":"https:\/\/www.gskos.unios.hr\/index.php\/wp-json\/wp\/v2\/pages\/3601"}],"collection":[{"href":"https:\/\/www.gskos.unios.hr\/index.php\/wp-json\/wp\/v2\/pages"}],"about":[{"href":"https:\/\/www.gskos.unios.hr\/index.php\/wp-json\/wp\/v2\/types\/page"}],"author":[{"embeddable":true,"href":"https:\/\/www.gskos.unios.hr\/index.php\/wp-json\/wp\/v2\/users\/3"}],"replies":[{"embeddable":true,"href":"https:\/\/www.gskos.unios.hr\/index.php\/wp-json\/wp\/v2\/comments?post=3601"}],"version-history":[{"count":31,"href":"https:\/\/www.gskos.unios.hr\/index.php\/wp-json\/wp\/v2\/pages\/3601\/revisions"}],"predecessor-version":[{"id":7250,"href":"https:\/\/www.gskos.unios.hr\/index.php\/wp-json\/wp\/v2\/pages\/3601\/revisions\/7250"}],"wp:featuredmedia":[{"embeddable":true,"href":"https:\/\/www.gskos.unios.hr\/index.php\/wp-json\/wp\/v2\/media\/3602"}],"wp:attachment":[{"href":"https:\/\/www.gskos.unios.hr\/index.php\/wp-json\/wp\/v2\/media?parent=3601"}],"curies":[{"name":"wp","href":"https:\/\/api.w.org\/{rel}","templated":true}]}}