{"id":3630,"date":"2017-03-11T12:20:00","date_gmt":"2017-03-11T11:20:00","guid":{"rendered":"http:\/\/www.gskos.unios.hr\/?page_id=3630"},"modified":"2022-06-06T10:28:36","modified_gmt":"2022-06-06T08:28:36","slug":"meduknjiznicna-posudba","status":"publish","type":"page","link":"https:\/\/www.gskos.unios.hr\/index.php\/meduknjiznicna-posudba\/","title":{"rendered":"ME\u0110UKNJI\u017dNI\u010cNA POSUDBA"},"content":{"rendered":"<section class=\"wpb-content-wrapper\"><p>[vc_row full_width=&#8221;stretch_row&#8221; content_placement=&#8221;bottom&#8221; enable_first_overlay=&#8221;true&#8221; first_overlay_opacity=&#8221;25&#8243; first_background_type=&#8221;gradient&#8221; enable_parallax=&#8221;true&#8221; parallax_background=&#8221;4387&#8243; parallax_style=&#8221;fixed&#8221; css=&#8221;.vc_custom_1509303316690{background-position: center !important;background-repeat: no-repeat !important;background-size: cover !important;}&#8221;][vc_column alignment=&#8221;center&#8221;]<div id=\"mpc_textblock-6269f436135dda7\" class=\"mpc-textblock mpc-init mpc-typography--preset_0 mpc-animation \" data-animation-in=\"transition.slideDownBigIn||3250||0||100\"><p style=\"text-align: center;\">ME\u0110UKNJI\u017dNI\u010cNA POSUDBA<\/p>\n<\/div>[\/vc_column][\/vc_row][vc_row][vc_column][vc_empty_space height=&#8221;50px&#8221;]<div data-id=\"mpc_divider-4169f436135de67\" class=\"mpc-divider-wrap\"><div class=\"mpc-divider mpc-init mpc-align--center \" ><div class=\"mpc-divider__line mpc-side--left\"><span><\/span><\/div><div class=\"mpc-divider__separator\"><div class=\"mpc-divider__content fa fa-circle\"><\/div><\/div><div class=\"mpc-divider__line mpc-side--right\"><span><\/span><\/div><\/div><\/div>[vc_empty_space height=&#8221;30px&#8221;][\/vc_column][\/vc_row][vc_row full_width=&#8221;stretch_row&#8221;][vc_column alignment=&#8221;center&#8221;]<div id=\"mpc_textblock-2769f436135de97\" class=\"mpc-textblock mpc-init mpc-typography--mpc_preset_103 \"><h2>Me\u0111uknji\u017eni\u010dna posudba odsjek je Studijske \u010ditaonice GISKO.<\/h2>\n<h2>GISKO u cilju \u0161to potpunijeg i cjelovitijeg zadovoljavanja sve raznovrsnijih i slo\u017eenijih korisni\u010dkih zahtjeva u odnosu na knji\u017eni\u010dnu gra\u0111u nudi usluge me\u0111uknji\u017eni\u010dne posudbe za potrebe svojih korisnika te posu\u0111uje gra\u0111u drugim knji\u017enicama za potrebe njihovih korisnika.<\/h2>\n<h2>Me\u0111uknji\u017eni\u010dna je posudba postupak kojim knji\u017enica, na zahtjev svojih korisnika, knji\u017eni\u010dnu gra\u0111u koju ne posjeduje u svojim zbirkama, pribavlja od drugih knji\u017enica. Me\u0111uknji\u017eni\u010dna je posudba bitan \u010dimbenik u osiguravanju op\u0107e dostupnosti knji\u017eni\u010dne gra\u0111e korisnicima, prije svega za potrebe njihovog znanstvenog i stru\u010dnog rada te stru\u010dnog usavr\u0161avanja.<\/h2>\n<p>Me\u0111uknji\u017eni\u010dna posudba se vr\u0161i putem mre\u017enog obrasca ili e-po\u0161tom mkp@gskos.hr.<\/p>\n<\/div>[vc_empty_space height=&#8221;30px&#8221;]<a href=\"http:\/\/www.gskos.unios.hr\/index.php\/zahtjev-za-meduknjiznicnu-posudbu\/\" target=\"_blank\" title=\"\"  data-id=\"mpc_button-9969f436135df88\" class=\"mpc-button mpc-init mpc-transition mpc-animation mpc-typography--mpc_preset_103 \"  data-animation-in=\"transition.slideLeftIn||1650||550||100\"><div class=\"mpc-button__content mpc-effect-type--none mpc-effect-side--none\"><span class=\"mpc-button__title mpc-transition\">OBRAZAC<\/span><\/div><div class=\"mpc-button__background mpc-transition mpc-effect-type--fade mpc-effect-side--in\"><\/div><\/a>[vc_empty_space height=&#8221;30px&#8221;][\/vc_column][\/vc_row][vc_row][vc_column][vc_empty_space]<div data-id=\"mpc_divider-969f436135dff8\" class=\"mpc-divider-wrap\"><div class=\"mpc-divider mpc-init mpc-align--center \" ><div class=\"mpc-divider__line mpc-side--left\"><span><\/span><\/div><div class=\"mpc-divider__separator\"><div class=\"mpc-divider__content mpc-typography--mpc_preset_103\">Knji\u017enice iz kojih se pribavlja gra\u0111a me\u0111uknji\u017eni\u010dnom posudbom<\/div><\/div><div class=\"mpc-divider__line mpc-side--right\"><span><\/span><\/div><\/div><\/div>[vc_empty_space height=&#8221;50px&#8221;][\/vc_column][\/vc_row][vc_row][vc_column width=&#8221;1\/2&#8243;]<div id=\"mpc_textblock-369f436135e023\" class=\"mpc-textblock mpc-init mpc-typography--mpc_preset_38 \"><p>suradnja na nacionalnoj razini<\/p>\n<\/div>[vc_empty_space height=&#8221;30px&#8221;]<div id=\"mpc_connected_icons-4769f436135e095\" class=\"mpc-connected-icons mpc-init mpc-transition \"  data-ci-cols=\"4\" data-target=\"icon\" data-layout=\"vertical\"><div class=\"mpc-connected-icons__line\"><span><\/span><\/div><div data-id=\"mpc_icon_column-6269f436135e151\" class=\"mpc-icon-column mpc-init mpc-parent-hover mpc-transition mpc-icon-column--style_3 mpc-align--left \" ><div data-id=\"mpc_icon-6669f436135e196\" class=\"mpc-icon mpc-init mpc-transition mpc-effect-none mpc-icon-hover \"><div class=\"mpc-icon-wrap\"><i class=\"mpc-icon-part mpc-regular mpc-transition  eti eti_arrow_triangle-right_alt\"><\/i><i class=\"mpc-icon-part mpc-hover mpc-transition  eti eti_arrow_triangle-right_alt\"><\/i><\/div><\/div><div class=\"mpc-icon-column__content-wrap\"><div class=\"mpc-icon-column__content\"><h3 class=\"mpc-icon-column__heading mpc-typography--mpc_preset_38 mpc-transition\">Na nacionalnoj razini suradnja se odvija:<\/h3><div data-id=\"mpc_divider-5769f436135e1c7\" class=\"mpc-divider-wrap\"><div class=\"mpc-divider mpc-init mpc-align--center mpc-disable--left \" ><div class=\"mpc-divider__line mpc-side--left\"><span><\/span><\/div><div class=\"mpc-divider__line mpc-side--right\"><span><\/span><\/div><\/div><\/div><div class=\"mpc-icon-column__description mpc-transition\"><ul>\n<li>s <a href=\"http:\/\/www.nsk.hr\/\" target=\"_blank\" rel=\"noopener noreferrer\">Nacionalnom i sveu\u010dili\u0161nom knji\u017enicom u Zagrebu<\/a><\/li>\n<li>sa svim ostalim knji\u017enicama uklju\u010denim u hrvatski knji\u017eni\u010dni sustav<\/li>\n<\/ul>\n<\/div><\/div><\/div><\/div><\/div>[\/vc_column][vc_column width=&#8221;1\/2&#8243;]<div id=\"mpc_textblock-7369f436135e247\" class=\"mpc-textblock mpc-init mpc-typography--mpc_preset_38 \"><p>suradnja na me\u0111unarodnoj razini<\/p>\n<\/div>[vc_empty_space height=&#8221;30px&#8221;]<div id=\"mpc_connected_icons-2669f436135e2b8\" class=\"mpc-connected-icons mpc-init mpc-transition \"  data-ci-cols=\"4\" data-target=\"icon\" data-layout=\"vertical\"><div class=\"mpc-connected-icons__line\"><span><\/span><\/div><div data-id=\"mpc_icon_column-5069f436135e366\" class=\"mpc-icon-column mpc-init mpc-parent-hover mpc-transition mpc-icon-column--style_3 mpc-align--left \" ><div data-id=\"mpc_icon-7169f436135e3a1\" class=\"mpc-icon mpc-init mpc-transition mpc-effect-none mpc-icon-hover \"><div class=\"mpc-icon-wrap\"><i class=\"mpc-icon-part mpc-regular mpc-transition  eti eti_arrow_triangle-right_alt\"><\/i><i class=\"mpc-icon-part mpc-hover mpc-transition  eti eti_arrow_triangle-right_alt\"><\/i><\/div><\/div><div class=\"mpc-icon-column__content-wrap\"><div class=\"mpc-icon-column__content\"><h3 class=\"mpc-icon-column__heading mpc-typography--mpc_preset_38 mpc-transition\">Na me\u0111unarodnoj razini suradnja se odvija:<\/h3><div data-id=\"mpc_divider-7769f436135e3cb\" class=\"mpc-divider-wrap\"><div class=\"mpc-divider mpc-init mpc-align--center mpc-disable--left \" ><div class=\"mpc-divider__line mpc-side--left\"><span><\/span><\/div><div class=\"mpc-divider__line mpc-side--right\"><span><\/span><\/div><\/div><\/div><div class=\"mpc-icon-column__description mpc-transition\"><ul>\n<li>s <a href=\"http:\/\/www.bl.uk\/\" target=\"_blank\" rel=\"noopener noreferrer\">The British Library Document Supply Centre, Boston Spa, United Kingdom<\/a><\/li>\n<li>sa <a href=\"https:\/\/www.subito-doc.de\/?lang=en\" target=\"_blank\" rel=\"noopener noreferrer\">Subitom<\/a><\/li>\n<li>sa svim inozemnim knji\u017enicama s kojima je mogu\u0107e uspostaviti suradnju<\/li>\n<\/ul>\n<\/div><\/div><\/div><\/div><\/div>[\/vc_column][\/vc_row][vc_row][vc_column][vc_empty_space height=&#8221;50px&#8221;]<div data-id=\"mpc_divider-3269f436135e460\" class=\"mpc-divider-wrap\"><div class=\"mpc-divider mpc-init mpc-align--center \" ><div class=\"mpc-divider__line mpc-side--left\"><span><\/span><\/div><div class=\"mpc-divider__separator\"><div class=\"mpc-divider__content mpc-typography--mpc_preset_103\">Knji\u017eni\u010dna gra\u0111a koja se pribavlja me\u0111uknji\u017eni\u010dnom posudbom<\/div><\/div><div class=\"mpc-divider__line mpc-side--right\"><span><\/span><\/div><\/div><\/div>[vc_empty_space height=&#8221;50px&#8221;]<div id=\"mpc_grid_anything-3269f436135e494\" class=\"mpc-grid-anything mpc-init \"  data-grid-cols=\"3\">[vc_column_text]<\/p>\n<p style=\"text-align: center;\">Monografske publikacije u originalu<br \/>\n(na privremenu posudbu)<\/p>\n<p>[\/vc_column_text][vc_column_text]<\/p>\n<p style=\"text-align: center;\">Dijelovi monografskih publikacija u obliku preslika na papiru ili u elektroni\u010dkom obliku<br \/>\n(u trajno vlasni\u0161tvo)<\/p>\n<p>[\/vc_column_text][vc_column_text]<\/p>\n<p style=\"text-align: center;\">\u010clanci iz serijskih publikacija u obliku preslika na papiru ili u elektoni\u010dkom obliku<br \/>\n(u trajno vlasni\u0161tvo)<\/p>\n<p>[\/vc_column_text]<\/div>[vc_empty_space height=&#8221;30px&#8221;][\/vc_column][\/vc_row][vc_row][vc_column width=&#8221;1\/2&#8243;]<div id=\"mpc_connected_icons-5469f436135e4f2\" class=\"mpc-connected-icons mpc-init mpc-transition \"  data-ci-cols=\"4\" data-target=\"icon\" data-layout=\"vertical\"><div class=\"mpc-connected-icons__line\"><span><\/span><\/div><div data-id=\"mpc_icon_column-7669f436135e599\" class=\"mpc-icon-column mpc-init mpc-parent-hover mpc-transition mpc-icon-column--style_3 mpc-align--left \" ><div data-id=\"mpc_icon-8569f436135e5d4\" class=\"mpc-icon mpc-init mpc-transition mpc-effect-none mpc-icon-hover \"><div class=\"mpc-icon-wrap\"><i class=\"mpc-icon-part mpc-regular mpc-transition  eti eti_arrow_triangle-right_alt\"><\/i><i class=\"mpc-icon-part mpc-hover mpc-transition  eti eti_arrow_triangle-right_alt\"><\/i><\/div><\/div><div class=\"mpc-icon-column__content-wrap\"><div class=\"mpc-icon-column__content\"><h3 class=\"mpc-icon-column__heading mpc-typography--mpc_preset_38 mpc-transition\">GISKO iz me\u0111uknji\u017eni\u010dne posudbe isklju\u010duje:<\/h3><div data-id=\"mpc_divider-5069f436135e5ff\" class=\"mpc-divider-wrap\"><div class=\"mpc-divider mpc-init mpc-align--center mpc-disable--left \" ><div class=\"mpc-divider__line mpc-side--left\"><span><\/span><\/div><div class=\"mpc-divider__line mpc-side--right\"><span><\/span><\/div><\/div><\/div><div class=\"mpc-icon-column__description mpc-transition\"><ul>\n<li>knji\u017eni\u010dnu gra\u0111u koja je na raspolaganju za kori\u0161tenje unutar prostora Knji\u017enice<\/li>\n<li>istodobno posu\u0111ivanje vi\u0161e primjeraka istoga naslova monografskih publikacija<\/li>\n<li>istodobno posu\u0111ivanje vi\u0161e od tri monografske publikacije<\/li>\n<\/ul>\n<\/div><\/div><\/div><\/div><\/div>[vc_empty_space height=&#8221;30px&#8221;][\/vc_column][vc_column width=&#8221;1\/2&#8243;][vc_empty_space height=&#8221;55px&#8221;]<div id=\"mpc_textblock-4669f436135e677\" class=\"mpc-textblock mpc-init \"><p style=\"text-align: left;\">Pri izradi preslika GISKO je du\u017ean po\u0161tivati odredbe Zakona o autorskom pravu i srodnim pravima (<a href=\"https:\/\/narodne-novine.nn.hr\/clanci\/sluzbeni\/2021_10_111_1941.html\">NN 111\/21<\/a>).<\/p>\n<p style=\"text-align: left;\">Svaka knji\u017enica, kojoj je upu\u0107en zahtjev za me\u0111uknji\u017eni\u010dnom posudbom, ima, u skladu sa svojim pravilnikom o posudbi, pravo odlu\u010divanja koju \u0107e gra\u0111u isklju\u010diti iz me\u0111uknji\u017eni\u010dne posudbe.<\/p>\n<\/div>[vc_empty_space height=&#8221;30px&#8221;][\/vc_column][\/vc_row][vc_row][vc_column][vc_empty_space height=&#8221;50px&#8221;]<div data-id=\"mpc_divider-6569f436135e701\" class=\"mpc-divider-wrap\"><div class=\"mpc-divider mpc-init mpc-align--center \" ><div class=\"mpc-divider__line mpc-side--left\"><span><\/span><\/div><div class=\"mpc-divider__separator\"><div class=\"mpc-divider__content mpc-typography--mpc_preset_103\">Postupak naru\u010divanja knji\u017eni\u010dne gra\u0111e<\/div><\/div><div class=\"mpc-divider__line mpc-side--right\"><span><\/span><\/div><\/div><\/div>[vc_empty_space height=&#8221;50px&#8221;][\/vc_column][\/vc_row][vc_row][vc_column width=&#8221;1\/2&#8243;]<div id=\"mpc_textblock-6469f436135e726\" class=\"mpc-textblock mpc-init \"><p>Korisnici GISKO koji \u017eele naru\u010diti knji\u017eni\u010dnu gra\u0111u iz drugih knji\u017enica mogu to u\u010diniti u Odsjeku me\u0111uknji\u017eni\u010dne posudbe pri Studijskoj \u010ditaonici Gradske i sveu\u010dili\u0161ne knji\u017enice Osijek.<\/p>\n<\/div>[\/vc_column][vc_column width=&#8221;1\/2&#8243;]<div id=\"mpc_textblock-1669f436135e78a\" class=\"mpc-textblock mpc-init \"><p>Knji\u017enica koja za potrebe svojih korisnika naru\u010duje knji\u017eni\u010dnu gra\u0111u iz GISKO mo\u017ee to u\u010diniti slanjem ispunjenih IFLA-inih obrazaca:<\/p>\n<ul>\n<li>po\u0161tom<\/li>\n<li>faksom<\/li>\n<li>elektroni\u010dkom po\u0161tom<\/li>\n<\/ul>\n<\/div>[\/vc_column][\/vc_row][vc_row][vc_column][vc_empty_space height=&#8221;50px&#8221;]<div data-id=\"mpc_divider-2969f436135e811\" class=\"mpc-divider-wrap\"><div class=\"mpc-divider mpc-init mpc-align--center \" ><div class=\"mpc-divider__line mpc-side--left\"><span><\/span><\/div><div class=\"mpc-divider__separator\"><div class=\"mpc-divider__content mpc-typography--mpc_preset_103\">Rokovi pristizanja i posudbe knji\u017eni\u010dne gra\u0111e<\/div><\/div><div class=\"mpc-divider__line mpc-side--right\"><span><\/span><\/div><\/div><\/div>[vc_empty_space height=&#8221;50px&#8221;][\/vc_column][\/vc_row][vc_row][vc_column width=&#8221;1\/3&#8243;]<div id=\"mpc_textblock-1769f436135e835\" class=\"mpc-textblock mpc-init \"><p style=\"text-align: center;\"><strong>Knji\u017enica iz koje se me\u0111uknji\u017eni\u010dnom<br \/>\nposudbom naru\u010duje gra\u0111a<\/strong><\/p>\n<\/div>[vc_empty_space height=&#8221;20px&#8221;]<div id=\"mpc_textblock-5469f436135e89e\" class=\"mpc-textblock mpc-init \"><p style=\"text-align: center;\">British Library Document Supply Centre<\/p>\n<\/div>[vc_empty_space height=&#8221;20px&#8221;]<div id=\"mpc_textblock-9769f436135e902\" class=\"mpc-textblock mpc-init \"><p style=\"text-align: center;\">Subito<\/p>\n<\/div>[vc_empty_space height=&#8221;20px&#8221;]<div id=\"mpc_textblock-169f436135e964\" class=\"mpc-textblock mpc-init \"><p style=\"text-align: center;\">Ostale knji\u017enice u Europi<\/p>\n<\/div>[vc_empty_space height=&#8221;20px&#8221;]<div id=\"mpc_textblock-8669f436135e9c4\" class=\"mpc-textblock mpc-init \"><p style=\"text-align: center;\">GISKO<\/p>\n<\/div>[\/vc_column][vc_column width=&#8221;1\/3&#8243;]<div id=\"mpc_textblock-2169f436135ea24\" class=\"mpc-textblock mpc-init \"><p style=\"text-align: center;\"><strong>Vrijeme potrebno<br \/>\nza dostavu posu\u0111ene gra\u0111e<\/strong><\/p>\n<\/div>[vc_empty_space height=&#8221;20px&#8221;]<div id=\"mpc_textblock-5069f436135ea89\" class=\"mpc-textblock mpc-init \"><p style=\"text-align: center;\">1 -2 tjedna<\/p>\n<\/div>[vc_empty_space height=&#8221;20px&#8221;]<div id=\"mpc_textblock-3569f436135eae8\" class=\"mpc-textblock mpc-init \"><p style=\"text-align: center;\">1 tjedan<\/p>\n<\/div>[vc_empty_space height=&#8221;20px&#8221;]<div id=\"mpc_textblock-1669f436135eb46\" class=\"mpc-textblock mpc-init \"><p style=\"text-align: center;\">4-6 tjedana<\/p>\n<\/div>[vc_empty_space height=&#8221;20px&#8221;]<div id=\"mpc_textblock-7569f436135eba3\" class=\"mpc-textblock mpc-init \"><p style=\"text-align: center;\">&#8211;<\/p>\n<\/div>[\/vc_column][vc_column width=&#8221;1\/3&#8243;]<div id=\"mpc_textblock-869f436135ec00\" class=\"mpc-textblock mpc-init \"><p style=\"text-align: center;\"><strong>Rok posudbe<br \/>\nknji\u017eni\u010dne gra\u0111e<\/strong><\/p>\n<\/div>[vc_empty_space height=&#8221;20px&#8221;]<div id=\"mpc_textblock-3269f436135ec63\" class=\"mpc-textblock mpc-init \"><p style=\"text-align: center;\">2 tjedna<\/p>\n<\/div>[vc_empty_space height=&#8221;20px&#8221;]<div id=\"mpc_textblock-4069f436135ecc1\" class=\"mpc-textblock mpc-init \"><p style=\"text-align: center;\">4 tjedna<\/p>\n<\/div>[vc_empty_space height=&#8221;20px&#8221;]<div id=\"mpc_textblock-6069f436135ed1e\" class=\"mpc-textblock mpc-init \"><p style=\"text-align: center;\">4 tjedna<\/p>\n<\/div>[vc_empty_space height=&#8221;20px&#8221;]<div id=\"mpc_textblock-3369f436135ed7b\" class=\"mpc-textblock mpc-init \"><p style=\"text-align: center;\">4 tjedna<br \/>\n(uklju\u010duju\u0107i i vrijeme potrebno za vra\u0107anje posu\u0111ene gra\u0111e)<\/p>\n<\/div>[\/vc_column][\/vc_row][vc_row][vc_column][vc_empty_space height=&#8221;50px&#8221;]<div id=\"mpc_textblock-2469f436135eddc\" class=\"mpc-textblock mpc-init \"><p style=\"text-align: center;\">Korisnici koji naru\u010duju gra\u0111u me\u0111uknji\u017eni\u010dnom posudbom bit \u0107e obavije\u0161teni o pristizanju gra\u0111e i mogu\u0107nostima njezine posudbe telefonski, faksom ili elektroni\u010dkom po\u0161tom, u najkra\u0107em mogu\u0107em roku.<\/p>\n<\/div>[\/vc_column][\/vc_row][vc_row][vc_column][vc_empty_space height=&#8221;50px&#8221;]<div data-id=\"mpc_divider-4769f436135ee4a\" class=\"mpc-divider-wrap\"><div class=\"mpc-divider mpc-init mpc-align--center \" ><div class=\"mpc-divider__line mpc-side--left\"><span><\/span><\/div><div class=\"mpc-divider__separator\"><div class=\"mpc-divider__content mpc-typography--mpc_preset_103\">Kori\u0161tenje knji\u017eni\u010dne gra\u0111e<\/div><\/div><div class=\"mpc-divider__line mpc-side--right\"><span><\/span><\/div><\/div><\/div>[vc_empty_space height=&#8221;50px&#8221;]<div id=\"mpc_textblock-369f436135ee73\" class=\"mpc-textblock mpc-init \"><p style=\"text-align: left;\">Knji\u017enica koja za potrebe svojih korisnika obavlja me\u0111uknji\u017eni\u010dnu posudbu jam\u010di povrat posu\u0111ene knji\u017eni\u010dne gra\u0111e.<br \/>\nGra\u0111a koju je GISKO za svoje korisnike posudila iz drugih knji\u017enica mo\u017ee se koristiti samo u prostorijama GISKO. Preslici \u010dlanaka i ra\u010dunalni ispisi predaju se krajnjem korisniku u trajno vlasni\u0161tvo. Dostava \u010dlanaka elektroni\u010dkom po\u0161tom za korisnike koji osobno, a ne posredstvom neke knji\u017enice, tra\u017ee uslugu me\u0111uknji\u017eni\u010dne posudbe obavlja se nakon izvr\u0161enja financijskih obveza prema GISKO.<\/p>\n<\/div>[vc_empty_space height=&#8221;50px&#8221;][\/vc_column][\/vc_row]<\/p>\n<\/section>","protected":false},"excerpt":{"rendered":"<p>[vc_row full_width=&#8221;stretch_row&#8221; content_placement=&#8221;bottom&#8221; enable_first_overlay=&#8221;true&#8221; first_overlay_opacity=&#8221;25&#8243; first_background_type=&#8221;gradient&#8221; enable_parallax=&#8221;true&#8221; parallax_background=&#8221;4387&#8243; parallax_style=&#8221;fixed&#8221; css=&#8221;.vc_custom_1509303316690{background-position: center !important;background-repeat: no-repeat !important;background-size: cover !important;}&#8221;][vc_column alignment=&#8221;center&#8221;][\/vc_column][\/vc_row][vc_row][vc_column][vc_empty_space height=&#8221;50px&#8221;][vc_empty_space height=&#8221;30px&#8221;][\/vc_column][\/vc_row][vc_row full_width=&#8221;stretch_row&#8221;][vc_column alignment=&#8221;center&#8221;][vc_empty_space height=&#8221;30px&#8221;][vc_empty_space height=&#8221;30px&#8221;][\/vc_column][\/vc_row][vc_row][vc_column][vc_empty_space][vc_empty_space height=&#8221;50px&#8221;][\/vc_column][\/vc_row][vc_row][vc_column width=&#8221;1\/2&#8243;][vc_empty_space height=&#8221;30px&#8221;][\/vc_column][vc_column width=&#8221;1\/2&#8243;][vc_empty_space height=&#8221;30px&#8221;][\/vc_column][\/vc_row][vc_row][vc_column][vc_empty_space height=&#8221;50px&#8221;][vc_empty_space height=&#8221;50px&#8221;][vc_empty_space height=&#8221;30px&#8221;][\/vc_column][\/vc_row][vc_row][vc_column width=&#8221;1\/2&#8243;][vc_empty_space height=&#8221;30px&#8221;][\/vc_column][vc_column width=&#8221;1\/2&#8243;][vc_empty_space height=&#8221;55px&#8221;][vc_empty_space height=&#8221;30px&#8221;][\/vc_column][\/vc_row][vc_row][vc_column][vc_empty_space height=&#8221;50px&#8221;][vc_empty_space height=&#8221;50px&#8221;][\/vc_column][\/vc_row][vc_row][vc_column width=&#8221;1\/2&#8243;][\/vc_column][vc_column width=&#8221;1\/2&#8243;][\/vc_column][\/vc_row][vc_row][vc_column][vc_empty_space height=&#8221;50px&#8221;][vc_empty_space height=&#8221;50px&#8221;][\/vc_column][\/vc_row][vc_row][vc_column width=&#8221;1\/3&#8243;][vc_empty_space height=&#8221;20px&#8221;][vc_empty_space height=&#8221;20px&#8221;][vc_empty_space height=&#8221;20px&#8221;][vc_empty_space height=&#8221;20px&#8221;][\/vc_column][vc_column width=&#8221;1\/3&#8243;][vc_empty_space height=&#8221;20px&#8221;][vc_empty_space height=&#8221;20px&#8221;][vc_empty_space height=&#8221;20px&#8221;][vc_empty_space height=&#8221;20px&#8221;][\/vc_column][vc_column width=&#8221;1\/3&#8243;][vc_empty_space height=&#8221;20px&#8221;][vc_empty_space height=&#8221;20px&#8221;][vc_empty_space<\/p>\n","protected":false},"author":3,"featured_media":4387,"parent":0,"menu_order":0,"comment_status":"closed","ping_status":"closed","template":"","meta":{"_mi_skip_tracking":false},"_links":{"self":[{"href":"https:\/\/www.gskos.unios.hr\/index.php\/wp-json\/wp\/v2\/pages\/3630"}],"collection":[{"href":"https:\/\/www.gskos.unios.hr\/index.php\/wp-json\/wp\/v2\/pages"}],"about":[{"href":"https:\/\/www.gskos.unios.hr\/index.php\/wp-json\/wp\/v2\/types\/page"}],"author":[{"embeddable":true,"href":"https:\/\/www.gskos.unios.hr\/index.php\/wp-json\/wp\/v2\/users\/3"}],"replies":[{"embeddable":true,"href":"https:\/\/www.gskos.unios.hr\/index.php\/wp-json\/wp\/v2\/comments?post=3630"}],"version-history":[{"count":53,"href":"https:\/\/www.gskos.unios.hr\/index.php\/wp-json\/wp\/v2\/pages\/3630\/revisions"}],"predecessor-version":[{"id":18398,"href":"https:\/\/www.gskos.unios.hr\/index.php\/wp-json\/wp\/v2\/pages\/3630\/revisions\/18398"}],"wp:featuredmedia":[{"embeddable":true,"href":"https:\/\/www.gskos.unios.hr\/index.php\/wp-json\/wp\/v2\/media\/4387"}],"wp:attachment":[{"href":"https:\/\/www.gskos.unios.hr\/index.php\/wp-json\/wp\/v2\/media?parent=3630"}],"curies":[{"name":"wp","href":"https:\/\/api.w.org\/{rel}","templated":true}]}}