{"id":3647,"date":"2017-03-11T12:49:28","date_gmt":"2017-03-11T11:49:28","guid":{"rendered":"http:\/\/www.gskos.unios.hr\/?page_id=3647"},"modified":"2022-08-30T08:42:32","modified_gmt":"2022-08-30T06:42:32","slug":"odjel-obrade","status":"publish","type":"page","link":"https:\/\/www.gskos.unios.hr\/index.php\/odjel-obrade\/","title":{"rendered":"ODJEL OBRADE"},"content":{"rendered":"<section class=\"wpb-content-wrapper\"><p>[vc_row full_width=&#8221;stretch_row&#8221; content_placement=&#8221;bottom&#8221; enable_first_overlay=&#8221;true&#8221; first_overlay_opacity=&#8221;25&#8243; first_background_type=&#8221;gradient&#8221; enable_parallax=&#8221;true&#8221; parallax_background=&#8221;3648&#8243; parallax_style=&#8221;fixed&#8221; css=&#8221;.vc_custom_1509303546038{background-position: center !important;background-repeat: no-repeat !important;background-size: cover !important;}&#8221;][vc_column alignment=&#8221;center&#8221;]<div id=\"mpc_textblock-4669d5894c8a913\" class=\"mpc-textblock mpc-init mpc-typography--preset_0 mpc-animation \" data-animation-in=\"transition.slideDownBigIn||3250||0||100\"><p style=\"text-align: center;\">ODJEL OBRADE<\/p>\n<\/div>[\/vc_column][\/vc_row][vc_row][vc_column][vc_empty_space height=&#8221;50px&#8221;]<div data-id=\"mpc_divider-1369d5894c8a9d8\" class=\"mpc-divider-wrap\"><div class=\"mpc-divider mpc-init mpc-align--center \" ><div class=\"mpc-divider__line mpc-side--left\"><span><\/span><\/div><div class=\"mpc-divider__separator\"><div class=\"mpc-divider__content fa fa-circle\"><\/div><\/div><div class=\"mpc-divider__line mpc-side--right\"><span><\/span><\/div><\/div><\/div>[vc_empty_space height=&#8221;30px&#8221;]<div id=\"mpc_grid_anything-1269d5894c8aa14\" class=\"mpc-grid-anything mpc-init \"  data-grid-cols=\"3\"><div data-id=\"mpc_icon_column-8869d5894c8aae1\" class=\"mpc-icon-column mpc-init mpc-parent-hover mpc-transition mpc-icon-column--style_1 mpc-align--center \" ><div data-id=\"mpc_icon-6569d5894c8ab2e\" class=\"mpc-icon mpc-init mpc-transition mpc-effect-slide-up mpc-icon-hover \"><div class=\"mpc-icon-wrap\"><i class=\"mpc-icon-part mpc-regular mpc-transition  etl etl-map\"><\/i><i class=\"mpc-icon-part mpc-hover mpc-transition  etl etl-map\"><\/i><\/div><\/div><div class=\"mpc-icon-column__content-wrap\"><div class=\"mpc-icon-column__content\"><h3 class=\"mpc-icon-column__heading mpc-typography--mpc_preset_103 mpc-transition\">ADRESA<\/h3><div class=\"mpc-icon-column__description mpc-typography--mpc_preset_103 mpc-transition\"><p style=\"text-align: center;\">Europska avenija 24<br \/>\n31000 Osijek<\/p>\n<\/div><\/div><\/div><\/div><div data-id=\"mpc_icon_column-1569d5894c8abf6\" class=\"mpc-icon-column mpc-init mpc-parent-hover mpc-transition mpc-icon-column--style_1 mpc-align--center \" ><div data-id=\"mpc_icon-769d5894c8ac34\" class=\"mpc-icon mpc-init mpc-transition mpc-effect-slide-up mpc-icon-hover \"><div class=\"mpc-icon-wrap\"><i class=\"mpc-icon-part mpc-regular mpc-transition  fa fa-phone\"><\/i><i class=\"mpc-icon-part mpc-hover mpc-transition  fa fa-phone\"><\/i><\/div><\/div><div class=\"mpc-icon-column__content-wrap\"><div class=\"mpc-icon-column__content\"><h3 class=\"mpc-icon-column__heading mpc-typography--mpc_preset_103 mpc-transition\">TELEFON<\/h3><div class=\"mpc-icon-column__description mpc-typography--mpc_preset_103 mpc-transition\"><p style=\"text-align: center;\">+385 (0)31 211 233<\/p>\n<\/div><\/div><\/div><\/div><div data-id=\"mpc_icon_column-4969d5894c8acee\" class=\"mpc-icon-column mpc-init mpc-parent-hover mpc-transition mpc-icon-column--style_1 mpc-align--center \" ><div data-id=\"mpc_icon-7469d5894c8ad2a\" class=\"mpc-icon mpc-init mpc-transition mpc-effect-slide-up mpc-icon-hover \"><div class=\"mpc-icon-wrap\"><i class=\"mpc-icon-part mpc-regular mpc-transition  fa fa-fax\"><\/i><i class=\"mpc-icon-part mpc-hover mpc-transition  fa fa-fax\"><\/i><\/div><\/div><div class=\"mpc-icon-column__content-wrap\"><div class=\"mpc-icon-column__content\"><h3 class=\"mpc-icon-column__heading mpc-typography--mpc_preset_103 mpc-transition\">FAX<\/h3><div class=\"mpc-icon-column__description mpc-typography--mpc_preset_103 mpc-transition\"><p style=\"text-align: center;\">+385 (0)31 211 218 (lokal 205)<\/p>\n<\/div><\/div><\/div><\/div><div data-id=\"mpc_icon_column-7469d5894c8ade1\" class=\"mpc-icon-column mpc-init mpc-parent-hover mpc-transition mpc-icon-column--style_1 mpc-align--center \" ><div data-id=\"mpc_icon-7169d5894c8ae1c\" class=\"mpc-icon mpc-init mpc-transition mpc-effect-slide-up mpc-icon-hover \"><div class=\"mpc-icon-wrap\"><i class=\"mpc-icon-part mpc-regular mpc-transition  fa fa-envelope-o\"><\/i><i class=\"mpc-icon-part mpc-hover mpc-transition  fa fa-envelope-o\"><\/i><\/div><\/div><div class=\"mpc-icon-column__content-wrap\"><div class=\"mpc-icon-column__content\"><h3 class=\"mpc-icon-column__heading mpc-typography--mpc_preset_103 mpc-transition\">E-MAIL<\/h3><div class=\"mpc-icon-column__description mpc-typography--mpc_preset_103 mpc-transition\"><p style=\"text-align: center;\">odjel.obrade@gskos.hr<\/p>\n<\/div><\/div><\/div><\/div><div data-id=\"mpc_icon_column-1969d5894c8aed1\" class=\"mpc-icon-column mpc-init mpc-parent-hover mpc-transition mpc-icon-column--style_1 mpc-align--center \" ><div data-id=\"mpc_icon-1169d5894c8af0a\" class=\"mpc-icon mpc-init mpc-transition mpc-effect-slide-up mpc-icon-hover \"><div class=\"mpc-icon-wrap\"><i class=\"mpc-icon-part mpc-regular mpc-transition  etl etl-profile-male\"><\/i><i class=\"mpc-icon-part mpc-hover mpc-transition  etl etl-profile-male\"><\/i><\/div><\/div><div class=\"mpc-icon-column__content-wrap\"><div class=\"mpc-icon-column__content\"><h3 class=\"mpc-icon-column__heading mpc-typography--mpc_preset_103 mpc-transition\">OSOBA ZA KONTAKT<\/h3><div class=\"mpc-icon-column__description mpc-typography--mpc_preset_103 mpc-transition\"><p style=\"text-align: center;\">Voditeljica Odjela obrade:<br \/>\nmr. sc. Inge Majlinger-Tanocki, vi\u0161a knji\u017eni\u010darka<\/p>\n<\/div><\/div><\/div><\/div><div data-id=\"mpc_icon_column-5669d5894c8afc4\" class=\"mpc-icon-column mpc-init mpc-parent-hover mpc-transition mpc-icon-column--style_1 mpc-align--center \" ><div data-id=\"mpc_icon-9469d5894c8affe\" class=\"mpc-icon mpc-init mpc-transition mpc-effect-slide-up mpc-icon-hover \"><div class=\"mpc-icon-wrap\"><i class=\"mpc-icon-part mpc-regular mpc-transition  etl etl-happy\"><\/i><i class=\"mpc-icon-part mpc-hover mpc-transition  etl etl-happy\"><\/i><\/div><\/div><div class=\"mpc-icon-column__content-wrap\"><div class=\"mpc-icon-column__content\"><h3 class=\"mpc-icon-column__heading mpc-typography--mpc_preset_103 mpc-transition\">RAD S POSLOVNIM SURADNICIMA<\/h3><div class=\"mpc-icon-column__description mpc-typography--mpc_preset_103 mpc-transition\"><p style=\"text-align: center;\"><strong><a href=\"https:\/\/www.gskos.unios.hr\/index.php\/radno-vrijeme-2\/\" target=\"_blank\" rel=\"noopener noreferrer\">Radno vrijeme<\/a><\/strong><\/p>\n<\/div><\/div><\/div><\/div><\/div>[vc_empty_space height=&#8221;50px&#8221;][\/vc_column][\/vc_row][vc_row full_width=&#8221;stretch_row&#8221; css=&#8221;.vc_custom_1489331021587{background-color: #2c518c !important;}&#8221;][vc_column css=&#8221;.vc_custom_1490263953734{margin-top: 20px !important;margin-bottom: 20px !important;}&#8221;]<div id=\"mpc_textblock-9069d5894c8b08e\" class=\"mpc-textblock mpc-init mpc-typography--mpc_preset_103 \"><h2>U sklopu Gradske i sveu\u010dili\u0161ne knji\u017enice Osijek djeluje Odjel obrade gdje se knji\u017eni\u010dna gra\u0111a prinovljena svim vrstama nabave, tehni\u010dki i stru\u010dno obra\u0111uje. Stru\u010dna obrada obuhva\u0107a inventarizaciju, klasifikaciju po Univerzalnoj decimalnoj klasifikaciji (UDK), predmetno ozna\u010divanje te katalogizaciju prema jedinstvenim pravilima i standardima.<br \/>\nOdjel obrade izgra\u0111uje i holding bazu, bazu kojom se knji\u017eni\u010dna gra\u0111a priprema za posudbu ra\u010dunalnim putem.<\/h2>\n<h2>U sklopu Odjela obrade djeluje <a href=\"http:\/\/www.gskos.unios.hr\/index.php\/cip-ured\/\" target=\"_blank\" rel=\"noopener noreferrer\"><strong>CIP ured<\/strong><\/a> koji izra\u0111uje CIP zapis (Cataloging in Publication &#8211; Katalogizacija u publikaciji) za podru\u010dje Slavonije i Baranje, sudjeluje u kooperativnoj katalogizaciji i izra\u0111uje biltene prinovljene gra\u0111e.<\/h2>\n<\/div>[vc_empty_space][\/vc_column][\/vc_row][vc_row][vc_column][vc_empty_space height=&#8221;70px&#8221;]<div data-id=\"mpc_divider-2169d5894c8b13d\" class=\"mpc-divider-wrap\"><div class=\"mpc-divider mpc-init mpc-align--center \" ><div class=\"mpc-divider__line mpc-side--left\"><span><\/span><\/div><div class=\"mpc-divider__separator\"><div class=\"mpc-divider__content mpc-typography--mpc_preset_103\">Stru\u010dna literatura: elektroni\u010dki izvori<\/div><\/div><div class=\"mpc-divider__line mpc-side--right\"><span><\/span><\/div><\/div><\/div>[vc_empty_space height=&#8221;50px&#8221;]<div id=\"mpc_textblock-1969d5894c8b16d\" class=\"mpc-textblock mpc-init mpc-typography--mpc_preset_5 \"><p style=\"text-align: center;\"><strong>ME\u0110UNARODNI STANDARDI ZA BIBLIOGRAFSKI OPIS GRA\u0110E<\/strong><\/p>\n<\/div>[vc_empty_space]<div id=\"mpc_grid_anything-5769d5894c8b1f2\" class=\"mpc-grid-anything mpc-init \"  data-grid-cols=\"3\"><a href=\"https:\/\/archive.ifla.org\/VII\/s13\/pubs\/isbda.htm\" target=\"_blank\" title=\"\"  data-id=\"mpc_icon_column-6769d5894c8b2c3\" class=\"mpc-icon-column mpc-init mpc-parent-hover mpc-transition mpc-icon-column--style_1 mpc-align--center \" ><div class=\"mpc-icon-column__content-wrap\"><div class=\"mpc-icon-column__content\"><h3 class=\"mpc-icon-column__heading mpc-typography--mpc_preset_103 mpc-transition\">ISBD(A)<\/h3><div class=\"mpc-icon-column__description mpc-typography--mpc_preset_103 mpc-transition\"><p>International Standard Bibliographic Description for Older Monographic Publications (Antiquarian). Second revised edition. (Originally issued by K.G. Saur, Muenchen, 1991 as Vol. 3 in the UBCIM Publications, New Series)<\/p>\n<\/div><\/div><\/div><\/a><a href=\"http:\/\/www.gskos.unios.hr\/wp-content\/uploads\/2017\/03\/isbd.pdf\" target=\"_blank\" title=\"\"  data-id=\"mpc_icon_column-9869d5894c8b39c\" class=\"mpc-icon-column mpc-init mpc-parent-hover mpc-transition mpc-icon-column--style_1 mpc-align--center \" ><div class=\"mpc-icon-column__content-wrap\"><div class=\"mpc-icon-column__content\"><h3 class=\"mpc-icon-column__heading mpc-typography--mpc_preset_103 mpc-transition\">ISBD(CM)<\/h3><div class=\"mpc-icon-column__description mpc-typography--mpc_preset_103 mpc-transition\"><p>International Standard Bibliographic Description for Cartographic Materials. Revised version 1999<\/p>\n<\/div><\/div><\/div><\/a><a href=\"https:\/\/www.ifla.org\/\" target=\"_blank\" title=\"\"  data-id=\"mpc_icon_column-4769d5894c8b46d\" class=\"mpc-icon-column mpc-init mpc-parent-hover mpc-transition mpc-icon-column--style_1 mpc-align--center \" ><div class=\"mpc-icon-column__content-wrap\"><div class=\"mpc-icon-column__content\"><h3 class=\"mpc-icon-column__heading mpc-typography--mpc_preset_103 mpc-transition\">ISBD(CR)<\/h3><div class=\"mpc-icon-column__description mpc-typography--mpc_preset_103 mpc-transition\"><p>International Standard Bibliographic Description for Serials and Other Continuing Resources. 2002. Revision<\/p>\n<\/div><\/div><\/div><\/a><\/div>[vc_empty_space]<div id=\"mpc_grid_anything-9269d5894c8b4ee\" class=\"mpc-grid-anything mpc-init \"  data-grid-cols=\"3\"><a href=\"https:\/\/archive.ifla.org\/VII\/s13\/pubs\/isbd.htm\" target=\"_blank\" title=\"\"  data-id=\"mpc_icon_column-469d5894c8b5b3\" class=\"mpc-icon-column mpc-init mpc-parent-hover mpc-transition mpc-icon-column--style_1 mpc-align--center \" ><div class=\"mpc-icon-column__content-wrap\"><div class=\"mpc-icon-column__content\"><h3 class=\"mpc-icon-column__heading mpc-typography--mpc_preset_103 mpc-transition\">ISBD(ER)<\/h3><div class=\"mpc-icon-column__description mpc-typography--mpc_preset_103 mpc-transition\"><p>International Standard Bibliographic Description for Electronic Resources. Revised from the ISBD(CF): International Standard Bibliographic Description for Computer Files. (Originally issued by K.G. Saur, Muenchen, 1997, as Vol. 17 in the UBCIM Publications, New Series)<\/p>\n<\/div><\/div><\/div><\/a><a href=\"https:\/\/archive.ifla.org\/VII\/s13\/pubs\/isbdg.htm\" target=\"_blank\" title=\"\"  data-id=\"mpc_icon_column-3069d5894c8b686\" class=\"mpc-icon-column mpc-init mpc-parent-hover mpc-transition mpc-icon-column--style_1 mpc-align--center \" ><div class=\"mpc-icon-column__content-wrap\"><div class=\"mpc-icon-column__content\"><h3 class=\"mpc-icon-column__heading mpc-typography--mpc_preset_103 mpc-transition\">ISBD(G)<\/h3><div class=\"mpc-icon-column__description mpc-typography--mpc_preset_103 mpc-transition\"><p>General International Standard Bibliographic Description. 1992.<\/p>\n<\/div><\/div><\/div><\/a><a href=\"http:\/\/www.gskos.unios.hr\/wp-content\/uploads\/2017\/03\/isbd_m0602.pdf\" target=\"_blank\" title=\"\"  data-id=\"mpc_icon_column-769d5894c8b753\" class=\"mpc-icon-column mpc-init mpc-parent-hover mpc-transition mpc-icon-column--style_1 mpc-align--center \" ><div class=\"mpc-icon-column__content-wrap\"><div class=\"mpc-icon-column__content\"><h3 class=\"mpc-icon-column__heading mpc-typography--mpc_preset_103 mpc-transition\">ISBD(M)<\/h3><div class=\"mpc-icon-column__description mpc-typography--mpc_preset_103 mpc-transition\"><p>International Standard Bibliographic Description for Monographic Publications. 2002. Revision<\/p>\n<\/div><\/div><\/div><\/a><\/div>[vc_empty_space height=&#8221;50px&#8221;]<div id=\"mpc_textblock-3969d5894c8b7ce\" class=\"mpc-textblock mpc-init mpc-typography--mpc_preset_5 \"><p style=\"text-align: center;\"><strong>ISO STANDARDI<\/strong><\/p>\n<\/div>[vc_empty_space height=&#8221;30px&#8221;]<div id=\"mpc_grid_anything-169d5894c8b84b\" class=\"mpc-grid-anything mpc-init \"  data-grid-cols=\"2\"><a href=\"https:\/\/www.iso.org\/iso-3166-country-codes.html\" target=\"_blank\" title=\"\"  data-id=\"mpc_icon_column-6769d5894c8b90a\" class=\"mpc-icon-column mpc-init mpc-parent-hover mpc-transition mpc-icon-column--style_1 mpc-align--center \" ><div class=\"mpc-icon-column__content-wrap\"><div class=\"mpc-icon-column__content\"><h3 class=\"mpc-icon-column__heading mpc-typography--mpc_preset_103 mpc-transition\">ISO 3166-1<\/h3><div class=\"mpc-icon-column__description mpc-typography--mpc_preset_103 mpc-transition\"><p>English country names and code elements<\/p>\n<\/div><\/div><\/div><\/a><a href=\"https:\/\/www.w3.org\/WAI\/ER\/IG\/ert\/iso639.htm\" target=\"_blank\" title=\"\"  data-id=\"mpc_icon_column-6869d5894c8b9d8\" class=\"mpc-icon-column mpc-init mpc-parent-hover mpc-transition mpc-icon-column--style_1 mpc-align--center \" ><div class=\"mpc-icon-column__content-wrap\"><div class=\"mpc-icon-column__content\"><h3 class=\"mpc-icon-column__heading mpc-typography--mpc_preset_103 mpc-transition\">ISO 639<\/h3><div class=\"mpc-icon-column__description mpc-typography--mpc_preset_103 mpc-transition\"><p>Language Codes (Obsolete)<\/p>\n<\/div><\/div><\/div><\/a><\/div>[vc_empty_space height=&#8221;50px&#8221;]<div id=\"mpc_textblock-6169d5894c8ba52\" class=\"mpc-textblock mpc-init mpc-typography--mpc_preset_5 \"><p style=\"text-align: center;\"><strong>UNIMARC<\/strong><\/p>\n<\/div>[vc_empty_space height=&#8221;30px&#8221;]<div id=\"mpc_grid_anything-6169d5894c8bacf\" class=\"mpc-grid-anything mpc-init \"  data-grid-cols=\"2\"><a href=\"https:\/\/www.ifla.org\/\" target=\"_blank\" title=\"\"  data-id=\"mpc_icon_column-9469d5894c8bb8c\" class=\"mpc-icon-column mpc-init mpc-parent-hover mpc-transition mpc-icon-column--style_1 mpc-align--center \" ><div class=\"mpc-icon-column__content-wrap\"><div class=\"mpc-icon-column__content\"><h3 class=\"mpc-icon-column__heading mpc-typography--mpc_preset_103 mpc-transition\">UNIMARC concise bibliographic format<\/h3><div class=\"mpc-icon-column__description mpc-typography--mpc_preset_103 mpc-transition\"><p>1 Mar 2002<\/p>\n<\/div><\/div><\/div><\/a><a href=\"https:\/\/archive.ifla.org\/VI\/3\/p1996-1\/uniafull.htm\" target=\"_blank\" title=\"\"  data-id=\"mpc_icon_column-7269d5894c8bc5a\" class=\"mpc-icon-column mpc-init mpc-parent-hover mpc-transition mpc-icon-column--style_1 mpc-align--center \" ><div class=\"mpc-icon-column__content-wrap\"><div class=\"mpc-icon-column__content\"><h3 class=\"mpc-icon-column__heading mpc-typography--mpc_preset_103 mpc-transition\">UNIMARC \/ Authorities<\/h3><div class=\"mpc-icon-column__description mpc-typography--mpc_preset_103 mpc-transition\"><p>1991<\/p>\n<\/div><\/div><\/div><\/a><\/div>[vc_empty_space height=&#8221;50px&#8221;][\/vc_column][\/vc_row][vc_row][vc_column]<div data-id=\"mpc_divider-4269d5894c8bcd0\" class=\"mpc-divider-wrap\"><div class=\"mpc-divider mpc-init mpc-align--center mpc-disable--left \" ><div class=\"mpc-divider__line mpc-side--left\"><span><\/span><\/div><div class=\"mpc-divider__line mpc-side--right\"><span><\/span><\/div><\/div><\/div>[\/vc_column][\/vc_row][vc_row][vc_column alignment=&#8221;center&#8221;]<div data-id=\"mpc_ihover-2969d5894c8bd30\" class=\"mpc-ihover-wrapper mpc-init \"><div class=\"mpc-ihover-item ih-item circle effect18  right_to_left\" data-effect=\"effect18\"><a  href=\"http:\/\/www.unesco.org\/new\/en\/communication-and-information\/resources\/news-and-in-focus-articles\/all-news\/news\/unescos_open_access_oa_curriculum_is_now_online#.VRJiv46-PnX\" target=\"_blank\" title=\"\" ><div class=\"img\"><div class=\"mpc-image-box\" style=\"background-image: url(https:\/\/www.gskos.unios.hr\/wp-content\/uploads\/2017\/03\/unesco.jpg);\"><\/div><\/div><div class=\"info\"><div class=\"info-wrap\"><div class=\"mpc-ihover-content mpc-typography--mpc_preset_103\"><p style=\"text-align: center;\">UNESCO-vi kurikulumi za edukaciju znanstvenika i knji\u017eni\u010dara o otvorenom pristupu<\/p>\n<\/div><\/div><\/div><\/a><\/div><\/div>[\/vc_column][\/vc_row]<\/p>\n<\/section>","protected":false},"excerpt":{"rendered":"<p>[vc_row full_width=&#8221;stretch_row&#8221; content_placement=&#8221;bottom&#8221; enable_first_overlay=&#8221;true&#8221; first_overlay_opacity=&#8221;25&#8243; first_background_type=&#8221;gradient&#8221; enable_parallax=&#8221;true&#8221; parallax_background=&#8221;3648&#8243; parallax_style=&#8221;fixed&#8221; css=&#8221;.vc_custom_1509303546038{background-position: center !important;background-repeat: no-repeat !important;background-size: cover !important;}&#8221;][vc_column alignment=&#8221;center&#8221;][\/vc_column][\/vc_row][vc_row][vc_column][vc_empty_space height=&#8221;50px&#8221;][vc_empty_space height=&#8221;30px&#8221;][vc_empty_space height=&#8221;50px&#8221;][\/vc_column][\/vc_row][vc_row full_width=&#8221;stretch_row&#8221; css=&#8221;.vc_custom_1489331021587{background-color: #2c518c !important;}&#8221;][vc_column css=&#8221;.vc_custom_1490263953734{margin-top: 20px !important;margin-bottom: 20px !important;}&#8221;][vc_empty_space][\/vc_column][\/vc_row][vc_row][vc_column][vc_empty_space height=&#8221;70px&#8221;][vc_empty_space height=&#8221;50px&#8221;][vc_empty_space][vc_empty_space][vc_empty_space height=&#8221;50px&#8221;][vc_empty_space height=&#8221;30px&#8221;][vc_empty_space height=&#8221;50px&#8221;][vc_empty_space height=&#8221;30px&#8221;][vc_empty_space height=&#8221;50px&#8221;][\/vc_column][\/vc_row][vc_row][vc_column][\/vc_column][\/vc_row][vc_row][vc_column alignment=&#8221;center&#8221;][\/vc_column][\/vc_row]<\/p>\n","protected":false},"author":3,"featured_media":3648,"parent":0,"menu_order":0,"comment_status":"closed","ping_status":"closed","template":"","meta":{"_mi_skip_tracking":false},"_links":{"self":[{"href":"https:\/\/www.gskos.unios.hr\/index.php\/wp-json\/wp\/v2\/pages\/3647"}],"collection":[{"href":"https:\/\/www.gskos.unios.hr\/index.php\/wp-json\/wp\/v2\/pages"}],"about":[{"href":"https:\/\/www.gskos.unios.hr\/index.php\/wp-json\/wp\/v2\/types\/page"}],"author":[{"embeddable":true,"href":"https:\/\/www.gskos.unios.hr\/index.php\/wp-json\/wp\/v2\/users\/3"}],"replies":[{"embeddable":true,"href":"https:\/\/www.gskos.unios.hr\/index.php\/wp-json\/wp\/v2\/comments?post=3647"}],"version-history":[{"count":30,"href":"https:\/\/www.gskos.unios.hr\/index.php\/wp-json\/wp\/v2\/pages\/3647\/revisions"}],"predecessor-version":[{"id":17472,"href":"https:\/\/www.gskos.unios.hr\/index.php\/wp-json\/wp\/v2\/pages\/3647\/revisions\/17472"}],"wp:featuredmedia":[{"embeddable":true,"href":"https:\/\/www.gskos.unios.hr\/index.php\/wp-json\/wp\/v2\/media\/3648"}],"wp:attachment":[{"href":"https:\/\/www.gskos.unios.hr\/index.php\/wp-json\/wp\/v2\/media?parent=3647"}],"curies":[{"name":"wp","href":"https:\/\/api.w.org\/{rel}","templated":true}]}}