{"id":3651,"date":"2017-03-11T13:01:38","date_gmt":"2017-03-11T12:01:38","guid":{"rendered":"http:\/\/www.gskos.unios.hr\/?page_id=3651"},"modified":"2025-09-17T11:58:54","modified_gmt":"2025-09-17T09:58:54","slug":"cip-ured","status":"publish","type":"page","link":"https:\/\/www.gskos.unios.hr\/index.php\/cip-ured\/","title":{"rendered":"CIP"},"content":{"rendered":"<section class=\"wpb-content-wrapper\"><p>[vc_row full_width=&#8221;stretch_row&#8221; content_placement=&#8221;bottom&#8221; enable_first_overlay=&#8221;true&#8221; first_overlay_opacity=&#8221;25&#8243; first_background_type=&#8221;gradient&#8221; enable_parallax=&#8221;true&#8221; parallax_background=&#8221;3652&#8243; parallax_style=&#8221;fixed&#8221; css=&#8221;.vc_custom_1509299168556{background-position: center !important;background-repeat: no-repeat !important;background-size: cover !important;}&#8221;][vc_column alignment=&#8221;center&#8221;]<div id=\"mpc_textblock-8469d7bd0a79033\" class=\"mpc-textblock mpc-init mpc-typography--preset_0 mpc-animation \" data-animation-in=\"transition.slideDownBigIn||3250||0||100\"><p style=\"text-align: center;\">CIP<\/p>\n<\/div>[\/vc_column][\/vc_row][vc_row][vc_column][vc_empty_space height=&#8221;50px&#8221;]<div data-id=\"mpc_divider-9869d7bd0a79109\" class=\"mpc-divider-wrap\"><div class=\"mpc-divider mpc-init mpc-align--center \" ><div class=\"mpc-divider__line mpc-side--left\"><span><\/span><\/div><div class=\"mpc-divider__separator\"><div class=\"mpc-divider__content fa fa-circle\"><\/div><\/div><div class=\"mpc-divider__line mpc-side--right\"><span><\/span><\/div><\/div><\/div>[vc_empty_space height=&#8221;30px&#8221;]<div id=\"mpc_grid_anything-2269d7bd0a79145\" class=\"mpc-grid-anything mpc-init \"  data-grid-cols=\"3\"><div data-id=\"mpc_icon_column-7569d7bd0a7926f\" class=\"mpc-icon-column mpc-init mpc-parent-hover mpc-transition mpc-icon-column--style_1 mpc-align--center \" ><div data-id=\"mpc_icon-5269d7bd0a792bc\" class=\"mpc-icon mpc-init mpc-transition mpc-effect-slide-up mpc-icon-hover \"><div class=\"mpc-icon-wrap\"><i class=\"mpc-icon-part mpc-regular mpc-transition  etl etl-map\"><\/i><i class=\"mpc-icon-part mpc-hover mpc-transition  etl etl-map\"><\/i><\/div><\/div><div class=\"mpc-icon-column__content-wrap\"><div class=\"mpc-icon-column__content\"><h3 class=\"mpc-icon-column__heading mpc-typography--mpc_preset_103 mpc-transition\">ADRESA<\/h3><div class=\"mpc-icon-column__description mpc-typography--mpc_preset_103 mpc-transition\"><p style=\"text-align: center;\">Europska avenija 24<br \/>\n31000 Osijek<\/p>\n<\/div><\/div><\/div><\/div><div data-id=\"mpc_icon_column-5469d7bd0a79388\" class=\"mpc-icon-column mpc-init mpc-parent-hover mpc-transition mpc-icon-column--style_1 mpc-align--center \" ><div data-id=\"mpc_icon-769d7bd0a793c7\" class=\"mpc-icon mpc-init mpc-transition mpc-effect-slide-up mpc-icon-hover \"><div class=\"mpc-icon-wrap\"><i class=\"mpc-icon-part mpc-regular mpc-transition  fa fa-phone\"><\/i><i class=\"mpc-icon-part mpc-hover mpc-transition  fa fa-phone\"><\/i><\/div><\/div><div class=\"mpc-icon-column__content-wrap\"><div class=\"mpc-icon-column__content\"><h3 class=\"mpc-icon-column__heading mpc-typography--mpc_preset_103 mpc-transition\">TELEFON<\/h3><div class=\"mpc-icon-column__description mpc-typography--mpc_preset_103 mpc-transition\"><p style=\"text-align: center;\">+385 (0)31 211 233<br \/>\n+385 (0)31 211 223<\/p>\n<\/div><\/div><\/div><\/div><div data-id=\"mpc_icon_column-9269d7bd0a79484\" class=\"mpc-icon-column mpc-init mpc-parent-hover mpc-transition mpc-icon-column--style_1 mpc-align--center \" ><div data-id=\"mpc_icon-1369d7bd0a794bf\" class=\"mpc-icon mpc-init mpc-transition mpc-effect-slide-up mpc-icon-hover \"><div class=\"mpc-icon-wrap\"><i class=\"mpc-icon-part mpc-regular mpc-transition  fa fa-fax\"><\/i><i class=\"mpc-icon-part mpc-hover mpc-transition  fa fa-fax\"><\/i><\/div><\/div><div class=\"mpc-icon-column__content-wrap\"><div class=\"mpc-icon-column__content\"><h3 class=\"mpc-icon-column__heading mpc-typography--mpc_preset_103 mpc-transition\">FAX<\/h3><div class=\"mpc-icon-column__description mpc-typography--mpc_preset_103 mpc-transition\"><p style=\"text-align: center;\">+385 (0)31 211 218 (lokal 201)<\/p>\n<\/div><\/div><\/div><\/div><div data-id=\"mpc_icon_column-1569d7bd0a79576\" class=\"mpc-icon-column mpc-init mpc-parent-hover mpc-transition mpc-icon-column--style_1 mpc-align--center \" ><div data-id=\"mpc_icon-7469d7bd0a795b0\" class=\"mpc-icon mpc-init mpc-transition mpc-effect-slide-up mpc-icon-hover \"><div class=\"mpc-icon-wrap\"><i class=\"mpc-icon-part mpc-regular mpc-transition  fa fa-envelope-o\"><\/i><i class=\"mpc-icon-part mpc-hover mpc-transition  fa fa-envelope-o\"><\/i><\/div><\/div><div class=\"mpc-icon-column__content-wrap\"><div class=\"mpc-icon-column__content\"><h3 class=\"mpc-icon-column__heading mpc-typography--mpc_preset_103 mpc-transition\">E-MAIL<\/h3><div class=\"mpc-icon-column__description mpc-typography--mpc_preset_103 mpc-transition\"><p style=\"text-align: center;\">cip@gskos.hr<\/p>\n<\/div><\/div><\/div><\/div><div data-id=\"mpc_icon_column-5369d7bd0a79665\" class=\"mpc-icon-column mpc-init mpc-parent-hover mpc-transition mpc-icon-column--style_1 mpc-align--center \" ><div data-id=\"mpc_icon-8069d7bd0a7969e\" class=\"mpc-icon mpc-init mpc-transition mpc-effect-slide-up mpc-icon-hover \"><div class=\"mpc-icon-wrap\"><i class=\"mpc-icon-part mpc-regular mpc-transition  etl etl-profile-male\"><\/i><i class=\"mpc-icon-part mpc-hover mpc-transition  etl etl-profile-male\"><\/i><\/div><\/div><div class=\"mpc-icon-column__content-wrap\"><div class=\"mpc-icon-column__content\"><h3 class=\"mpc-icon-column__heading mpc-typography--mpc_preset_103 mpc-transition\">OSOBA ZA KONTAKT<\/h3><div class=\"mpc-icon-column__description mpc-typography--mpc_preset_103 mpc-transition\"><p style=\"text-align: center;\">Voditeljica Odjela obrade<br \/>\nInge Majlinger-Tanocki, dipl. knji\u017en.<\/p>\n<\/div><\/div><\/div><\/div><div data-id=\"mpc_icon_column-3469d7bd0a79754\" class=\"mpc-icon-column mpc-init mpc-parent-hover mpc-transition mpc-icon-column--style_1 mpc-align--center \" ><div data-id=\"mpc_icon-7069d7bd0a7978d\" class=\"mpc-icon mpc-init mpc-transition mpc-effect-slide-up mpc-icon-hover \"><div class=\"mpc-icon-wrap\"><i class=\"mpc-icon-part mpc-regular mpc-transition  etl etl-happy\"><\/i><i class=\"mpc-icon-part mpc-hover mpc-transition  etl etl-happy\"><\/i><\/div><\/div><div class=\"mpc-icon-column__content-wrap\"><div class=\"mpc-icon-column__content\"><h3 class=\"mpc-icon-column__heading mpc-typography--mpc_preset_103 mpc-transition\">RAD S POSLOVNIM SURADNICIMA<\/h3><div class=\"mpc-icon-column__description mpc-typography--mpc_preset_103 mpc-transition\"><p style=\"text-align: center;\">ponedjeljak &#8211; petak: 08.00 &#8211; 15.00<\/p>\n<\/div><\/div><\/div><\/div><\/div>[vc_empty_space height=&#8221;50px&#8221;][\/vc_column][\/vc_row][vc_row full_width=&#8221;stretch_row&#8221; css=&#8221;.vc_custom_1489331021587{background-color: #2c518c !important;}&#8221;][vc_column]<div id=\"mpc_textblock-5069d7bd0a79815\" class=\"mpc-textblock mpc-init mpc-typography--mpc_preset_103 \"><h2>CIP (Cataloguing In Publication = Katalogizacija u publikaciji) program je izrade preliminarnih, skra\u0107enih katalo\u017enih zapisa za publikacije u pripremi za tisak. Program se ostvaruje stalnom suradnjom nakladnika i knji\u017enica ovla\u0161tenih za izradu CIP zapisa.<br \/>\nU cilju poticanja lokalnog nakladni\u0161tva i knji\u017earstva za podru\u010dje Slavonije i Baranje GISKO izra\u0111uje CIP zapise. Usluga je besplatna.<\/h2>\n<\/div>[\/vc_column][\/vc_row][vc_row][vc_column][vc_empty_space height=&#8221;50px&#8221;]<div data-id=\"mpc_divider-7569d7bd0a798aa\" class=\"mpc-divider-wrap\"><div class=\"mpc-divider mpc-init mpc-align--center \" ><div class=\"mpc-divider__line mpc-side--left\"><span><\/span><\/div><div class=\"mpc-divider__separator\"><div class=\"mpc-divider__content mpc-typography--mpc_preset_103\">CIP ZAPIS<\/div><\/div><div class=\"mpc-divider__line mpc-side--right\"><span><\/span><\/div><\/div><\/div>[vc_empty_space height=&#8221;30px&#8221;][\/vc_column][\/vc_row][vc_row][vc_column width=&#8221;1\/2&#8243;]<div id=\"mpc_textblock-4969d7bd0a798d3\" class=\"mpc-textblock mpc-init mpc-typography--mpc_preset_103 \"><p>Zbog radova na energetskoj obnovi sredi\u0161nje zgrade Gradske i sveu\u010dili\u0161ne Knji\u017enice Osijek, CIP ured radit \u0107e\u00a0 izmijenjenim na\u010dinom rada, stoga molimo nakladnike da svoje CIP zahtjeve \u0161alju putem<a href=\"https:\/\/cip.nsk.hr\/obrazac\/\"> <em>online<\/em> obrasca<\/a> dostupnog na poveznici:<\/p>\n<p><a href=\"https:\/\/cip.nsk.hr\/obrazac\/\" target=\"_blank\" rel=\"noopener noreferrer\"><strong><span style=\"color: #2c518c;\">CIP OBRAZAC\u00a0<\/span><\/strong><\/a><\/p>\n<p>Zahtjevi za izradu CIP zapisa dostavljaju se isklju\u010divo putem <em>online<\/em> obrasca.<\/p>\n<\/div>[vc_empty_space height=&#8221;50px&#8221;][\/vc_column][vc_column width=&#8221;1\/2&#8243;]<div id=\"mpc_textblock-5069d7bd0a79952\" class=\"mpc-textblock mpc-init \"><p><strong>Knjige u tisku u Republici Hrvatskoj<\/strong><\/p>\n<p>Bazu podataka pod vodstvom Nacionalne i sveu\u010dili\u0161ne knji\u017enice u Zagrebu, zajedni\u010dki odr\u017eavaju hrvatske sveu\u010dili\u0161ne i znanstvene knji\u017enice u Osijeku, Puli, Rijeci, Zadru, Splitu i Dubrovniku i svaka za izdava\u010de sa svojeg podru\u010dja. Bazu mo\u017eete pretra\u017eivati po naslovu, autoru, nakladniku, mjestu izdanja i ISBN broju.<\/p>\n<p>Klikom na <a href=\"http:\/\/iks.nsk.hr\/cip\/\" target=\"_blank\" rel=\"noopener noreferrer\"><span style=\"color: #2c518c;\"><strong>ovaj link<\/strong><\/span><\/a> mo\u017eete dnevno pratiti koji se naslovi u Hrvatskoj nalaze u postupku tiskanja.<\/p>\n<p><a href=\"https:\/\/nsk.hr\/nakladnici\/cip\/\" target=\"_blank\" rel=\"noopener noreferrer\"><span style=\"color: #2c518c;\"><strong>CIP slu\u017eba Nacionalne i sveu\u010dili\u0161ne knji\u017enice u Zagrebu &#8211; koordinator rada u CIP programu.<\/strong><\/span><\/a><\/p>\n<\/div>[vc_empty_space height=&#8221;50px&#8221;][\/vc_column][\/vc_row]<\/p>\n<\/section>","protected":false},"excerpt":{"rendered":"<p>[vc_row full_width=&#8221;stretch_row&#8221; content_placement=&#8221;bottom&#8221; enable_first_overlay=&#8221;true&#8221; first_overlay_opacity=&#8221;25&#8243; first_background_type=&#8221;gradient&#8221; enable_parallax=&#8221;true&#8221; parallax_background=&#8221;3652&#8243; parallax_style=&#8221;fixed&#8221; css=&#8221;.vc_custom_1509299168556{background-position: center !important;background-repeat: no-repeat !important;background-size: cover !important;}&#8221;][vc_column alignment=&#8221;center&#8221;][\/vc_column][\/vc_row][vc_row][vc_column][vc_empty_space height=&#8221;50px&#8221;][vc_empty_space height=&#8221;30px&#8221;][vc_empty_space height=&#8221;50px&#8221;][\/vc_column][\/vc_row][vc_row full_width=&#8221;stretch_row&#8221; css=&#8221;.vc_custom_1489331021587{background-color: #2c518c !important;}&#8221;][vc_column][\/vc_column][\/vc_row][vc_row][vc_column][vc_empty_space height=&#8221;50px&#8221;][vc_empty_space height=&#8221;30px&#8221;][\/vc_column][\/vc_row][vc_row][vc_column width=&#8221;1\/2&#8243;][vc_empty_space height=&#8221;50px&#8221;][\/vc_column][vc_column width=&#8221;1\/2&#8243;][vc_empty_space height=&#8221;50px&#8221;][\/vc_column][\/vc_row]<\/p>\n","protected":false},"author":3,"featured_media":3652,"parent":0,"menu_order":0,"comment_status":"closed","ping_status":"closed","template":"","meta":{"_mi_skip_tracking":false},"_links":{"self":[{"href":"https:\/\/www.gskos.unios.hr\/index.php\/wp-json\/wp\/v2\/pages\/3651"}],"collection":[{"href":"https:\/\/www.gskos.unios.hr\/index.php\/wp-json\/wp\/v2\/pages"}],"about":[{"href":"https:\/\/www.gskos.unios.hr\/index.php\/wp-json\/wp\/v2\/types\/page"}],"author":[{"embeddable":true,"href":"https:\/\/www.gskos.unios.hr\/index.php\/wp-json\/wp\/v2\/users\/3"}],"replies":[{"embeddable":true,"href":"https:\/\/www.gskos.unios.hr\/index.php\/wp-json\/wp\/v2\/comments?post=3651"}],"version-history":[{"count":23,"href":"https:\/\/www.gskos.unios.hr\/index.php\/wp-json\/wp\/v2\/pages\/3651\/revisions"}],"predecessor-version":[{"id":22142,"href":"https:\/\/www.gskos.unios.hr\/index.php\/wp-json\/wp\/v2\/pages\/3651\/revisions\/22142"}],"wp:featuredmedia":[{"embeddable":true,"href":"https:\/\/www.gskos.unios.hr\/index.php\/wp-json\/wp\/v2\/media\/3652"}],"wp:attachment":[{"href":"https:\/\/www.gskos.unios.hr\/index.php\/wp-json\/wp\/v2\/media?parent=3651"}],"curies":[{"name":"wp","href":"https:\/\/api.w.org\/{rel}","templated":true}]}}