{"id":4531,"date":"2017-04-06T11:35:23","date_gmt":"2017-04-06T09:35:23","guid":{"rendered":"http:\/\/www.gskos.unios.hr\/?page_id=4531"},"modified":"2025-10-22T11:55:08","modified_gmt":"2025-10-22T09:55:08","slug":"radno-vrijeme-2","status":"publish","type":"page","link":"https:\/\/www.gskos.unios.hr\/index.php\/radno-vrijeme-2\/","title":{"rendered":"RADNO VRIJEME"},"content":{"rendered":"<section class=\"wpb-content-wrapper\"><p>[vc_row][vc_column][vc_empty_space][vc_empty_space][\/vc_column][\/vc_row][vc_row full_width=&#8221;stretch_row&#8221; gap=&#8221;5&#8243; equal_height=&#8221;yes&#8221; content_placement=&#8221;top&#8221; preset=&#8221;preset_0&#8243; content_preset=&#8221;_preset_0&#8243; first_background_type=&#8221;gradient&#8221; second_background_type=&#8221;image&#8221; second_background_image=&#8221;822&#8243; second_background_image_size=&#8221;full&#8221; animation_in_type=&#8221;transition.slideDownIn&#8221; animation_in_offset=&#8221;100&#8243; animation_in_duration=&#8221;300&#8243; animation_in_delay=&#8221;0&#8243; css=&#8221;.vc_custom_1509352997929{padding-bottom: 50px !important;background-color: #ffffff !important;background-position: center !important;background-repeat: no-repeat !important;background-size: cover !important;border-radius: 2px !important;}&#8221;][vc_column width=&#8221;1\/2&#8243; alignment=&#8221;center&#8221;]<div id=\"mpc_textblock-4369fe86aeb12a4\" class=\"mpc-textblock mpc-init mpc-typography--default \"><h1 style=\"text-align: center;\"><strong>Sredi\u0161nja knji\u017enica<\/strong><\/h1>\n<h3 style=\"text-align: center;\"><a href=\"http:\/\/www.gskos.unios.hr\/index.php\/sluzba-nabave\/\" target=\"_blank\" rel=\"noopener noreferrer\"><strong>Slu\u017eba nabave<\/strong><\/a><\/h3>\n<p style=\"text-align: center;\">ponedjeljak-petak: 8:00 do 15:00<\/p>\n<h3 style=\"text-align: center;\"><a href=\"http:\/\/www.gskos.unios.hr\/index.php\/odjel-obrade\/\" target=\"_blank\" rel=\"noopener noreferrer\"><strong>Odjel obrade<\/strong><\/a><\/h3>\n<p style=\"text-align: center;\">ponedjeljak-petak: 8:00 do 15:00<\/p>\n<h3 style=\"text-align: center;\"><a href=\"http:\/\/www.gskos.unios.hr\/index.php\/razvojna-maticna-sluzba\/\" target=\"_blank\" rel=\"noopener noreferrer\"><strong>Razvojna mati\u010dna slu\u017eba<\/strong><\/a><\/h3>\n<p style=\"text-align: center;\">ponedjeljak-petak: 8:00 do 15:00<\/p>\n<h3 style=\"text-align: center;\"><a href=\"http:\/\/www.gskos.unios.hr\/index.php\/uprava\/\" target=\"_blank\" rel=\"noopener noreferrer\"><strong>Ra\u010dunovodstveno-financijska slu\u017eba<\/strong><\/a><\/h3>\n<p style=\"text-align: center;\">ponedjeljak-petak: 8:00 do 15:00<\/p>\n<h3 style=\"text-align: center;\"><a href=\"http:\/\/www.gskos.unios.hr\/index.php\/sluzba-za-informaticku-potporu\/\" target=\"_blank\" rel=\"noopener noreferrer\"><strong>Slu\u017eba za informati\u010dku potporu<\/strong><\/a><\/h3>\n<p style=\"text-align: center;\">ponedjeljak-petak: 8:00 do 15:00<\/p>\n<h3 style=\"text-align: center;\"><a href=\"http:\/\/www.gskos.unios.hr\/index.php\/uprava\/\" target=\"_blank\" rel=\"noopener noreferrer\"><strong>Tajni\u0161tvo<\/strong><\/a><\/h3>\n<p style=\"text-align: center;\">ponedjeljak-petak: 8:00 do 15:00<\/p>\n<h3 style=\"text-align: center;\"><strong><a href=\"http:\/\/www.gskos.unios.hr\/index.php\/odsjek_za_odrasle\/\" target=\"_blank\" rel=\"noopener noreferrer\">Posudbeni odjel za odrasle<\/a><br \/>\n<\/strong><\/h3>\n<p style=\"text-align: center;\">ponedjeljak-petak: 8:00 do 19:30<br \/>\nsubota 8:00 do 12:30<\/p>\n<h3 style=\"text-align: center;\"><a href=\"http:\/\/www.gskos.unios.hr\/index.php\/odjel-za-rad-s-djecom-i-mladima\/\" target=\"_blank\" rel=\"noopener noreferrer\"><strong>Odjel za rad s djecom i mladima<\/strong><\/a><\/h3>\n<p style=\"text-align: center;\">ponedjeljak-petak: 8:00 do 19:30<br \/>\nsubota 8:00 do 12:30<\/p>\n<h3 style=\"text-align: center;\"><a href=\"http:\/\/www.gskos.unios.hr\/index.php\/studijska-citaonica\/\" target=\"_blank\" rel=\"noopener noreferrer\"><strong>Studijska \u010ditaonica<\/strong><\/a><\/h3>\n<p style=\"text-align: center;\">ponedjeljak-petak: 8:00 do 19:30<br \/>\nsubota 8:00 do 12:30<\/p>\n<h3 style=\"text-align: center;\"><a href=\"http:\/\/www.gskos.unios.hr\/index.php\/austrijska-citaonica\/\" target=\"_blank\" rel=\"noopener noreferrer\"><strong>Austrijska \u010ditaonica<\/strong><\/a><\/h3>\n<p style=\"text-align: center;\">ponedjeljak-petak: 8:00 do 19:30<br \/>\nsubota 8:00 do 12:30<\/p>\n<h3 style=\"text-align: center;\"><a href=\"http:\/\/www.gskos.unios.hr\/index.php\/american-corner-osijek\/\" target=\"_blank\" rel=\"noopener noreferrer\"><strong>American Corner Osijek\/<\/strong><strong>Klub za mlade<\/strong><\/a><\/h3>\n<p style=\"text-align: center;\"><b>Rad prijepodne:<\/b><br \/>\nponedjeljak \u2013 petak: 08.00 \u2013 14.30<br \/>\n(stanka: 9:30 &#8211; 10:00)<\/p>\n<p style=\"text-align: center;\"><b>Rad poslijepodne:<\/b><br \/>\nponedjeljak &#8211; petak: 13.00 \u2013 19.30<br \/>\n(stanka: 16:30 &#8211; 17:00)<br \/>\n<strong>radna <span style=\"color: #000000;\">subota:<\/span><\/strong> 08.00 \u2013 12.30<\/p>\n<\/div>[vc_empty_space][\/vc_column][vc_column width=&#8221;1\/2&#8243; enable_sticky=&#8221;true&#8221; sticky_offset=&#8221;80&#8243; alignment=&#8221;center&#8221;]<div id=\"mpc_textblock-9569fe86aeb13e3\" class=\"mpc-textblock mpc-init mpc-typography--default \"><h1 style=\"text-align: center;\"><strong>Ogranci GISKO<\/strong><\/h1>\n<h3 style=\"text-align: center;\"><a href=\"http:\/\/www.gskos.unios.hr\/index.php\/ogranci\/\" target=\"_blank\" rel=\"noopener noreferrer\"><strong>Ogranak Donji grad<\/strong><\/a><\/h3>\n<p style=\"text-align: center;\">ponedjeljak \u2013 petak: 08.00 \u2013 19.30<br \/>\n(stanka: 09:30-10.00, 16:30-17:00)<br \/>\nsubota: 08:00 \u2013 12:30<br \/>\n(stanka: 09:30 \u2013 10:00)<\/p>\n<h3 style=\"text-align: center;\"><a href=\"http:\/\/www.gskos.unios.hr\/index.php\/ogranci\/\" target=\"_blank\" rel=\"noopener noreferrer\"><strong> Ogranak Retfala<\/strong><\/a><\/h3>\n<p style=\"text-align: center;\">ponedjeljak \u2013 petak: 08.00 \u2013 19.30<br \/>\n(stanka: 09:30-10.00, 16:30-17:00)<br \/>\nsubota: 08:00 \u2013 12:30<br \/>\n(stanka: 09:30 \u2013 10:00)<\/p>\n<h3 style=\"text-align: center;\"><a href=\"http:\/\/www.gskos.unios.hr\/index.php\/ogranci\/\" target=\"_blank\" rel=\"noopener noreferrer\"><strong> Ogranak Industrijska \u010detvrt<\/strong><\/a><\/h3>\n<p style=\"text-align: center;\">ponedjeljak \u2013 petak: 08.00 \u2013 19.30<br \/>\n(stanka: 09:30-10.00, 16:30-17:00)<br \/>\nsubota: 08:00 \u2013 12:30<br \/>\n(stanka: 09:30 \u2013 10:00)<\/p>\n<h3 style=\"text-align: center;\"><a href=\"http:\/\/www.gskos.unios.hr\/index.php\/ogranci\/\" target=\"_blank\" rel=\"noopener noreferrer\"><strong>Ogranak Jug II<\/strong><\/a><\/h3>\n<h3 style=\"text-align: center;\"><span style=\"color: #ff0000;\"><strong><u>Ogranak Jug II<\/u><\/strong> privremeno \u0107e biti <strong><u>otvoren<\/u><\/strong> za korisnike tijekom cijeloga dana, od 8.00 do 19.30 sati!<\/span><\/h3>\n<h3 style=\"text-align: center;\"><span style=\"color: #ff0000;\">Svaka subuta je radna od 8.00 do 12.30 sati.<\/span><\/h3>\n<h3 style=\"text-align: center;\"><span style=\"color: #ff0000;\"><strong>O ponovnom po\u010detku rada svih odjela sredi\u0161nje Knji\u017enice, korisnici \u0107e biti pravovremeno obavije\u0161teni.<\/strong><\/span><\/h3>\n<p style=\"text-align: center;\"><b><br \/>\nRad prijepodne:<\/b><br \/>\nponedjeljak \u2013 petak: 08.00 \u2013 14.30<br \/>\n(stanka: 09.30 \u2013 10.00)<\/p>\n<p style=\"text-align: center;\"><b>Rad poslijepodne:<\/b><br \/>\nponedjeljak \u2013 petak: 13.00 \u2013 19.30<br \/>\n(stanka: 16.30 \u2013 17.00)<br \/>\n<strong>radna <span style=\"color: #000000;\">subota<\/span><\/strong><span style=\"color: #3366ff;\">:<\/span> 08.00 \u2013 12.30<br \/>\n(stanka: 09:30 \u2013 10:00)<\/p>\n<p style=\"text-align: center;\"><a href=\"https:\/\/www.gskos.unios.hr\/wp-content\/uploads\/2025\/08\/jug-raspored-subota.png\"><strong>RADNE I NERADNE SUBOTE, RUJAN &#8211; PROSINAC 2025.<\/strong><\/a><\/p>\n<h3 style=\"text-align: center;\"><a href=\"http:\/\/www.gskos.unios.hr\/index.php\/ogranci\/\" target=\"_blank\" rel=\"noopener noreferrer\"><strong>Ogranak Novi grad<\/strong><\/a><\/h3>\n<p style=\"text-align: center;\"><strong>Rad prijepodne:<\/strong><br \/>\nponedjeljak \u2013 petak: 08.00 \u2013 14.30<br \/>\n(stanka: 09.30 \u2013 10.00)<\/p>\n<p style=\"text-align: center;\"><strong>Rad poslijepodne:<\/strong><br \/>\nponedjeljak \u2013 petak: 13.00 \u2013 19.30<br \/>\n(stanka: 16.30 \u2013 17.00)<br \/>\n<strong>radna<span style=\"color: #000000;\"> subota:<\/span><\/strong> 08.00 \u2013 12.30<br \/>\n(stanka: 09:30 \u2013 10:00)<\/p>\n<\/div>[vc_empty_space][\/vc_column][\/vc_row][vc_row][vc_column][\/vc_column][\/vc_row][vc_row][vc_column][\/vc_column][\/vc_row][vc_row][vc_column][\/vc_column][\/vc_row][vc_row][vc_column][\/vc_column][\/vc_row]<\/p>\n<\/section>","protected":false},"excerpt":{"rendered":"<p>[vc_row][vc_column][vc_empty_space][vc_empty_space][\/vc_column][\/vc_row][vc_row full_width=&#8221;stretch_row&#8221; gap=&#8221;5&#8243; equal_height=&#8221;yes&#8221; content_placement=&#8221;top&#8221; preset=&#8221;preset_0&#8243; content_preset=&#8221;_preset_0&#8243; first_background_type=&#8221;gradient&#8221; second_background_type=&#8221;image&#8221; second_background_image=&#8221;822&#8243; second_background_image_size=&#8221;full&#8221; animation_in_type=&#8221;transition.slideDownIn&#8221; animation_in_offset=&#8221;100&#8243; animation_in_duration=&#8221;300&#8243; animation_in_delay=&#8221;0&#8243; css=&#8221;.vc_custom_1509352997929{padding-bottom: 50px !important;background-color: #ffffff !important;background-position: center !important;background-repeat: no-repeat !important;background-size: cover !important;border-radius: 2px !important;}&#8221;][vc_column width=&#8221;1\/2&#8243; alignment=&#8221;center&#8221;][vc_empty_space][\/vc_column][vc_column width=&#8221;1\/2&#8243; enable_sticky=&#8221;true&#8221; sticky_offset=&#8221;80&#8243; alignment=&#8221;center&#8221;][vc_empty_space][\/vc_column][\/vc_row][vc_row][vc_column][\/vc_column][\/vc_row][vc_row][vc_column][\/vc_column][\/vc_row][vc_row][vc_column][\/vc_column][\/vc_row][vc_row][vc_column][\/vc_column][\/vc_row]<\/p>\n","protected":false},"author":3,"featured_media":4543,"parent":0,"menu_order":0,"comment_status":"closed","ping_status":"closed","template":"","meta":{"_mi_skip_tracking":false},"_links":{"self":[{"href":"https:\/\/www.gskos.unios.hr\/index.php\/wp-json\/wp\/v2\/pages\/4531"}],"collection":[{"href":"https:\/\/www.gskos.unios.hr\/index.php\/wp-json\/wp\/v2\/pages"}],"about":[{"href":"https:\/\/www.gskos.unios.hr\/index.php\/wp-json\/wp\/v2\/types\/page"}],"author":[{"embeddable":true,"href":"https:\/\/www.gskos.unios.hr\/index.php\/wp-json\/wp\/v2\/users\/3"}],"replies":[{"embeddable":true,"href":"https:\/\/www.gskos.unios.hr\/index.php\/wp-json\/wp\/v2\/comments?post=4531"}],"version-history":[{"count":125,"href":"https:\/\/www.gskos.unios.hr\/index.php\/wp-json\/wp\/v2\/pages\/4531\/revisions"}],"predecessor-version":[{"id":22227,"href":"https:\/\/www.gskos.unios.hr\/index.php\/wp-json\/wp\/v2\/pages\/4531\/revisions\/22227"}],"wp:featuredmedia":[{"embeddable":true,"href":"https:\/\/www.gskos.unios.hr\/index.php\/wp-json\/wp\/v2\/media\/4543"}],"wp:attachment":[{"href":"https:\/\/www.gskos.unios.hr\/index.php\/wp-json\/wp\/v2\/media?parent=4531"}],"curies":[{"name":"wp","href":"https:\/\/api.w.org\/{rel}","templated":true}]}}