{"id":4732,"date":"2017-04-10T15:40:48","date_gmt":"2017-04-10T13:40:48","guid":{"rendered":"http:\/\/www.gskos.unios.hr\/?page_id=4732"},"modified":"2017-12-06T14:43:28","modified_gmt":"2017-12-06T13:43:28","slug":"povijest-knjiznice-2","status":"publish","type":"page","link":"https:\/\/www.gskos.unios.hr\/index.php\/povijest-knjiznice-2\/","title":{"rendered":"POVIJEST KNJI\u017dNICE"},"content":{"rendered":"<section class=\"wpb-content-wrapper\"><p>[vc_row full_width=&#8221;stretch_row&#8221; enable_parallax=&#8221;true&#8221; parallax_background=&#8221;6688&#8243;][vc_column]<div id=\"mpc_textblock-406a0542338dce4\" class=\"mpc-textblock mpc-init mpc-typography--preset_0 \"><p style=\"text-align: center;\">POVIJEST<\/p>\n<\/div>[\/vc_column][\/vc_row][vc_row][vc_column][vc_column_text] [\/vc_column_text][\/vc_column][\/vc_row][vc_row][vc_column][vc_empty_space height=&#8221;50px&#8221;]<div data-id=\"mpc_divider-436a0542338dda7\" class=\"mpc-divider-wrap\"><div class=\"mpc-divider mpc-init mpc-align--center \" ><div class=\"mpc-divider__line mpc-side--left\"><span><\/span><\/div><div class=\"mpc-divider__separator\"><div class=\"mpc-divider__content mpc-typography--mpc_preset_103\">Povijest Gradske i sveu\u010dili\u0161ne knji\u017enice Osijek<\/div><\/div><div class=\"mpc-divider__line mpc-side--right\"><span><\/span><\/div><\/div><\/div>[vc_empty_space height=&#8221;50px&#8221;][\/vc_column][\/vc_row][vc_row][vc_column][vc_column_text] [\/vc_column_text][\/vc_column][\/vc_row][vc_row][vc_column]<div data-id=\"mpc_divider-866a0542338ddf6\" class=\"mpc-divider-wrap\"><div class=\"mpc-divider mpc-init mpc-align--center \" ><div class=\"mpc-divider__line mpc-side--left\"><span><\/span><\/div><div class=\"mpc-divider__separator\"><div class=\"mpc-divider__content mpc-typography--mpc_preset_103\">Ishodi\u0161ta<\/div><\/div><div class=\"mpc-divider__line mpc-side--right\"><span><\/span><\/div><\/div><\/div>[vc_empty_space][\/vc_column][\/vc_row][vc_row][vc_column width=&#8221;1\/2&#8243;][vc_column_text]<\/p>\n<p style=\"text-align: justify;\">U sklopu op\u0107ih kulturnih stremljenja pripadnika Ilirskog pokreta na bu\u0111enju i razvijanju nacionalne svijesti i kulture, njegovanju narodnog jezika i knji\u017eevnosti i u Osijeku se 1843.\/44. godine, po uzoru na druge gradove u Hrvatskoj, osniva prva narodna \u2013 <strong>\u201eIlirska\u201c \u010ditaonica<\/strong> \u2013 prete\u010da budu\u0107e Gradske knji\u017enice. Dana 27. studenog 1843. Juraj Tordinac podnosi gradskoj upravi zamolbu za osnivanjem narodne \u010ditaonice te prila\u017ee dvojezi\u010dna hrvatsko-latinska pravila \u201eOsnova \u010ditaonice Ose\u010dke = Statuta Societatis lectoreae Essekinensis\u201c.\u010clanak 1. Osnova odre\u0111uje: \u201eSverha \u010ditaonice jest: k \u010ditanju razli\u010dnih \u010dasopisah i knjigah priliku otvoriti i takvim na\u010dinom korisne znanosti raz\u0161irivati.\u201c \u010citaonica je po\u010dela raditi 1844. godine, iako su Pravila potvr\u0111ena tek 1847. godine. Osim kao sredi\u0161te okupljanja, \u010citaonica je izdavala prigodne publikacije, inicirala i sudjelovala u organizaciji brojnih kulturnih doga\u0111anja i djelovala na promicanju narodnih, ilirskih, kasnije hrvatskih ideja i stremljenja. \u010citaonica prestaje raditi revolucionarne 1848. Godine.<br \/>\nO <strong>Narodnoj \u010ditaonici<\/strong> (1862.-1867.), koja nakratko nastavlja djelatnost prve \u201eilirske\u201c \u010ditaonice spomen nalazimo u lokalnim novinama Esseker Lokalblatt und Landbote. Za osnivanje \u010citaonice Josip Juraj Strossmayer je 1861. godine darovao 1.000 forinti. Nakon prestanka rada \u010citaonice dio fonda knjiga, kao dar, prelazi u sastav Gimnazijske knji\u017enice u Osijeku.<\/p>\n<p>[\/vc_column_text][\/vc_column][vc_column width=&#8221;1\/2&#8243;][vc_column_text]<\/p>\n<p style=\"text-align: justify;\">\u201e<strong>Hrvatska gradjanska \u010ditaonica u Dol.Osieku<\/strong>\u201c osnovana je 11. svibnja 1884., a ve\u0107 25. svibnja iste godine odr\u017eana je Prva skup\u0161tina na kojoj su usvojena i prva Pravila (Pravila su potvr\u0111ena 1885. godine), a za prvog predsjednika izabran je Franjo Mudrov\u010di\u0107. \u010citaonica je radila do 1914. godine. Inicijativa za otvaranje \u201e<strong>Hrvatske gradjanske \u010ditaonice u Gor.Osijeku<\/strong>\u201c pokrenuta je 1883. godine. Prva skup\u0161tina odr\u017eana je 17. velja\u010de 1885., a za predsjednika je izabran dr. Vladimir Kova\u010devi\u0107. \u010citaonica djeluje neprekidno do 1920. godine, kada dolazi do privremenog prekida rada, \u010dlanstvo prelazi u osje\u010dki Gornjogradski kasino, a imovina je pohranjena. Godine 1925. (6. prosinca) obnavlja se rad \u010citaonice (nova Pravila odobrena su 1933. godine) i radi do 1944. godine. Obje \u010ditaonice djeluju u istim uvjetima i po istim pravilima. Osnovane su u nepovoljnom politi\u010dkom i gospodarskom razdoblju za Hrvatsku, u doba banovanja Khuen-H\u00e9derv\u00e1riyja, kao kasni odjek i rezultat gra\u0111anskih reformi i politike nacionalne integracije bana Ivana Ma\u017eurani\u0107a. Organizacijski prihva\u0107aju ustrojstvo \u010ditaonice kao dru\u0161tva, pri \u010demu se te\u017ei\u0161te djelatnosti sve vi\u0161e prenosi na organiziranje i prire\u0111ivanje razli\u010ditih dru\u0161tvenih aktivnosti, zabava i dru\u017eenja, pri \u010demu se knjige i \u010ditanje pojavljuju kao sredstvo. Po karakteristikama one su gra\u0111anske, ali jo\u0161 uvijek zatvorene naj\u0161irim slojevima dru\u0161tva, no dru\u0161tveni jezik je isklju\u010divo hrvatski.<\/p>\n<p>[\/vc_column_text][\/vc_column][\/vc_row][vc_row][vc_column]<div data-id=\"mpc_divider-406a0542338de35\" class=\"mpc-divider-wrap\"><div class=\"mpc-divider mpc-init mpc-align--center \" ><div class=\"mpc-divider__line mpc-side--left\"><span><\/span><\/div><div class=\"mpc-divider__separator\"><div class=\"mpc-divider__content mpc-typography--mpc_preset_103\">Osnivanje i prve godine djelovanja<\/div><\/div><div class=\"mpc-divider__line mpc-side--right\"><span><\/span><\/div><\/div><\/div>[vc_empty_space][\/vc_column][\/vc_row][vc_row][vc_column width=&#8221;1\/2&#8243;][vc_column_text]<\/p>\n<p style=\"text-align: justify;\"><strong>Gradska i sveu\u010dili\u0161na knji\u017enica Osijek<\/strong> osnovana je 8. velja\u010de 1949., odlukom Gradskog narodnog odbora grada Osijeka kao gradska knji\u017enica, nastavljaju\u0107i tradicije javnih, pu\u010dkih knji\u017enica i \u010ditaonica grada Osijeka od sredine 19. do prve polovine 20. stolje\u0107a te Knji\u017enice Gradskog narodnog odbora Gornji grad, koja djeluje od prosinca 1947. godine.<br \/>\nU sastav Knji\u017enice ulazi i Knji\u017enica Gradskog narodnog odbora Donji grad, osnovana 1948. godine kao Podru\u010dni odjel Donji grad.<\/p>\n<p>[\/vc_column_text][\/vc_column][vc_column width=&#8221;1\/2&#8243;][vc_column_text]<\/p>\n<p style=\"text-align: justify;\">Prvo sjedi\u0161te Knji\u017enice bilo je na Trgu slobode broj 2 (danas Trg Ante Star\u010devi\u0107a broj 2). Knji\u017enice je nekoliko puta selila, a 1957. godine preseljena je u <a href=\"http:\/\/www.gskos.unios.hr\/index.php\/povijest-zgrade\/\" target=\"_blank\" rel=\"noopener\">zgradu<\/a> na Bulevaru JNA broj 24 (danas Europska avenija broj 24), gdje se i danas nalazi. Godine 1954. otvara se u sklopu Knji\u017enice zasebni Dje\u010dji odjel. U navedenom razdoblju Knji\u017enica se razvijala kao javna narodna\/gradska knji\u017enica grada i op\u0107ine Osijek s mje\u0161ovitim knji\u017enim zbirkama za djecu i odrasle.<\/p>\n<p>[\/vc_column_text][\/vc_column][\/vc_row][vc_row][vc_column]<div data-id=\"mpc_divider-676a0542338de6f\" class=\"mpc-divider-wrap\"><div class=\"mpc-divider mpc-init mpc-align--center \" ><div class=\"mpc-divider__line mpc-side--left\"><span><\/span><\/div><div class=\"mpc-divider__separator\"><div class=\"mpc-divider__content mpc-typography--mpc_preset_103\">Obavezni primjerak Republike Hrvatske<\/div><\/div><div class=\"mpc-divider__line mpc-side--right\"><span><\/span><\/div><\/div><\/div>[vc_empty_space][\/vc_column][\/vc_row][vc_row][vc_column width=&#8221;1\/2&#8243;][vc_column_text]<\/p>\n<p style=\"text-align: justify;\">Rje\u0161enjem Savjeta za kulturu i nauku NR Hrvatske od 22. o\u017eujka 1961. o odre\u0111ivanju knji\u017enica na podru\u010dju NR Hrvatske kojima se raspore\u0111uje obvezni primjerak ustanovljena je privilegija dobivanja obaveznog primjerka i Gradskoj knji\u017enici Osijek.<br \/>\nFormiranjem Obaveznog primjerka u Gradskoj knji\u017enici Osijek postavljeni su temelji znanstvenoj funkciji Knji\u017enice i postepenom pretvaranju iz javne narodne u javnu op\u0107eznanstvenu knji\u017enicu.<br \/>\n60-ih godina Knji\u017enica osuvremenjuje djelatnost uvode\u0107i me\u0111unarodne standarde knji\u017eni\u010dnog poslovanja: UDK u sadr\u017eajnom<\/p>\n<p>[\/vc_column_text][\/vc_column][vc_column width=&#8221;1\/2&#8243;][vc_column_text]<\/p>\n<p style=\"text-align: justify;\">ozna\u010davanju gra\u0111e i me\u0111unarodne preporuke vezane uz bibliografski\/katalo\u0161ki zapis. 70-ih godina Knji\u017enica se razvila u najzna\u010dajniju javnu narodnu i znanstvenu knji\u017enicu sjeveroisto\u010dne Hrvatske.<br \/>\n1971. godine osniva se ogranak Gradske knji\u017enice u dijelu grada zvanom Industrijska \u010detvrt pod nazivom \u201ePodru\u010dno mje\u0161ovito odjeljenje za djecu i odrasle Industrijska \u010detvrt\u201c (Drinska 6) kao drugi izdvojeni odjel Knji\u017enice te se ponovno aktualizira pitanje gradske mre\u017ee knji\u017enica.<\/p>\n<p>[\/vc_column_text][\/vc_column][\/vc_row][vc_row][vc_column]<div data-id=\"mpc_divider-756a0542338dea5\" class=\"mpc-divider-wrap\"><div class=\"mpc-divider mpc-init mpc-align--center \" ><div class=\"mpc-divider__line mpc-side--left\"><span><\/span><\/div><div class=\"mpc-divider__separator\"><div class=\"mpc-divider__content mpc-typography--mpc_preset_103\">Osnivanje Sveu\u010dili\u0161ta u Osijeku i dvojna djelatnost<\/div><\/div><div class=\"mpc-divider__line mpc-side--right\"><span><\/span><\/div><\/div><\/div>[vc_empty_space][\/vc_column][\/vc_row][vc_row][vc_column width=&#8221;1\/2&#8243;][vc_column_text]<\/p>\n<p style=\"text-align: justify;\">Osnivanjem Sveu\u010dili\u0161ta u Osijeku <strong>1975. godine<\/strong> Gradska knji\u017enica Osijek, jedna od osniva\u010da, pro\u0161iruje svoju djelatnost i preuzima funkcije i zadatke sredi\u0161nje sveu\u010dili\u0161ne knji\u017enice mijenjaju\u0107i naziv u Gradska i sveu\u010dili\u0161na knji\u017enica Osijek.<br \/>\nU knji\u017eni\u010dnom smislu ona postaje knji\u017enica s dvojnom funkcijom: narodnom\/gradskom i sveu\u010dili\u0161nom\/ znanstvenom te se razvija kao op\u0107eznanstvena knji\u017enica polivalentnih sadr\u017eaja.<br \/>\n<strong>1976. godine<\/strong> temeljem Zakona o bibliote\u010dnoj djelatnosti i bibliotekama (NN 25\/73) i Pravilnika o mati\u010dnoj djelatnosti Knji\u017enica dobiva status op\u0107inske mati\u010dne knji\u017enice Op\u0107ine Osijek te regionalne mati\u010dne knji\u017enice za podru\u010dje ZO Osijek (regija Slavonija i Baranja).<br \/>\n<strong>1979. godine<\/strong> izra\u0111ena je studija \u201eSveu\u010dili\u0161na biblioteka Osijek : programska koncepcija\u201c kojom je predvi\u0111ena izgradnja nove sveu\u010dili\u0161ne knji\u017enice.<\/p>\n<p>[\/vc_column_text][\/vc_column][vc_column width=&#8221;1\/2&#8243;][vc_column_text]<\/p>\n<p style=\"text-align: justify;\"><strong>1980. godine<\/strong> osnovan je tre\u0107i izdvojeni odjel Knji\u017enice u Retfali \u2013 \u201ePosudbeno odjeljenje za djecu i odrasle Retfala\u201c (J. J. Strossmayera 198) sa zasebnim posudbenim odjelima za djecu i odrasle i \u010ditaonicom te mje\u0161ovitom zbirkom na hrvatskom i ma\u0111arskom jeziku. Godine 1982. osnovana je Regionalna mati\u010dna slu\u017eba za potrebe knji\u017enica Slavonije i Baranje kao druga u Hrvatskoj.<br \/>\nRje\u0161enjem Vije\u0107a za knji\u017enice iz <strong>1986. godine<\/strong> Knji\u017enici je potvr\u0111en status op\u0107inske i regionalne narodne mati\u010dne knji\u017enice za sve narodne i \u0161kolske knji\u017enice op\u0107ine Osijek i regije Slavonije i Baranje i visoko\u0161kolske i specijalne knji\u017enice Sveu\u010dili\u0161ta u Osijeku i regije Slavonije i Baranje.<br \/>\n<strong>1988.\/89.<\/strong> po\u010dela je kompjutorizacija Gradske i sveu\u010dili\u0161ne knji\u017enice Osijek nabavom 1 PC XT ra\u010dunala i biblioprograma MicroISIS Ver. 1.0 te stvorena prva baza (magistarske radnje i doktorske disertacije obranjene na Sveu\u010dili\u0161tu u Osijeku).<\/p>\n<p>[\/vc_column_text][\/vc_column][\/vc_row][vc_row][vc_column]<div data-id=\"mpc_divider-66a0542338ded8\" class=\"mpc-divider-wrap\"><div class=\"mpc-divider mpc-init mpc-align--center \" ><div class=\"mpc-divider__line mpc-side--left\"><span><\/span><\/div><div class=\"mpc-divider__separator\"><div class=\"mpc-divider__content mpc-typography--mpc_preset_103\">Knji\u017enica u Domovinskom ratu<\/div><\/div><div class=\"mpc-divider__line mpc-side--right\"><span><\/span><\/div><\/div><\/div>[vc_empty_space][\/vc_column][\/vc_row][vc_row][vc_column width=&#8221;1\/2&#8243;][vc_column_text]<\/p>\n<p style=\"text-align: justify;\">Tijekom Domovinskog rata Knji\u017enica je u vi\u0161e navrata bila meta neprijateljskoj artiljeriji pri \u010demu je znatno o\u0161te\u0107ena mati\u010dna zgrada na Europskoj aveniji 24. Smirivanjem ratne situacije u Osijeku, sredinom 1992. godine, pristupilo se sustavnoj obnovi Knji\u017enice.<br \/>\nOd 1992. godine, temeljem programa Ministarstva kulture Republike Hrvatske, Knji\u017enica po\u010dinje sa sustavnom nabavom knjiga za potrebe narodnih knji\u017enica s privremeno okupiranog podru\u010dja isto\u010dnog dijela Slavonije i Baranje \u2013 gradske knji\u017enice Belog Manastira, Vukovara i Iloka. Nakon zavr\u0161etka procesa mirne reintegracije sva ova gra\u0111a, prethodno u potpunosti stru\u010dno obra\u0111ena, u cijelosti je predana u vlasni\u0161tvo navedenim knji\u017enicama. Zapisi o ovoj gra\u0111i postali su osnova novih ra\u010dunalnih kataloga tih knji\u017enica.<br \/>\nU sklopu visoke posjete Knji\u017enici predstavnika Ministarstva inozemnih poslova Republike Austrije, u svibnju 1992. godine, zatra\u017eena je i dogovorena pomo\u0107 Republike Austrije u obnovi, ure\u0111enju i opremanju Austrijske \u010ditaonice te otklanjanju dijela ratnih \u0161teta.<br \/>\nUsporedo s radovima na Austrijskoj \u010ditaonici, koja je otvorena 1996. godine uz nazo\u010dnost dr. Aloisa Mocka, izvr\u0161ena je sanacija i obnova drugih o\u0161te\u0107enih dijelova Knji\u017enice. Obnovu je pratila korjenita organizacijska i prostorna transformacija sa svrhom osuvremenjivanja djelatnosti, uvo\u0111enja novih tehnologija, oblika i<\/p>\n<p>[\/vc_column_text][\/vc_column][vc_column width=&#8221;1\/2&#8243;][vc_column_text]<\/p>\n<p style=\"text-align: justify;\">sadr\u017eaja rada te pobolj\u0161anja svih tradicionalnih oblika djelovanja u skladu s postoje\u0107im i novim ulogama i zadacima Knji\u017enice kao sredi\u0161nje sveu\u010dili\u0161ne knji\u017enice Sveu\u010dili\u0161ta Josipa Jurja Strossmayera u Osijeku, ali i sredi\u0161nje gradske i \u017eupanijske knji\u017enice.<br \/>\nNabavom UNIX servera 1993. godine Knji\u017enica je osigurala osnovnu HW arhitekturu za sustav orijentiran client-server okru\u017eenju pod UNIX operacijskim sustavom. Ujedno je instalirana nova, mre\u017ena verzija CROLIST-a s modulima: katalogizacija, nabava, cirkulacija, kontrola periodi\u010dkih publikacija, konverzija i tiskanje, \u0161to je omogu\u0107ilo Knji\u017enici zauzimanje aktivne uloge jednog od \u010dvori\u0161ta nacionalnog knji\u017eni\u010dno informacijskog sustava.<br \/>\nU okviru Mjeseca knjige \u201893., u sklopu Dje\u010djeg odjela otvorena je Igraonica i igroteka kao novi program namijenjen najmla\u0111im korisnicima, dok se u podru\u010dnim odjelima razvijaju \u201edje\u010dji kuti\u0107i\u201c kao jezgre budu\u0107ih igraonica. Godine 1995. Knji\u017enica je sudjelovala u UNESCO-vom projektu \u201eKorak po korak do oporavka\u201c namijenjenom djeci na podru\u010djima zahva\u0107enim neposrednim ratnim doga\u0111anjima. U sklopu projekta organizirana je, u suradnji s Galerijom likovnih umjetnosti Osijek, izlo\u017eba dje\u010djih radova pod nazivom \u201eOd nemo\u0107i do ljubavi\u201c. Projekt je nastavljen i u 1996. godini pod nazivom \u201ePut u budu\u0107nost : psihosocijalni program namijenjen djeci traumatiziranoj ratom\u201c.<\/p>\n<p>[\/vc_column_text][\/vc_column][\/vc_row][vc_row][vc_column]<div data-id=\"mpc_divider-646a0542338df05\" class=\"mpc-divider-wrap\"><div class=\"mpc-divider mpc-init mpc-align--center \" ><div class=\"mpc-divider__line mpc-side--left\"><span><\/span><\/div><div class=\"mpc-divider__separator\"><div class=\"mpc-divider__content mpc-typography--mpc_preset_103\">Poslijeratni razvoj Knji\u017enice<\/div><\/div><div class=\"mpc-divider__line mpc-side--right\"><span><\/span><\/div><\/div><\/div>[vc_empty_space][\/vc_column][\/vc_row][vc_row][vc_column width=&#8221;1\/2&#8243;][vc_column_text]<\/p>\n<p style=\"text-align: justify;\"><strong>1996. godine<\/strong>, u sklopu proslave 800-te obljetnice prvog zabilje\u017eenog spomena imena grada Osijeka, u suradnji s Dru\u0161tvom knji\u017eni\u010dara Slavonije i Baranje i Muzejom Slavonije organizirana je izlo\u017eba \u201eOsje\u010dko izdava\u0161tvo 1742.-1996.\u201c<br \/>\n<strong>Godine 1996.<\/strong> otvoren je \u010detvrti ogranak Knji\u017enice \u2013 Podru\u010dni odjel Jug II. \u2013posudbeni odjel za djecu i odrasle s \u010ditaonicom.<br \/>\nIste godine Knji\u017enici je kao punopravnoj \u010dlanici CARN-eta osigurana stalna internetska veza te Knji\u017enica pro\u0161iruje svoje usluge i na mogu\u0107nost javnog pretra\u017eivanja informacija na internetu. Knji\u017enica po\u010dinje posve\u0107ivati ve\u0107u pozornost nabavci gra\u0111e na novim medijima te sustavno nabavljati multimedijsku i drugu gra\u0111u.<br \/>\n<strong>1999. godine<\/strong> Knji\u017enica se uklju\u010duje u sustav kooperativne katalogizacije koji vodi Nacionalna i sveu\u010dili\u0161na knji\u017enica u Zagrebu, kao i u projekt CIP \u2013 katalogizacije u publikaciji za nakladnike s podru\u010dja Slavonije i Baranje.<br \/>\n<strong>2000. godine<\/strong> Knji\u017enica po\u010dinje projekt kompjutorizacije posudbe gra\u0111e u sklopu kojeg \u0107e se do 2005. godine obraditi vi\u0161e od 200.000 primjeraka knji\u017eni\u010dne gra\u0111e i osigurati suvremeno, ra\u010dunalima potpomognuto poslovanje na svim odjelima i lokacijama Knji\u017enice.<br \/>\n<strong>2001.godine<\/strong> po\u010dinje raditi bibliobusna slu\u017eba Knji\u017enice sa 6 postaja u prigradskim naseljima Grada Osijeka: Josipovac (2), Vi\u0161njevac, Tenja, Sarva\u0161 i Klisa. Bibliobus je dar nizozemske nevladine udruge Balkan Peace Project iz Haarlema; inicijalnu zbirku knjiga osigurala je Knji\u017enica, a djelatnike i sredstva za rad Grad Osijek.<br \/>\n<strong>2002. godine<\/strong> Knji\u017enica je zapo\u010dela s realizacijom projekta Kluba za mlade u sklopu mati\u010dne zgrade Knji\u017enice, Europske avenije 24. Klub je sve\u010dano otvoren 2003. Godine, a namijenjen je mladima Grada Osijeka: srednjo\u0161kolcima i studentima, njihovim formalnim i neformalnim udrugama i interesnim skupinama, kao i drugim zainteresiranim korisnicima.<br \/>\n<strong>2005. godine<\/strong> otvoren je American Corner Gradske i sveu\u010dili\u0161ne knji\u017enice Osijek s ciljem osiguravanja dostupnosti knjigama i drugim izvorima informacija na engleskom jeziku te potpore o\u010duvanju i promicanju ameri\u010dkih kulturnih i nacionalnih vrijednosti.<\/p>\n<p>[\/vc_column_text][\/vc_column][vc_column width=&#8221;1\/2&#8243;][vc_column_text]<\/p>\n<p style=\"text-align: justify;\">Kutak su otvorili tada\u0161nji veleposlanik Sjedinjenih Ameri\u010dkih Dr\u017eava, g. Ralph Frank, rektorica Sveu\u010dili\u0161ta J. J. Strossmayera u Osijeku, prof. dr. sc. dr. h. c. Gordana Kralik i ravnatelj Gradske i sveu\u010dili\u0161ne knji\u017enice Osijek Dragutin Katalenac.<br \/>\n<strong>2006. godine<\/strong>, nakon nekoliko godina pripreme, otvoren je odjel Medioteke u sklopu mati\u010dne zgrade Knji\u017enice, s bogatom zbirkom gra\u0111e na suvremenim medijima (CD, CD-ROM, DVD i dr.) namijenjen posudbi i kori\u0161tenju u Knji\u017enici.<br \/>\nOd 2006. godine Gradska i sveu\u010dili\u0161na knji\u017enica intenzivno radi na pobolj\u0161anju uvjeta rada i kvaliteti usluga na svim odjelima. Tako u 2012. godini ogranci Retfala i Industrijska \u010detvrt po\u010dinju raditi cijeli dan. Iste godine Ogranak Industrijska \u010detvrt dobio je rampu za invalide, a 2013., godine rampa za invalide izgra\u0111ena je i u Ogranku Retfala.<br \/>\nU 2013. godini klimatiziran je prvi kat Sredi\u0161nje knji\u017enice, a u 2014. prizemlje zgrade, \u010dime je korisnicima omogu\u0107en ugodniji rad i boravak u svim prostorima tijekom ljetnih mjeseci.<br \/>\nU 2015. godini privremeno je zbog starosti i u\u010destalih kvarova vozila uga\u0161ena bibliobusna slu\u017eba.<br \/>\nZbog velike potra\u017enje za neknji\u017enom gra\u0111om na vanjskim odjelima, zatvorena je Medioteka kao zaseban odjel, a gra\u0111a je, vode\u0107i ra\u010duna o interesima korisnika, preba\u010dena na sve ogranke knji\u017enice. U dotada\u0161nji prostor Medioteke, koji je sredstvima Ameri\u010dkog veleposlanstva preure\u0111en u suvremeni multimedijalni prostor, preseljen je American Corner Gradske i sveu\u010dili\u0161ne knji\u017enice Osijek.<br \/>\nKnji\u017enica je jo\u0161 uvijek u postupku razdvajanja i osamostaljivanja do potpunog fizi\u010dkog odvajanja na dvije zasebne ustanove: Gradsku knji\u017enicu kao javnu narodnu knji\u017enicu op\u0107eznanstvenog tipa i Sveu\u010dili\u0161nu knji\u017enicu na novoj lokaciji sveu\u010dili\u0161nog kampusa.<br \/>\nSukladno tome 14. srpnja 2015. polo\u017een je temeljni kamen za izgradnju budu\u0107e zgrade nove Sveu\u010dili\u0161ne knji\u017enice i multimedijalnog centra (SKIMCO). Radovi su nastavljeni i tijekom 2016. godine i primopredaja radova na I. fazi izgradnje zgrade Sveu\u010dili\u0161ne knji\u017enice i multimedijskog centra Osijek izvr\u0161ena je 22. prosinca na gradili\u0161tu budu\u0107e zgrade Sveu\u010dili\u0161ne knji\u017enice.<\/p>\n<p>[\/vc_column_text][\/vc_column][\/vc_row]<\/p>\n<\/section>","protected":false},"excerpt":{"rendered":"<p>[vc_row full_width=&#8221;stretch_row&#8221; enable_parallax=&#8221;true&#8221; parallax_background=&#8221;6688&#8243;][vc_column][\/vc_column][\/vc_row][vc_row][vc_column][vc_column_text] [\/vc_column_text][\/vc_column][\/vc_row][vc_row][vc_column][vc_empty_space height=&#8221;50px&#8221;][vc_empty_space height=&#8221;50px&#8221;][\/vc_column][\/vc_row][vc_row][vc_column][vc_column_text] [\/vc_column_text][\/vc_column][\/vc_row][vc_row][vc_column][vc_empty_space][\/vc_column][\/vc_row][vc_row][vc_column width=&#8221;1\/2&#8243;][vc_column_text] U sklopu op\u0107ih kulturnih stremljenja pripadnika Ilirskog pokreta na bu\u0111enju i razvijanju nacionalne svijesti i kulture, njegovanju narodnog jezika i knji\u017eevnosti i u Osijeku se 1843.\/44. godine, po uzoru na druge gradove u Hrvatskoj, osniva prva narodna \u2013 \u201eIlirska\u201c \u010ditaonica \u2013 prete\u010da budu\u0107e Gradske knji\u017enice. Dana<\/p>\n","protected":false},"author":3,"featured_media":6683,"parent":0,"menu_order":0,"comment_status":"closed","ping_status":"closed","template":"","meta":{"_mi_skip_tracking":false},"_links":{"self":[{"href":"https:\/\/www.gskos.unios.hr\/index.php\/wp-json\/wp\/v2\/pages\/4732"}],"collection":[{"href":"https:\/\/www.gskos.unios.hr\/index.php\/wp-json\/wp\/v2\/pages"}],"about":[{"href":"https:\/\/www.gskos.unios.hr\/index.php\/wp-json\/wp\/v2\/types\/page"}],"author":[{"embeddable":true,"href":"https:\/\/www.gskos.unios.hr\/index.php\/wp-json\/wp\/v2\/users\/3"}],"replies":[{"embeddable":true,"href":"https:\/\/www.gskos.unios.hr\/index.php\/wp-json\/wp\/v2\/comments?post=4732"}],"version-history":[{"count":62,"href":"https:\/\/www.gskos.unios.hr\/index.php\/wp-json\/wp\/v2\/pages\/4732\/revisions"}],"predecessor-version":[{"id":13935,"href":"https:\/\/www.gskos.unios.hr\/index.php\/wp-json\/wp\/v2\/pages\/4732\/revisions\/13935"}],"wp:featuredmedia":[{"embeddable":true,"href":"https:\/\/www.gskos.unios.hr\/index.php\/wp-json\/wp\/v2\/media\/6683"}],"wp:attachment":[{"href":"https:\/\/www.gskos.unios.hr\/index.php\/wp-json\/wp\/v2\/media?parent=4732"}],"curies":[{"name":"wp","href":"https:\/\/api.w.org\/{rel}","templated":true}]}}