{"id":4922,"date":"2017-05-11T19:36:22","date_gmt":"2017-05-11T17:36:22","guid":{"rendered":"http:\/\/www.gskos.unios.hr\/?page_id=4922"},"modified":"2017-10-29T20:06:25","modified_gmt":"2017-10-29T19:06:25","slug":"obvezni-primjerak","status":"publish","type":"page","link":"https:\/\/www.gskos.unios.hr\/index.php\/obvezni-primjerak\/","title":{"rendered":"OBVEZNI PRIMJERAK"},"content":{"rendered":"<section class=\"wpb-content-wrapper\"><p>[vc_row full_width=&#8221;stretch_row&#8221; content_placement=&#8221;bottom&#8221; enable_first_overlay=&#8221;true&#8221; first_overlay_opacity=&#8221;25&#8243; first_background_type=&#8221;gradient&#8221; enable_parallax=&#8221;true&#8221; parallax_background=&#8221;4927&#8243; parallax_style=&#8221;fixed&#8221; css=&#8221;.vc_custom_1509303978874{background-position: center !important;background-repeat: no-repeat !important;background-size: cover !important;}&#8221;][vc_column alignment=&#8221;center&#8221;]<div id=\"mpc_textblock-6569d682b2de86c\" class=\"mpc-textblock mpc-init mpc-typography--preset_0 mpc-animation \" data-animation-in=\"transition.slideDownBigIn||3250||0||100\"><p style=\"text-align: center;\">OBAVEZNI PRIMJERAK<\/p>\n<\/div>[\/vc_column][\/vc_row][vc_row][vc_column][vc_empty_space height=&#8221;50px&#8221;]<div data-id=\"mpc_divider-1169d682b2de91e\" class=\"mpc-divider-wrap\"><div class=\"mpc-divider mpc-init mpc-align--center \" ><div class=\"mpc-divider__line mpc-side--left\"><span><\/span><\/div><div class=\"mpc-divider__separator\"><div class=\"mpc-divider__content fa fa-circle\"><\/div><\/div><div class=\"mpc-divider__line mpc-side--right\"><span><\/span><\/div><\/div><\/div>[vc_empty_space height=&#8221;30px&#8221;][vc_column_text]Svi nakladnici du\u017eni su, besplatno, o svom tro\u0161ku, dostaviti Nacionalnoj i sveu\u010dili\u0161noj knji\u017enici u Zagrebu devet primjerka gra\u0111e.<\/p>\n<p><a href=\"http:\/\/stari.nsk.hr\/Service.aspx?id=64\" target=\"_blank\" rel=\"noopener noreferrer\">Nacionalna i sveu\u010dili\u0161na knji\u017enioca u Zagrebu &#8211; Slu\u017eba obveznog primjerka<\/a><\/p>\n<p>Zakonskim propisima osigurava se redovito i potpuno dostavljanje obveznog primjerka gra\u0111e. Temelj zakonskim propisima je povijesna i kulturolo\u0161ka obveza hrvatskog naroda da o\u010duva svoje kulturno naslje\u0111e.<\/p>\n<p><em>Zakon o knji\u017enicama<\/em> u odredbama o obveznom primjerku propisuje redovito, besplatno i a\u017eurno dostavljanje devet primjeraka svih tiskanih i netiskanih publikacija odnosno knji\u017ene i neknji\u017ene, audiovizualne i elektroni\u010dke gra\u0111e, a GISKO prima obvezni primjerak od 1961. godine.<\/p>\n<p><strong>Obveznici dostavljanja<\/strong> su nakladnici te proizvo\u0111a\u010di audiovizualnih i elektroni\u010dkih publikacija, dakle pravne i fizi\u010dke osobe koje izdaju ili proizvode gra\u0111u za javnost, bez obzira je li namijenjena prodaji ili besplatnom raspa\u010davanju.[\/vc_column_text][vc_empty_space height=&#8221;50px&#8221;][\/vc_column][\/vc_row][vc_row][vc_column][\/vc_column][\/vc_row]<\/p>\n<\/section>","protected":false},"excerpt":{"rendered":"<p>[vc_row full_width=&#8221;stretch_row&#8221; content_placement=&#8221;bottom&#8221; enable_first_overlay=&#8221;true&#8221; first_overlay_opacity=&#8221;25&#8243; first_background_type=&#8221;gradient&#8221; enable_parallax=&#8221;true&#8221; parallax_background=&#8221;4927&#8243; parallax_style=&#8221;fixed&#8221; css=&#8221;.vc_custom_1509303978874{background-position: center !important;background-repeat: no-repeat !important;background-size: cover !important;}&#8221;][vc_column alignment=&#8221;center&#8221;][\/vc_column][\/vc_row][vc_row][vc_column][vc_empty_space height=&#8221;50px&#8221;][vc_empty_space height=&#8221;30px&#8221;][vc_column_text]Svi nakladnici du\u017eni su, besplatno, o svom tro\u0161ku, dostaviti Nacionalnoj i sveu\u010dili\u0161noj knji\u017enici u Zagrebu devet primjerka gra\u0111e. Nacionalna i sveu\u010dili\u0161na knji\u017enioca u Zagrebu &#8211; Slu\u017eba obveznog primjerka Zakonskim propisima osigurava se redovito i potpuno dostavljanje obveznog<\/p>\n","protected":false},"author":3,"featured_media":4927,"parent":0,"menu_order":0,"comment_status":"closed","ping_status":"closed","template":"","meta":{"_mi_skip_tracking":false},"_links":{"self":[{"href":"https:\/\/www.gskos.unios.hr\/index.php\/wp-json\/wp\/v2\/pages\/4922"}],"collection":[{"href":"https:\/\/www.gskos.unios.hr\/index.php\/wp-json\/wp\/v2\/pages"}],"about":[{"href":"https:\/\/www.gskos.unios.hr\/index.php\/wp-json\/wp\/v2\/types\/page"}],"author":[{"embeddable":true,"href":"https:\/\/www.gskos.unios.hr\/index.php\/wp-json\/wp\/v2\/users\/3"}],"replies":[{"embeddable":true,"href":"https:\/\/www.gskos.unios.hr\/index.php\/wp-json\/wp\/v2\/comments?post=4922"}],"version-history":[{"count":8,"href":"https:\/\/www.gskos.unios.hr\/index.php\/wp-json\/wp\/v2\/pages\/4922\/revisions"}],"predecessor-version":[{"id":6144,"href":"https:\/\/www.gskos.unios.hr\/index.php\/wp-json\/wp\/v2\/pages\/4922\/revisions\/6144"}],"wp:featuredmedia":[{"embeddable":true,"href":"https:\/\/www.gskos.unios.hr\/index.php\/wp-json\/wp\/v2\/media\/4927"}],"wp:attachment":[{"href":"https:\/\/www.gskos.unios.hr\/index.php\/wp-json\/wp\/v2\/media?parent=4922"}],"curies":[{"name":"wp","href":"https:\/\/api.w.org\/{rel}","templated":true}]}}