{"id":4932,"date":"2017-05-11T20:07:30","date_gmt":"2017-05-11T18:07:30","guid":{"rendered":"http:\/\/www.gskos.unios.hr\/?page_id=4932"},"modified":"2017-10-29T20:07:15","modified_gmt":"2017-10-29T19:07:15","slug":"isbn-issn-ismn","status":"publish","type":"page","link":"https:\/\/www.gskos.unios.hr\/index.php\/isbn-issn-ismn\/","title":{"rendered":"ISBN | ISSN | ISMN"},"content":{"rendered":"<section class=\"wpb-content-wrapper\"><p>[vc_row full_width=&#8221;stretch_row&#8221; content_placement=&#8221;bottom&#8221; enable_first_overlay=&#8221;true&#8221; first_overlay_opacity=&#8221;25&#8243; first_background_type=&#8221;gradient&#8221; first_background_gradient=&#8221;#374138||#01111e||0;100||180||linear&#8221; enable_parallax=&#8221;true&#8221; parallax_background=&#8221;4940&#8243; parallax_style=&#8221;fixed&#8221;][vc_column alignment=&#8221;center&#8221;]<div id=\"mpc_textblock-6869fd55ebda3bb\" class=\"mpc-textblock mpc-init mpc-typography--preset_0 mpc-animation \" data-animation-in=\"transition.slideDownBigIn||3250||0||100\"><p style=\"text-align: center;\">ISBN | ISSN | ISMN<\/p>\n<\/div>[\/vc_column][\/vc_row][vc_row full_width=&#8221;stretch_row&#8221; css=&#8221;.vc_custom_1486148136954{background-color: #ffffff !important;}&#8221;][vc_column][vc_empty_space height=&#8221;70px&#8221;]<div data-id=\"mpc_divider-4169fd55ebda495\" class=\"mpc-divider-wrap\"><div class=\"mpc-divider mpc-init mpc-align--center \" ><div class=\"mpc-divider__line mpc-side--left\"><span><\/span><\/div><div class=\"mpc-divider__separator\"><div class=\"mpc-divider__content mpc-typography--mpc_preset_103\">ISBN<\/div><\/div><div class=\"mpc-divider__line mpc-side--right\"><span><\/span><\/div><\/div><\/div>[vc_empty_space height=&#8221;30px&#8221;][vc_column_text]<strong>ISBN (International Standard Book Number = me\u0111unarodni standardni knji\u017eni broj)<\/strong> jedinstveni je identifikator knjiga i drugih ome\u0111enih publikacija bez obzira na medij na kojem se objavljuju.<\/p>\n<p>Pojam KNJIGA ovdje se koristi u zna\u010denju ome\u0111ene publikacije objavljene na bilo kojem mediju. ISBN jedinstveni je broj za odre\u0111eni naslov ili neizmijenjeno izdanje knjige koju je objavio odre\u0111eni nakladnik.<\/p>\n<p><a href=\"http:\/\/www.nsk.hr\/isbn\/\" target=\"_blank\" rel=\"noopener noreferrer\">Hrvatski ured za ISBN<\/a><\/p>\n<p>Hrvatski ured za ISBN nacionalni je ured koji u\u010dlanjuje i popisuje hrvatske nakladnike knjiga i drugih ome\u0111enih publikacija. Ured djeluje prema pravilima me\u0111unarodnog sustava ISBN, sustava broj\u010danog ozna\u010davanja primjenom kojega se jednozna\u010dno identificiraju knjige i druge ome\u0111ene publikacije.[\/vc_column_text][\/vc_column][\/vc_row][vc_row full_width=&#8221;stretch_row&#8221; css=&#8221;.vc_custom_1486148136954{background-color: #ffffff !important;}&#8221;][vc_column][vc_empty_space height=&#8221;30px&#8221;]<div data-id=\"mpc_divider-969fd55ebda4d5\" class=\"mpc-divider-wrap\"><div class=\"mpc-divider mpc-init mpc-align--center \" ><div class=\"mpc-divider__line mpc-side--left\"><span><\/span><\/div><div class=\"mpc-divider__separator\"><div class=\"mpc-divider__content mpc-typography--mpc_preset_103\">ISSN<\/div><\/div><div class=\"mpc-divider__line mpc-side--right\"><span><\/span><\/div><\/div><\/div>[vc_empty_space height=&#8221;30px&#8221;][vc_column_text]<strong>ISSN (International Standard Serial Number)<\/strong> me\u0111unarodni je standardni broj serijske publikacije kojim se ona identificira neovisno o zemlji izdavanja, jeziku ili abecedi, u\u010destalosti izla\u017eenja, mediju itd., te neovisno o tome izlazi li ili je prestala izlaziti ili \u0107e tek iza\u0107i.<br \/>\nISSN slu\u017ei jedinstvenoj identifikaciji serijskih publikacija u okviru univerzalne bibliografske kontrole. Kao jedinstven i postojan identifikator ISSN olak\u0161ava obradu, prijenos i razmjenu podataka o serijskoj gra\u0111i izme\u0111u knji\u017enica, sekundarnih slu\u017ebi, dobavlja\u010da, nakladnika itd.<\/p>\n<p><a href=\"http:\/\/www.nsk.hr\/issn\/\" target=\"_blank\" rel=\"noopener noreferrer\">\u00a0ISSN ured za Hrvatsku<\/a><\/p>\n<p>ISSN ured za Hrvatsku nacionalni je ured za identifikaciju serijskih publikacija koji:<\/p>\n<ul>\n<li>dodjeljuje ISSN serijskim publikacijama koje izlaze u Republici Hrvatskoj<\/li>\n<li>stvara i odr\u017eava zapise o hrvatskim serijskim publikacijama u me\u0111unarodnom upisniku ISSN-a<\/li>\n<li>pru\u017ea pomo\u0107 uredni\u0161tvima kod pokretanja i ure\u0111ivanja \u010dasopisa<\/li>\n<li>dodjeljuje broj\u010dane nizove za crti\u010dne kodove<\/li>\n<\/ul>\n<p>[\/vc_column_text][\/vc_column][\/vc_row][vc_row full_width=&#8221;stretch_row&#8221; css=&#8221;.vc_custom_1486148136954{background-color: #ffffff !important;}&#8221;][vc_column][vc_empty_space height=&#8221;30px&#8221;]<div data-id=\"mpc_divider-1169fd55ebda506\" class=\"mpc-divider-wrap\"><div class=\"mpc-divider mpc-init mpc-align--center \" ><div class=\"mpc-divider__line mpc-side--left\"><span><\/span><\/div><div class=\"mpc-divider__separator\"><div class=\"mpc-divider__content mpc-typography--mpc_preset_103\">ISMN<\/div><\/div><div class=\"mpc-divider__line mpc-side--right\"><span><\/span><\/div><\/div><\/div>[vc_empty_space height=&#8221;30px&#8221;][vc_column_text]<strong>ISMN (International Standard Music Number = me\u0111unarodni standardni broj notne gra\u0111e)<\/strong> jedinstveni je identifikator notne gra\u0111e.<br \/>\nPojam notna gra\u0111a obuhva\u0107a partiture, dionice ili sastavne dijelove multimedijskog kompleta na svim medijima. Primjena sustava ISMN olak\u0161ava poslovanje u nakladni\u010dkoj, knji\u017earskoj i knji\u017eni\u010darskoj djelatnosti.<\/p>\n<p><a href=\"http:\/\/www.nsk.hr\/ismn\/\" target=\"_blank\" rel=\"noopener noreferrer\">Hrvatski ured za ISMN<\/a><\/p>\n<p>Hrvatski ured za ISMN nacionalni je ured koji u\u010dlanjuje i popisuje hrvatske nakladnike notne gra\u0111e. Ured djeluje prema pravilima me\u0111unarodnog sustava ISMN, sustava broj\u010danog ozna\u010davanja primjenom kojega se jednozna\u010dno identificira notna gra\u0111a.[\/vc_column_text][vc_empty_space height=&#8221;30px&#8221;][\/vc_column][\/vc_row]<\/p>\n<\/section>","protected":false},"excerpt":{"rendered":"<p>[vc_row full_width=&#8221;stretch_row&#8221; content_placement=&#8221;bottom&#8221; enable_first_overlay=&#8221;true&#8221; first_overlay_opacity=&#8221;25&#8243; first_background_type=&#8221;gradient&#8221; first_background_gradient=&#8221;#374138||#01111e||0;100||180||linear&#8221; enable_parallax=&#8221;true&#8221; parallax_background=&#8221;4940&#8243; parallax_style=&#8221;fixed&#8221;][vc_column alignment=&#8221;center&#8221;][\/vc_column][\/vc_row][vc_row full_width=&#8221;stretch_row&#8221; css=&#8221;.vc_custom_1486148136954{background-color: #ffffff !important;}&#8221;][vc_column][vc_empty_space height=&#8221;70px&#8221;][vc_empty_space height=&#8221;30px&#8221;][vc_column_text]ISBN (International Standard Book Number = me\u0111unarodni standardni knji\u017eni broj) jedinstveni je identifikator knjiga i drugih ome\u0111enih publikacija bez obzira na medij na kojem se objavljuju. Pojam KNJIGA ovdje se koristi u zna\u010denju ome\u0111ene publikacije objavljene na bilo kojem<\/p>\n","protected":false},"author":3,"featured_media":4940,"parent":0,"menu_order":0,"comment_status":"closed","ping_status":"closed","template":"","meta":{"_mi_skip_tracking":false},"_links":{"self":[{"href":"https:\/\/www.gskos.unios.hr\/index.php\/wp-json\/wp\/v2\/pages\/4932"}],"collection":[{"href":"https:\/\/www.gskos.unios.hr\/index.php\/wp-json\/wp\/v2\/pages"}],"about":[{"href":"https:\/\/www.gskos.unios.hr\/index.php\/wp-json\/wp\/v2\/types\/page"}],"author":[{"embeddable":true,"href":"https:\/\/www.gskos.unios.hr\/index.php\/wp-json\/wp\/v2\/users\/3"}],"replies":[{"embeddable":true,"href":"https:\/\/www.gskos.unios.hr\/index.php\/wp-json\/wp\/v2\/comments?post=4932"}],"version-history":[{"count":9,"href":"https:\/\/www.gskos.unios.hr\/index.php\/wp-json\/wp\/v2\/pages\/4932\/revisions"}],"predecessor-version":[{"id":6145,"href":"https:\/\/www.gskos.unios.hr\/index.php\/wp-json\/wp\/v2\/pages\/4932\/revisions\/6145"}],"wp:featuredmedia":[{"embeddable":true,"href":"https:\/\/www.gskos.unios.hr\/index.php\/wp-json\/wp\/v2\/media\/4940"}],"wp:attachment":[{"href":"https:\/\/www.gskos.unios.hr\/index.php\/wp-json\/wp\/v2\/media?parent=4932"}],"curies":[{"name":"wp","href":"https:\/\/api.w.org\/{rel}","templated":true}]}}