{"id":5142,"date":"2017-05-15T22:14:03","date_gmt":"2017-05-15T20:14:03","guid":{"rendered":"http:\/\/www.gskos.unios.hr\/?page_id=5142"},"modified":"2023-11-07T10:56:56","modified_gmt":"2023-11-07T09:56:56","slug":"korisnicki-racun","status":"publish","type":"page","link":"https:\/\/www.gskos.unios.hr\/index.php\/korisnicki-racun\/","title":{"rendered":"KORISNI\u010cKI RA\u010cUN"},"content":{"rendered":"<section class=\"wpb-content-wrapper\"><p>[vc_row full_width=&#8221;stretch_row&#8221; content_placement=&#8221;middle&#8221; enable_first_overlay=&#8221;true&#8221; first_overlay_opacity=&#8221;25&#8243; first_background_type=&#8221;gradient&#8221; enable_parallax=&#8221;true&#8221; parallax_background=&#8221;5145&#8243; parallax_style=&#8221;fixed&#8221; css=&#8221;.vc_custom_1526287117406{background-position: center !important;background-repeat: no-repeat !important;background-size: cover !important;}&#8221;][vc_column alignment=&#8221;center&#8221;]<div id=\"mpc_textblock-769f7998b557a1\" class=\"mpc-textblock mpc-init mpc-typography--preset_0 mpc-animation \" data-animation-in=\"transition.slideDownBigIn||3250||0||100\"><p style=\"text-align: center;\">KORISNI\u010cKI RA\u010cUN<\/p>\n<\/div>[\/vc_column][\/vc_row][vc_row][vc_column][vc_empty_space height=&#8221;50px&#8221;][\/vc_column][\/vc_row][vc_row][vc_column width=&#8221;1\/2&#8243;][vc_single_image image=&#8221;19422&#8243; img_size=&#8221;medium&#8221; alignment=&#8221;center&#8221; onclick=&#8221;custom_link&#8221; img_link_target=&#8221;_blank&#8221; link=&#8221;http:\/\/161.53.208.100\/cgi-bin\/zelko\/?stt_log+0+0+0&#8243;][\/vc_column][vc_column width=&#8221;1\/2&#8243;][vc_column_text]\u017delite li saznati koje ste naslove do sada posu\u0111ivali, jeste li i kada razdu\u017eili posu\u0111enu gra\u0111u te imate li zakasninu i opomene? Zanima Vas koji su naslovi u Knji\u017enici naj\u010ditaniji te biste li ih i Vi mogli pro\u010ditati?<br \/>\nKliknite ovdje i upi\u0161ite, u prozor koji \u0107e se otvoriti, broj svoje \u010dlanske iskaznice te datum ro\u0111enja, prilikom \u010dega \u0107e Vam navedeni podaci biti dostupni.[\/vc_column_text][\/vc_column][\/vc_row]<\/p>\n<\/section>","protected":false},"excerpt":{"rendered":"<p>[vc_row full_width=&#8221;stretch_row&#8221; content_placement=&#8221;middle&#8221; enable_first_overlay=&#8221;true&#8221; first_overlay_opacity=&#8221;25&#8243; first_background_type=&#8221;gradient&#8221; enable_parallax=&#8221;true&#8221; parallax_background=&#8221;5145&#8243; parallax_style=&#8221;fixed&#8221; css=&#8221;.vc_custom_1526287117406{background-position: center !important;background-repeat: no-repeat !important;background-size: cover !important;}&#8221;][vc_column alignment=&#8221;center&#8221;][\/vc_column][\/vc_row][vc_row][vc_column][vc_empty_space height=&#8221;50px&#8221;][\/vc_column][\/vc_row][vc_row][vc_column width=&#8221;1\/2&#8243;][vc_single_image image=&#8221;19422&#8243; img_size=&#8221;medium&#8221; alignment=&#8221;center&#8221; onclick=&#8221;custom_link&#8221; img_link_target=&#8221;_blank&#8221; link=&#8221;http:\/\/161.53.208.100\/cgi-bin\/zelko\/?stt_log+0+0+0&#8243;][\/vc_column][vc_column width=&#8221;1\/2&#8243;][vc_column_text]\u017delite li saznati koje ste naslove do sada posu\u0111ivali, jeste li i kada razdu\u017eili posu\u0111enu gra\u0111u te imate li zakasninu i opomene? Zanima Vas koji su naslovi u Knji\u017enici naj\u010ditaniji<\/p>\n","protected":false},"author":3,"featured_media":5145,"parent":0,"menu_order":0,"comment_status":"closed","ping_status":"closed","template":"","meta":{"_mi_skip_tracking":false},"_links":{"self":[{"href":"https:\/\/www.gskos.unios.hr\/index.php\/wp-json\/wp\/v2\/pages\/5142"}],"collection":[{"href":"https:\/\/www.gskos.unios.hr\/index.php\/wp-json\/wp\/v2\/pages"}],"about":[{"href":"https:\/\/www.gskos.unios.hr\/index.php\/wp-json\/wp\/v2\/types\/page"}],"author":[{"embeddable":true,"href":"https:\/\/www.gskos.unios.hr\/index.php\/wp-json\/wp\/v2\/users\/3"}],"replies":[{"embeddable":true,"href":"https:\/\/www.gskos.unios.hr\/index.php\/wp-json\/wp\/v2\/comments?post=5142"}],"version-history":[{"count":12,"href":"https:\/\/www.gskos.unios.hr\/index.php\/wp-json\/wp\/v2\/pages\/5142\/revisions"}],"predecessor-version":[{"id":19461,"href":"https:\/\/www.gskos.unios.hr\/index.php\/wp-json\/wp\/v2\/pages\/5142\/revisions\/19461"}],"wp:featuredmedia":[{"embeddable":true,"href":"https:\/\/www.gskos.unios.hr\/index.php\/wp-json\/wp\/v2\/media\/5145"}],"wp:attachment":[{"href":"https:\/\/www.gskos.unios.hr\/index.php\/wp-json\/wp\/v2\/media?parent=5142"}],"curies":[{"name":"wp","href":"https:\/\/api.w.org\/{rel}","templated":true}]}}