{"id":6671,"date":"2017-12-06T14:27:01","date_gmt":"2017-12-06T13:27:01","guid":{"rendered":"http:\/\/www.gskos.unios.hr\/?page_id=6671"},"modified":"2017-12-06T14:41:37","modified_gmt":"2017-12-06T13:41:37","slug":"povijest-zgrade","status":"publish","type":"page","link":"https:\/\/www.gskos.unios.hr\/index.php\/povijest-zgrade\/","title":{"rendered":"POVIJEST ZGRADE"},"content":{"rendered":"<section class=\"wpb-content-wrapper\"><p>[vc_row full_width=&#8221;stretch_row&#8221; enable_parallax=&#8221;true&#8221; parallax_background=&#8221;6686&#8243;][vc_column]<div id=\"mpc_textblock-506a00afb3277b6\" class=\"mpc-textblock mpc-init mpc-typography--preset_0 \"><p style=\"text-align: center;\">POVIJEST ZGRADE<\/p>\n<\/div>[\/vc_column][\/vc_row][vc_row][vc_column][vc_column_text] [\/vc_column_text][\/vc_column][\/vc_row][vc_row][vc_column][vc_empty_space height=&#8221;50px&#8221;][vc_column_text]<\/p>\n<p style=\"text-align: center;\">Sjedi\u0161te Gradske i sveu\u010dili\u0161ne knji\u017enice (Sredi\u0161nja knji\u017enica) smje\u0161teno je u ku\u0107i Gillming \u2013<br \/>\nreprezentativnoj gradskoj vili izgra\u0111enoj po\u010detkom 20. stolje\u0107a.<\/p>\n<p>[\/vc_column_text]<div data-id=\"mpc_divider-356a00afb327884\" class=\"mpc-divider-wrap\"><div class=\"mpc-divider mpc-init mpc-align--center \" ><div class=\"mpc-divider__line mpc-side--left\"><span><\/span><\/div><div class=\"mpc-divider__separator\"><div class=\"mpc-divider__content mpc-typography--mpc_preset_103\">Povijest ku\u0107e Gillming<\/div><\/div><div class=\"mpc-divider__line mpc-side--right\"><span><\/span><\/div><\/div><\/div>[vc_empty_space height=&#8221;50px&#8221;][\/vc_column][\/vc_row][vc_row][vc_column][vc_empty_space][\/vc_column][\/vc_row][vc_row][vc_column width=&#8221;1\/2&#8243;][vc_column_text]<\/p>\n<p style=\"text-align: justify;\">Ku\u0107a Gillming reprezentativna je samostoje\u0107a izuzetno visoka jednokatnica izgra\u0111ena na vrlo atraktivnom mjestu u Osijeku &#8211; Gornjem gradu. Prije izgradnje ku\u0107e na sjeveroisto\u010dnom uglu dana\u0161nje Europske avenije i Radi\u0107eve ulice (nekada Chavrakove ulice i produ\u017eenja Kolodvorske ulice) nalazila se stara tramvajska remiza. Atraktivno gradili\u0161te, preko puta zgrade Trgova\u010dke i obrtni\u010dke komore, bilo je mnogima zanimljivo. \u010cak je i ministarstvo trgovine u Budimpe\u0161ti zamislilo izgraditi novu monumentalnu po\u0161tansku zgradu ba\u0161 na tom gradili\u0161tu. Grad je zanimala samo visoka cijena koju su htjeli posti\u0107i prodajom gradili\u0161ta te su mnogi mogu\u0107i kupci odustali, a me\u0111u njima i ministarstvo trgovine. Gradili\u0161te su na koncu kupili Matilda i Ladislav Gillming, kako bi na njemu izgradili ku\u0107u za jednu od svojih k\u0107eri &#8211; Matildu Gillming ml., koja se zaru\u010dila i udala za Vjekoslava Hengla.<br \/>\nMatilda Gillming izvjestila je Gradsko poglavarstvo u Osijeku, 20. velja\u010de 1905. godine kako je spremna kupiti cijelo gradili\u0161te u du\u017eini od 36,5 m i \u0161irini od oko 60 metara, ukupne povr\u0161ine 2.251 m2. Zatim je dodala kako je \u201cna polovici pripravna izgraditi vrlo ukusnu jednospratnu visoku zgradu (s visokim parterom) i to prema svojoj potrebi i a jednim velikim stanom. Jednu i drugu frontu izgradila bi sa 20 do 26 metara, a cijela zgrada bila bi sa svih strana fasadirana. Zgradu bi izgradila u pribli\u017enoj visini susjedne Povi\u0161ilove ku\u0107e, tako da \u0107e potpuna harmonija sa tom i okolnimi susjednimi zgradami nastati. \u201c U to doba je, \u0161to se i iz dopisa vidi, susjedna Povi\u0161ilova zgrada ve\u0107 bila izgra\u0111ena i useljena.<br \/>\nNakon pregovora i odluka gradskog zastupstva, sklopljen je 7. lipnja 1905. godine, kupoprodajni ugovor izme\u0111u op\u0107ine slobodnog i kraljevskog grada Osijeka kao prodavatelja i Matilde Gillming kao kupca. Ugovorom je Gillmingica kupila dvije parcele u ukupnoj povr\u0161ini od 3.060 m2 i za to odmah platila 30.600 kruna. Prema 3. to\u010dki ugovora: \u201cKupac je du\u017ean od cijelog prodanoga mu gradili\u0161ta izgraditi prema gradskom poglavarstvu podne\u0161enoj skici na fronti u Chavrakovoj ulici od 36,5 metara du\u017einu od 28 metara, a od fronte od 60 metara u produ\u017eenoj Kolodvorskoj cesti u du\u017einu od 24 metra, du\u017einu od 20 metara, sa ukusnom jednokatnom ku\u0107om koje vijenac ili atika prema skizi mora imati istu visinu sa vijencem susjedne Povi\u0161ilove ku\u0107e; 4 metra od potonje spomenute fronte imaju ostati neizgra\u0111ena kao medju-vrt. Na ostalom dijelu gradili\u0161ta u du\u017eini od 36 metara u produ\u017eenoj Kolodvorskoj ulici, du\u017ean je kupac izgraditi drugu jednokatnu ku\u0107u u istoj visini kao prvospomenutu.\u201d (Ovu drugu ku\u0107u Gillmingica nikada ne\u0107e izgraditi, a poslije spora tu \u0107e se izgraditi kino \u201eUrania\u201c.) \u201cPrvo spomenutu jednokatnu ku\u0107u na uglu Chavrakove i produ\u017eene Kolodvorske Ceste du\u017ean je kupac izgraditi u roku od dvije godine od 1. svibnja 1905. ra\u010dunaju\u0107, a drugo spomenutu ku\u0107u u produ\u017eenoj Kolodvorskoj ulici u roku od pet godina od 1. svibnja 1905. ra\u010dunaju\u0107.\u201d<br \/>\nMatilda Gillming podnijela je Gradskom poglavarstvu u Osijeku, 13. kolovoza 1905. molbu za izdavanje gra\u0111evne dozvole, prilo\u017eiv\u0161i molbi i nacrte. Projekt ku\u0107e izradio je be\u010dki arhitekt Gotthilf. Nakon tri dana gra\u0111evno povjerenstvo izvr\u0161ilo je izvid i tom prigodom sastavilo zapisnik u kojem izme\u0111u ostalog stoji: \u201c\u2026ispitalo je gradjevnu osnovu te je konstatovalo, da protiv iste nema nikakovih tehni\u010dkih prigovora i da ista odgovara zahtjevu zaklju\u010dka gradskog zastupstva, jer je novogradnja projektirana sa vrhom krova jo\u0161 vi\u0161je, nego \u0161to je susjedna Povi\u0161ilova dvokatnica, \u0161to \u0107e izgradjena fronta u Chavrakovoj ulici biti duga 28 metara, a u Kolodvorskoj ulici 23 metra, novogradnja biti \u0107e dakle udaljena od medje Povi\u0161ilovoga grunta 8,5 metara\u2026\u201c. Temeljem sastavljenog zapisnika izdana je gra\u0111evna dozvola.<br \/>\nDok je u o\u017eujku 1906. godine gradnja ku\u0107e jo\u0161 trajala, Gillmingica je od Gradskog poglavarstva zatra\u017eila dozvolu za promjenu gradnje; zapravo dogradnju.<\/p>\n<p>[\/vc_column_text][\/vc_column][vc_column width=&#8221;1\/2&#8243;][vc_column_text]<\/p>\n<p style=\"text-align: justify;\">Nakon provedenog o\u010devida u povjerenstvenom zapisniku je zabilje\u017eeno: \u201c\u2026molitelj namjerava na desnom dvori\u0161nom krilu svoje nove ku\u0107e na uglu Chavrakove i Kolodvorske ulice, dograditi na spomenutom dvori\u0161nom krilu sobu sa hodnikom na sprat sa terasom, koja \u0107e sa\u010dinjavati produ\u017eenje postoje\u0107e terase. &#8211; Gradnja sa susjedstvom ne dolazi u dodir. Gradnju \u0107e izvesti graditelj Wybiral. &#8211; Gradjevna osnova se odobrava.\u201c Osje\u010dki graditelj Franjo Wybiral izveo je gradnju u cjelosti prema Gotthilfovim projektima, dok je sam izradio nacrte za dogradnju desnog dvori\u0161nog krila.<br \/>\nPo\u010detkom mjeseca listopada 1906. godine Matilda Gillming dobila je parcijalnu dozvolu za obitavanje za stan: \u201eu prizemlju lijevo od glavnog ulaza, sastoje\u0107i od pet soba i pripadaju\u0107ih uzgrednih prostorija.\u201c<br \/>\nCjelokupna dozvola obitavanja izdana je ne\u0161to kasnije, 8. studenog 1906. godine kada je zabilje\u017eeno: \u201c\u2026da je moliteljica svoju novu jednospratnu ku\u0107u na uglu Chavrakove ulice i Kolodvorske ulice u gor. Gradu Osijeka, no koja je izvedena u visini kao susjedna dvospratna ku\u0107a Jos. Povischil, potpuno dogotovila, izvela po odobrenoj gradjevnoj osnovi, da je isu\u0161ena i za obitavanje prikladna. Gradnju je izveo ovla\u0161teni za taj posao graditelj Franjo Wybiral. Neime zaprijeke za izdanje dozvole za sve dijelove ove novogradnje. &#8211; Podjeljuje se dozvola obitavanja i uporabe za Va\u0161u na uglu Chavrakove i produ\u017eene Kolodvorske ulice novo sagradjenu ku\u0107u na sprat i to sada za sve dijelove iste ku\u0107e\u201d. Time je gradnja ku\u0107e zavr\u0161ena.<br \/>\nImamo zabilje\u017eenu jo\u0161 jednu dogradnju u 1922. godini kada je Gradjevno poduzetni\u0161tvo Emil Eisner i Adolf Ehrlich iz Zagreba zatra\u017eilo od Gradskog poglavarstva u Osijeku gra\u0111evnu dozvolu za izvo\u0111enje zatvorene verande u I. katu ku\u0107e gospo\u0111e Matilde Hengl prema prilo\u017eenom nacrtu. Gra\u0111evna dozvola je izdana i gradnja izvedena.<br \/>\nOsim osnovnih uvjeta gradnje odre\u0111enih u ugovoru izme\u0111u Gradskog poglavarstva u Osijeku, kao prodava\u010da i Matilde Gillming, kao kupca; pred projektanta su izgleda postavljena samo 2 zahtjeva: izvedba reprezentativnog stana na katu i uredskog prostora u prizemlju. Arhitekt nesputan brojnim zahtjevima investitora, mogao je slobodno organizirati unutra\u0161nji prostor.<br \/>\nGotthilf je prigodom projekta najve\u0107u pozornost poklonio organizaciji reprezentativnog stana na katu. U prizemlju je o\u0161tro razdvojio dva dijela unutra\u0161njeg prostora; odvajaju\u0107i time uredski od stambenog prostora. (Ve\u0107 prigodom gradnje investitorica je shvatila kako bi se dio prizemlja moga funkcionalnije iskoristiti te je ujedno izvr\u0161ena dogradnja u odnosu na izvorni projekt na sjeveroisto\u010dnom krilu. Taj prostor kona\u010dno je oblikovan dogradnjom 1922. godine.).<br \/>\nPrijelaz od prizemlja prema katu projektiran je i izveden reprezentativno. Iz prostranog hola \u0161iroko stubi\u0161te vodi do velike galerije na katu. Veliki prozor na sjevernom zidu ima ulogu ras\u010dlanjenja zida i osvjetljenja reprezentativnog prostora. Doima se kako je cijela arhitektonska kompozicija podre\u0111ena samom pristupu na kat i prostranom stanu koji je tamo smje\u0161ten. Projektu bi se mo\u017eda moglo zamjeriti nepotrebno rasipanje unutra\u0161njeg prostora, ali arhitektu je va\u017enija bila reprezentativnost. Kat je ispunio stanom na atraktivnoj ju\u017enoj i zapadnoj strani (prema Chavrakovoj i Kolodvorskoj ulici), dok je sjevernu stranu uglavnom odbacio projektiraju\u0107i veliki hol, stubi\u0161te i galeriju. Prizemlje je \u0161irokim prolazom podijelio na dva dijela.<br \/>\nVe\u0107a pozornost posvetila se izvedbi ju\u017enog i zapadnog pro\u010delja te donekle dogradnji isto\u010dnog. Sjeverno pro\u010delje ostalo je pone\u0161to nedore\u010deno, jer je na susjednoj sjevernoj \u010destici trebala biti izgra\u0111ena jo\u0161 jedna ku\u0107a. Kako Henglovi nisu zapo\u010deli gradnju te druge ku\u0107e u roku propisanom i potpisanom u kupoprodajnom ugovoru, zemlji\u0161te je nakon spora dodijeljeno dru\u0161tvu \u201cUrania i kino d.d.\u201c &#8211; koje je na tom mjestu izgradilo dvoranu i kino.<\/p>\n<p>[\/vc_column_text][\/vc_column][\/vc_row][vc_row][vc_column][vc_empty_space][\/vc_column][\/vc_row]<\/p>\n<\/section>","protected":false},"excerpt":{"rendered":"<p>[vc_row full_width=&#8221;stretch_row&#8221; enable_parallax=&#8221;true&#8221; parallax_background=&#8221;6686&#8243;][vc_column][\/vc_column][\/vc_row][vc_row][vc_column][vc_column_text] [\/vc_column_text][\/vc_column][\/vc_row][vc_row][vc_column][vc_empty_space height=&#8221;50px&#8221;][vc_column_text] Sjedi\u0161te Gradske i sveu\u010dili\u0161ne knji\u017enice (Sredi\u0161nja knji\u017enica) smje\u0161teno je u ku\u0107i Gillming \u2013 reprezentativnoj gradskoj vili izgra\u0111enoj po\u010detkom 20. stolje\u0107a. [\/vc_column_text][vc_empty_space height=&#8221;50px&#8221;][\/vc_column][\/vc_row][vc_row][vc_column][vc_empty_space][\/vc_column][\/vc_row][vc_row][vc_column width=&#8221;1\/2&#8243;][vc_column_text] Ku\u0107a Gillming reprezentativna je samostoje\u0107a izuzetno visoka jednokatnica izgra\u0111ena na vrlo atraktivnom mjestu u Osijeku &#8211; Gornjem gradu. Prije izgradnje ku\u0107e na sjeveroisto\u010dnom uglu dana\u0161nje Europske<\/p>\n","protected":false},"author":3,"featured_media":6683,"parent":0,"menu_order":0,"comment_status":"closed","ping_status":"closed","template":"","meta":{"_mi_skip_tracking":false},"_links":{"self":[{"href":"https:\/\/www.gskos.unios.hr\/index.php\/wp-json\/wp\/v2\/pages\/6671"}],"collection":[{"href":"https:\/\/www.gskos.unios.hr\/index.php\/wp-json\/wp\/v2\/pages"}],"about":[{"href":"https:\/\/www.gskos.unios.hr\/index.php\/wp-json\/wp\/v2\/types\/page"}],"author":[{"embeddable":true,"href":"https:\/\/www.gskos.unios.hr\/index.php\/wp-json\/wp\/v2\/users\/3"}],"replies":[{"embeddable":true,"href":"https:\/\/www.gskos.unios.hr\/index.php\/wp-json\/wp\/v2\/comments?post=6671"}],"version-history":[{"count":11,"href":"https:\/\/www.gskos.unios.hr\/index.php\/wp-json\/wp\/v2\/pages\/6671\/revisions"}],"predecessor-version":[{"id":6687,"href":"https:\/\/www.gskos.unios.hr\/index.php\/wp-json\/wp\/v2\/pages\/6671\/revisions\/6687"}],"wp:featuredmedia":[{"embeddable":true,"href":"https:\/\/www.gskos.unios.hr\/index.php\/wp-json\/wp\/v2\/media\/6683"}],"wp:attachment":[{"href":"https:\/\/www.gskos.unios.hr\/index.php\/wp-json\/wp\/v2\/media?parent=6671"}],"curies":[{"name":"wp","href":"https:\/\/api.w.org\/{rel}","templated":true}]}}