{"id":7398,"date":"2018-02-26T13:49:56","date_gmt":"2018-02-26T12:49:56","guid":{"rendered":"http:\/\/www.gskos.unios.hr\/?page_id=7398"},"modified":"2018-02-26T13:56:26","modified_gmt":"2018-02-26T12:56:26","slug":"festival-slikovnice-cuvari-prica","status":"publish","type":"page","link":"https:\/\/www.gskos.unios.hr\/index.php\/festival-slikovnice-cuvari-prica\/","title":{"rendered":"FESTIVAL SLIKOVNICE \u201c\u010cUVARI PRI\u010cA\u201d"},"content":{"rendered":"<section class=\"wpb-content-wrapper\"><p>[vc_row full_width=&#8221;stretch_row&#8221; content_placement=&#8221;bottom&#8221; first_background_type=&#8221;gradient&#8221; enable_parallax=&#8221;true&#8221; parallax_background=&#8221;7401&#8243; css=&#8221;.vc_custom_1519649664712{background-position: center !important;background-repeat: no-repeat !important;background-size: cover !important;}&#8221;][vc_column alignment=&#8221;center&#8221;]<div id=\"mpc_textblock-6369e8b75965d5f\" class=\"mpc-textblock mpc-init mpc-typography--preset_0 mpc-animation \" data-animation-in=\"transition.slideDownBigIn||3250||0||100\"><p>FESTIVAL SLIKOVNICE \u201c\u010cUVARI PRI\u010cA\u201d<\/p>\n<\/div>[\/vc_column][\/vc_row][vc_row][vc_column][vc_empty_space height=&#8221;50px&#8221;]<div data-id=\"mpc_divider-4269e8b75965e90\" class=\"mpc-divider-wrap\"><div class=\"mpc-divider mpc-init mpc-align--center \" ><div class=\"mpc-divider__line mpc-side--left\"><span><\/span><\/div><div class=\"mpc-divider__separator\"><div class=\"mpc-divider__content fa fa-circle\"><\/div><\/div><div class=\"mpc-divider__line mpc-side--right\"><span><\/span><\/div><\/div><\/div>[vc_empty_space height=&#8221;50px&#8221;][vc_column_text]Festival je nastao iz zajedni\u010dke suradnje Knji\u017enice, Udruge za rad s mladima Breza, Studija za promicanje kulture i kreativnoga izra\u017eavanja \u2013 GEKKO i Dje\u010dje osje\u010dke kreativne ku\u0107ice Dokkice. Prvi festival odr\u017ean je po\u010detkom \u00a0srpnja 2015. Program Festivala slikovnice, namijenjen djeci i odraslima, pokrivao je izlo\u017ebe ilustracija renomiranih hrvatskih umjetnika, predstavljanje slikovnica, susrete s ilustratorima i piscima, radionice s umjetnicima, predstave, performanse i brojne druge zanimljive sadr\u017eaje koji su se odvijali na osje\u010dkim ulicama, trgovima i parkovima, a sredi\u0161nja doga\u0111anja u prostorima Gradske i sveu\u010dili\u0161ne knji\u017enice Osijek.[\/vc_column_text][vc_empty_space height=&#8221;50px&#8221;]<div class=\"td_block_wrap td_block_11 td_uid_1_69e8b75965f90_rand td-pb-border-top td_block_template_14 td-column-1\"  data-td-block-uid=\"td_uid_1_69e8b75965f90\" ><script>var block_td_uid_1_69e8b75965f90 = new tdBlock();\nblock_td_uid_1_69e8b75965f90.id = \"td_uid_1_69e8b75965f90\";\nblock_td_uid_1_69e8b75965f90.atts = '{\"category_id\":\"48\",\"separator\":\"\",\"custom_title\":\"\",\"custom_url\":\"\",\"block_template_id\":\"\",\"m10_tl\":\"\",\"m10_el\":\"\",\"post_ids\":\"\",\"category_ids\":\"\",\"tag_slug\":\"\",\"autors_id\":\"\",\"installed_post_types\":\"\",\"sort\":\"\",\"limit\":\"5\",\"offset\":\"\",\"el_class\":\"\",\"td_ajax_filter_type\":\"\",\"td_ajax_filter_ids\":\"\",\"td_filter_default_txt\":\"All\",\"td_ajax_preloading\":\"\",\"f_header_font_header\":\"\",\"f_header_font_title\":\"Block header\",\"f_header_font_settings\":\"\",\"f_header_font_family\":\"\",\"f_header_font_size\":\"\",\"f_header_font_line_height\":\"\",\"f_header_font_style\":\"\",\"f_header_font_weight\":\"\",\"f_header_font_transform\":\"\",\"f_header_font_spacing\":\"\",\"f_header_\":\"\",\"f_ajax_font_title\":\"Ajax categories\",\"f_ajax_font_settings\":\"\",\"f_ajax_font_family\":\"\",\"f_ajax_font_size\":\"\",\"f_ajax_font_line_height\":\"\",\"f_ajax_font_style\":\"\",\"f_ajax_font_weight\":\"\",\"f_ajax_font_transform\":\"\",\"f_ajax_font_spacing\":\"\",\"f_ajax_\":\"\",\"f_more_font_title\":\"Load more button\",\"f_more_font_settings\":\"\",\"f_more_font_family\":\"\",\"f_more_font_size\":\"\",\"f_more_font_line_height\":\"\",\"f_more_font_style\":\"\",\"f_more_font_weight\":\"\",\"f_more_font_transform\":\"\",\"f_more_font_spacing\":\"\",\"f_more_\":\"\",\"m10f_title_font_header\":\"\",\"m10f_title_font_title\":\"Article title\",\"m10f_title_font_settings\":\"\",\"m10f_title_font_family\":\"\",\"m10f_title_font_size\":\"\",\"m10f_title_font_line_height\":\"\",\"m10f_title_font_style\":\"\",\"m10f_title_font_weight\":\"\",\"m10f_title_font_transform\":\"\",\"m10f_title_font_spacing\":\"\",\"m10f_title_\":\"\",\"m10f_cat_font_title\":\"Article category tag\",\"m10f_cat_font_settings\":\"\",\"m10f_cat_font_family\":\"\",\"m10f_cat_font_size\":\"\",\"m10f_cat_font_line_height\":\"\",\"m10f_cat_font_style\":\"\",\"m10f_cat_font_weight\":\"\",\"m10f_cat_font_transform\":\"\",\"m10f_cat_font_spacing\":\"\",\"m10f_cat_\":\"\",\"m10f_meta_font_title\":\"Article meta info\",\"m10f_meta_font_settings\":\"\",\"m10f_meta_font_family\":\"\",\"m10f_meta_font_size\":\"\",\"m10f_meta_font_line_height\":\"\",\"m10f_meta_font_style\":\"\",\"m10f_meta_font_weight\":\"\",\"m10f_meta_font_transform\":\"\",\"m10f_meta_font_spacing\":\"\",\"m10f_meta_\":\"\",\"m10f_ex_font_title\":\"Article excerpt\",\"m10f_ex_font_settings\":\"\",\"m10f_ex_font_family\":\"\",\"m10f_ex_font_size\":\"\",\"m10f_ex_font_line_height\":\"\",\"m10f_ex_font_style\":\"\",\"m10f_ex_font_weight\":\"\",\"m10f_ex_font_transform\":\"\",\"m10f_ex_font_spacing\":\"\",\"m10f_ex_\":\"\",\"ajax_pagination\":\"\",\"ajax_pagination_infinite_stop\":\"\",\"css\":\"\",\"tdc_css\":\"\",\"td_column_number\":1,\"header_color\":\"\",\"color_preset\":\"\",\"border_top\":\"\",\"class\":\"td_uid_1_69e8b75965f90_rand\",\"tdc_css_class\":\"td_uid_1_69e8b75965f90_rand\",\"tdc_css_class_style\":\"td_uid_1_69e8b75965f90_rand_style\"}';\nblock_td_uid_1_69e8b75965f90.td_column_number = \"1\";\nblock_td_uid_1_69e8b75965f90.block_type = \"td_block_11\";\nblock_td_uid_1_69e8b75965f90.post_count = \"5\";\nblock_td_uid_1_69e8b75965f90.found_posts = \"7\";\nblock_td_uid_1_69e8b75965f90.header_color = \"\";\nblock_td_uid_1_69e8b75965f90.ajax_pagination_infinite_stop = \"\";\nblock_td_uid_1_69e8b75965f90.max_num_pages = \"2\";\ntdBlocksArray.push(block_td_uid_1_69e8b75965f90);\n<\/script><div class=\"td-block-title-wrap\"><\/div><div id=td_uid_1_69e8b75965f90 class=\"td_block_inner\">\n\n\t<div class=\"td-block-span12\">\n\r\n        <div class=\"td_module_10 td_module_wrap td-animation-stack\">\r\n            <div class=\"td-module-thumb\"><a href=\"https:\/\/www.gskos.unios.hr\/index.php\/medunarodni-festival-slikovnice-cuvari-prica-zvjezdani-putnici\/\" rel=\"bookmark\" class=\"td-image-wrap\" title=\"Me\u0111unarodni festival slikovnice &#8220;\u010cuvari pri\u010da&#8221;: Zvjezdani putnici\"><img width=\"218\" height=\"150\" class=\"entry-thumb\" src=\"https:\/\/www.gskos.unios.hr\/wp-content\/uploads\/2025\/06\/Zvjezdani-putnici-218x150.jpg\" srcset=\"https:\/\/www.gskos.unios.hr\/wp-content\/uploads\/2025\/06\/Zvjezdani-putnici-218x150.jpg 218w, https:\/\/www.gskos.unios.hr\/wp-content\/uploads\/2025\/06\/Zvjezdani-putnici-100x70.jpg 100w\" sizes=\"(max-width: 218px) 100vw, 218px\" alt=\"\" title=\"Me\u0111unarodni festival slikovnice &#8220;\u010cuvari pri\u010da&#8221;: Zvjezdani putnici\"\/><\/a><\/div>\r\n            <div class=\"item-details\">\r\n            <h3 class=\"entry-title td-module-title\"><a href=\"https:\/\/www.gskos.unios.hr\/index.php\/medunarodni-festival-slikovnice-cuvari-prica-zvjezdani-putnici\/\" rel=\"bookmark\" title=\"Me\u0111unarodni festival slikovnice &#8220;\u010cuvari pri\u010da&#8221;: Zvjezdani putnici\">Me\u0111unarodni festival slikovnice &#8220;\u010cuvari pri\u010da&#8221;: Zvjezdani putnici<\/a><\/h3>\r\n                <div class=\"td-module-meta-info\">\r\n                    <a href=\"https:\/\/www.gskos.unios.hr\/index.php\/category\/aktivnosti\/\" class=\"td-post-category\">AKTIVNOSTI<\/a>                                                <span class=\"td-post-date\"><time class=\"entry-date updated td-module-date\" datetime=\"2025-06-26T11:57:53+00:00\" >26. lipnja 2025.<\/time><\/span>                                        <\/div>\r\n\r\n                <div class=\"td-excerpt\">\r\n                    Ovogodi\u0161nji &quot;\u010cuvari pri\u010da&quot; odr\u017eavat \u0107e se pod sloganom Zvjezdani putnici, a trajat \u0107e od 3. do 5. srpnja. Festival slikovnice dio je programa Osje\u010dkog ljeta kulture, a njegovu organizaciju, uz Gradsku...                <\/div>\r\n            <\/div>\r\n\r\n        <\/div>\r\n\r\n        \n\t<\/div> <!-- .\/td-block-span12 -->\n\n\t<div class=\"td-block-span12\">\n\r\n        <div class=\"td_module_10 td_module_wrap td-animation-stack\">\r\n            <div class=\"td-module-thumb\"><a href=\"https:\/\/www.gskos.unios.hr\/index.php\/medunarodni-festival-slikovnice-cuvari-prica-nova-zemlja-pocinje-s-vama\/\" rel=\"bookmark\" class=\"td-image-wrap\" title=\"Me\u0111unarodni festival slikovnice &#8220;\u010cuvari pri\u010da&#8221;: Nova zemlja po\u010dinje s vama\"><img width=\"218\" height=\"150\" class=\"entry-thumb\" src=\"https:\/\/www.gskos.unios.hr\/wp-content\/uploads\/2024\/06\/1718809038340-218x150.jpg\" srcset=\"https:\/\/www.gskos.unios.hr\/wp-content\/uploads\/2024\/06\/1718809038340-218x150.jpg 218w, https:\/\/www.gskos.unios.hr\/wp-content\/uploads\/2024\/06\/1718809038340-100x70.jpg 100w\" sizes=\"(max-width: 218px) 100vw, 218px\" alt=\"\" title=\"Me\u0111unarodni festival slikovnice &#8220;\u010cuvari pri\u010da&#8221;: Nova zemlja po\u010dinje s vama\"\/><\/a><\/div>\r\n            <div class=\"item-details\">\r\n            <h3 class=\"entry-title td-module-title\"><a href=\"https:\/\/www.gskos.unios.hr\/index.php\/medunarodni-festival-slikovnice-cuvari-prica-nova-zemlja-pocinje-s-vama\/\" rel=\"bookmark\" title=\"Me\u0111unarodni festival slikovnice &#8220;\u010cuvari pri\u010da&#8221;: Nova zemlja po\u010dinje s vama\">Me\u0111unarodni festival slikovnice &#8220;\u010cuvari pri\u010da&#8221;: Nova zemlja po\u010dinje s vama<\/a><\/h3>\r\n                <div class=\"td-module-meta-info\">\r\n                    <a href=\"https:\/\/www.gskos.unios.hr\/index.php\/category\/aktivnosti\/\" class=\"td-post-category\">AKTIVNOSTI<\/a>                                                <span class=\"td-post-date\"><time class=\"entry-date updated td-module-date\" datetime=\"2024-06-21T07:06:58+00:00\" >21. lipnja 2024.<\/time><\/span>                                        <\/div>\r\n\r\n                <div class=\"td-excerpt\">\r\n                    Me\u0111unarodni festival slikovnice &quot;\u010cuvari pri\u010da&quot; po\u010detak je ljetnih doga\u0111anja u Gradskoj i sveu\u010dili\u0161noj knji\u017enici Osijek i dio je programa Osje\u010dkog ljeta kulture. Organizaciju Festivala podr\u017eali su Ministarstvo kulture i medija u...                <\/div>\r\n            <\/div>\r\n\r\n        <\/div>\r\n\r\n        \n\t<\/div> <!-- .\/td-block-span12 -->\n\n\t<div class=\"td-block-span12\">\n\r\n        <div class=\"td_module_10 td_module_wrap td-animation-stack\">\r\n            <div class=\"td-module-thumb\"><a href=\"https:\/\/www.gskos.unios.hr\/index.php\/medunarodni-festival-slikovnice-cuvari-prica-ilustratori-i-pisci-u-gostima\/\" rel=\"bookmark\" class=\"td-image-wrap\" title=\"Me\u0111unarodni festival slikovnice &#8220;\u010cuvari pri\u010da&#8221;: Ilustratori i pisci u gostima\"><img width=\"218\" height=\"150\" class=\"entry-thumb\" src=\"https:\/\/www.gskos.unios.hr\/wp-content\/uploads\/2023\/06\/1920-1005-218x150.jpg\" srcset=\"https:\/\/www.gskos.unios.hr\/wp-content\/uploads\/2023\/06\/1920-1005-218x150.jpg 218w, https:\/\/www.gskos.unios.hr\/wp-content\/uploads\/2023\/06\/1920-1005-100x70.jpg 100w\" sizes=\"(max-width: 218px) 100vw, 218px\" alt=\"\" title=\"Me\u0111unarodni festival slikovnice &#8220;\u010cuvari pri\u010da&#8221;: Ilustratori i pisci u gostima\"\/><\/a><\/div>\r\n            <div class=\"item-details\">\r\n            <h3 class=\"entry-title td-module-title\"><a href=\"https:\/\/www.gskos.unios.hr\/index.php\/medunarodni-festival-slikovnice-cuvari-prica-ilustratori-i-pisci-u-gostima\/\" rel=\"bookmark\" title=\"Me\u0111unarodni festival slikovnice &#8220;\u010cuvari pri\u010da&#8221;: Ilustratori i pisci u gostima\">Me\u0111unarodni festival slikovnice &#8220;\u010cuvari pri\u010da&#8221;: Ilustratori i pisci u gostima<\/a><\/h3>\r\n                <div class=\"td-module-meta-info\">\r\n                    <a href=\"https:\/\/www.gskos.unios.hr\/index.php\/category\/aktivnosti\/\" class=\"td-post-category\">AKTIVNOSTI<\/a>                                                <span class=\"td-post-date\"><time class=\"entry-date updated td-module-date\" datetime=\"2023-06-23T15:46:18+00:00\" >23. lipnja 2023.<\/time><\/span>                                        <\/div>\r\n\r\n                <div class=\"td-excerpt\">\r\n                    Ljeto u Gradskoj i sveu\u010dili\u0161noj knji\u017enici Osijek, kao i Osje\u010dko ljeto kulture, zapo\u010dinju Me\u0111unarodnim festivalom slikovnice &quot;\u010cuvari pri\u010da&quot;. Festival \u0107e se odr\u017eavati u petak 30. lipnja i subotu 1. srpnja 2023....                <\/div>\r\n            <\/div>\r\n\r\n        <\/div>\r\n\r\n        \n\t<\/div> <!-- .\/td-block-span12 -->\n\n\t<div class=\"td-block-span12\">\n\r\n        <div class=\"td_module_10 td_module_wrap td-animation-stack\">\r\n            <div class=\"td-module-thumb\"><a href=\"https:\/\/www.gskos.unios.hr\/index.php\/17132\/\" rel=\"bookmark\" class=\"td-image-wrap\" title=\"Festival slikovnice \u010cuvari pri\u010da: \u010cudesno putovanje\"><img width=\"218\" height=\"150\" class=\"entry-thumb\" src=\"https:\/\/www.gskos.unios.hr\/wp-content\/uploads\/2022\/06\/289578252_1275213079678488_3180860201461112620_n-218x150.jpg\" srcset=\"https:\/\/www.gskos.unios.hr\/wp-content\/uploads\/2022\/06\/289578252_1275213079678488_3180860201461112620_n-218x150.jpg 218w, https:\/\/www.gskos.unios.hr\/wp-content\/uploads\/2022\/06\/289578252_1275213079678488_3180860201461112620_n-100x70.jpg 100w\" sizes=\"(max-width: 218px) 100vw, 218px\" alt=\"\" title=\"Festival slikovnice \u010cuvari pri\u010da: \u010cudesno putovanje\"\/><\/a><\/div>\r\n            <div class=\"item-details\">\r\n            <h3 class=\"entry-title td-module-title\"><a href=\"https:\/\/www.gskos.unios.hr\/index.php\/17132\/\" rel=\"bookmark\" title=\"Festival slikovnice \u010cuvari pri\u010da: \u010cudesno putovanje\">Festival slikovnice \u010cuvari pri\u010da: \u010cudesno putovanje<\/a><\/h3>\r\n                <div class=\"td-module-meta-info\">\r\n                    <a href=\"https:\/\/www.gskos.unios.hr\/index.php\/category\/aktivnosti\/\" class=\"td-post-category\">AKTIVNOSTI<\/a>                                                <span class=\"td-post-date\"><time class=\"entry-date updated td-module-date\" datetime=\"2022-06-27T08:02:37+00:00\" >27. lipnja 2022.<\/time><\/span>                                        <\/div>\r\n\r\n                <div class=\"td-excerpt\">\r\n                    Ljeto u Gradskoj i sveu\u010dili\u0161noj knji\u017enici Osijek ve\u0107 osmu godinu za redom zapo\u010dinje \u010cuvarima pri\u010da. Me\u0111unarodni festival slikovnice, trajat \u0107e od \u010detvrtka 30. lipnja do 2. srpnja 2022. godine, a ovogodi\u0161nja...                <\/div>\r\n            <\/div>\r\n\r\n        <\/div>\r\n\r\n        \n\t<\/div> <!-- .\/td-block-span12 -->\n\n\t<div class=\"td-block-span12\">\n\r\n        <div class=\"td_module_10 td_module_wrap td-animation-stack\">\r\n            <div class=\"td-module-thumb\"><a href=\"https:\/\/www.gskos.unios.hr\/index.php\/online-panel-kreativnoscu-do-zvijezda\/\" rel=\"bookmark\" class=\"td-image-wrap\" title=\"Online panel &#8220;Kreativno\u0161\u0107u do zvijezda&#8221;\"><img width=\"218\" height=\"150\" class=\"entry-thumb\" src=\"https:\/\/www.gskos.unios.hr\/wp-content\/uploads\/2021\/06\/3panel_plakat_web-02-218x150.png\" srcset=\"https:\/\/www.gskos.unios.hr\/wp-content\/uploads\/2021\/06\/3panel_plakat_web-02-218x150.png 218w, https:\/\/www.gskos.unios.hr\/wp-content\/uploads\/2021\/06\/3panel_plakat_web-02-100x70.png 100w\" sizes=\"(max-width: 218px) 100vw, 218px\" alt=\"\" title=\"Online panel &#8220;Kreativno\u0161\u0107u do zvijezda&#8221;\"\/><\/a><\/div>\r\n            <div class=\"item-details\">\r\n            <h3 class=\"entry-title td-module-title\"><a href=\"https:\/\/www.gskos.unios.hr\/index.php\/online-panel-kreativnoscu-do-zvijezda\/\" rel=\"bookmark\" title=\"Online panel &#8220;Kreativno\u0161\u0107u do zvijezda&#8221;\">Online panel &#8220;Kreativno\u0161\u0107u do zvijezda&#8221;<\/a><\/h3>\r\n                <div class=\"td-module-meta-info\">\r\n                    <a href=\"https:\/\/www.gskos.unios.hr\/index.php\/category\/aktivnosti\/\" class=\"td-post-category\">AKTIVNOSTI<\/a>                                                <span class=\"td-post-date\"><time class=\"entry-date updated td-module-date\" datetime=\"2021-06-28T10:33:12+00:00\" >28. lipnja 2021.<\/time><\/span>                                        <\/div>\r\n\r\n                <div class=\"td-excerpt\">\r\n                    American Corner Gradske i sveu\u010dili\u0161ne knji\u017enice Osijek nastavlja s provedbom programa &quot;She: Women&#039;s Empowerment&quot;. U sklopu Me\u0111unarodnog festivala slikovnice &quot;\u010cuvari pri\u010da&quot; odr\u017eat \u0107e se tre\u0107i po redu online panel pod nazivom...                <\/div>\r\n            <\/div>\r\n\r\n        <\/div>\r\n\r\n        \n\t<\/div> <!-- .\/td-block-span12 --><\/div><\/div> <!-- .\/block -->[vc_empty_space height=&#8221;50px&#8221;][\/vc_column][\/vc_row]<\/p>\n<\/section>","protected":false},"excerpt":{"rendered":"<p>[vc_row full_width=&#8221;stretch_row&#8221; content_placement=&#8221;bottom&#8221; first_background_type=&#8221;gradient&#8221; enable_parallax=&#8221;true&#8221; parallax_background=&#8221;7401&#8243; css=&#8221;.vc_custom_1519649664712{background-position: center !important;background-repeat: no-repeat !important;background-size: cover !important;}&#8221;][vc_column alignment=&#8221;center&#8221;][\/vc_column][\/vc_row][vc_row][vc_column][vc_empty_space height=&#8221;50px&#8221;][vc_empty_space height=&#8221;50px&#8221;][vc_column_text]Festival je nastao iz zajedni\u010dke suradnje Knji\u017enice, Udruge za rad s mladima Breza, Studija za promicanje kulture i kreativnoga izra\u017eavanja \u2013 GEKKO i Dje\u010dje osje\u010dke kreativne ku\u0107ice Dokkice. Prvi festival odr\u017ean je po\u010detkom \u00a0srpnja 2015. Program Festivala slikovnice, namijenjen djeci<\/p>\n","protected":false},"author":3,"featured_media":0,"parent":0,"menu_order":0,"comment_status":"closed","ping_status":"closed","template":"","meta":{"_mi_skip_tracking":false},"_links":{"self":[{"href":"https:\/\/www.gskos.unios.hr\/index.php\/wp-json\/wp\/v2\/pages\/7398"}],"collection":[{"href":"https:\/\/www.gskos.unios.hr\/index.php\/wp-json\/wp\/v2\/pages"}],"about":[{"href":"https:\/\/www.gskos.unios.hr\/index.php\/wp-json\/wp\/v2\/types\/page"}],"author":[{"embeddable":true,"href":"https:\/\/www.gskos.unios.hr\/index.php\/wp-json\/wp\/v2\/users\/3"}],"replies":[{"embeddable":true,"href":"https:\/\/www.gskos.unios.hr\/index.php\/wp-json\/wp\/v2\/comments?post=7398"}],"version-history":[{"count":6,"href":"https:\/\/www.gskos.unios.hr\/index.php\/wp-json\/wp\/v2\/pages\/7398\/revisions"}],"predecessor-version":[{"id":7406,"href":"https:\/\/www.gskos.unios.hr\/index.php\/wp-json\/wp\/v2\/pages\/7398\/revisions\/7406"}],"wp:attachment":[{"href":"https:\/\/www.gskos.unios.hr\/index.php\/wp-json\/wp\/v2\/media?parent=7398"}],"curies":[{"name":"wp","href":"https:\/\/api.w.org\/{rel}","templated":true}]}}