{"id":7409,"date":"2018-02-26T14:00:37","date_gmt":"2018-02-26T13:00:37","guid":{"rendered":"http:\/\/www.gskos.unios.hr\/?page_id=7409"},"modified":"2018-03-02T12:47:03","modified_gmt":"2018-03-02T11:47:03","slug":"harry-potter-tjedan","status":"publish","type":"page","link":"https:\/\/www.gskos.unios.hr\/index.php\/harry-potter-tjedan\/","title":{"rendered":"HARRY POTTER TJEDAN"},"content":{"rendered":"<section class=\"wpb-content-wrapper\"><p>[vc_row full_width=&#8221;stretch_row&#8221; content_placement=&#8221;bottom&#8221; first_background_type=&#8221;gradient&#8221; enable_parallax=&#8221;true&#8221; parallax_background=&#8221;7411&#8243; css=&#8221;.vc_custom_1519650196759{background-position: center !important;background-repeat: no-repeat !important;background-size: cover !important;}&#8221;][vc_column alignment=&#8221;center&#8221;]<div id=\"mpc_textblock-1869f11e85ee322\" class=\"mpc-textblock mpc-init mpc-typography--preset_0 mpc-animation \" data-animation-in=\"transition.slideDownBigIn||3250||0||100\"><p>HARRY POTTER TJEDAN<\/p>\n<\/div>[\/vc_column][\/vc_row][vc_row][vc_column][vc_empty_space height=&#8221;50px&#8221;]<div data-id=\"mpc_divider-4469f11e85ee3db\" class=\"mpc-divider-wrap\"><div class=\"mpc-divider mpc-init mpc-align--center \" ><div class=\"mpc-divider__line mpc-side--left\"><span><\/span><\/div><div class=\"mpc-divider__separator\"><div class=\"mpc-divider__content fa fa-circle\"><\/div><\/div><div class=\"mpc-divider__line mpc-side--right\"><span><\/span><\/div><\/div><\/div>[vc_empty_space height=&#8221;50px&#8221;][vc_column_text]<\/p>\n<p style=\"text-align: justify;\">Knji\u017enica je u tjednu od 29. kolovoza do 3. rujna 2016. godine postala Hogwarts \u2013 \u0161kola vje\u0161ti\u010darenja i \u010darobnja\u0161tva. Ideja za odr\u017eavanje Tjedna Harryja Pottera potekla je iz Gradske knji\u017enice Zadar, a od tada\u0161njih studenata Odjela za informacijske znanosti Sveu\u010dili\u0161ta u Zadru. Ideju je Knji\u017enica, uz dopu\u0161tenje idejnih za\u010detnika, preuzela, modificirala i prilagodila mogu\u0107nostima, \u017eeljama i potrebama svojih korisnika. Osje\u010dki Tjedan Harryja Pottera sastoji se od brojnih likovnih i kreativnih radionica.<\/p>\n<p style=\"text-align: left;\">GISKO tjedan Harryja Pottera najavljen je i posebno izra\u0111enim promotivnim plakatima, a prostorije Odjela za rad s djecom i mladima te Ameri\u010dkoga kutka, u kojima su se aktivnosti Tjedna odr\u017eavale simboli\u010dno su ukra\u0161ene metlama, brojnim napitcima, knjigama iz serijala, lete\u0107im klju\u010devima, slatki\u0161ima iz slasti\u010darnice serijala i brojnim drugim ru\u010dno izra\u0111enim ukrasima.<\/p>\n<p style=\"text-align: justify;\">Odaziv i reakcije korisnika na samu ideju i organizaciju ovakvoga projekta odli\u010dne su i neo\u010dekivano brojne.<\/p>\n<p>[\/vc_column_text][vc_empty_space height=&#8221;50px&#8221;]<div class=\"td_block_wrap td_block_11 td_uid_1_69f11e85ee46d_rand td-pb-border-top td_block_template_14 td-column-1\"  data-td-block-uid=\"td_uid_1_69f11e85ee46d\" ><script>var block_td_uid_1_69f11e85ee46d = new tdBlock();\nblock_td_uid_1_69f11e85ee46d.id = \"td_uid_1_69f11e85ee46d\";\nblock_td_uid_1_69f11e85ee46d.atts = '{\"category_id\":\"49\",\"separator\":\"\",\"custom_title\":\"\",\"custom_url\":\"\",\"block_template_id\":\"\",\"m10_tl\":\"\",\"m10_el\":\"\",\"post_ids\":\"\",\"category_ids\":\"\",\"tag_slug\":\"\",\"autors_id\":\"\",\"installed_post_types\":\"\",\"sort\":\"\",\"limit\":\"5\",\"offset\":\"\",\"el_class\":\"\",\"td_ajax_filter_type\":\"\",\"td_ajax_filter_ids\":\"\",\"td_filter_default_txt\":\"All\",\"td_ajax_preloading\":\"\",\"f_header_font_header\":\"\",\"f_header_font_title\":\"Block header\",\"f_header_font_settings\":\"\",\"f_header_font_family\":\"\",\"f_header_font_size\":\"\",\"f_header_font_line_height\":\"\",\"f_header_font_style\":\"\",\"f_header_font_weight\":\"\",\"f_header_font_transform\":\"\",\"f_header_font_spacing\":\"\",\"f_header_\":\"\",\"f_ajax_font_title\":\"Ajax categories\",\"f_ajax_font_settings\":\"\",\"f_ajax_font_family\":\"\",\"f_ajax_font_size\":\"\",\"f_ajax_font_line_height\":\"\",\"f_ajax_font_style\":\"\",\"f_ajax_font_weight\":\"\",\"f_ajax_font_transform\":\"\",\"f_ajax_font_spacing\":\"\",\"f_ajax_\":\"\",\"f_more_font_title\":\"Load more button\",\"f_more_font_settings\":\"\",\"f_more_font_family\":\"\",\"f_more_font_size\":\"\",\"f_more_font_line_height\":\"\",\"f_more_font_style\":\"\",\"f_more_font_weight\":\"\",\"f_more_font_transform\":\"\",\"f_more_font_spacing\":\"\",\"f_more_\":\"\",\"m10f_title_font_header\":\"\",\"m10f_title_font_title\":\"Article title\",\"m10f_title_font_settings\":\"\",\"m10f_title_font_family\":\"\",\"m10f_title_font_size\":\"\",\"m10f_title_font_line_height\":\"\",\"m10f_title_font_style\":\"\",\"m10f_title_font_weight\":\"\",\"m10f_title_font_transform\":\"\",\"m10f_title_font_spacing\":\"\",\"m10f_title_\":\"\",\"m10f_cat_font_title\":\"Article category tag\",\"m10f_cat_font_settings\":\"\",\"m10f_cat_font_family\":\"\",\"m10f_cat_font_size\":\"\",\"m10f_cat_font_line_height\":\"\",\"m10f_cat_font_style\":\"\",\"m10f_cat_font_weight\":\"\",\"m10f_cat_font_transform\":\"\",\"m10f_cat_font_spacing\":\"\",\"m10f_cat_\":\"\",\"m10f_meta_font_title\":\"Article meta info\",\"m10f_meta_font_settings\":\"\",\"m10f_meta_font_family\":\"\",\"m10f_meta_font_size\":\"\",\"m10f_meta_font_line_height\":\"\",\"m10f_meta_font_style\":\"\",\"m10f_meta_font_weight\":\"\",\"m10f_meta_font_transform\":\"\",\"m10f_meta_font_spacing\":\"\",\"m10f_meta_\":\"\",\"m10f_ex_font_title\":\"Article excerpt\",\"m10f_ex_font_settings\":\"\",\"m10f_ex_font_family\":\"\",\"m10f_ex_font_size\":\"\",\"m10f_ex_font_line_height\":\"\",\"m10f_ex_font_style\":\"\",\"m10f_ex_font_weight\":\"\",\"m10f_ex_font_transform\":\"\",\"m10f_ex_font_spacing\":\"\",\"m10f_ex_\":\"\",\"ajax_pagination\":\"\",\"ajax_pagination_infinite_stop\":\"\",\"css\":\"\",\"tdc_css\":\"\",\"td_column_number\":1,\"header_color\":\"\",\"color_preset\":\"\",\"border_top\":\"\",\"class\":\"td_uid_1_69f11e85ee46d_rand\",\"tdc_css_class\":\"td_uid_1_69f11e85ee46d_rand\",\"tdc_css_class_style\":\"td_uid_1_69f11e85ee46d_rand_style\"}';\nblock_td_uid_1_69f11e85ee46d.td_column_number = \"1\";\nblock_td_uid_1_69f11e85ee46d.block_type = \"td_block_11\";\nblock_td_uid_1_69f11e85ee46d.post_count = \"5\";\nblock_td_uid_1_69f11e85ee46d.found_posts = \"10\";\nblock_td_uid_1_69f11e85ee46d.header_color = \"\";\nblock_td_uid_1_69f11e85ee46d.ajax_pagination_infinite_stop = \"\";\nblock_td_uid_1_69f11e85ee46d.max_num_pages = \"2\";\ntdBlocksArray.push(block_td_uid_1_69f11e85ee46d);\n<\/script><div class=\"td-block-title-wrap\"><\/div><div id=td_uid_1_69f11e85ee46d class=\"td_block_inner\">\n\n\t<div class=\"td-block-span12\">\n\r\n        <div class=\"td_module_10 td_module_wrap td-animation-stack\">\r\n            <div class=\"td-module-thumb\"><a href=\"https:\/\/www.gskos.unios.hr\/index.php\/10-gisko-tjedan-harryja-pottera\/\" rel=\"bookmark\" class=\"td-image-wrap\" title=\"10. GISKO tjedan Harryja Pottera\"><img width=\"218\" height=\"150\" class=\"entry-thumb\" src=\"https:\/\/www.gskos.unios.hr\/wp-content\/uploads\/2025\/08\/Baner-HP-218x150.jpg\" srcset=\"https:\/\/www.gskos.unios.hr\/wp-content\/uploads\/2025\/08\/Baner-HP-218x150.jpg 218w, https:\/\/www.gskos.unios.hr\/wp-content\/uploads\/2025\/08\/Baner-HP-100x70.jpg 100w, https:\/\/www.gskos.unios.hr\/wp-content\/uploads\/2025\/08\/Baner-HP-534x366.jpg 534w\" sizes=\"(max-width: 218px) 100vw, 218px\" alt=\"\" title=\"10. GISKO tjedan Harryja Pottera\"\/><\/a><\/div>\r\n            <div class=\"item-details\">\r\n            <h3 class=\"entry-title td-module-title\"><a href=\"https:\/\/www.gskos.unios.hr\/index.php\/10-gisko-tjedan-harryja-pottera\/\" rel=\"bookmark\" title=\"10. GISKO tjedan Harryja Pottera\">10. GISKO tjedan Harryja Pottera<\/a><\/h3>\r\n                <div class=\"td-module-meta-info\">\r\n                    <a href=\"https:\/\/www.gskos.unios.hr\/index.php\/category\/aktivnosti\/\" class=\"td-post-category\">AKTIVNOSTI<\/a>                                                <span class=\"td-post-date\"><time class=\"entry-date updated td-module-date\" datetime=\"2025-08-14T10:30:19+00:00\" >14. kolovoza 2025.<\/time><\/span>                                        <\/div>\r\n\r\n                <div class=\"td-excerpt\">\r\n                    Gradska i sveu\u010dili\u0161na knji\u017enica Osijek organizira deseti po redu GISKO tjedan Harryja Pottera. Ova \u010darobna manifestacija odr\u017eat \u0107e se od 25. do 29. kolovoza 2025. godine, a kao i svaki put...                <\/div>\r\n            <\/div>\r\n\r\n        <\/div>\r\n\r\n        \n\t<\/div> <!-- .\/td-block-span12 -->\n\n\t<div class=\"td-block-span12\">\n\r\n        <div class=\"td_module_10 td_module_wrap td-animation-stack\">\r\n            <div class=\"td-module-thumb\"><a href=\"https:\/\/www.gskos.unios.hr\/index.php\/9-gisko-tjedan-harryja-pottera\/\" rel=\"bookmark\" class=\"td-image-wrap\" title=\"9. GISKO tjedan Harryja Pottera\"><img width=\"218\" height=\"150\" class=\"entry-thumb\" src=\"https:\/\/www.gskos.unios.hr\/wp-content\/uploads\/2024\/08\/HP-24-poster-02-218x150.png\" srcset=\"https:\/\/www.gskos.unios.hr\/wp-content\/uploads\/2024\/08\/HP-24-poster-02-218x150.png 218w, https:\/\/www.gskos.unios.hr\/wp-content\/uploads\/2024\/08\/HP-24-poster-02-100x70.png 100w\" sizes=\"(max-width: 218px) 100vw, 218px\" alt=\"\" title=\"9. GISKO tjedan Harryja Pottera\"\/><\/a><\/div>\r\n            <div class=\"item-details\">\r\n            <h3 class=\"entry-title td-module-title\"><a href=\"https:\/\/www.gskos.unios.hr\/index.php\/9-gisko-tjedan-harryja-pottera\/\" rel=\"bookmark\" title=\"9. GISKO tjedan Harryja Pottera\">9. GISKO tjedan Harryja Pottera<\/a><\/h3>\r\n                <div class=\"td-module-meta-info\">\r\n                    <a href=\"https:\/\/www.gskos.unios.hr\/index.php\/category\/aktivnosti\/\" class=\"td-post-category\">AKTIVNOSTI<\/a>                                                <span class=\"td-post-date\"><time class=\"entry-date updated td-module-date\" datetime=\"2024-08-20T13:43:11+00:00\" >20. kolovoza 2024.<\/time><\/span>                                        <\/div>\r\n\r\n                <div class=\"td-excerpt\">\r\n                    Gradska i sveu\u010dili\u0161na knji\u017enica Osijek organizira deveti po redu GISKO tjedan Harryja Pottera. Ova \u010darobna manifestacija odr\u017eat \u0107e se od 26. do 30. kolovoza 2024. godine, a kao i svaki put...                <\/div>\r\n            <\/div>\r\n\r\n        <\/div>\r\n\r\n        \n\t<\/div> <!-- .\/td-block-span12 -->\n\n\t<div class=\"td-block-span12\">\n\r\n        <div class=\"td_module_10 td_module_wrap td-animation-stack\">\r\n            <div class=\"td-module-thumb\"><a href=\"https:\/\/www.gskos.unios.hr\/index.php\/8-gisko-tjedan-harryja-pottera\/\" rel=\"bookmark\" class=\"td-image-wrap\" title=\"8. GISKO tjedan Harryja Pottera\"><img width=\"218\" height=\"150\" class=\"entry-thumb\" src=\"https:\/\/www.gskos.unios.hr\/wp-content\/uploads\/2023\/08\/Untitled-1-2-07-218x150.png\" srcset=\"https:\/\/www.gskos.unios.hr\/wp-content\/uploads\/2023\/08\/Untitled-1-2-07-218x150.png 218w, https:\/\/www.gskos.unios.hr\/wp-content\/uploads\/2023\/08\/Untitled-1-2-07-100x70.png 100w\" sizes=\"(max-width: 218px) 100vw, 218px\" alt=\"\" title=\"8. GISKO tjedan Harryja Pottera\"\/><\/a><\/div>\r\n            <div class=\"item-details\">\r\n            <h3 class=\"entry-title td-module-title\"><a href=\"https:\/\/www.gskos.unios.hr\/index.php\/8-gisko-tjedan-harryja-pottera\/\" rel=\"bookmark\" title=\"8. GISKO tjedan Harryja Pottera\">8. GISKO tjedan Harryja Pottera<\/a><\/h3>\r\n                <div class=\"td-module-meta-info\">\r\n                    <a href=\"https:\/\/www.gskos.unios.hr\/index.php\/category\/aktivnosti\/\" class=\"td-post-category\">AKTIVNOSTI<\/a>                                                <span class=\"td-post-date\"><time class=\"entry-date updated td-module-date\" datetime=\"2023-08-21T11:29:33+00:00\" >21. kolovoza 2023.<\/time><\/span>                                        <\/div>\r\n\r\n                <div class=\"td-excerpt\">\r\n                    Gradska i sveu\u010dili\u0161na knji\u017enica Osijek organizira 8. GISKO tjedan Harryja Pottera, koji \u0107e se odr\u017eati od 4. do 9. rujna 2023. godine, a kao i svaki put dosad, namijenjen je svim...                <\/div>\r\n            <\/div>\r\n\r\n        <\/div>\r\n\r\n        \n\t<\/div> <!-- .\/td-block-span12 -->\n\n\t<div class=\"td-block-span12\">\n\r\n        <div class=\"td_module_10 td_module_wrap td-animation-stack\">\r\n            <div class=\"td-module-thumb\"><a href=\"https:\/\/www.gskos.unios.hr\/index.php\/gisko-knjizevni-kvizovi-harry-potter\/\" rel=\"bookmark\" class=\"td-image-wrap\" title=\"GISKO knji\u017eevni kvizovi \u201eHarry Potter\u201c\"><img width=\"218\" height=\"150\" class=\"entry-thumb\" src=\"https:\/\/www.gskos.unios.hr\/wp-content\/uploads\/2022\/07\/plakat-2022-7-01-218x150.png\" srcset=\"https:\/\/www.gskos.unios.hr\/wp-content\/uploads\/2022\/07\/plakat-2022-7-01-218x150.png 218w, https:\/\/www.gskos.unios.hr\/wp-content\/uploads\/2022\/07\/plakat-2022-7-01-100x70.png 100w\" sizes=\"(max-width: 218px) 100vw, 218px\" alt=\"\" title=\"GISKO knji\u017eevni kvizovi \u201eHarry Potter\u201c\"\/><\/a><\/div>\r\n            <div class=\"item-details\">\r\n            <h3 class=\"entry-title td-module-title\"><a href=\"https:\/\/www.gskos.unios.hr\/index.php\/gisko-knjizevni-kvizovi-harry-potter\/\" rel=\"bookmark\" title=\"GISKO knji\u017eevni kvizovi \u201eHarry Potter\u201c\">GISKO knji\u017eevni kvizovi \u201eHarry Potter\u201c<\/a><\/h3>\r\n                <div class=\"td-module-meta-info\">\r\n                    <a href=\"https:\/\/www.gskos.unios.hr\/index.php\/category\/aktivnosti\/\" class=\"td-post-category\">AKTIVNOSTI<\/a>                                                <span class=\"td-post-date\"><time class=\"entry-date updated td-module-date\" datetime=\"2022-07-27T12:52:21+00:00\" >27. srpnja 2022.<\/time><\/span>                                        <\/div>\r\n\r\n                <div class=\"td-excerpt\">\r\n                    I u srpnju nastavljamo s GISKO knji\u017eevnim kvizovima, a ovaj petak rje\u0161avamo kviz o popularnom serijalu autorice J. K. Rowling o \u010darobnjaku Harryju Potteru.\r\nKviz \u201eHarry Potter\u201c igramo u petak, 29. srpnja...                <\/div>\r\n            <\/div>\r\n\r\n        <\/div>\r\n\r\n        \n\t<\/div> <!-- .\/td-block-span12 -->\n\n\t<div class=\"td-block-span12\">\n\r\n        <div class=\"td_module_10 td_module_wrap td-animation-stack\">\r\n            <div class=\"td-module-thumb\"><a href=\"https:\/\/www.gskos.unios.hr\/index.php\/gisko-tjedan-harryja-pottera-6\/\" rel=\"bookmark\" class=\"td-image-wrap\" title=\"GISKO tjedan Harryja Pottera\"><img width=\"218\" height=\"150\" class=\"entry-thumb\" src=\"https:\/\/www.gskos.unios.hr\/wp-content\/uploads\/2022\/07\/HP-22-web-cver-218x150.png\" srcset=\"https:\/\/www.gskos.unios.hr\/wp-content\/uploads\/2022\/07\/HP-22-web-cver-218x150.png 218w, https:\/\/www.gskos.unios.hr\/wp-content\/uploads\/2022\/07\/HP-22-web-cver-100x70.png 100w\" sizes=\"(max-width: 218px) 100vw, 218px\" alt=\"\" title=\"GISKO tjedan Harryja Pottera\"\/><\/a><\/div>\r\n            <div class=\"item-details\">\r\n            <h3 class=\"entry-title td-module-title\"><a href=\"https:\/\/www.gskos.unios.hr\/index.php\/gisko-tjedan-harryja-pottera-6\/\" rel=\"bookmark\" title=\"GISKO tjedan Harryja Pottera\">GISKO tjedan Harryja Pottera<\/a><\/h3>\r\n                <div class=\"td-module-meta-info\">\r\n                    <a href=\"https:\/\/www.gskos.unios.hr\/index.php\/category\/aktivnosti\/\" class=\"td-post-category\">AKTIVNOSTI<\/a>                                                <span class=\"td-post-date\"><time class=\"entry-date updated td-module-date\" datetime=\"2022-07-14T07:00:32+00:00\" >14. srpnja 2022.<\/time><\/span>                                        <\/div>\r\n\r\n                <div class=\"td-excerpt\">\r\n                    Gradska i sveu\u010dili\u0161na knji\u017enica Osijek ve\u0107 sedmu godinu organizira \u201cGISKO tjedan Harryja Pottera\u201c. Ta manifestacija odr\u017eavat \u0107e se od 25. do 29. srpnja 2022. godine, a namijenjena je svim \u010darobnjacima i...                <\/div>\r\n            <\/div>\r\n\r\n        <\/div>\r\n\r\n        \n\t<\/div> <!-- .\/td-block-span12 --><\/div><\/div> <!-- .\/block -->[vc_empty_space height=&#8221;50px&#8221;][\/vc_column][\/vc_row]<\/p>\n<\/section>","protected":false},"excerpt":{"rendered":"<p>[vc_row full_width=&#8221;stretch_row&#8221; content_placement=&#8221;bottom&#8221; first_background_type=&#8221;gradient&#8221; enable_parallax=&#8221;true&#8221; parallax_background=&#8221;7411&#8243; css=&#8221;.vc_custom_1519650196759{background-position: center !important;background-repeat: no-repeat !important;background-size: cover !important;}&#8221;][vc_column alignment=&#8221;center&#8221;][\/vc_column][\/vc_row][vc_row][vc_column][vc_empty_space height=&#8221;50px&#8221;][vc_empty_space height=&#8221;50px&#8221;][vc_column_text] Knji\u017enica je u tjednu od 29. kolovoza do 3. rujna 2016. godine postala Hogwarts \u2013 \u0161kola vje\u0161ti\u010darenja i \u010darobnja\u0161tva. Ideja za odr\u017eavanje Tjedna Harryja Pottera potekla je iz Gradske knji\u017enice Zadar, a od tada\u0161njih studenata Odjela za informacijske znanosti<\/p>\n","protected":false},"author":3,"featured_media":0,"parent":0,"menu_order":0,"comment_status":"closed","ping_status":"closed","template":"","meta":{"_mi_skip_tracking":false},"_links":{"self":[{"href":"https:\/\/www.gskos.unios.hr\/index.php\/wp-json\/wp\/v2\/pages\/7409"}],"collection":[{"href":"https:\/\/www.gskos.unios.hr\/index.php\/wp-json\/wp\/v2\/pages"}],"about":[{"href":"https:\/\/www.gskos.unios.hr\/index.php\/wp-json\/wp\/v2\/types\/page"}],"author":[{"embeddable":true,"href":"https:\/\/www.gskos.unios.hr\/index.php\/wp-json\/wp\/v2\/users\/3"}],"replies":[{"embeddable":true,"href":"https:\/\/www.gskos.unios.hr\/index.php\/wp-json\/wp\/v2\/comments?post=7409"}],"version-history":[{"count":4,"href":"https:\/\/www.gskos.unios.hr\/index.php\/wp-json\/wp\/v2\/pages\/7409\/revisions"}],"predecessor-version":[{"id":14936,"href":"https:\/\/www.gskos.unios.hr\/index.php\/wp-json\/wp\/v2\/pages\/7409\/revisions\/14936"}],"wp:attachment":[{"href":"https:\/\/www.gskos.unios.hr\/index.php\/wp-json\/wp\/v2\/media?parent=7409"}],"curies":[{"name":"wp","href":"https:\/\/api.w.org\/{rel}","templated":true}]}}