{"id":7467,"date":"2018-03-02T13:04:13","date_gmt":"2018-03-02T12:04:13","guid":{"rendered":"http:\/\/www.gskos.unios.hr\/?page_id=7467"},"modified":"2018-03-02T13:14:17","modified_gmt":"2018-03-02T12:14:17","slug":"noc-knjige","status":"publish","type":"page","link":"https:\/\/www.gskos.unios.hr\/index.php\/noc-knjige\/","title":{"rendered":"NO\u0106 KNJIGE"},"content":{"rendered":"<section class=\"wpb-content-wrapper\"><p>[vc_row full_width=&#8221;stretch_row&#8221; content_placement=&#8221;bottom&#8221; first_background_type=&#8221;gradient&#8221; enable_parallax=&#8221;true&#8221; parallax_background=&#8221;7473&#8243; css=&#8221;.vc_custom_1519992785941{background-position: center !important;background-repeat: no-repeat !important;background-size: cover !important;}&#8221;][vc_column alignment=&#8221;center&#8221;]<div id=\"mpc_textblock-1369f698e73837d\" class=\"mpc-textblock mpc-init mpc-typography--preset_0 mpc-animation \" data-animation-in=\"transition.slideDownBigIn||3250||0||100\"><p>NO\u0106 KNJIGE<\/p>\n<\/div>[\/vc_column][\/vc_row][vc_row][vc_column][vc_empty_space height=&#8221;50px&#8221;]<div data-id=\"mpc_divider-9469f698e73841b\" class=\"mpc-divider-wrap\"><div class=\"mpc-divider mpc-init mpc-align--center \" ><div class=\"mpc-divider__line mpc-side--left\"><span><\/span><\/div><div class=\"mpc-divider__separator\"><div class=\"mpc-divider__content fa fa-circle\"><\/div><\/div><div class=\"mpc-divider__line mpc-side--right\"><span><\/span><\/div><\/div><\/div>[vc_empty_space height=&#8221;50px&#8221;][vc_column_text]<\/p>\n<p style=\"text-align: justify;\">Gradska i sveu\u010dili\u0161na knji\u017enica Osijek nizom razli\u010ditih aktivnosti, samostalno i u suradnji s drugim institucijama, organizacijama, neprofitnim i interesnim skupinama aktivno se, od samog po\u010detka, uklju\u010dila u\u00a0 program obilje\u017eavanja No\u0107i knjige.<\/p>\n<p style=\"text-align: justify;\">Manifestacija <strong>No\u0107 knjige<\/strong> pokrenuta je 2012. godine na inicijativu Zajednice nakladnika i knji\u017eara Hrvatske gospodarske komore i udruge Knji\u017eni blok, kojima su se u organizaciji pridru\u017eili Nacionalna i sveu\u010dili\u0161na knji\u017enica u Zagrebu, Knji\u017enice grada Zagreba, Udruga za za\u0161titu prava nakladnika &#8211; ZANA te portal za knjigu i kulturu Moderna vremena. No\u0107 knjige je organizirana kako bi se, kroz jedinstvenu nacionalnu manifestaciju potaknula kultura \u010ditanja i uva\u017eavanje knjige kao civilizacijskog i kulturolo\u0161kog dosega. Obilje\u017eavanje No\u0107i knjige vezano je uz &#8220;<strong>Svjetski dan knjige i autorskih prava<\/strong>&#8221; (23. travnja) te &#8220;<strong>Dan hrvatske knjige<\/strong>&#8221; (22. travnja).<\/p>\n<p>[\/vc_column_text][vc_empty_space height=&#8221;50px&#8221;]<div data-id=\"mpc_divider-9569f698e738447\" class=\"mpc-divider-wrap\"><div class=\"mpc-divider mpc-init mpc-align--center \" ><div class=\"mpc-divider__line mpc-side--left\"><span><\/span><\/div><div class=\"mpc-divider__separator\"><div class=\"mpc-divider__content fa fa-circle\"><\/div><\/div><div class=\"mpc-divider__line mpc-side--right\"><span><\/span><\/div><\/div><\/div>[vc_empty_space height=&#8221;30px&#8221;][vc_column_text]<\/p>\n<h3>No\u0107 knjige 2017.<\/h3>\n<p>[\/vc_column_text]<div class=\"td_block_wrap td_block_11 td_uid_1_69f698e7384ba_rand td-pb-border-top td_block_template_14 td-column-1\"  data-td-block-uid=\"td_uid_1_69f698e7384ba\" ><script>var block_td_uid_1_69f698e7384ba = new tdBlock();\nblock_td_uid_1_69f698e7384ba.id = \"td_uid_1_69f698e7384ba\";\nblock_td_uid_1_69f698e7384ba.atts = '{\"category_id\":\"52\",\"separator\":\"\",\"custom_title\":\"\",\"custom_url\":\"\",\"block_template_id\":\"\",\"m10_tl\":\"\",\"m10_el\":\"\",\"post_ids\":\"\",\"category_ids\":\"\",\"tag_slug\":\"\",\"autors_id\":\"\",\"installed_post_types\":\"\",\"sort\":\"\",\"limit\":\"5\",\"offset\":\"\",\"el_class\":\"\",\"td_ajax_filter_type\":\"\",\"td_ajax_filter_ids\":\"\",\"td_filter_default_txt\":\"All\",\"td_ajax_preloading\":\"\",\"f_header_font_header\":\"\",\"f_header_font_title\":\"Block header\",\"f_header_font_settings\":\"\",\"f_header_font_family\":\"\",\"f_header_font_size\":\"\",\"f_header_font_line_height\":\"\",\"f_header_font_style\":\"\",\"f_header_font_weight\":\"\",\"f_header_font_transform\":\"\",\"f_header_font_spacing\":\"\",\"f_header_\":\"\",\"f_ajax_font_title\":\"Ajax categories\",\"f_ajax_font_settings\":\"\",\"f_ajax_font_family\":\"\",\"f_ajax_font_size\":\"\",\"f_ajax_font_line_height\":\"\",\"f_ajax_font_style\":\"\",\"f_ajax_font_weight\":\"\",\"f_ajax_font_transform\":\"\",\"f_ajax_font_spacing\":\"\",\"f_ajax_\":\"\",\"f_more_font_title\":\"Load more button\",\"f_more_font_settings\":\"\",\"f_more_font_family\":\"\",\"f_more_font_size\":\"\",\"f_more_font_line_height\":\"\",\"f_more_font_style\":\"\",\"f_more_font_weight\":\"\",\"f_more_font_transform\":\"\",\"f_more_font_spacing\":\"\",\"f_more_\":\"\",\"m10f_title_font_header\":\"\",\"m10f_title_font_title\":\"Article title\",\"m10f_title_font_settings\":\"\",\"m10f_title_font_family\":\"\",\"m10f_title_font_size\":\"\",\"m10f_title_font_line_height\":\"\",\"m10f_title_font_style\":\"\",\"m10f_title_font_weight\":\"\",\"m10f_title_font_transform\":\"\",\"m10f_title_font_spacing\":\"\",\"m10f_title_\":\"\",\"m10f_cat_font_title\":\"Article category tag\",\"m10f_cat_font_settings\":\"\",\"m10f_cat_font_family\":\"\",\"m10f_cat_font_size\":\"\",\"m10f_cat_font_line_height\":\"\",\"m10f_cat_font_style\":\"\",\"m10f_cat_font_weight\":\"\",\"m10f_cat_font_transform\":\"\",\"m10f_cat_font_spacing\":\"\",\"m10f_cat_\":\"\",\"m10f_meta_font_title\":\"Article meta info\",\"m10f_meta_font_settings\":\"\",\"m10f_meta_font_family\":\"\",\"m10f_meta_font_size\":\"\",\"m10f_meta_font_line_height\":\"\",\"m10f_meta_font_style\":\"\",\"m10f_meta_font_weight\":\"\",\"m10f_meta_font_transform\":\"\",\"m10f_meta_font_spacing\":\"\",\"m10f_meta_\":\"\",\"m10f_ex_font_title\":\"Article excerpt\",\"m10f_ex_font_settings\":\"\",\"m10f_ex_font_family\":\"\",\"m10f_ex_font_size\":\"\",\"m10f_ex_font_line_height\":\"\",\"m10f_ex_font_style\":\"\",\"m10f_ex_font_weight\":\"\",\"m10f_ex_font_transform\":\"\",\"m10f_ex_font_spacing\":\"\",\"m10f_ex_\":\"\",\"ajax_pagination\":\"\",\"ajax_pagination_infinite_stop\":\"\",\"css\":\"\",\"tdc_css\":\"\",\"td_column_number\":1,\"header_color\":\"\",\"color_preset\":\"\",\"border_top\":\"\",\"class\":\"td_uid_1_69f698e7384ba_rand\",\"tdc_css_class\":\"td_uid_1_69f698e7384ba_rand\",\"tdc_css_class_style\":\"td_uid_1_69f698e7384ba_rand_style\"}';\nblock_td_uid_1_69f698e7384ba.td_column_number = \"1\";\nblock_td_uid_1_69f698e7384ba.block_type = \"td_block_11\";\nblock_td_uid_1_69f698e7384ba.post_count = \"5\";\nblock_td_uid_1_69f698e7384ba.found_posts = \"10\";\nblock_td_uid_1_69f698e7384ba.header_color = \"\";\nblock_td_uid_1_69f698e7384ba.ajax_pagination_infinite_stop = \"\";\nblock_td_uid_1_69f698e7384ba.max_num_pages = \"2\";\ntdBlocksArray.push(block_td_uid_1_69f698e7384ba);\n<\/script><div class=\"td-block-title-wrap\"><\/div><div id=td_uid_1_69f698e7384ba class=\"td_block_inner\">\n\n\t<div class=\"td-block-span12\">\n\r\n        <div class=\"td_module_10 td_module_wrap td-animation-stack\">\r\n            <div class=\"td-module-thumb\"><a href=\"https:\/\/www.gskos.unios.hr\/index.php\/noc-knjige-2026\/\" rel=\"bookmark\" class=\"td-image-wrap\" title=\"No\u0107 knjige 2026.\"><img width=\"218\" height=\"150\" class=\"entry-thumb\" src=\"https:\/\/www.gskos.unios.hr\/wp-content\/uploads\/2026\/04\/Noc-knjige-2026.-cover-218x150.jpg\" srcset=\"https:\/\/www.gskos.unios.hr\/wp-content\/uploads\/2026\/04\/Noc-knjige-2026.-cover-218x150.jpg 218w, https:\/\/www.gskos.unios.hr\/wp-content\/uploads\/2026\/04\/Noc-knjige-2026.-cover-100x70.jpg 100w\" sizes=\"(max-width: 218px) 100vw, 218px\" alt=\"\" title=\"No\u0107 knjige 2026.\"\/><\/a><\/div>\r\n            <div class=\"item-details\">\r\n            <h3 class=\"entry-title td-module-title\"><a href=\"https:\/\/www.gskos.unios.hr\/index.php\/noc-knjige-2026\/\" rel=\"bookmark\" title=\"No\u0107 knjige 2026.\">No\u0107 knjige 2026.<\/a><\/h3>\r\n                <div class=\"td-module-meta-info\">\r\n                    <a href=\"https:\/\/www.gskos.unios.hr\/index.php\/category\/aktivnosti\/\" class=\"td-post-category\">AKTIVNOSTI<\/a>                                                <span class=\"td-post-date\"><time class=\"entry-date updated td-module-date\" datetime=\"2026-04-16T08:51:49+00:00\" >16. travnja 2026.<\/time><\/span>                                        <\/div>\r\n\r\n                <div class=\"td-excerpt\">\r\n                    Gradska i sveu\u010dili\u0161na knji\u017enica Osijek u \u010detvrtak, 23. travnja 2026. organizira No\u0107 knjige 2026., manifestaciju kojom se obilje\u017eava Svjetski dan knjige i autorskih prava, a kako bi se afirmirala kultura \u010ditanja,...                <\/div>\r\n            <\/div>\r\n\r\n        <\/div>\r\n\r\n        \n\t<\/div> <!-- .\/td-block-span12 -->\n\n\t<div class=\"td-block-span12\">\n\r\n        <div class=\"td_module_10 td_module_wrap td-animation-stack\">\r\n            <div class=\"td-module-thumb\"><a href=\"https:\/\/www.gskos.unios.hr\/index.php\/noc-knjige-2025\/\" rel=\"bookmark\" class=\"td-image-wrap\" title=\"No\u0107 knjige 2025.\"><img width=\"218\" height=\"150\" class=\"entry-thumb\" src=\"https:\/\/www.gskos.unios.hr\/wp-content\/uploads\/2025\/04\/Noc-knjige-2025-GISKO-web-218x150.png\" srcset=\"https:\/\/www.gskos.unios.hr\/wp-content\/uploads\/2025\/04\/Noc-knjige-2025-GISKO-web-218x150.png 218w, https:\/\/www.gskos.unios.hr\/wp-content\/uploads\/2025\/04\/Noc-knjige-2025-GISKO-web-100x70.png 100w\" sizes=\"(max-width: 218px) 100vw, 218px\" alt=\"\" title=\"No\u0107 knjige 2025.\"\/><\/a><\/div>\r\n            <div class=\"item-details\">\r\n            <h3 class=\"entry-title td-module-title\"><a href=\"https:\/\/www.gskos.unios.hr\/index.php\/noc-knjige-2025\/\" rel=\"bookmark\" title=\"No\u0107 knjige 2025.\">No\u0107 knjige 2025.<\/a><\/h3>\r\n                <div class=\"td-module-meta-info\">\r\n                    <a href=\"https:\/\/www.gskos.unios.hr\/index.php\/category\/aktivnosti\/\" class=\"td-post-category\">AKTIVNOSTI<\/a>                                                <span class=\"td-post-date\"><time class=\"entry-date updated td-module-date\" datetime=\"2025-04-16T08:15:19+00:00\" >16. travnja 2025.<\/time><\/span>                                        <\/div>\r\n\r\n                <div class=\"td-excerpt\">\r\n                    Gradska i sveu\u010dili\u0161na knji\u017enica Osijek u srijedu, 23. travnja 2025. organizira No\u0107 knjige 2025., manifestaciju kojom se obilje\u017eava Svjetski dan knjige i autorskih prava, a kako bi se afirmirala kultura \u010ditanja,...                <\/div>\r\n            <\/div>\r\n\r\n        <\/div>\r\n\r\n        \n\t<\/div> <!-- .\/td-block-span12 -->\n\n\t<div class=\"td-block-span12\">\n\r\n        <div class=\"td_module_10 td_module_wrap td-animation-stack\">\r\n            <div class=\"td-module-thumb\"><a href=\"https:\/\/www.gskos.unios.hr\/index.php\/20282\/\" rel=\"bookmark\" class=\"td-image-wrap\" title=\"Progla\u0161eni Naj\u010ditatelji me\u0111u djecom i mladim korisnicima GISKO-a za 2023. godinu\"><img width=\"218\" height=\"150\" class=\"entry-thumb\" src=\"https:\/\/www.gskos.unios.hr\/wp-content\/uploads\/2024\/04\/najcitatelj_objava-218x150.png\" srcset=\"https:\/\/www.gskos.unios.hr\/wp-content\/uploads\/2024\/04\/najcitatelj_objava-218x150.png 218w, https:\/\/www.gskos.unios.hr\/wp-content\/uploads\/2024\/04\/najcitatelj_objava-100x70.png 100w\" sizes=\"(max-width: 218px) 100vw, 218px\" alt=\"\" title=\"Progla\u0161eni Naj\u010ditatelji me\u0111u djecom i mladim korisnicima GISKO-a za 2023. godinu\"\/><\/a><\/div>\r\n            <div class=\"item-details\">\r\n            <h3 class=\"entry-title td-module-title\"><a href=\"https:\/\/www.gskos.unios.hr\/index.php\/20282\/\" rel=\"bookmark\" title=\"Progla\u0161eni Naj\u010ditatelji me\u0111u djecom i mladim korisnicima GISKO-a za 2023. godinu\">Progla\u0161eni Naj\u010ditatelji me\u0111u djecom i mladim korisnicima GISKO-a za 2023. godinu<\/a><\/h3>\r\n                <div class=\"td-module-meta-info\">\r\n                    <a href=\"https:\/\/www.gskos.unios.hr\/index.php\/category\/aktivnosti\/\" class=\"td-post-category\">AKTIVNOSTI<\/a>                                                <span class=\"td-post-date\"><time class=\"entry-date updated td-module-date\" datetime=\"2024-04-29T09:58:55+00:00\" >29. travnja 2024.<\/time><\/span>                                        <\/div>\r\n\r\n                <div class=\"td-excerpt\">\r\n                    Povodom obilje\u017eavanja manifestacije No\u0107 knjige 2024., Odjel za rad s djecom i mladima Gradske i sveu\u010dili\u0161ne knji\u017enice Osijeku organizirao je progla\u0161enje Naj\u010ditatelja me\u0111u djecom i mladim korisnicima GISKO-a za 2023. godinu.\u00a0\r\n\r\nNaj\u010ditateljima...                <\/div>\r\n            <\/div>\r\n\r\n        <\/div>\r\n\r\n        \n\t<\/div> <!-- .\/td-block-span12 -->\n\n\t<div class=\"td-block-span12\">\n\r\n        <div class=\"td_module_10 td_module_wrap td-animation-stack\">\r\n            <div class=\"td-module-thumb\"><a href=\"https:\/\/www.gskos.unios.hr\/index.php\/noc-knjige-2024\/\" rel=\"bookmark\" class=\"td-image-wrap\" title=\"No\u0107 knjige 2024.\"><img width=\"218\" height=\"150\" class=\"entry-thumb\" src=\"https:\/\/www.gskos.unios.hr\/wp-content\/uploads\/2024\/04\/Noc-knjige-2024-plakat_Artboard-5-218x150.png\" srcset=\"https:\/\/www.gskos.unios.hr\/wp-content\/uploads\/2024\/04\/Noc-knjige-2024-plakat_Artboard-5-218x150.png 218w, https:\/\/www.gskos.unios.hr\/wp-content\/uploads\/2024\/04\/Noc-knjige-2024-plakat_Artboard-5-100x70.png 100w\" sizes=\"(max-width: 218px) 100vw, 218px\" alt=\"\" title=\"No\u0107 knjige 2024.\"\/><\/a><\/div>\r\n            <div class=\"item-details\">\r\n            <h3 class=\"entry-title td-module-title\"><a href=\"https:\/\/www.gskos.unios.hr\/index.php\/noc-knjige-2024\/\" rel=\"bookmark\" title=\"No\u0107 knjige 2024.\">No\u0107 knjige 2024.<\/a><\/h3>\r\n                <div class=\"td-module-meta-info\">\r\n                    <a href=\"https:\/\/www.gskos.unios.hr\/index.php\/category\/aktivnosti\/\" class=\"td-post-category\">AKTIVNOSTI<\/a>                                                <span class=\"td-post-date\"><time class=\"entry-date updated td-module-date\" datetime=\"2024-04-16T13:10:46+00:00\" >16. travnja 2024.<\/time><\/span>                                        <\/div>\r\n\r\n                <div class=\"td-excerpt\">\r\n                    Gradska i sveu\u010dili\u0161na knji\u017enica Osijek u utorak, 23. travnja 2024. organizira No\u0107 knjige 2024., manifestaciju kojom se obilje\u017eava Svjetski dan knjige i autorskih prava, a kako bi se afirmirala kultura \u010ditanja,...                <\/div>\r\n            <\/div>\r\n\r\n        <\/div>\r\n\r\n        \n\t<\/div> <!-- .\/td-block-span12 -->\n\n\t<div class=\"td-block-span12\">\n\r\n        <div class=\"td_module_10 td_module_wrap td-animation-stack\">\r\n            <div class=\"td-module-thumb\"><a href=\"https:\/\/www.gskos.unios.hr\/index.php\/noc-knjige-u-gradskoj-i-sveucilisnoj-knjiznici-osijek\/\" rel=\"bookmark\" class=\"td-image-wrap\" title=\"No\u0107 knjige u Gradskoj i sveu\u010dili\u0161noj knji\u017enici Osijek\"><img width=\"218\" height=\"150\" class=\"entry-thumb\" src=\"https:\/\/www.gskos.unios.hr\/wp-content\/uploads\/2023\/04\/NOC-KNJIGE-plakat-naslovna-02-01-218x150.png\" srcset=\"https:\/\/www.gskos.unios.hr\/wp-content\/uploads\/2023\/04\/NOC-KNJIGE-plakat-naslovna-02-01-218x150.png 218w, https:\/\/www.gskos.unios.hr\/wp-content\/uploads\/2023\/04\/NOC-KNJIGE-plakat-naslovna-02-01-100x70.png 100w\" sizes=\"(max-width: 218px) 100vw, 218px\" alt=\"\" title=\"No\u0107 knjige u Gradskoj i sveu\u010dili\u0161noj knji\u017enici Osijek\"\/><\/a><\/div>\r\n            <div class=\"item-details\">\r\n            <h3 class=\"entry-title td-module-title\"><a href=\"https:\/\/www.gskos.unios.hr\/index.php\/noc-knjige-u-gradskoj-i-sveucilisnoj-knjiznici-osijek\/\" rel=\"bookmark\" title=\"No\u0107 knjige u Gradskoj i sveu\u010dili\u0161noj knji\u017enici Osijek\">No\u0107 knjige u Gradskoj i sveu\u010dili\u0161noj knji\u017enici Osijek<\/a><\/h3>\r\n                <div class=\"td-module-meta-info\">\r\n                    <a href=\"https:\/\/www.gskos.unios.hr\/index.php\/category\/aktivnosti\/\" class=\"td-post-category\">AKTIVNOSTI<\/a>                                                <span class=\"td-post-date\"><time class=\"entry-date updated td-module-date\" datetime=\"2023-04-17T12:27:02+00:00\" >17. travnja 2023.<\/time><\/span>                                        <\/div>\r\n\r\n                <div class=\"td-excerpt\">\r\n                    Gradska i sveu\u010dili\u0161na knji\u017enica Osijek, u razdoblju od petka, 21. travnja, do subote, 22. travnja 2023. godine, obilje\u017eava No\u0107 knjige. Sredi\u0161nja \u0107e knji\u017enica, u petak, 21. travnja, raditi s korisnicima od...                <\/div>\r\n            <\/div>\r\n\r\n        <\/div>\r\n\r\n        \n\t<\/div> <!-- .\/td-block-span12 --><\/div><\/div> <!-- .\/block -->[vc_empty_space height=&#8221;50px&#8221;][\/vc_column][\/vc_row]<\/p>\n<\/section>","protected":false},"excerpt":{"rendered":"<p>[vc_row full_width=&#8221;stretch_row&#8221; content_placement=&#8221;bottom&#8221; first_background_type=&#8221;gradient&#8221; enable_parallax=&#8221;true&#8221; parallax_background=&#8221;7473&#8243; css=&#8221;.vc_custom_1519992785941{background-position: center !important;background-repeat: no-repeat !important;background-size: cover !important;}&#8221;][vc_column alignment=&#8221;center&#8221;][\/vc_column][\/vc_row][vc_row][vc_column][vc_empty_space height=&#8221;50px&#8221;][vc_empty_space height=&#8221;50px&#8221;][vc_column_text] Gradska i sveu\u010dili\u0161na knji\u017enica Osijek nizom razli\u010ditih aktivnosti, samostalno i u suradnji s drugim institucijama, organizacijama, neprofitnim i interesnim skupinama aktivno se, od samog po\u010detka, uklju\u010dila u\u00a0 program obilje\u017eavanja No\u0107i knjige. Manifestacija No\u0107 knjige pokrenuta je 2012. godine na<\/p>\n","protected":false},"author":3,"featured_media":0,"parent":0,"menu_order":0,"comment_status":"closed","ping_status":"closed","template":"","meta":{"_mi_skip_tracking":false},"_links":{"self":[{"href":"https:\/\/www.gskos.unios.hr\/index.php\/wp-json\/wp\/v2\/pages\/7467"}],"collection":[{"href":"https:\/\/www.gskos.unios.hr\/index.php\/wp-json\/wp\/v2\/pages"}],"about":[{"href":"https:\/\/www.gskos.unios.hr\/index.php\/wp-json\/wp\/v2\/types\/page"}],"author":[{"embeddable":true,"href":"https:\/\/www.gskos.unios.hr\/index.php\/wp-json\/wp\/v2\/users\/3"}],"replies":[{"embeddable":true,"href":"https:\/\/www.gskos.unios.hr\/index.php\/wp-json\/wp\/v2\/comments?post=7467"}],"version-history":[{"count":7,"href":"https:\/\/www.gskos.unios.hr\/index.php\/wp-json\/wp\/v2\/pages\/7467\/revisions"}],"predecessor-version":[{"id":7476,"href":"https:\/\/www.gskos.unios.hr\/index.php\/wp-json\/wp\/v2\/pages\/7467\/revisions\/7476"}],"wp:attachment":[{"href":"https:\/\/www.gskos.unios.hr\/index.php\/wp-json\/wp\/v2\/media?parent=7467"}],"curies":[{"name":"wp","href":"https:\/\/api.w.org\/{rel}","templated":true}]}}