{"id":7479,"date":"2018-03-02T13:24:06","date_gmt":"2018-03-02T12:24:06","guid":{"rendered":"http:\/\/www.gskos.unios.hr\/?page_id=7479"},"modified":"2018-03-02T13:31:58","modified_gmt":"2018-03-02T12:31:58","slug":"permakultura-u-gradovima","status":"publish","type":"page","link":"https:\/\/www.gskos.unios.hr\/index.php\/permakultura-u-gradovima\/","title":{"rendered":"PERMAKULTURA U GRADOVIMA"},"content":{"rendered":"<section class=\"wpb-content-wrapper\"><p>[vc_row full_width=&#8221;stretch_row&#8221; content_placement=&#8221;bottom&#8221; first_background_type=&#8221;gradient&#8221; enable_parallax=&#8221;true&#8221; parallax_background=&#8221;7483&#8243; css=&#8221;.vc_custom_1519993917304{background-position: center !important;background-repeat: no-repeat !important;background-size: cover !important;}&#8221;][vc_column alignment=&#8221;center&#8221;]<div id=\"mpc_textblock-6269f210532e2a6\" class=\"mpc-textblock mpc-init mpc-typography--preset_0 mpc-animation \" data-animation-in=\"transition.slideDownBigIn||3250||0||100\"><p>PERMAKULTURA U GRADOVIMA<\/p>\n<\/div>[\/vc_column][\/vc_row][vc_row][vc_column][vc_empty_space height=&#8221;50px&#8221;]<div data-id=\"mpc_divider-969f210532e373\" class=\"mpc-divider-wrap\"><div class=\"mpc-divider mpc-init mpc-align--center \" ><div class=\"mpc-divider__line mpc-side--left\"><span><\/span><\/div><div class=\"mpc-divider__separator\"><div class=\"mpc-divider__content fa fa-circle\"><\/div><\/div><div class=\"mpc-divider__line mpc-side--right\"><span><\/span><\/div><\/div><\/div>[vc_empty_space height=&#8221;50px&#8221;][vc_column_text]<\/p>\n<p style=\"text-align: justify;\">Na tragu dugogodi\u0161njeg promicanja ekolo\u0161kih tema od 2014. godine\u00a0 Gradska i sveu\u010dili\u0161na knji\u017enica Osijek u suradnji s Press centrom za okoli\u0161 Hrvatske organizira i provodi ciklus radionica pod nazivom \u201ePermakultura u gradovima\u201c kojima je cilj potaknuti interes\u00a0 za promicanjem aktivnosti koje vode k brizi za ljude, za Zemlju, k pravednoj raspodjeli resursa, k solidarnosti i uva\u017eavanju drugih bi\u0107a.<\/p>\n<p style=\"text-align: justify;\">Permakultura je metoda i skup znanja o dizajniranju odr\u017eivih ljudskih zajednica prema uzorcima iz prirode, nastala kao spoj starih tradicijskih tehnika oboga\u0107enih novim\u00a0 znanjima i tehnologijom iz mno\u0161tva znanosti i ljudskih djelatnosti, poput arhitekture, graditeljstva, poljoprivrede i \u0161umarstva, kemije, biologije, sociologije, urbanizma, ekologije, ekonomije, energetike, gospodarenja vodama i otpadom itd. Primjenom tih znanja mo\u017eemo organizirati resurse kojima gospodarimo i stvarati uravnote\u017eene i odr\u017eive \u017eivotne sredine. Mnogi projekti uzgoja vlastite hrane koji su pokrenuti od permakulturista, spa\u0161avaju \u017eivote i ozelenjavaju pustinje. \u00a0Permakultura uzima u obzir lokalnu kulturu, klimu, lokalne uzorke i navike, te nudi bazi\u010dno znanje o promatranju specifi\u010dnosti krajolika, klime, zemlje, flore i faune, insolacije i vode te ih uvr\u0161tava u jedinstveni dizajn prilago\u0111en odre\u0111enom korisniku ili korisnicima.<\/p>\n<p style=\"text-align: justify;\">U sklopu projekta u dvori\u0161tu knji\u017enice ure\u0111en je <em>permakulturni vrt <\/em>i objavljene su tri bro\u0161ure dostupne u <a href=\"http:\/\/www.gskos.unios.hr\/index.php\/nasa-izdanja\/\" target=\"_blank\" rel=\"noopener\"><strong>polici s izdanjima Knji\u017enice.<\/strong><\/a><\/p>\n<p>[\/vc_column_text][vc_empty_space height=&#8221;50px&#8221;]<div class=\"td_block_wrap td_block_11 td_uid_1_69f210532e418_rand td-pb-border-top td_block_template_14 tdc-no-posts tdb-no-posts td-column-1\"  data-td-block-uid=\"td_uid_1_69f210532e418\" ><script>var block_td_uid_1_69f210532e418 = new tdBlock();\nblock_td_uid_1_69f210532e418.id = \"td_uid_1_69f210532e418\";\nblock_td_uid_1_69f210532e418.atts = '{\"category_id\":\"53\",\"separator\":\"\",\"custom_title\":\"\",\"custom_url\":\"\",\"block_template_id\":\"\",\"m10_tl\":\"\",\"m10_el\":\"\",\"post_ids\":\"\",\"category_ids\":\"\",\"tag_slug\":\"\",\"autors_id\":\"\",\"installed_post_types\":\"\",\"sort\":\"\",\"limit\":\"5\",\"offset\":\"\",\"el_class\":\"\",\"td_ajax_filter_type\":\"\",\"td_ajax_filter_ids\":\"\",\"td_filter_default_txt\":\"All\",\"td_ajax_preloading\":\"\",\"f_header_font_header\":\"\",\"f_header_font_title\":\"Block header\",\"f_header_font_settings\":\"\",\"f_header_font_family\":\"\",\"f_header_font_size\":\"\",\"f_header_font_line_height\":\"\",\"f_header_font_style\":\"\",\"f_header_font_weight\":\"\",\"f_header_font_transform\":\"\",\"f_header_font_spacing\":\"\",\"f_header_\":\"\",\"f_ajax_font_title\":\"Ajax categories\",\"f_ajax_font_settings\":\"\",\"f_ajax_font_family\":\"\",\"f_ajax_font_size\":\"\",\"f_ajax_font_line_height\":\"\",\"f_ajax_font_style\":\"\",\"f_ajax_font_weight\":\"\",\"f_ajax_font_transform\":\"\",\"f_ajax_font_spacing\":\"\",\"f_ajax_\":\"\",\"f_more_font_title\":\"Load more button\",\"f_more_font_settings\":\"\",\"f_more_font_family\":\"\",\"f_more_font_size\":\"\",\"f_more_font_line_height\":\"\",\"f_more_font_style\":\"\",\"f_more_font_weight\":\"\",\"f_more_font_transform\":\"\",\"f_more_font_spacing\":\"\",\"f_more_\":\"\",\"m10f_title_font_header\":\"\",\"m10f_title_font_title\":\"Article title\",\"m10f_title_font_settings\":\"\",\"m10f_title_font_family\":\"\",\"m10f_title_font_size\":\"\",\"m10f_title_font_line_height\":\"\",\"m10f_title_font_style\":\"\",\"m10f_title_font_weight\":\"\",\"m10f_title_font_transform\":\"\",\"m10f_title_font_spacing\":\"\",\"m10f_title_\":\"\",\"m10f_cat_font_title\":\"Article category tag\",\"m10f_cat_font_settings\":\"\",\"m10f_cat_font_family\":\"\",\"m10f_cat_font_size\":\"\",\"m10f_cat_font_line_height\":\"\",\"m10f_cat_font_style\":\"\",\"m10f_cat_font_weight\":\"\",\"m10f_cat_font_transform\":\"\",\"m10f_cat_font_spacing\":\"\",\"m10f_cat_\":\"\",\"m10f_meta_font_title\":\"Article meta info\",\"m10f_meta_font_settings\":\"\",\"m10f_meta_font_family\":\"\",\"m10f_meta_font_size\":\"\",\"m10f_meta_font_line_height\":\"\",\"m10f_meta_font_style\":\"\",\"m10f_meta_font_weight\":\"\",\"m10f_meta_font_transform\":\"\",\"m10f_meta_font_spacing\":\"\",\"m10f_meta_\":\"\",\"m10f_ex_font_title\":\"Article excerpt\",\"m10f_ex_font_settings\":\"\",\"m10f_ex_font_family\":\"\",\"m10f_ex_font_size\":\"\",\"m10f_ex_font_line_height\":\"\",\"m10f_ex_font_style\":\"\",\"m10f_ex_font_weight\":\"\",\"m10f_ex_font_transform\":\"\",\"m10f_ex_font_spacing\":\"\",\"m10f_ex_\":\"\",\"ajax_pagination\":\"\",\"ajax_pagination_infinite_stop\":\"\",\"css\":\"\",\"tdc_css\":\"\",\"td_column_number\":1,\"header_color\":\"\",\"color_preset\":\"\",\"border_top\":\"\",\"class\":\"td_uid_1_69f210532e418_rand\",\"tdc_css_class\":\"td_uid_1_69f210532e418_rand\",\"tdc_css_class_style\":\"td_uid_1_69f210532e418_rand_style\"}';\nblock_td_uid_1_69f210532e418.td_column_number = \"1\";\nblock_td_uid_1_69f210532e418.block_type = \"td_block_11\";\nblock_td_uid_1_69f210532e418.post_count = \"0\";\nblock_td_uid_1_69f210532e418.found_posts = \"0\";\nblock_td_uid_1_69f210532e418.header_color = \"\";\nblock_td_uid_1_69f210532e418.ajax_pagination_infinite_stop = \"\";\nblock_td_uid_1_69f210532e418.max_num_pages = \"0\";\ntdBlocksArray.push(block_td_uid_1_69f210532e418);\n<\/script><div class=\"td-block-title-wrap\"><\/div><div id=td_uid_1_69f210532e418 class=\"td_block_inner\"><\/div><\/div> <!-- .\/block -->[vc_empty_space height=&#8221;50px&#8221;][\/vc_column][\/vc_row]<\/p>\n<\/section>","protected":false},"excerpt":{"rendered":"<p>[vc_row full_width=&#8221;stretch_row&#8221; content_placement=&#8221;bottom&#8221; first_background_type=&#8221;gradient&#8221; enable_parallax=&#8221;true&#8221; parallax_background=&#8221;7483&#8243; css=&#8221;.vc_custom_1519993917304{background-position: center !important;background-repeat: no-repeat !important;background-size: cover !important;}&#8221;][vc_column alignment=&#8221;center&#8221;][\/vc_column][\/vc_row][vc_row][vc_column][vc_empty_space height=&#8221;50px&#8221;][vc_empty_space height=&#8221;50px&#8221;][vc_column_text] Na tragu dugogodi\u0161njeg promicanja ekolo\u0161kih tema od 2014. godine\u00a0 Gradska i sveu\u010dili\u0161na knji\u017enica Osijek u suradnji s Press centrom za okoli\u0161 Hrvatske organizira i provodi ciklus radionica pod nazivom \u201ePermakultura u gradovima\u201c kojima je cilj potaknuti interes\u00a0 za promicanjem<\/p>\n","protected":false},"author":3,"featured_media":0,"parent":0,"menu_order":0,"comment_status":"closed","ping_status":"closed","template":"","meta":{"_mi_skip_tracking":false},"_links":{"self":[{"href":"https:\/\/www.gskos.unios.hr\/index.php\/wp-json\/wp\/v2\/pages\/7479"}],"collection":[{"href":"https:\/\/www.gskos.unios.hr\/index.php\/wp-json\/wp\/v2\/pages"}],"about":[{"href":"https:\/\/www.gskos.unios.hr\/index.php\/wp-json\/wp\/v2\/types\/page"}],"author":[{"embeddable":true,"href":"https:\/\/www.gskos.unios.hr\/index.php\/wp-json\/wp\/v2\/users\/3"}],"replies":[{"embeddable":true,"href":"https:\/\/www.gskos.unios.hr\/index.php\/wp-json\/wp\/v2\/comments?post=7479"}],"version-history":[{"count":3,"href":"https:\/\/www.gskos.unios.hr\/index.php\/wp-json\/wp\/v2\/pages\/7479\/revisions"}],"predecessor-version":[{"id":7484,"href":"https:\/\/www.gskos.unios.hr\/index.php\/wp-json\/wp\/v2\/pages\/7479\/revisions\/7484"}],"wp:attachment":[{"href":"https:\/\/www.gskos.unios.hr\/index.php\/wp-json\/wp\/v2\/media?parent=7479"}],"curies":[{"name":"wp","href":"https:\/\/api.w.org\/{rel}","templated":true}]}}