{"id":7496,"date":"2018-03-02T14:02:53","date_gmt":"2018-03-02T13:02:53","guid":{"rendered":"http:\/\/www.gskos.unios.hr\/?page_id=7496"},"modified":"2018-03-02T14:13:11","modified_gmt":"2018-03-02T13:13:11","slug":"ukorak-s-vremenom","status":"publish","type":"page","link":"https:\/\/www.gskos.unios.hr\/index.php\/ukorak-s-vremenom\/","title":{"rendered":"UKORAK S VREMENOM"},"content":{"rendered":"<section class=\"wpb-content-wrapper\"><p>[vc_row full_width=&#8221;stretch_row&#8221; content_placement=&#8221;bottom&#8221; first_background_type=&#8221;gradient&#8221; enable_parallax=&#8221;true&#8221; parallax_background=&#8221;7501&#8243; css=&#8221;.vc_custom_1519996391287{background-position: center !important;background-repeat: no-repeat !important;background-size: cover !important;}&#8221;][vc_column alignment=&#8221;center&#8221;]<div id=\"mpc_textblock-1169d66bb19259d\" class=\"mpc-textblock mpc-init mpc-typography--preset_0 mpc-animation \" data-animation-in=\"transition.slideDownBigIn||3250||0||100\"><p>UKORAK S VREMENOM<\/p>\n<\/div>[\/vc_column][\/vc_row][vc_row][vc_column][vc_empty_space height=&#8221;50px&#8221;]<div data-id=\"mpc_divider-6669d66bb192662\" class=\"mpc-divider-wrap\"><div class=\"mpc-divider mpc-init mpc-align--center \" ><div class=\"mpc-divider__line mpc-side--left\"><span><\/span><\/div><div class=\"mpc-divider__separator\"><div class=\"mpc-divider__content fa fa-circle\"><\/div><\/div><div class=\"mpc-divider__line mpc-side--right\"><span><\/span><\/div><\/div><\/div>[vc_empty_space height=&#8221;50px&#8221;][\/vc_column][\/vc_row][vc_row][vc_column][vc_column_text]<\/p>\n<p style=\"text-align: justify;\">Osobe tre\u0107e \u017eivotne dobi koje nakon umirovljenja sudjeluju u raznim grupnim dru\u0161tvenim aktivnostima i u\u010dlanjene su u, primjerice knji\u017eevne grupe, grupe za brid\u017e ili su aktivne u skupinama koje djeluju pri njihovoj zajednici, kandidati su za dulji i ispunjeniji \u017eivot.<\/p>\n<p style=\"text-align: justify;\">Potaknuti prethodnim iskustvima te zadovoljavaju\u0107im odazivom umirovljenika na ranije organiziranim aktivnostima u Knji\u017enici, a prepoznav\u0161i potrebu uklju\u010divanja osoba tre\u0107e \u017eivotne dobi u programe i aktivnosti koje nudi, Gradska i sveu\u010dili\u0161na knji\u017enica Osijek je u 2016. godini, a na inicijativu udruge Aktivni umirovljenici Osijek organizirala novi program pod nazivom &#8220;U korak s vremenom \u2013 osnove rada na ra\u010dunalu&#8221;. Program je namijenjen umirovljenicima koji se dosad nisu ili su se vrlo malo susretali s radom na ra\u010dunalima. Po zavr\u0161enom programu polaznici znaju koristiti operacijski sustav Windows (organizacija podataka \u2013 rad s mapama i datotekama), napisati, urediti i spremiti dokument, pretra\u017eivati internet, slati elektroni\u010dku po\u0161tu, koristiti dru\u0161tvene mre\u017ee te popularni softver za komunikaciju s ljudima \u0161irom svijeta, Skype.<\/p>\n<p style=\"text-align: justify;\">Za osobe tre\u0107e \u017eivotne dobi u 2016. godini \u00a0Gradska i sveu\u010dili\u0161na knji\u017enica Osijek i \u017denska udruga &#8220;IZVOR&#8221; u \u00a0organizirali su \u00a0besplatni te\u010daj engleskog jezika za osobe tre\u0107e \u017eivotne dobi pod nazivom \u00a0\u201eUkorak s vremenom \u2013 Engleski jezik\u201c . Te\u010daj op\u0107eg engleskog jezika namijenjen je umirovljenicima koji \u017eele unaprje\u0111ivati sve \u010detiri jezi\u010dne vje\u0161tine (\u010ditanje, slu\u0161anje, pisanje i govor), uvje\u017ebavati gramati\u010dke strukture i pro\u0161irivati vokabular.<\/p>\n<p>[\/vc_column_text]<div class=\"td_block_wrap td_block_11 td_uid_1_69d66bb1926fd_rand td-pb-border-top td_block_template_14 tdc-no-posts tdb-no-posts td-column-1\"  data-td-block-uid=\"td_uid_1_69d66bb1926fd\" ><script>var block_td_uid_1_69d66bb1926fd = new tdBlock();\nblock_td_uid_1_69d66bb1926fd.id = \"td_uid_1_69d66bb1926fd\";\nblock_td_uid_1_69d66bb1926fd.atts = '{\"category_id\":\"55\",\"separator\":\"\",\"custom_title\":\"\",\"custom_url\":\"\",\"block_template_id\":\"\",\"m10_tl\":\"\",\"m10_el\":\"\",\"post_ids\":\"\",\"category_ids\":\"\",\"tag_slug\":\"\",\"autors_id\":\"\",\"installed_post_types\":\"\",\"sort\":\"\",\"limit\":\"5\",\"offset\":\"\",\"el_class\":\"\",\"td_ajax_filter_type\":\"\",\"td_ajax_filter_ids\":\"\",\"td_filter_default_txt\":\"All\",\"td_ajax_preloading\":\"\",\"f_header_font_header\":\"\",\"f_header_font_title\":\"Block header\",\"f_header_font_settings\":\"\",\"f_header_font_family\":\"\",\"f_header_font_size\":\"\",\"f_header_font_line_height\":\"\",\"f_header_font_style\":\"\",\"f_header_font_weight\":\"\",\"f_header_font_transform\":\"\",\"f_header_font_spacing\":\"\",\"f_header_\":\"\",\"f_ajax_font_title\":\"Ajax categories\",\"f_ajax_font_settings\":\"\",\"f_ajax_font_family\":\"\",\"f_ajax_font_size\":\"\",\"f_ajax_font_line_height\":\"\",\"f_ajax_font_style\":\"\",\"f_ajax_font_weight\":\"\",\"f_ajax_font_transform\":\"\",\"f_ajax_font_spacing\":\"\",\"f_ajax_\":\"\",\"f_more_font_title\":\"Load more button\",\"f_more_font_settings\":\"\",\"f_more_font_family\":\"\",\"f_more_font_size\":\"\",\"f_more_font_line_height\":\"\",\"f_more_font_style\":\"\",\"f_more_font_weight\":\"\",\"f_more_font_transform\":\"\",\"f_more_font_spacing\":\"\",\"f_more_\":\"\",\"m10f_title_font_header\":\"\",\"m10f_title_font_title\":\"Article title\",\"m10f_title_font_settings\":\"\",\"m10f_title_font_family\":\"\",\"m10f_title_font_size\":\"\",\"m10f_title_font_line_height\":\"\",\"m10f_title_font_style\":\"\",\"m10f_title_font_weight\":\"\",\"m10f_title_font_transform\":\"\",\"m10f_title_font_spacing\":\"\",\"m10f_title_\":\"\",\"m10f_cat_font_title\":\"Article category tag\",\"m10f_cat_font_settings\":\"\",\"m10f_cat_font_family\":\"\",\"m10f_cat_font_size\":\"\",\"m10f_cat_font_line_height\":\"\",\"m10f_cat_font_style\":\"\",\"m10f_cat_font_weight\":\"\",\"m10f_cat_font_transform\":\"\",\"m10f_cat_font_spacing\":\"\",\"m10f_cat_\":\"\",\"m10f_meta_font_title\":\"Article meta info\",\"m10f_meta_font_settings\":\"\",\"m10f_meta_font_family\":\"\",\"m10f_meta_font_size\":\"\",\"m10f_meta_font_line_height\":\"\",\"m10f_meta_font_style\":\"\",\"m10f_meta_font_weight\":\"\",\"m10f_meta_font_transform\":\"\",\"m10f_meta_font_spacing\":\"\",\"m10f_meta_\":\"\",\"m10f_ex_font_title\":\"Article excerpt\",\"m10f_ex_font_settings\":\"\",\"m10f_ex_font_family\":\"\",\"m10f_ex_font_size\":\"\",\"m10f_ex_font_line_height\":\"\",\"m10f_ex_font_style\":\"\",\"m10f_ex_font_weight\":\"\",\"m10f_ex_font_transform\":\"\",\"m10f_ex_font_spacing\":\"\",\"m10f_ex_\":\"\",\"ajax_pagination\":\"\",\"ajax_pagination_infinite_stop\":\"\",\"css\":\"\",\"tdc_css\":\"\",\"td_column_number\":1,\"header_color\":\"\",\"color_preset\":\"\",\"border_top\":\"\",\"class\":\"td_uid_1_69d66bb1926fd_rand\",\"tdc_css_class\":\"td_uid_1_69d66bb1926fd_rand\",\"tdc_css_class_style\":\"td_uid_1_69d66bb1926fd_rand_style\"}';\nblock_td_uid_1_69d66bb1926fd.td_column_number = \"1\";\nblock_td_uid_1_69d66bb1926fd.block_type = \"td_block_11\";\nblock_td_uid_1_69d66bb1926fd.post_count = \"0\";\nblock_td_uid_1_69d66bb1926fd.found_posts = \"0\";\nblock_td_uid_1_69d66bb1926fd.header_color = \"\";\nblock_td_uid_1_69d66bb1926fd.ajax_pagination_infinite_stop = \"\";\nblock_td_uid_1_69d66bb1926fd.max_num_pages = \"0\";\ntdBlocksArray.push(block_td_uid_1_69d66bb1926fd);\n<\/script><div class=\"td-block-title-wrap\"><\/div><div id=td_uid_1_69d66bb1926fd class=\"td_block_inner\"><\/div><\/div> <!-- .\/block -->[vc_empty_space height=&#8221;50px&#8221;][\/vc_column][\/vc_row]<\/p>\n<\/section>","protected":false},"excerpt":{"rendered":"<p>[vc_row full_width=&#8221;stretch_row&#8221; content_placement=&#8221;bottom&#8221; first_background_type=&#8221;gradient&#8221; enable_parallax=&#8221;true&#8221; parallax_background=&#8221;7501&#8243; css=&#8221;.vc_custom_1519996391287{background-position: center !important;background-repeat: no-repeat !important;background-size: cover !important;}&#8221;][vc_column alignment=&#8221;center&#8221;][\/vc_column][\/vc_row][vc_row][vc_column][vc_empty_space height=&#8221;50px&#8221;][vc_empty_space height=&#8221;50px&#8221;][\/vc_column][\/vc_row][vc_row][vc_column][vc_column_text] Osobe tre\u0107e \u017eivotne dobi koje nakon umirovljenja sudjeluju u raznim grupnim dru\u0161tvenim aktivnostima i u\u010dlanjene su u, primjerice knji\u017eevne grupe, grupe za brid\u017e ili su aktivne u skupinama koje djeluju pri njihovoj zajednici, kandidati su za dulji i ispunjeniji<\/p>\n","protected":false},"author":3,"featured_media":0,"parent":0,"menu_order":0,"comment_status":"closed","ping_status":"closed","template":"","meta":{"_mi_skip_tracking":false},"_links":{"self":[{"href":"https:\/\/www.gskos.unios.hr\/index.php\/wp-json\/wp\/v2\/pages\/7496"}],"collection":[{"href":"https:\/\/www.gskos.unios.hr\/index.php\/wp-json\/wp\/v2\/pages"}],"about":[{"href":"https:\/\/www.gskos.unios.hr\/index.php\/wp-json\/wp\/v2\/types\/page"}],"author":[{"embeddable":true,"href":"https:\/\/www.gskos.unios.hr\/index.php\/wp-json\/wp\/v2\/users\/3"}],"replies":[{"embeddable":true,"href":"https:\/\/www.gskos.unios.hr\/index.php\/wp-json\/wp\/v2\/comments?post=7496"}],"version-history":[{"count":3,"href":"https:\/\/www.gskos.unios.hr\/index.php\/wp-json\/wp\/v2\/pages\/7496\/revisions"}],"predecessor-version":[{"id":7502,"href":"https:\/\/www.gskos.unios.hr\/index.php\/wp-json\/wp\/v2\/pages\/7496\/revisions\/7502"}],"wp:attachment":[{"href":"https:\/\/www.gskos.unios.hr\/index.php\/wp-json\/wp\/v2\/media?parent=7496"}],"curies":[{"name":"wp","href":"https:\/\/api.w.org\/{rel}","templated":true}]}}