{"id":7767,"date":"2018-03-27T14:35:42","date_gmt":"2018-03-27T12:35:42","guid":{"rendered":"http:\/\/www.gskos.unios.hr\/?page_id=7767"},"modified":"2018-03-27T14:47:28","modified_gmt":"2018-03-27T12:47:28","slug":"festival-jezika","status":"publish","type":"page","link":"https:\/\/www.gskos.unios.hr\/index.php\/festival-jezika\/","title":{"rendered":"FESTIVAL JEZIKA"},"content":{"rendered":"<section class=\"wpb-content-wrapper\"><p>[vc_row full_width=&#8221;stretch_row&#8221; content_placement=&#8221;bottom&#8221; first_background_type=&#8221;gradient&#8221; enable_parallax=&#8221;true&#8221; parallax_background=&#8221;7775&#8243; css=&#8221;.vc_custom_1522154846584{background-position: center !important;background-repeat: no-repeat !important;background-size: cover !important;}&#8221;][vc_column alignment=&#8221;center&#8221;]<div id=\"mpc_textblock-3369d2b8dc235c7\" class=\"mpc-textblock mpc-init mpc-typography--preset_0 mpc-animation \" data-animation-in=\"transition.slideDownBigIn||3250||0||100\"><p>FESTIVAL JEZIKA<\/p>\n<\/div>[\/vc_column][\/vc_row][vc_row][vc_column][vc_empty_space height=&#8221;50px&#8221;]<div data-id=\"mpc_divider-8669d2b8dc23672\" class=\"mpc-divider-wrap\"><div class=\"mpc-divider mpc-init mpc-align--center \" ><div class=\"mpc-divider__line mpc-side--left\"><span><\/span><\/div><div class=\"mpc-divider__separator\"><div class=\"mpc-divider__content fa fa-circle\"><\/div><\/div><div class=\"mpc-divider__line mpc-side--right\"><span><\/span><\/div><\/div><\/div>[vc_empty_space height=&#8221;50px&#8221;][vc_column_text]Odjel za rad s djecom i mladima i Austrijska \u010ditaonica GISKO kontinuirano, od 2012. godine, nizom kreativnih susreta, obilje\u017eavaju Me\u0111unarodni dan materinskoga jezika (21. velja\u010de).\u00a0 Aktivnosti su namijenjene svim dobnim skupinama, kako korisnicima Knji\u017enice tako i ostalim gra\u0111anima s ciljem u\u010dvr\u0161\u0107ivanja svijesti o\u010duvanja materinskog jezika, kako hrvatskog, tako i jezika manjinskih skupina koje \u017eive na podru\u010dju\u00a0 Osje\u010dko-baranjske \u017eupanije.<\/p>\n<p>Bogati program nudi niz aktivnosti na ma\u0111arskom, njema\u010dkom, srpskom, ukrajinskom, rusinskom, albanskom, rusinskom i romskom jeziku. To su igraonice , pri\u010daonice, predstavljanja knjiga i susreti s knji\u017eevnicima, \u010ditanje poezije, etno-kreativne radionice,\u00a0 izlo\u017ebe, okrugli stol, a sve s ciljem razvijanja socijalizacije, komunikacijskih vje\u0161tina i postizanje integracije govornika odre\u0111enog jezika i onih sudionika koji ne poznaju jezik skupine.<\/p>\n<p>Kao rezultat vi\u0161egodi\u0161njeg provo\u0111enja programa objavljena je bro\u0161ura:<\/p>\n<p><a href=\"http:\/\/www.gskos.unios.hr\/index.php\/nasa-izdanja\/#festival_jezika_gisko_-_2._pro%C5%A1ireno_izdanje\"><strong>Festival jezika GISKO<\/strong><\/a> : uloga knji\u017enice u njegovanju jezi\u010dne raznolikosti : primjeri i preporuke Gradske i sveu\u010dili\u0161ne knji\u017enice Osijek \/ Suzana Biglbauer, Klara Bili\u0107 Me\u0161tri\u0107, Sini\u0161a Petkovi\u0107. 2. pro\u0161ireno izd. Osijek : Gradska i sveu\u010dili\u0161na knji\u017enica Osijek, 2016.[\/vc_column_text][vc_empty_space height=&#8221;50px&#8221;]<div class=\"td_block_wrap td_block_11 td_uid_1_69d2b8dc23705_rand td-pb-border-top td_block_template_14 td-column-1\"  data-td-block-uid=\"td_uid_1_69d2b8dc23705\" ><script>var block_td_uid_1_69d2b8dc23705 = new tdBlock();\nblock_td_uid_1_69d2b8dc23705.id = \"td_uid_1_69d2b8dc23705\";\nblock_td_uid_1_69d2b8dc23705.atts = '{\"category_id\":\"57\",\"separator\":\"\",\"custom_title\":\"\",\"custom_url\":\"\",\"block_template_id\":\"\",\"m10_tl\":\"\",\"m10_el\":\"\",\"post_ids\":\"\",\"category_ids\":\"\",\"tag_slug\":\"\",\"autors_id\":\"\",\"installed_post_types\":\"\",\"sort\":\"\",\"limit\":\"5\",\"offset\":\"\",\"el_class\":\"\",\"td_ajax_filter_type\":\"\",\"td_ajax_filter_ids\":\"\",\"td_filter_default_txt\":\"All\",\"td_ajax_preloading\":\"\",\"f_header_font_header\":\"\",\"f_header_font_title\":\"Block header\",\"f_header_font_settings\":\"\",\"f_header_font_family\":\"\",\"f_header_font_size\":\"\",\"f_header_font_line_height\":\"\",\"f_header_font_style\":\"\",\"f_header_font_weight\":\"\",\"f_header_font_transform\":\"\",\"f_header_font_spacing\":\"\",\"f_header_\":\"\",\"f_ajax_font_title\":\"Ajax categories\",\"f_ajax_font_settings\":\"\",\"f_ajax_font_family\":\"\",\"f_ajax_font_size\":\"\",\"f_ajax_font_line_height\":\"\",\"f_ajax_font_style\":\"\",\"f_ajax_font_weight\":\"\",\"f_ajax_font_transform\":\"\",\"f_ajax_font_spacing\":\"\",\"f_ajax_\":\"\",\"f_more_font_title\":\"Load more button\",\"f_more_font_settings\":\"\",\"f_more_font_family\":\"\",\"f_more_font_size\":\"\",\"f_more_font_line_height\":\"\",\"f_more_font_style\":\"\",\"f_more_font_weight\":\"\",\"f_more_font_transform\":\"\",\"f_more_font_spacing\":\"\",\"f_more_\":\"\",\"m10f_title_font_header\":\"\",\"m10f_title_font_title\":\"Article title\",\"m10f_title_font_settings\":\"\",\"m10f_title_font_family\":\"\",\"m10f_title_font_size\":\"\",\"m10f_title_font_line_height\":\"\",\"m10f_title_font_style\":\"\",\"m10f_title_font_weight\":\"\",\"m10f_title_font_transform\":\"\",\"m10f_title_font_spacing\":\"\",\"m10f_title_\":\"\",\"m10f_cat_font_title\":\"Article category tag\",\"m10f_cat_font_settings\":\"\",\"m10f_cat_font_family\":\"\",\"m10f_cat_font_size\":\"\",\"m10f_cat_font_line_height\":\"\",\"m10f_cat_font_style\":\"\",\"m10f_cat_font_weight\":\"\",\"m10f_cat_font_transform\":\"\",\"m10f_cat_font_spacing\":\"\",\"m10f_cat_\":\"\",\"m10f_meta_font_title\":\"Article meta info\",\"m10f_meta_font_settings\":\"\",\"m10f_meta_font_family\":\"\",\"m10f_meta_font_size\":\"\",\"m10f_meta_font_line_height\":\"\",\"m10f_meta_font_style\":\"\",\"m10f_meta_font_weight\":\"\",\"m10f_meta_font_transform\":\"\",\"m10f_meta_font_spacing\":\"\",\"m10f_meta_\":\"\",\"m10f_ex_font_title\":\"Article excerpt\",\"m10f_ex_font_settings\":\"\",\"m10f_ex_font_family\":\"\",\"m10f_ex_font_size\":\"\",\"m10f_ex_font_line_height\":\"\",\"m10f_ex_font_style\":\"\",\"m10f_ex_font_weight\":\"\",\"m10f_ex_font_transform\":\"\",\"m10f_ex_font_spacing\":\"\",\"m10f_ex_\":\"\",\"ajax_pagination\":\"\",\"ajax_pagination_infinite_stop\":\"\",\"css\":\"\",\"tdc_css\":\"\",\"td_column_number\":1,\"header_color\":\"\",\"color_preset\":\"\",\"border_top\":\"\",\"class\":\"td_uid_1_69d2b8dc23705_rand\",\"tdc_css_class\":\"td_uid_1_69d2b8dc23705_rand\",\"tdc_css_class_style\":\"td_uid_1_69d2b8dc23705_rand_style\"}';\nblock_td_uid_1_69d2b8dc23705.td_column_number = \"1\";\nblock_td_uid_1_69d2b8dc23705.block_type = \"td_block_11\";\nblock_td_uid_1_69d2b8dc23705.post_count = \"5\";\nblock_td_uid_1_69d2b8dc23705.found_posts = \"8\";\nblock_td_uid_1_69d2b8dc23705.header_color = \"\";\nblock_td_uid_1_69d2b8dc23705.ajax_pagination_infinite_stop = \"\";\nblock_td_uid_1_69d2b8dc23705.max_num_pages = \"2\";\ntdBlocksArray.push(block_td_uid_1_69d2b8dc23705);\n<\/script><div class=\"td-block-title-wrap\"><\/div><div id=td_uid_1_69d2b8dc23705 class=\"td_block_inner\">\n\n\t<div class=\"td-block-span12\">\n\r\n        <div class=\"td_module_10 td_module_wrap td-animation-stack\">\r\n            <div class=\"td-module-thumb\"><a href=\"https:\/\/www.gskos.unios.hr\/index.php\/festival-jezika-gisko-2026\/\" rel=\"bookmark\" class=\"td-image-wrap\" title=\"Festival jezika GISKO 2026.\"><img width=\"218\" height=\"150\" class=\"entry-thumb\" src=\"https:\/\/www.gskos.unios.hr\/wp-content\/uploads\/2026\/02\/festival-2026m-218x150.jpg\" srcset=\"https:\/\/www.gskos.unios.hr\/wp-content\/uploads\/2026\/02\/festival-2026m-218x150.jpg 218w, https:\/\/www.gskos.unios.hr\/wp-content\/uploads\/2026\/02\/festival-2026m-100x70.jpg 100w\" sizes=\"(max-width: 218px) 100vw, 218px\" alt=\"\" title=\"Festival jezika GISKO 2026.\"\/><\/a><\/div>\r\n            <div class=\"item-details\">\r\n            <h3 class=\"entry-title td-module-title\"><a href=\"https:\/\/www.gskos.unios.hr\/index.php\/festival-jezika-gisko-2026\/\" rel=\"bookmark\" title=\"Festival jezika GISKO 2026.\">Festival jezika GISKO 2026.<\/a><\/h3>\r\n                <div class=\"td-module-meta-info\">\r\n                    <a href=\"https:\/\/www.gskos.unios.hr\/index.php\/category\/aktivnosti\/\" class=\"td-post-category\">AKTIVNOSTI<\/a>                                                <span class=\"td-post-date\"><time class=\"entry-date updated td-module-date\" datetime=\"2026-02-17T12:24:38+00:00\" >17. velja\u010de 2026.<\/time><\/span>                                        <\/div>\r\n\r\n                <div class=\"td-excerpt\">\r\n                    Gradska i sveu\u010dili\u0161na knji\u017enica manifestacijom &quot;Festival jezika&quot;, 21.\u201323. velja\u010de 2026. godine obilje\u017eava Me\u0111unarodni dan materinskog jezika. Program se odvija s ciljem pridono\u0161enja kulturnoj razmjeni i \u010duvanja tradicionalnih vrijednosti, \u0161irenja multikulturalnosti te...                <\/div>\r\n            <\/div>\r\n\r\n        <\/div>\r\n\r\n        \n\t<\/div> <!-- .\/td-block-span12 -->\n\n\t<div class=\"td-block-span12\">\n\r\n        <div class=\"td_module_10 td_module_wrap td-animation-stack\">\r\n            <div class=\"td-module-thumb\"><a href=\"https:\/\/www.gskos.unios.hr\/index.php\/festival-jezika-gisko-2025\/\" rel=\"bookmark\" class=\"td-image-wrap\" title=\"Festival jezika GISKO 2025.\"><img width=\"218\" height=\"150\" class=\"entry-thumb\" src=\"https:\/\/www.gskos.unios.hr\/wp-content\/uploads\/2025\/02\/Festival-jezika-2025-218x150.jpg\" srcset=\"https:\/\/www.gskos.unios.hr\/wp-content\/uploads\/2025\/02\/Festival-jezika-2025-218x150.jpg 218w, https:\/\/www.gskos.unios.hr\/wp-content\/uploads\/2025\/02\/Festival-jezika-2025-100x70.jpg 100w\" sizes=\"(max-width: 218px) 100vw, 218px\" alt=\"\" title=\"Festival jezika GISKO 2025.\"\/><\/a><\/div>\r\n            <div class=\"item-details\">\r\n            <h3 class=\"entry-title td-module-title\"><a href=\"https:\/\/www.gskos.unios.hr\/index.php\/festival-jezika-gisko-2025\/\" rel=\"bookmark\" title=\"Festival jezika GISKO 2025.\">Festival jezika GISKO 2025.<\/a><\/h3>\r\n                <div class=\"td-module-meta-info\">\r\n                    <a href=\"https:\/\/www.gskos.unios.hr\/index.php\/category\/aktivnosti\/\" class=\"td-post-category\">AKTIVNOSTI<\/a>                                                <span class=\"td-post-date\"><time class=\"entry-date updated td-module-date\" datetime=\"2025-02-14T07:37:55+00:00\" >14. velja\u010de 2025.<\/time><\/span>                                        <\/div>\r\n\r\n                <div class=\"td-excerpt\">\r\n                    Gradska i sveu\u010dili\u0161na knji\u017enica manifestacijom &quot;Festival jezika&quot;, u razdoblju od 18. do 21. velja\u010de 2025. godine obilje\u017eava Me\u0111unarodni dan materinskog jezika. Program se odvija s ciljem pridono\u0161enja kulturnoj razmjeni i \u010duvanja...                <\/div>\r\n            <\/div>\r\n\r\n        <\/div>\r\n\r\n        \n\t<\/div> <!-- .\/td-block-span12 -->\n\n\t<div class=\"td-block-span12\">\n\r\n        <div class=\"td_module_10 td_module_wrap td-animation-stack\">\r\n            <div class=\"td-module-thumb\"><a href=\"https:\/\/www.gskos.unios.hr\/index.php\/festival-jezika-2024\/\" rel=\"bookmark\" class=\"td-image-wrap\" title=\"Festival jezika 2024.\"><img width=\"218\" height=\"150\" class=\"entry-thumb\" src=\"https:\/\/www.gskos.unios.hr\/wp-content\/uploads\/2024\/02\/prepravak-naslovna1-218x150.png\" srcset=\"https:\/\/www.gskos.unios.hr\/wp-content\/uploads\/2024\/02\/prepravak-naslovna1-218x150.png 218w, https:\/\/www.gskos.unios.hr\/wp-content\/uploads\/2024\/02\/prepravak-naslovna1-100x70.png 100w\" sizes=\"(max-width: 218px) 100vw, 218px\" alt=\"\" title=\"Festival jezika 2024.\"\/><\/a><\/div>\r\n            <div class=\"item-details\">\r\n            <h3 class=\"entry-title td-module-title\"><a href=\"https:\/\/www.gskos.unios.hr\/index.php\/festival-jezika-2024\/\" rel=\"bookmark\" title=\"Festival jezika 2024.\">Festival jezika 2024.<\/a><\/h3>\r\n                <div class=\"td-module-meta-info\">\r\n                    <a href=\"https:\/\/www.gskos.unios.hr\/index.php\/category\/aktivnosti\/\" class=\"td-post-category\">AKTIVNOSTI<\/a>                                                <span class=\"td-post-date\"><time class=\"entry-date updated td-module-date\" datetime=\"2024-02-15T14:26:15+00:00\" >15. velja\u010de 2024.<\/time><\/span>                                        <\/div>\r\n\r\n                <div class=\"td-excerpt\">\r\n                    Odjel za rad s djecom i mladima i Austrijska \u010ditaonica Gradske i sveu\u010dili\u0161ne knji\u017enice Osijek od 2012. godine obilje\u017eavaju Me\u0111unarodni dan materinskoga jezika. Program pod nazivom &quot;Festival jezika&quot; odvijat \u0107e se...                <\/div>\r\n            <\/div>\r\n\r\n        <\/div>\r\n\r\n        \n\t<\/div> <!-- .\/td-block-span12 -->\n\n\t<div class=\"td-block-span12\">\n\r\n        <div class=\"td_module_10 td_module_wrap td-animation-stack\">\r\n            <div class=\"td-module-thumb\"><a href=\"https:\/\/www.gskos.unios.hr\/index.php\/festival-jezika-2023\/\" rel=\"bookmark\" class=\"td-image-wrap\" title=\"Festival jezika 2023.\"><img width=\"218\" height=\"150\" class=\"entry-thumb\" src=\"https:\/\/www.gskos.unios.hr\/wp-content\/uploads\/2023\/02\/festival-plakat-cover-02-e1676390294127-218x150.png\" srcset=\"https:\/\/www.gskos.unios.hr\/wp-content\/uploads\/2023\/02\/festival-plakat-cover-02-e1676390294127-218x150.png 218w, https:\/\/www.gskos.unios.hr\/wp-content\/uploads\/2023\/02\/festival-plakat-cover-02-e1676390294127-100x70.png 100w\" sizes=\"(max-width: 218px) 100vw, 218px\" alt=\"\" title=\"Festival jezika 2023.\"\/><\/a><\/div>\r\n            <div class=\"item-details\">\r\n            <h3 class=\"entry-title td-module-title\"><a href=\"https:\/\/www.gskos.unios.hr\/index.php\/festival-jezika-2023\/\" rel=\"bookmark\" title=\"Festival jezika 2023.\">Festival jezika 2023.<\/a><\/h3>\r\n                <div class=\"td-module-meta-info\">\r\n                    <a href=\"https:\/\/www.gskos.unios.hr\/index.php\/category\/aktivnosti\/\" class=\"td-post-category\">AKTIVNOSTI<\/a>                                                <span class=\"td-post-date\"><time class=\"entry-date updated td-module-date\" datetime=\"2023-02-14T16:59:31+00:00\" >14. velja\u010de 2023.<\/time><\/span>                                        <\/div>\r\n\r\n                <div class=\"td-excerpt\">\r\n                    Gradska i sveu\u010dili\u0161na knji\u017enica Osijek manifestacijom Festival jezika u razdoblju od 16. do 21. velja\u010de 2023. godine obilje\u017eava Me\u0111unarodni dan materinskoga jezika. Utorak 21. velja\u010de, Me\u0111unarodni dan materinskog jezika, ujedno je...                <\/div>\r\n            <\/div>\r\n\r\n        <\/div>\r\n\r\n        \n\t<\/div> <!-- .\/td-block-span12 -->\n\n\t<div class=\"td-block-span12\">\n\r\n        <div class=\"td_module_10 td_module_wrap td-animation-stack\">\r\n            <div class=\"td-module-thumb\"><a href=\"https:\/\/www.gskos.unios.hr\/index.php\/festival-jezika-gisko-2021\/\" rel=\"bookmark\" class=\"td-image-wrap\" title=\"Festival jezika GISKO 2021.\"><img width=\"218\" height=\"150\" class=\"entry-thumb\" src=\"https:\/\/www.gskos.unios.hr\/wp-content\/uploads\/2021\/02\/FESTIVAL-JEZIKA-plakat-218x150.png\" srcset=\"https:\/\/www.gskos.unios.hr\/wp-content\/uploads\/2021\/02\/FESTIVAL-JEZIKA-plakat-218x150.png 218w, https:\/\/www.gskos.unios.hr\/wp-content\/uploads\/2021\/02\/FESTIVAL-JEZIKA-plakat-100x70.png 100w\" sizes=\"(max-width: 218px) 100vw, 218px\" alt=\"\" title=\"Festival jezika GISKO 2021.\"\/><\/a><\/div>\r\n            <div class=\"item-details\">\r\n            <h3 class=\"entry-title td-module-title\"><a href=\"https:\/\/www.gskos.unios.hr\/index.php\/festival-jezika-gisko-2021\/\" rel=\"bookmark\" title=\"Festival jezika GISKO 2021.\">Festival jezika GISKO 2021.<\/a><\/h3>\r\n                <div class=\"td-module-meta-info\">\r\n                    <a href=\"https:\/\/www.gskos.unios.hr\/index.php\/category\/aktivnosti\/\" class=\"td-post-category\">AKTIVNOSTI<\/a>                                                <span class=\"td-post-date\"><time class=\"entry-date updated td-module-date\" datetime=\"2021-02-19T13:28:09+00:00\" >19. velja\u010de 2021.<\/time><\/span>                                        <\/div>\r\n\r\n                <div class=\"td-excerpt\">\r\n                    Gradska i sveu\u010dili\u0161na knji\u017enica Osijek i ove, 2021. godine, odr\u017eava deseti, jubilarni Festival jezika kojim obilje\u017eava Me\u0111unarodni dan materinskoga jezika. Od 22. velja\u010de do 26. velja\u010de 2021. godine na Facebook stranici...                <\/div>\r\n            <\/div>\r\n\r\n        <\/div>\r\n\r\n        \n\t<\/div> <!-- .\/td-block-span12 --><\/div><\/div> <!-- .\/block -->[vc_empty_space height=&#8221;50px&#8221;][\/vc_column][\/vc_row]<\/p>\n<\/section>","protected":false},"excerpt":{"rendered":"<p>[vc_row full_width=&#8221;stretch_row&#8221; content_placement=&#8221;bottom&#8221; first_background_type=&#8221;gradient&#8221; enable_parallax=&#8221;true&#8221; parallax_background=&#8221;7775&#8243; css=&#8221;.vc_custom_1522154846584{background-position: center !important;background-repeat: no-repeat !important;background-size: cover !important;}&#8221;][vc_column alignment=&#8221;center&#8221;][\/vc_column][\/vc_row][vc_row][vc_column][vc_empty_space height=&#8221;50px&#8221;][vc_empty_space height=&#8221;50px&#8221;][vc_column_text]Odjel za rad s djecom i mladima i Austrijska \u010ditaonica GISKO kontinuirano, od 2012. godine, nizom kreativnih susreta, obilje\u017eavaju Me\u0111unarodni dan materinskoga jezika (21. velja\u010de).\u00a0 Aktivnosti su namijenjene svim dobnim skupinama, kako korisnicima Knji\u017enice tako i ostalim gra\u0111anima s ciljem<\/p>\n","protected":false},"author":3,"featured_media":0,"parent":0,"menu_order":0,"comment_status":"closed","ping_status":"closed","template":"","meta":{"_mi_skip_tracking":false},"_links":{"self":[{"href":"https:\/\/www.gskos.unios.hr\/index.php\/wp-json\/wp\/v2\/pages\/7767"}],"collection":[{"href":"https:\/\/www.gskos.unios.hr\/index.php\/wp-json\/wp\/v2\/pages"}],"about":[{"href":"https:\/\/www.gskos.unios.hr\/index.php\/wp-json\/wp\/v2\/types\/page"}],"author":[{"embeddable":true,"href":"https:\/\/www.gskos.unios.hr\/index.php\/wp-json\/wp\/v2\/users\/3"}],"replies":[{"embeddable":true,"href":"https:\/\/www.gskos.unios.hr\/index.php\/wp-json\/wp\/v2\/comments?post=7767"}],"version-history":[{"count":7,"href":"https:\/\/www.gskos.unios.hr\/index.php\/wp-json\/wp\/v2\/pages\/7767\/revisions"}],"predecessor-version":[{"id":7776,"href":"https:\/\/www.gskos.unios.hr\/index.php\/wp-json\/wp\/v2\/pages\/7767\/revisions\/7776"}],"wp:attachment":[{"href":"https:\/\/www.gskos.unios.hr\/index.php\/wp-json\/wp\/v2\/media?parent=7767"}],"curies":[{"name":"wp","href":"https:\/\/api.w.org\/{rel}","templated":true}]}}