{"id":8093,"date":"2018-05-04T11:02:48","date_gmt":"2018-05-04T09:02:48","guid":{"rendered":"http:\/\/www.gskos.unios.hr\/?page_id=8093"},"modified":"2018-05-07T11:37:04","modified_gmt":"2018-05-07T09:37:04","slug":"sveucilisni-ponedjeljak-u-gisko-u","status":"publish","type":"page","link":"https:\/\/www.gskos.unios.hr\/index.php\/sveucilisni-ponedjeljak-u-gisko-u\/","title":{"rendered":"SVEU\u010cILI\u0160NI PONEDJELJAK U GISKO-U"},"content":{"rendered":"<section class=\"wpb-content-wrapper\"><p>[vc_row full_width=&#8221;stretch_row&#8221; content_placement=&#8221;bottom&#8221; first_background_type=&#8221;gradient&#8221; enable_parallax=&#8221;true&#8221; parallax_background=&#8221;8102&#8243; css=&#8221;.vc_custom_1525426929072{background-position: center !important;background-repeat: no-repeat !important;background-size: cover !important;}&#8221;][vc_column alignment=&#8221;center&#8221;]<div id=\"mpc_textblock-516a01263d6ac72\" class=\"mpc-textblock mpc-init mpc-typography--preset_0 mpc-animation \" data-animation-in=\"transition.slideDownBigIn||3250||0||100\"><p>SVEU\u010cILI\u0160NI PONEDJELJAK U GISKO-U<\/p>\n<\/div>[\/vc_column][\/vc_row][vc_row][vc_column][vc_empty_space height=&#8221;50px&#8221;]<div data-id=\"mpc_divider-536a01263d6ad1c\" class=\"mpc-divider-wrap\"><div class=\"mpc-divider mpc-init mpc-align--center \" ><div class=\"mpc-divider__line mpc-side--left\"><span><\/span><\/div><div class=\"mpc-divider__separator\"><div class=\"mpc-divider__content fa fa-circle\"><\/div><\/div><div class=\"mpc-divider__line mpc-side--right\"><span><\/span><\/div><\/div><\/div>[vc_empty_space height=&#8221;50px&#8221;][vc_single_image image=&#8221;8116&#8243; img_size=&#8221;full&#8221; alignment=&#8221;center&#8221;][vc_empty_space height=&#8221;20px&#8221;][vc_column_text]<\/p>\n<p style=\"text-align: justify;\">Doktorska \u0161kola Sveu\u010dili\u0161ta Josipa Jurja Strossmayera u Osijeku u suradnji s GISKO organizira otvorena predavanja pod nazivom \u201cSveu\u010dili\u0161ni ponedjeljak u GISKO-u\u201d.\u00a0 Suradnja Doktorske \u0161kole Sveu\u010dili\u0161ta Josipa Jurja Strossmayera u Osijeku s Gradskom i sveu\u010dili\u0161nom knji\u017enicom, kao sredi\u0161njom ustanovom knji\u017eni\u010dnog sustava Sveu\u010dili\u0161ta, kroz projekt \u201cSveu\u010dili\u0161ni ponedjeljak u GISKO-u\u201d popularizira\u00a0 znanost i ja\u010da veze izme\u0111u znanosti, umjetnosti i dru\u0161tva. Istodobno ovim se projektom upoznaje znanstvena i dru\u0161tvena zajednica s postignu\u0107ima mla\u0111ih znanstvenika te ukazuje na va\u017enost Knji\u017enice kao zna\u010dajnog \u010dimbenika u procesima studiranja, nastavnog, znanstvenog, stru\u010dnog, umjetni\u010dkog i svakog drugog rada na Sveu\u010dili\u0161tu.<\/p>\n<p>[\/vc_column_text][vc_empty_space height=&#8221;50px&#8221;]<div class=\"td_block_wrap td_block_11 td_uid_1_6a01263d6ada3_rand td-pb-border-top td_block_template_14 tdc-no-posts tdb-no-posts td-column-1\"  data-td-block-uid=\"td_uid_1_6a01263d6ada3\" ><script>var block_td_uid_1_6a01263d6ada3 = new tdBlock();\nblock_td_uid_1_6a01263d6ada3.id = \"td_uid_1_6a01263d6ada3\";\nblock_td_uid_1_6a01263d6ada3.atts = '{\"category_id\":\"60\",\"separator\":\"\",\"custom_title\":\"\",\"custom_url\":\"\",\"block_template_id\":\"\",\"m10_tl\":\"\",\"m10_el\":\"\",\"post_ids\":\"\",\"category_ids\":\"\",\"tag_slug\":\"\",\"autors_id\":\"\",\"installed_post_types\":\"\",\"sort\":\"\",\"limit\":\"5\",\"offset\":\"\",\"el_class\":\"\",\"td_ajax_filter_type\":\"\",\"td_ajax_filter_ids\":\"\",\"td_filter_default_txt\":\"All\",\"td_ajax_preloading\":\"\",\"f_header_font_header\":\"\",\"f_header_font_title\":\"Block header\",\"f_header_font_settings\":\"\",\"f_header_font_family\":\"\",\"f_header_font_size\":\"\",\"f_header_font_line_height\":\"\",\"f_header_font_style\":\"\",\"f_header_font_weight\":\"\",\"f_header_font_transform\":\"\",\"f_header_font_spacing\":\"\",\"f_header_\":\"\",\"f_ajax_font_title\":\"Ajax categories\",\"f_ajax_font_settings\":\"\",\"f_ajax_font_family\":\"\",\"f_ajax_font_size\":\"\",\"f_ajax_font_line_height\":\"\",\"f_ajax_font_style\":\"\",\"f_ajax_font_weight\":\"\",\"f_ajax_font_transform\":\"\",\"f_ajax_font_spacing\":\"\",\"f_ajax_\":\"\",\"f_more_font_title\":\"Load more button\",\"f_more_font_settings\":\"\",\"f_more_font_family\":\"\",\"f_more_font_size\":\"\",\"f_more_font_line_height\":\"\",\"f_more_font_style\":\"\",\"f_more_font_weight\":\"\",\"f_more_font_transform\":\"\",\"f_more_font_spacing\":\"\",\"f_more_\":\"\",\"m10f_title_font_header\":\"\",\"m10f_title_font_title\":\"Article title\",\"m10f_title_font_settings\":\"\",\"m10f_title_font_family\":\"\",\"m10f_title_font_size\":\"\",\"m10f_title_font_line_height\":\"\",\"m10f_title_font_style\":\"\",\"m10f_title_font_weight\":\"\",\"m10f_title_font_transform\":\"\",\"m10f_title_font_spacing\":\"\",\"m10f_title_\":\"\",\"m10f_cat_font_title\":\"Article category tag\",\"m10f_cat_font_settings\":\"\",\"m10f_cat_font_family\":\"\",\"m10f_cat_font_size\":\"\",\"m10f_cat_font_line_height\":\"\",\"m10f_cat_font_style\":\"\",\"m10f_cat_font_weight\":\"\",\"m10f_cat_font_transform\":\"\",\"m10f_cat_font_spacing\":\"\",\"m10f_cat_\":\"\",\"m10f_meta_font_title\":\"Article meta info\",\"m10f_meta_font_settings\":\"\",\"m10f_meta_font_family\":\"\",\"m10f_meta_font_size\":\"\",\"m10f_meta_font_line_height\":\"\",\"m10f_meta_font_style\":\"\",\"m10f_meta_font_weight\":\"\",\"m10f_meta_font_transform\":\"\",\"m10f_meta_font_spacing\":\"\",\"m10f_meta_\":\"\",\"m10f_ex_font_title\":\"Article excerpt\",\"m10f_ex_font_settings\":\"\",\"m10f_ex_font_family\":\"\",\"m10f_ex_font_size\":\"\",\"m10f_ex_font_line_height\":\"\",\"m10f_ex_font_style\":\"\",\"m10f_ex_font_weight\":\"\",\"m10f_ex_font_transform\":\"\",\"m10f_ex_font_spacing\":\"\",\"m10f_ex_\":\"\",\"ajax_pagination\":\"\",\"ajax_pagination_infinite_stop\":\"\",\"css\":\"\",\"tdc_css\":\"\",\"td_column_number\":1,\"header_color\":\"\",\"color_preset\":\"\",\"border_top\":\"\",\"class\":\"td_uid_1_6a01263d6ada3_rand\",\"tdc_css_class\":\"td_uid_1_6a01263d6ada3_rand\",\"tdc_css_class_style\":\"td_uid_1_6a01263d6ada3_rand_style\"}';\nblock_td_uid_1_6a01263d6ada3.td_column_number = \"1\";\nblock_td_uid_1_6a01263d6ada3.block_type = \"td_block_11\";\nblock_td_uid_1_6a01263d6ada3.post_count = \"0\";\nblock_td_uid_1_6a01263d6ada3.found_posts = \"0\";\nblock_td_uid_1_6a01263d6ada3.header_color = \"\";\nblock_td_uid_1_6a01263d6ada3.ajax_pagination_infinite_stop = \"\";\nblock_td_uid_1_6a01263d6ada3.max_num_pages = \"0\";\ntdBlocksArray.push(block_td_uid_1_6a01263d6ada3);\n<\/script><div class=\"td-block-title-wrap\"><\/div><div id=td_uid_1_6a01263d6ada3 class=\"td_block_inner\"><\/div><\/div> <!-- .\/block -->[vc_empty_space height=&#8221;50px&#8221;][\/vc_column][vc_column][\/vc_column][\/vc_row]<\/p>\n<\/section>","protected":false},"excerpt":{"rendered":"<p>[vc_row full_width=&#8221;stretch_row&#8221; content_placement=&#8221;bottom&#8221; first_background_type=&#8221;gradient&#8221; enable_parallax=&#8221;true&#8221; parallax_background=&#8221;8102&#8243; css=&#8221;.vc_custom_1525426929072{background-position: center !important;background-repeat: no-repeat !important;background-size: cover !important;}&#8221;][vc_column alignment=&#8221;center&#8221;][\/vc_column][\/vc_row][vc_row][vc_column][vc_empty_space height=&#8221;50px&#8221;][vc_empty_space height=&#8221;50px&#8221;][vc_single_image image=&#8221;8116&#8243; img_size=&#8221;full&#8221; alignment=&#8221;center&#8221;][vc_empty_space height=&#8221;20px&#8221;][vc_column_text] Doktorska \u0161kola Sveu\u010dili\u0161ta Josipa Jurja Strossmayera u Osijeku u suradnji s GISKO organizira otvorena predavanja pod nazivom \u201cSveu\u010dili\u0161ni ponedjeljak u GISKO-u\u201d.\u00a0 Suradnja Doktorske \u0161kole Sveu\u010dili\u0161ta Josipa Jurja Strossmayera u Osijeku s Gradskom i sveu\u010dili\u0161nom knji\u017enicom,<\/p>\n","protected":false},"author":3,"featured_media":0,"parent":0,"menu_order":0,"comment_status":"closed","ping_status":"closed","template":"","meta":{"_mi_skip_tracking":false},"_links":{"self":[{"href":"https:\/\/www.gskos.unios.hr\/index.php\/wp-json\/wp\/v2\/pages\/8093"}],"collection":[{"href":"https:\/\/www.gskos.unios.hr\/index.php\/wp-json\/wp\/v2\/pages"}],"about":[{"href":"https:\/\/www.gskos.unios.hr\/index.php\/wp-json\/wp\/v2\/types\/page"}],"author":[{"embeddable":true,"href":"https:\/\/www.gskos.unios.hr\/index.php\/wp-json\/wp\/v2\/users\/3"}],"replies":[{"embeddable":true,"href":"https:\/\/www.gskos.unios.hr\/index.php\/wp-json\/wp\/v2\/comments?post=8093"}],"version-history":[{"count":9,"href":"https:\/\/www.gskos.unios.hr\/index.php\/wp-json\/wp\/v2\/pages\/8093\/revisions"}],"predecessor-version":[{"id":8118,"href":"https:\/\/www.gskos.unios.hr\/index.php\/wp-json\/wp\/v2\/pages\/8093\/revisions\/8118"}],"wp:attachment":[{"href":"https:\/\/www.gskos.unios.hr\/index.php\/wp-json\/wp\/v2\/media?parent=8093"}],"curies":[{"name":"wp","href":"https:\/\/api.w.org\/{rel}","templated":true}]}}