{"id":8131,"date":"2018-05-08T09:42:19","date_gmt":"2018-05-08T07:42:19","guid":{"rendered":"http:\/\/www.gskos.unios.hr\/?page_id=8131"},"modified":"2022-01-12T10:40:05","modified_gmt":"2022-01-12T09:40:05","slug":"baze","status":"publish","type":"page","link":"https:\/\/www.gskos.unios.hr\/index.php\/baze\/","title":{"rendered":"BAZE"},"content":{"rendered":"<section class=\"wpb-content-wrapper\"><p>[vc_row full_width=&#8221;stretch_row&#8221; enable_first_overlay=&#8221;true&#8221; first_overlay_opacity=&#8221;25&#8243; first_background_type=&#8221;gradient&#8221; enable_parallax=&#8221;true&#8221; parallax_background=&#8221;12765&#8243;][vc_column]<div id=\"mpc_textblock-169f6c43d7d53e\" class=\"mpc-textblock mpc-init mpc-animation \" data-animation-in=\"transition.slideDownBigIn||3250||0||100\"><p style=\"text-align: center;\">MRE\u017dNE BAZE PODATAKA<\/p>\n<\/div>[\/vc_column][\/vc_row][vc_row][vc_column][vc_empty_space height=&#8221;90px&#8221;]<div data-id=\"mpc_divider-8169f6c43d7d5ec\" class=\"mpc-divider-wrap\"><div class=\"mpc-divider mpc-init mpc-align--center \" ><div class=\"mpc-divider__line mpc-side--left\"><span><\/span><\/div><div class=\"mpc-divider__separator\"><div class=\"mpc-divider__content fa fa-circle\"><\/div><\/div><div class=\"mpc-divider__line mpc-side--right\"><span><\/span><\/div><\/div><\/div>[vc_empty_space height=&#8221;50px&#8221;][\/vc_column][\/vc_row][vc_row][vc_column width=&#8221;1\/2&#8243;]<div id=\"mpc_textblock-7969f6c43d7d619\" class=\"mpc-textblock mpc-init mpc-typography--mpc_preset_103 \"><p style=\"text-align: justify;\">Mre\u017ene baze podataka predstavljaju na jednom mjestu sistemati\u010dno organizirane korisne istra\u017eiva\u010dke i znanstvene publikacije okupljene u bazama podataka radi lak\u0161eg i jednostavnijeg pristupa znanstvenim i stru\u010dnim informacijama. Ovi izvori podataka dostupni su djelatnicima hrvatske akademske i znanstvene zajednice kao i korisnicima usluga GISKO. Baze podataka mogu se pretra\u017eivati na ra\u010dunalu s internetskim pristupom iz prostora GISKO-a, te bilo koje sastavnice Sveu\u010dili\u0161ta u Osijeku (pristup s ra\u010dunala u mati\u010dnim institucijama osiguran je izravno putem IP adresa ra\u010dunala) ili putem elektroni\u010dkog <a href=\"http:\/\/www.aaiedu.hr\/\" target=\"_blank\" rel=\"noopener noreferrer\"><strong>AAI@EduHr identiteta<\/strong><\/a> koji imaju zaposlenici, nastavnici i studenti svake ustanove iz sustava Ministarstva znanosti i obrazovanja Republike Hrvatske. Pristup bazama podataka s nacionalnom licencom mogu\u0107 je i na <strong><a href=\"http:\/\/baze.nsk.hr\/\">Portalu elektroni\u010dkih izvora za hrvatsku akademsku i znanstvenu zajednicu<\/a><\/strong>, a nov\u010dano je potpomognut iz Europskoga socijalnog fonda (ESF) kroz projekt <em>Pove\u0107anje pristupa elektroni\u010dkim izvorima znanstvenih i stru\u010dnih informacija \u2013 <\/em><strong><a href=\"https:\/\/www.nsk.hr\/eu-projekti\/e-izvori\/\" target=\"_blank\" rel=\"noopener noreferrer\">e-Izvori<\/a><\/strong><em>.<\/em><\/p>\n<\/div>[vc_empty_space height=&#8221;50px&#8221;][\/vc_column][vc_column width=&#8221;1\/2&#8243;]<div id=\"mpc_textblock-469f6c43d7d6b4\" class=\"mpc-textblock mpc-init mpc-typography--mpc_preset_103 \"><p style=\"text-align: justify;\">Cilj je tog projekta pobolj\u0161ati pristup inozemnim istra\u017eiva\u010dkim publikacijama i bazama podataka, \u010dime se pobolj\u0161ava istra\u017eiva\u010dko okru\u017eenje za hrvatske znanstvenike, te se otvaraju mogu\u0107nosti bolje me\u0111unarodne vidljivosti hrvatskih znanstvenika i njihovih rezultata.<br \/>\nBaze podatka organizirane su na na\u010din da su pretra\u017eive prema podru\u010dju znanosti koje sadr\u017eajno pokrivaju (biomedicina i zdravstvo, biotehni\u010dke, dru\u0161tvene, humanisti\u010dke, prirodne ili tehni\u010dke znanosti i umjetni\u010dko podru\u010dje). Nadalje, prema vrsti podataka koje sadr\u017eavaju (cjeloviti tekst, bibliografski podaci, citatne baze, baze audiovizualnih sadr\u017eaja, repozitoriji), te prema pravu pristupa (omogu\u0107en nacionalnom ili sveu\u010dili\u0161nom licencom, otvorenim ili probnim pristupom). Osim toga, baze su popisane abecedno i mogu\u0107e ih je pretra\u017eivati u tra\u017eilici. Pojedine baze podataka sadr\u017eavaju i upute za pristup odre\u0111enoj bazi ili platformi na kojoj se nalazi, radi lak\u0161eg i br\u017eeg snala\u017eenja korisnika.<\/p>\n<\/div>[vc_empty_space height=&#8221;50px&#8221;][\/vc_column][\/vc_row][vc_row][vc_column width=&#8221;2\/3&#8243;][vc_masonry_grid post_type=&#8221;search_filter&#8221; search_filter_slug=&#8221;pretraga-baza&#8221; search_filter_pagination=&#8221;wp_pagination&#8221; element_width=&#8221;12&#8243; gap=&#8221;15&#8243; orderby=&#8221;title&#8221; item=&#8221;8166&#8243; initial_loading_animation=&#8221;fadeIn&#8221; grid_id=&#8221;vc_gid:1601387066798-a1816f1a-4154-0&#8243;][\/vc_column][vc_column width=&#8221;1\/3&#8243; enable_sticky=&#8221;true&#8221; sticky_offset=&#8221;50&#8243;][vc_column_text]<form data-sf-form-id='8143' data-is-rtl='0' data-maintain-state='' data-results-url='http:\/\/www.gskos.unios.hr\/index.php\/baze\/' data-ajax-url='https:\/\/www.gskos.unios.hr\/?sfid=8143&amp;sf_action=get_data&amp;sf_data=all' data-ajax-form-url='https:\/\/www.gskos.unios.hr\/?sfid=8143&amp;sf_action=get_data&amp;sf_data=form' data-display-result-method='shortcode' data-use-history-api='1' data-template-loaded='0' data-lang-code='' data-ajax='1' data-ajax-data-type='json' data-ajax-target='#search-filter-results-8143' data-ajax-pagination-type='normal' data-ajax-links-selector='.pagination a' data-update-ajax-url='1' data-scroll-to-pos='window' data-scroll-on-action='all' data-init-paged='1' data-auto-update='1' data-auto-count='1' data-auto-count-refresh-mode='1' action='http:\/\/www.gskos.unios.hr\/index.php\/baze\/' method='post' class='searchandfilter' id='search-filter-form-8143' autocomplete='off' data-instance-count='1'><ul><li class=\"sf-field-search\" data-sf-field-name=\"search\" data-sf-field-type=\"search\" data-sf-field-input-type=\"\">\t\t<label><input placeholder=\"Tra\u017ei \u2026\" name=\"_sf_search[]\" class=\"sf-input-text\" type=\"text\" value=\"\" title=\"\"><\/label>\t\t<\/li><li class=\"sf-field-sort_order\" data-sf-field-name=\"_sf_sort_order\" data-sf-field-type=\"sort_order\" data-sf-field-input-type=\"select\"><h4>Sortiranje<\/h4>\t\t<label>\r\n\t\t\t\t<select name=\"_sf_sort_order[]\" class=\"sf-input-select\" title=\"\">\r\n\t\t\t\r\n\t\t\t\t\t\t<option class=\"sf-level-0 sf-item-0 sf-option-active\" selected=\"selected\" data-sf-depth=\"0\" value=\"\">Sortiraj po abecedi<\/option>\r\n\t\t\t\t\t\t<option class=\"sf-level-0 \" data-sf-depth=\"0\" value=\"title+asc\">A-Z<\/option>\r\n\t\t\t\t\t\t<option class=\"sf-level-0 \" data-sf-depth=\"0\" value=\"title+desc\">Z-A<\/option>\r\n\t\t\t\t\t<\/select>\r\n\t\t<\/label>\t\t<\/li><li class=\"sf-field-taxonomy-podrucje\" data-sf-field-name=\"_sft_podrucje\" data-sf-field-type=\"taxonomy\" data-sf-field-input-type=\"checkbox\" data-sf-term-rewrite='[\"https:\\\/\\\/www.gskos.unios.hr\\\/index.php\\\/podrucje\\\/[0]\\\/\"]'><h4>Baze prema podru\u010dju znanosti<\/h4>\t\t<ul data-operator=\"and\" class=\"\">\r\n\t\t\t\r\n\t\t\t<li class=\"sf-level-0 sf-item-80\" data-sf-count=\"35\" data-sf-depth=\"0\"><input  class=\"sf-input-checkbox\" type=\"checkbox\" value=\"biomedicina-i-zdravstvo\" name=\"_sft_podrucje[]\" id=\"sf-input-b20a0865b3b07ff3452e488d3e1e89f9\"><label class=\"sf-label-checkbox\" for=\"sf-input-b20a0865b3b07ff3452e488d3e1e89f9\">Biomedicina i zdravstvo<span class=\"sf-count\">(35)<\/span><\/label><\/li><li class=\"sf-level-0 sf-item-75\" data-sf-count=\"28\" data-sf-depth=\"0\"><input  class=\"sf-input-checkbox\" type=\"checkbox\" value=\"biotehnicke-znanosti\" name=\"_sft_podrucje[]\" id=\"sf-input-5042eb91dd97be6f9e24deca64a718e4\"><label class=\"sf-label-checkbox\" for=\"sf-input-5042eb91dd97be6f9e24deca64a718e4\">Biotehni\u010dke znanosti<span class=\"sf-count\">(28)<\/span><\/label><\/li><li class=\"sf-level-0 sf-item-76\" data-sf-count=\"41\" data-sf-depth=\"0\"><input  class=\"sf-input-checkbox\" type=\"checkbox\" value=\"drustvene-znanosti\" name=\"_sft_podrucje[]\" id=\"sf-input-f02cd003caa132cc747da5b20bac7047\"><label class=\"sf-label-checkbox\" for=\"sf-input-f02cd003caa132cc747da5b20bac7047\">Dru\u0161tvene znanosti<span class=\"sf-count\">(41)<\/span><\/label><\/li><li class=\"sf-level-0 sf-item-77\" data-sf-count=\"31\" data-sf-depth=\"0\"><input  class=\"sf-input-checkbox\" type=\"checkbox\" value=\"humanisticke-znanosti\" name=\"_sft_podrucje[]\" id=\"sf-input-90472921f6014ea5056a20041d396eff\"><label class=\"sf-label-checkbox\" for=\"sf-input-90472921f6014ea5056a20041d396eff\">Humanisti\u010dke znanosti<span class=\"sf-count\">(31)<\/span><\/label><\/li><li class=\"sf-level-0 sf-item-101\" data-sf-count=\"2\" data-sf-depth=\"0\"><input  class=\"sf-input-checkbox\" type=\"checkbox\" value=\"multidisciplinarno\" name=\"_sft_podrucje[]\" id=\"sf-input-0e1ee5560453ccc9d393c0ee6e5c77ff\"><label class=\"sf-label-checkbox\" for=\"sf-input-0e1ee5560453ccc9d393c0ee6e5c77ff\">Multidisciplinarno<span class=\"sf-count\">(2)<\/span><\/label><\/li><li class=\"sf-level-0 sf-item-78\" data-sf-count=\"43\" data-sf-depth=\"0\"><input  class=\"sf-input-checkbox\" type=\"checkbox\" value=\"prirodne-znanosti\" name=\"_sft_podrucje[]\" id=\"sf-input-f6bf5f8c2eea4d2e8e11cf158e1da5aa\"><label class=\"sf-label-checkbox\" for=\"sf-input-f6bf5f8c2eea4d2e8e11cf158e1da5aa\">Prirodne znanosti<span class=\"sf-count\">(43)<\/span><\/label><\/li><li class=\"sf-level-0 sf-item-79\" data-sf-count=\"33\" data-sf-depth=\"0\"><input  class=\"sf-input-checkbox\" type=\"checkbox\" value=\"tehnicke-znanosti\" name=\"_sft_podrucje[]\" id=\"sf-input-c251a0811785eb2e401361bacfdb28a3\"><label class=\"sf-label-checkbox\" for=\"sf-input-c251a0811785eb2e401361bacfdb28a3\">Tehni\u010dke znanosti<span class=\"sf-count\">(33)<\/span><\/label><\/li><li class=\"sf-level-0 sf-item-89\" data-sf-count=\"7\" data-sf-depth=\"0\"><input  class=\"sf-input-checkbox\" type=\"checkbox\" value=\"umjetnicko-podrucje\" name=\"_sft_podrucje[]\" id=\"sf-input-552efaae89299e54155fd72905b40fc6\"><label class=\"sf-label-checkbox\" for=\"sf-input-552efaae89299e54155fd72905b40fc6\">Umjetni\u010dko podru\u010dje<span class=\"sf-count\">(7)<\/span><\/label><\/li>\t\t<\/ul>\r\n\t\t<\/li><li class=\"sf-field-taxonomy-baza_prema_vrsti_pristupa\" data-sf-field-name=\"_sft_baza_prema_vrsti_pristupa\" data-sf-field-type=\"taxonomy\" data-sf-field-input-type=\"checkbox\" data-sf-term-rewrite='[\"https:\\\/\\\/www.gskos.unios.hr\\\/index.php\\\/baza_prema_vrsti_pristupa\\\/[0]\\\/\"]'><h4>Baze prema vrsti pristupa<\/h4>\t\t<ul data-operator=\"and\" class=\"\">\r\n\t\t\t\r\n\t\t\t<li class=\"sf-level-0 sf-item-98\" data-sf-count=\"2\" data-sf-depth=\"0\"><input  class=\"sf-input-checkbox\" type=\"checkbox\" value=\"gisko-pristup\" name=\"_sft_baza_prema_vrsti_pristupa[]\" id=\"sf-input-0ec7a255d3b9145da8a05c5f3ba0e44a\"><label class=\"sf-label-checkbox\" for=\"sf-input-0ec7a255d3b9145da8a05c5f3ba0e44a\">GISKO pristup<span class=\"sf-count\">(2)<\/span><\/label><\/li><li class=\"sf-level-0 sf-item-86\" data-sf-count=\"44\" data-sf-depth=\"0\"><input  class=\"sf-input-checkbox\" type=\"checkbox\" value=\"nacionalna-licenca\" name=\"_sft_baza_prema_vrsti_pristupa[]\" id=\"sf-input-2f8bef408051838b7af2423360d61b13\"><label class=\"sf-label-checkbox\" for=\"sf-input-2f8bef408051838b7af2423360d61b13\">Nacionalna licenca<span class=\"sf-count\">(44)<\/span><\/label><\/li><li class=\"sf-level-0 sf-item-91\" data-sf-count=\"16\" data-sf-depth=\"0\"><input  class=\"sf-input-checkbox\" type=\"checkbox\" value=\"otvoreni-pristup\" name=\"_sft_baza_prema_vrsti_pristupa[]\" id=\"sf-input-0359b79db6f2664f2a4948cdfe57ebe9\"><label class=\"sf-label-checkbox\" for=\"sf-input-0359b79db6f2664f2a4948cdfe57ebe9\">Otvoreni pristup<span class=\"sf-count\">(16)<\/span><\/label><\/li><li class=\"sf-level-0 sf-item-102\" data-sf-count=\"1\" data-sf-depth=\"0\"><input  class=\"sf-input-checkbox\" type=\"checkbox\" value=\"pristup-sveucilista-u-osijeku\" name=\"_sft_baza_prema_vrsti_pristupa[]\" id=\"sf-input-e5e35fbba31ba83abcea34889a76c0ef\"><label class=\"sf-label-checkbox\" for=\"sf-input-e5e35fbba31ba83abcea34889a76c0ef\">Pristup Sveu\u010dili\u0161ta u Osijeku<span class=\"sf-count\">(1)<\/span><\/label><\/li><li class=\"sf-level-0 sf-item-94\" data-sf-count=\"1\" data-sf-depth=\"0\"><input  class=\"sf-input-checkbox\" type=\"checkbox\" value=\"probni-pristup\" name=\"_sft_baza_prema_vrsti_pristupa[]\" id=\"sf-input-522f67e0aa40610b7b77ab146a04bfff\"><label class=\"sf-label-checkbox\" for=\"sf-input-522f67e0aa40610b7b77ab146a04bfff\">Probni pristup<span class=\"sf-count\">(1)<\/span><\/label><\/li>\t\t<\/ul>\r\n\t\t<\/li><li class=\"sf-field-taxonomy-vrste_baza\" data-sf-field-name=\"_sft_vrste_baza\" data-sf-field-type=\"taxonomy\" data-sf-field-input-type=\"checkbox\" data-sf-term-rewrite='[\"https:\\\/\\\/www.gskos.unios.hr\\\/index.php\\\/vrste_baza\\\/[0]\\\/\"]'><h4>Vrste baza<\/h4>\t\t<ul data-operator=\"and\" class=\"\">\r\n\t\t\t\r\n\t\t\t<li class=\"sf-level-0 sf-item-95\" data-sf-count=\"1\" data-sf-depth=\"0\"><input  class=\"sf-input-checkbox\" type=\"checkbox\" value=\"baza-audiovizualnih-sadrzaja\" name=\"_sft_vrste_baza[]\" id=\"sf-input-698a7414e863fe816ddf786ce6ca2287\"><label class=\"sf-label-checkbox\" for=\"sf-input-698a7414e863fe816ddf786ce6ca2287\">Baza audiovizualnih sadr\u017eaja<span class=\"sf-count\">(1)<\/span><\/label><\/li><li class=\"sf-level-0 sf-item-87\" data-sf-count=\"30\" data-sf-depth=\"0\"><input  class=\"sf-input-checkbox\" type=\"checkbox\" value=\"baza-cjelovitih-tekstova\" name=\"_sft_vrste_baza[]\" id=\"sf-input-823c336221a60f0a0cfbc2a94852ed5a\"><label class=\"sf-label-checkbox\" for=\"sf-input-823c336221a60f0a0cfbc2a94852ed5a\">Baza cjelovitih tekstova<span class=\"sf-count\">(30)<\/span><\/label><\/li><li class=\"sf-level-0 sf-item-88\" data-sf-count=\"13\" data-sf-depth=\"0\"><input  class=\"sf-input-checkbox\" type=\"checkbox\" value=\"bibliografska-baza\" name=\"_sft_vrste_baza[]\" id=\"sf-input-20679c8cb0686e612a9a6a0e301990f8\"><label class=\"sf-label-checkbox\" for=\"sf-input-20679c8cb0686e612a9a6a0e301990f8\">Bibliografska baza<span class=\"sf-count\">(13)<\/span><\/label><\/li><li class=\"sf-level-0 sf-item-90\" data-sf-count=\"17\" data-sf-depth=\"0\"><input  class=\"sf-input-checkbox\" type=\"checkbox\" value=\"citatne-baze-podataka\" name=\"_sft_vrste_baza[]\" id=\"sf-input-0cbe1c3537fc4b8a8b3b59fbb69e259f\"><label class=\"sf-label-checkbox\" for=\"sf-input-0cbe1c3537fc4b8a8b3b59fbb69e259f\">Citatne baze podataka<span class=\"sf-count\">(17)<\/span><\/label><\/li><li class=\"sf-level-0 sf-item-106\" data-sf-count=\"0\" data-sf-depth=\"0\"><input  class=\"sf-input-checkbox\" type=\"checkbox\" value=\"platforma\" name=\"_sft_vrste_baza[]\" id=\"sf-input-acd153aa0e7cfd90fdd0363b4929fe29\"><label class=\"sf-label-checkbox\" for=\"sf-input-acd153aa0e7cfd90fdd0363b4929fe29\">Platforma<span class=\"sf-count\">(0)<\/span><\/label><\/li><li class=\"sf-level-0 sf-item-92\" data-sf-count=\"6\" data-sf-depth=\"0\"><input  class=\"sf-input-checkbox\" type=\"checkbox\" value=\"repozitorij\" name=\"_sft_vrste_baza[]\" id=\"sf-input-cd61c9acff58029578049c25603d818c\"><label class=\"sf-label-checkbox\" for=\"sf-input-cd61c9acff58029578049c25603d818c\">Repozitorij<span class=\"sf-count\">(6)<\/span><\/label><\/li>\t\t<\/ul>\r\n\t\t<\/li><li class=\"sf-field-reset\" data-sf-field-name=\"reset\" data-sf-field-type=\"reset\" data-sf-field-input-type=\"button\"><input type=\"submit\" class=\"search-filter-reset\" name=\"_sf_reset\" value=\"Resetiraj\" data-search-form-id=\"8143\" data-sf-submit-form=\"always\"><\/li><\/ul><\/form>[\/vc_column_text][\/vc_column][\/vc_row]<\/p>\n<\/section>","protected":false},"excerpt":{"rendered":"<p>[vc_row full_width=&#8221;stretch_row&#8221; enable_first_overlay=&#8221;true&#8221; first_overlay_opacity=&#8221;25&#8243; first_background_type=&#8221;gradient&#8221; enable_parallax=&#8221;true&#8221; parallax_background=&#8221;12765&#8243;][vc_column][\/vc_column][\/vc_row][vc_row][vc_column][vc_empty_space height=&#8221;90px&#8221;][vc_empty_space height=&#8221;50px&#8221;][\/vc_column][\/vc_row][vc_row][vc_column width=&#8221;1\/2&#8243;][vc_empty_space height=&#8221;50px&#8221;][\/vc_column][vc_column width=&#8221;1\/2&#8243;][vc_empty_space height=&#8221;50px&#8221;][\/vc_column][\/vc_row][vc_row][vc_column width=&#8221;2\/3&#8243;][vc_masonry_grid post_type=&#8221;search_filter&#8221; search_filter_slug=&#8221;pretraga-baza&#8221; search_filter_pagination=&#8221;wp_pagination&#8221; element_width=&#8221;12&#8243; gap=&#8221;15&#8243; orderby=&#8221;title&#8221; item=&#8221;8166&#8243; initial_loading_animation=&#8221;fadeIn&#8221; grid_id=&#8221;vc_gid:1601387066798-a1816f1a-4154-0&#8243;][\/vc_column][vc_column width=&#8221;1\/3&#8243; enable_sticky=&#8221;true&#8221; sticky_offset=&#8221;50&#8243;][vc_column_text][\/vc_column_text][\/vc_column][\/vc_row]<\/p>\n","protected":false},"author":3,"featured_media":0,"parent":0,"menu_order":0,"comment_status":"closed","ping_status":"closed","template":"","meta":{"_mi_skip_tracking":false},"_links":{"self":[{"href":"https:\/\/www.gskos.unios.hr\/index.php\/wp-json\/wp\/v2\/pages\/8131"}],"collection":[{"href":"https:\/\/www.gskos.unios.hr\/index.php\/wp-json\/wp\/v2\/pages"}],"about":[{"href":"https:\/\/www.gskos.unios.hr\/index.php\/wp-json\/wp\/v2\/types\/page"}],"author":[{"embeddable":true,"href":"https:\/\/www.gskos.unios.hr\/index.php\/wp-json\/wp\/v2\/users\/3"}],"replies":[{"embeddable":true,"href":"https:\/\/www.gskos.unios.hr\/index.php\/wp-json\/wp\/v2\/comments?post=8131"}],"version-history":[{"count":73,"href":"https:\/\/www.gskos.unios.hr\/index.php\/wp-json\/wp\/v2\/pages\/8131\/revisions"}],"predecessor-version":[{"id":12839,"href":"https:\/\/www.gskos.unios.hr\/index.php\/wp-json\/wp\/v2\/pages\/8131\/revisions\/12839"}],"wp:attachment":[{"href":"https:\/\/www.gskos.unios.hr\/index.php\/wp-json\/wp\/v2\/media?parent=8131"}],"curies":[{"name":"wp","href":"https:\/\/api.w.org\/{rel}","templated":true}]}}